{"id":6411,"date":"2023-08-24T09:51:44","date_gmt":"2023-08-24T07:51:44","guid":{"rendered":"https:\/\/fvcomponentes.com\/?post_type=product&#038;p=6411"},"modified":"2026-04-04T12:44:18","modified_gmt":"2026-04-04T10:44:18","slug":"caixa-de-montagem-na-parede-victron-para-bmv-e-colorcontrol-gx-ass050600000","status":"publish","type":"product","link":"https:\/\/fvcomponentes.com\/pt\/producto\/carcasa-victron-de-montaje-en-pared-para-bmv-y-colorcontrol-gx-ass050600000\/","title":{"rendered":"Caixa de montagem na parede Victron para BMV e ColorControl GX - ASS050600000"},"content":{"rendered":"<p>Caixa de montagem na parede Victron para BMV e ColorControl GX - ASS050600000. Monte de forma f\u00e1cil e elegante o seu monitor de bateria BMV 700 ou BMV 702 ao lado do seu Color Control GX e tenha todos os seus dispositivos de monitoriza\u00e7\u00e3o juntos numa \u00fanica solu\u00e7\u00e3o de montagem.<\/p>\n<p>Ofere\u00e7a maior prote\u00e7\u00e3o e seguran\u00e7a aos seus componentes com esta caixa.<\/p>\n<p>Adequado para os seguintes produtos :<\/p>\n<ul>\n<li><a href=\"https:\/\/fvcomponentes.com\/pt\/produto\/monitor-de-bateria-victron-bmv-702\/\" target=\"_blank\" rel=\"noopener\">Monitor de bateria BMV-702 Victron - BAM010702000<\/a><\/li>\n<li><a href=\"https:\/\/fvcomponentes.com\/pt\/produto\/monitor-de-bateria-victron-bmv-700\/\" target=\"_blank\" rel=\"noopener\">Monitor de bateria BMV-700 Victron - BAM010700000<\/a><\/li>\n<li><a href=\"https:\/\/fvcomponentes.com\/pt\/produto\/ecra-victron-colour-control-gx\/\" target=\"_blank\" rel=\"noopener\">Visor Victron Color Control GX - BPP010300300100R<\/a><\/li>\n<\/ul>\n<h2>Ficha t\u00e9cnica Caixa de montagem na parede Victron para BMV e ColorControl GX - ASS050600000<\/h2>\n<p><a href=\"https:\/\/fvcomponentes.com\/wp-content\/uploads\/2023\/03\/Wall-mounted-display-enclosures-EN.pdf\" target=\"_blank\" rel=\"noopener\">Ver Victron Caixa de montagem na parede para BMV e ColorControl GX - ASS050600000 Folha de dados<\/a><\/p>","protected":false},"excerpt":{"rendered":"<p><strong>Tamanho da caixa: 244 x 135 x 75<\/strong><\/p>","protected":false},"featured_media":6414,"comment_status":"open","ping_status":"closed","template":"","meta":{"site-sidebar-layout":"default","site-content-layout":"default","ast-site-content-layout":"default","site-content-style":"default","site-sidebar-style":"default","ast-global-header-display":"","ast-banner-title-visibility":"","ast-main-header-display":"","ast-hfb-above-header-display":"","ast-hfb-below-header-display":"","ast-hfb-mobile-header-display":"","site-post-title":"","ast-breadcrumbs-content":"","ast-featured-img":"","footer-sml-layout":"","ast-disable-related-posts":"","theme-transparent-header-meta":"default","adv-header-id-meta":"","stick-header-meta":"","header-above-stick-meta":"","header-main-stick-meta":"","header-below-stick-meta":"","astra-migrate-meta-layouts":"set","ast-page-background-enabled":"default","ast-page-background-meta":{"desktop":{"background-color":"var(--ast-global-color-4)","background-image":"","background-repeat":"repeat","background-position":"center center","background-size":"auto","background-attachment":"scroll","background-type":"","background-media":"","overlay-type":"","overlay-color":"","overlay-opacity":"","overlay-gradient":""},"tablet":{"background-color":"","background-image":"","background-repeat":"repeat","background-position":"center center","background-size":"auto","background-attachment":"scroll","background-type":"","background-media":"","overlay-type":"","overlay-color":"","overlay-opacity":"","overlay-gradient":""},"mobile":{"background-color":"","background-image":"","background-repeat":"repeat","background-position":"center center","background-size":"auto","background-attachment":"scroll","background-type":"","background-media":"","overlay-type":"","overlay-color":"","overlay-opacity":"","overlay-gradient":""}},"ast-content-background-meta":{"desktop":{"background-color":"var(--ast-global-color-5)","background-image":"","background-repeat":"repeat","background-position":"center center","background-size":"auto","background-attachment":"scroll","background-type":"","background-media":"","overlay-type":"","overlay-color":"","overlay-opacity":"","overlay-gradient":""},"tablet":{"background-color":"var(--ast-global-color-5)","background-image":"","background-repeat":"repeat","background-position":"center center","background-size":"auto","background-attachment":"scroll","background-type":"","background-media":"","overlay-type":"","overlay-color":"","overlay-opacity":"","overlay-gradient":""},"mobile":{"background-color":"var(--ast-global-color-5)","background-image":"","background-repeat":"repeat","background-position":"center center","background-size":"auto","background-attachment":"scroll","background-type":"","background-media":"","overlay-type":"","overlay-color":"","overlay-opacity":"","overlay-gradient":""}}},"pwb-brand":[332],"product_brand":[],"product_cat":[391,340,933],"product_tag":[],"class_list":{"0":"post-6411","1":"product","2":"type-product","3":"status-publish","4":"has-post-thumbnail","6":"pwb-brand-victron","7":"product_cat-accesorios-para-baterias","8":"product_cat-baterias","9":"product_cat-monitores-de-baterias","10":"desktop-align-left","11":"tablet-align-left","12":"mobile-align-left","13":"ast-product-gallery-layout-horizontal-slider","14":"ast-product-tabs-layout-horizontal","16":"first","17":"instock","18":"taxable","19":"shipping-taxable","20":"purchasable","21":"product-type-simple"},"wcpa_form_fields":null,"brands":[{"id":332,"name":"Victron Energia","slug":"victron"}],"_links":{"self":[{"href":"https:\/\/fvcomponentes.com\/pt\/wp-json\/wp\/v2\/product\/6411","targetHints":{"allow":["GET"]}}],"collection":[{"href":"https:\/\/fvcomponentes.com\/pt\/wp-json\/wp\/v2\/product"}],"about":[{"href":"https:\/\/fvcomponentes.com\/pt\/wp-json\/wp\/v2\/types\/product"}],"replies":[{"embeddable":true,"href":"https:\/\/fvcomponentes.com\/pt\/wp-json\/wp\/v2\/comments?post=6411"}],"wp:featuredmedia":[{"embeddable":true,"href":"https:\/\/fvcomponentes.com\/pt\/wp-json\/wp\/v2\/media\/6414"}],"wp:attachment":[{"href":"https:\/\/fvcomponentes.com\/pt\/wp-json\/wp\/v2\/media?parent=6411"}],"wp:term":[{"taxonomy":"pwb-brand","embeddable":true,"href":"https:\/\/fvcomponentes.com\/pt\/wp-json\/wp\/v2\/pwb-brand?post=6411"},{"taxonomy":"product_brand","embeddable":true,"href":"https:\/\/fvcomponentes.com\/pt\/wp-json\/wp\/v2\/product_brand?post=6411"},{"taxonomy":"product_cat","embeddable":true,"href":"https:\/\/fvcomponentes.com\/pt\/wp-json\/wp\/v2\/product_cat?post=6411"},{"taxonomy":"product_tag","embeddable":true,"href":"https:\/\/fvcomponentes.com\/pt\/wp-json\/wp\/v2\/product_tag?post=6411"}],"curies":[{"name":"wp","href":"https:\/\/api.w.org\/{rel}","templated":true}]}}