{"id":6394,"date":"2023-10-23T16:45:08","date_gmt":"2023-10-23T14:45:08","guid":{"rendered":"https:\/\/fvcomponentes.com\/?post_type=product&#038;p=6394"},"modified":"2026-04-08T21:27:53","modified_gmt":"2026-04-08T19:27:53","slug":"caixa-de-montagem-na-parede-para-paineis-gx-de-65-x-120-mm-victron-ass050300010","status":"publish","type":"product","link":"https:\/\/fvcomponentes.com\/pt\/producto\/carcasa-de-montaje-en-pared-para-paneles-gx-de-65-x-120-mm-victron-ass050300010\/","title":{"rendered":"Caixa de montagem na parede para pain\u00e9is Victron GX 65 x 120 mm - ASS050300010"},"content":{"rendered":"<h2>Caixa de montagem na parede para pain\u00e9is Victron GX 65 x 120 mm - ASS050300010<\/h2>\n<p>O processo de monitoriza\u00e7\u00e3o e controlo de uma instala\u00e7\u00e3o solar fotovoltaica \u00e9 essencial para garantir um funcionamento eficiente e uma gest\u00e3o \u00f3ptima da energia produzida. O painel de controlo GX da <a href=\"https:\/\/www.victronenergy.com.es\/\" target=\"_blank\" rel=\"noopener\">Victron<\/a> oferece uma solu\u00e7\u00e3o simples e elegante para esta tarefa, permitindo aos propriet\u00e1rios de sistemas fotovoltaicos manter um registo exato do estado da sua instala\u00e7\u00e3o.<\/p>\n<p>Com o Victron - ASS050300010 - 65 x 120 mm GX Panel Wall Mount Housing, a montagem e consulta torna-se uma tarefa acess\u00edvel a qualquer utilizador, independentemente do seu n\u00edvel de experi\u00eancia. Este painel \u00e9 compat\u00edvel com uma variedade de produtos Victron, incluindo o Painel de Alarme de Bateria Victron, o Painel de Controlo Skylla e o Painel de Controlo Multi GX 200\/200A.<\/p>\n<p>A eleg\u00e2ncia do design \u00e9 outro destaque. A caixa de montagem em parede do painel GX de 65 x 120 mm da Victron adapta-se perfeitamente a qualquer ambiente, seja uma casa, uma instala\u00e7\u00e3o industrial ou um barco.<\/p>\n<p>A versatilidade \u00e9 uma vantagem adicional. Para al\u00e9m dos produtos acima referidos, o Painel de Controlo GX \u00e9 compat\u00edvel com outros dispositivos da fam\u00edlia Victron GX, dando aos utilizadores a flexibilidade de adaptarem o seu sistema de monitoriza\u00e7\u00e3o \u00e0s suas necessidades espec\u00edficas.<\/p>\n<p>&nbsp;<\/p>","protected":false},"excerpt":{"rendered":"<p>Dimens\u00f5es: 65 x 120 x 40 mm<\/p>","protected":false},"featured_media":6399,"comment_status":"open","ping_status":"closed","template":"","meta":{"site-sidebar-layout":"default","site-content-layout":"default","ast-site-content-layout":"default","site-content-style":"default","site-sidebar-style":"default","ast-global-header-display":"","ast-banner-title-visibility":"","ast-main-header-display":"","ast-hfb-above-header-display":"","ast-hfb-below-header-display":"","ast-hfb-mobile-header-display":"","site-post-title":"","ast-breadcrumbs-content":"","ast-featured-img":"","footer-sml-layout":"","ast-disable-related-posts":"","theme-transparent-header-meta":"default","adv-header-id-meta":"","stick-header-meta":"","header-above-stick-meta":"","header-main-stick-meta":"","header-below-stick-meta":"","astra-migrate-meta-layouts":"set","ast-page-background-enabled":"default","ast-page-background-meta":{"desktop":{"background-color":"var(--ast-global-color-4)","background-image":"","background-repeat":"repeat","background-position":"center center","background-size":"auto","background-attachment":"scroll","background-type":"","background-media":"","overlay-type":"","overlay-color":"","overlay-opacity":"","overlay-gradient":""},"tablet":{"background-color":"","background-image":"","background-repeat":"repeat","background-position":"center center","background-size":"auto","background-attachment":"scroll","background-type":"","background-media":"","overlay-type":"","overlay-color":"","overlay-opacity":"","overlay-gradient":""},"mobile":{"background-color":"","background-image":"","background-repeat":"repeat","background-position":"center center","background-size":"auto","background-attachment":"scroll","background-type":"","background-media":"","overlay-type":"","overlay-color":"","overlay-opacity":"","overlay-gradient":""}},"ast-content-background-meta":{"desktop":{"background-color":"var(--ast-global-color-5)","background-image":"","background-repeat":"repeat","background-position":"center center","background-size":"auto","background-attachment":"scroll","background-type":"","background-media":"","overlay-type":"","overlay-color":"","overlay-opacity":"","overlay-gradient":""},"tablet":{"background-color":"var(--ast-global-color-5)","background-image":"","background-repeat":"repeat","background-position":"center center","background-size":"auto","background-attachment":"scroll","background-type":"","background-media":"","overlay-type":"","overlay-color":"","overlay-opacity":"","overlay-gradient":""},"mobile":{"background-color":"var(--ast-global-color-5)","background-image":"","background-repeat":"repeat","background-position":"center center","background-size":"auto","background-attachment":"scroll","background-type":"","background-media":"","overlay-type":"","overlay-color":"","overlay-opacity":"","overlay-gradient":""}}},"pwb-brand":[332],"product_brand":[],"product_cat":[333,351],"product_tag":[],"class_list":{"0":"post-6394","1":"product","2":"type-product","3":"status-publish","4":"has-post-thumbnail","6":"pwb-brand-victron","7":"product_cat-inversores","8":"product_cat-accesorios","9":"desktop-align-left","10":"tablet-align-left","11":"mobile-align-left","12":"ast-product-gallery-layout-horizontal-slider","13":"ast-product-tabs-layout-horizontal","15":"first","16":"instock","17":"taxable","18":"shipping-taxable","19":"purchasable","20":"product-type-simple"},"wcpa_form_fields":null,"brands":[{"id":332,"name":"Victron Energia","slug":"victron"}],"_links":{"self":[{"href":"https:\/\/fvcomponentes.com\/pt\/wp-json\/wp\/v2\/product\/6394","targetHints":{"allow":["GET"]}}],"collection":[{"href":"https:\/\/fvcomponentes.com\/pt\/wp-json\/wp\/v2\/product"}],"about":[{"href":"https:\/\/fvcomponentes.com\/pt\/wp-json\/wp\/v2\/types\/product"}],"replies":[{"embeddable":true,"href":"https:\/\/fvcomponentes.com\/pt\/wp-json\/wp\/v2\/comments?post=6394"}],"wp:featuredmedia":[{"embeddable":true,"href":"https:\/\/fvcomponentes.com\/pt\/wp-json\/wp\/v2\/media\/6399"}],"wp:attachment":[{"href":"https:\/\/fvcomponentes.com\/pt\/wp-json\/wp\/v2\/media?parent=6394"}],"wp:term":[{"taxonomy":"pwb-brand","embeddable":true,"href":"https:\/\/fvcomponentes.com\/pt\/wp-json\/wp\/v2\/pwb-brand?post=6394"},{"taxonomy":"product_brand","embeddable":true,"href":"https:\/\/fvcomponentes.com\/pt\/wp-json\/wp\/v2\/product_brand?post=6394"},{"taxonomy":"product_cat","embeddable":true,"href":"https:\/\/fvcomponentes.com\/pt\/wp-json\/wp\/v2\/product_cat?post=6394"},{"taxonomy":"product_tag","embeddable":true,"href":"https:\/\/fvcomponentes.com\/pt\/wp-json\/wp\/v2\/product_tag?post=6394"}],"curies":[{"name":"wp","href":"https:\/\/api.w.org\/{rel}","templated":true}]}}