{"id":6386,"date":"2023-11-22T13:54:04","date_gmt":"2023-11-22T12:54:04","guid":{"rendered":"https:\/\/fvcomponentes.com\/?post_type=product&#038;p=6386"},"modified":"2026-04-08T21:33:43","modified_gmt":"2026-04-08T19:33:43","slug":"globlalling-520-victron-ass030543020","status":"publish","type":"product","link":"https:\/\/fvcomponentes.com\/pt\/producto\/globlalling-520-victron-ass030543020\/","title":{"rendered":"GloblalLink 520 Victron - ASS03054303020"},"content":{"rendered":"<div>A Victron acredita que ser capaz de monitorizar a instala\u00e7\u00e3o a qualquer momento e em qualquer lugar \u00e9 um fator chave na manuten\u00e7\u00e3o e opera\u00e7\u00e3o adequadas das suas solu\u00e7\u00f5es fora da rede. Sem liga\u00e7\u00e3o \u00e0 rede n\u00e3o deve significar sem liga\u00e7\u00e3o \u00e0 Internet, por isso criaram o Victron GloblalLink 520 - ASS03054303020. Este dispositivo proporciona conetividade 4G LTE-M a todos os dispositivos compat\u00edveis com VE.Diret sem a necessidade de taxas mensais ou subscri\u00e7\u00f5es, <strong>durante os primeiros cinco anos.<\/strong><\/div>\n<p>&nbsp;<\/p>\n<h2>Conectividade global com 4G LTE-M<\/h2>\n<div>LTE-M \u00e9 a abreviatura de LTE Cat-M1 ou Long Term Evolution (4G), categoria M1. Esta tecnologia m\u00f3vel foi concebida para ligar dispositivos da Internet das Coisas a torres 4G existentes utilizando baixa pot\u00eancia. A LTE-M suporta handovers e roaming, pelo que \u00e9 poss\u00edvel utilizar este dispositivo num ve\u00edculo em movimento, como uma autocaravana. <strong>Consulta <a href=\"https:\/\/www.1nce.com\/en-us\" target=\"_blank\" rel=\"noopener\">https:\/\/1nce.com\/en\/coverage\/<\/a> para ver se a LTE-M foi oficialmente confirmada como dispon\u00edvel na sua \u00e1rea.<\/strong>. A cobertura aumenta todas as semanas, \u00e0 medida que os fornecedores locais v\u00e3o disponibilizando suporte. A sua compra inclui 5 anos de conetividade, pelo que n\u00e3o tem de se preocupar em comprar um pacote de dados e um cart\u00e3o SIM separados.<\/div>\n<div>Ap\u00f3s esses 5 anos, s<span style=\"font-size: 16px\">Se as redes 4G LTE-M continuarem a funcionar, pode a) comprar um per\u00edodo adicional de 5 anos \u00e0 Victron ou b) inserir o seu pr\u00f3prio cart\u00e3o SIM.<\/span><\/div>\n<p>&nbsp;<\/p>\n<h2>Monitoriza\u00e7\u00e3o e controlo f\u00e1ceis do sistema<\/h2>\n<div>O Victron GloblalLink 520 - ASS030543020 inclui duas portas VE.Diret que lhe permitem ligar at\u00e9 dois dispositivos VE.Diret, como um monitor de bateria BMV e\/ou controlador de carga solar MPPT, diretamente ao VRM. Com duas entradas digitais que tamb\u00e9m funcionam como contadores de impulsos e um rel\u00e9 control\u00e1vel remotamente, \u00e9 a solu\u00e7\u00e3o perfeita para monitorizar e controlar a sua instala\u00e7\u00e3o.<\/div>\n<p>&nbsp;<\/p>\n<h2>Antena incorporada<\/h2>\n<div>O GlobalLink 520 vem com uma antena incorporada que foi concebida para funcionar em todo o mundo. No entanto, se necessitar de uma melhor rece\u00e7\u00e3o, tamb\u00e9m \u00e9 poss\u00edvel montar uma antena externa.<\/div>\n<p>&nbsp;<\/p>\n<h2>Gest\u00e3o Remota Victron<\/h2>\n<div>\n<p>O portal online Victron Remote Management (VRM) fornece acesso \u00e0 instala\u00e7\u00e3o a partir de qualquer lugar, em qualquer altura. No VRM pode verificar o estado dos produtos ligados, ver gr\u00e1ficos hist\u00f3ricos detalhados de energia, gerar relat\u00f3rios anal\u00edticos detalhados e at\u00e9 definir alarmes autom\u00e1ticos caso algo corra mal.<\/p>\n<p>&nbsp;<\/p>\n<\/div>\n<h2>Ficha t\u00e9cnica GloblalLink 520 Victron - ASS03054303020<\/h2>\n<p><a href=\"https:\/\/fvcomponentes.com\/wp-content\/uploads\/2023\/03\/GlobalLink-520-ES.pdf\" target=\"_blank\" rel=\"noopener\">Ver ficha de dados Victron GloblalLink 520 - ASS03054303020<\/a><\/p>\n<h2>Manual Victron GloblalLink 520 - ASS030543020<\/h2>\n<p><a href=\"https:\/\/fvcomponentes.com\/wp-content\/uploads\/2025\/10\/19329-GlobalLink_520-pdf-es.pdf\" target=\"_blank\" rel=\"noopener\">Ver Manual GloblalLink 520 Victron<\/a><\/p>","protected":false},"excerpt":{"rendered":"<ul>\n<li><strong>Dimens\u00f5es (mm)<\/strong>: 23 x 123 x 67<\/li>\n<li><b>Inclui SIM com 5 anos de conetividade.<\/b><\/li>\n<li><strong>Montagem<\/strong> e configura\u00e7\u00e3o.<\/li>\n<li><strong>Bluetooth.<\/strong><\/li>\n<\/ul>","protected":false},"featured_media":6391,"comment_status":"open","ping_status":"closed","template":"","meta":{"site-sidebar-layout":"default","site-content-layout":"default","ast-site-content-layout":"default","site-content-style":"default","site-sidebar-style":"default","ast-global-header-display":"","ast-banner-title-visibility":"","ast-main-header-display":"","ast-hfb-above-header-display":"","ast-hfb-below-header-display":"","ast-hfb-mobile-header-display":"","site-post-title":"","ast-breadcrumbs-content":"","ast-featured-img":"","footer-sml-layout":"","ast-disable-related-posts":"","theme-transparent-header-meta":"default","adv-header-id-meta":"","stick-header-meta":"","header-above-stick-meta":"","header-main-stick-meta":"","header-below-stick-meta":"","astra-migrate-meta-layouts":"set","ast-page-background-enabled":"default","ast-page-background-meta":{"desktop":{"background-color":"var(--ast-global-color-4)","background-image":"","background-repeat":"repeat","background-position":"center center","background-size":"auto","background-attachment":"scroll","background-type":"","background-media":"","overlay-type":"","overlay-color":"","overlay-opacity":"","overlay-gradient":""},"tablet":{"background-color":"","background-image":"","background-repeat":"repeat","background-position":"center center","background-size":"auto","background-attachment":"scroll","background-type":"","background-media":"","overlay-type":"","overlay-color":"","overlay-opacity":"","overlay-gradient":""},"mobile":{"background-color":"","background-image":"","background-repeat":"repeat","background-position":"center center","background-size":"auto","background-attachment":"scroll","background-type":"","background-media":"","overlay-type":"","overlay-color":"","overlay-opacity":"","overlay-gradient":""}},"ast-content-background-meta":{"desktop":{"background-color":"var(--ast-global-color-5)","background-image":"","background-repeat":"repeat","background-position":"center center","background-size":"auto","background-attachment":"scroll","background-type":"","background-media":"","overlay-type":"","overlay-color":"","overlay-opacity":"","overlay-gradient":""},"tablet":{"background-color":"var(--ast-global-color-5)","background-image":"","background-repeat":"repeat","background-position":"center center","background-size":"auto","background-attachment":"scroll","background-type":"","background-media":"","overlay-type":"","overlay-color":"","overlay-opacity":"","overlay-gradient":""},"mobile":{"background-color":"var(--ast-global-color-5)","background-image":"","background-repeat":"repeat","background-position":"center center","background-size":"auto","background-attachment":"scroll","background-type":"","background-media":"","overlay-type":"","overlay-color":"","overlay-opacity":"","overlay-gradient":""}}},"pwb-brand":[332],"product_brand":[],"product_cat":[351,333,934],"product_tag":[],"class_list":{"0":"post-6386","1":"product","2":"type-product","3":"status-publish","4":"has-post-thumbnail","6":"pwb-brand-victron","7":"product_cat-accesorios","8":"product_cat-inversores","9":"product_cat-monitorizacion","10":"desktop-align-left","11":"tablet-align-left","12":"mobile-align-left","13":"ast-product-gallery-layout-horizontal-slider","14":"ast-product-tabs-layout-horizontal","16":"first","17":"instock","18":"taxable","19":"shipping-taxable","20":"purchasable","21":"product-type-simple"},"wcpa_form_fields":null,"brands":[{"id":332,"name":"Victron Energia","slug":"victron"}],"_links":{"self":[{"href":"https:\/\/fvcomponentes.com\/pt\/wp-json\/wp\/v2\/product\/6386","targetHints":{"allow":["GET"]}}],"collection":[{"href":"https:\/\/fvcomponentes.com\/pt\/wp-json\/wp\/v2\/product"}],"about":[{"href":"https:\/\/fvcomponentes.com\/pt\/wp-json\/wp\/v2\/types\/product"}],"replies":[{"embeddable":true,"href":"https:\/\/fvcomponentes.com\/pt\/wp-json\/wp\/v2\/comments?post=6386"}],"wp:featuredmedia":[{"embeddable":true,"href":"https:\/\/fvcomponentes.com\/pt\/wp-json\/wp\/v2\/media\/6391"}],"wp:attachment":[{"href":"https:\/\/fvcomponentes.com\/pt\/wp-json\/wp\/v2\/media?parent=6386"}],"wp:term":[{"taxonomy":"pwb-brand","embeddable":true,"href":"https:\/\/fvcomponentes.com\/pt\/wp-json\/wp\/v2\/pwb-brand?post=6386"},{"taxonomy":"product_brand","embeddable":true,"href":"https:\/\/fvcomponentes.com\/pt\/wp-json\/wp\/v2\/product_brand?post=6386"},{"taxonomy":"product_cat","embeddable":true,"href":"https:\/\/fvcomponentes.com\/pt\/wp-json\/wp\/v2\/product_cat?post=6386"},{"taxonomy":"product_tag","embeddable":true,"href":"https:\/\/fvcomponentes.com\/pt\/wp-json\/wp\/v2\/product_tag?post=6386"}],"curies":[{"name":"wp","href":"https:\/\/api.w.org\/{rel}","templated":true}]}}