{"id":6353,"date":"2023-10-23T16:49:46","date_gmt":"2023-10-23T14:49:46","guid":{"rendered":"https:\/\/fvcomponentes.com\/?post_type=product&#038;p=6353"},"modified":"2026-04-04T12:47:47","modified_gmt":"2026-04-04T10:47:47","slug":"victron-skylla-sdrpskc-painel-de-controlo-victron-skylla","status":"publish","type":"product","link":"https:\/\/fvcomponentes.com\/pt\/producto\/panel-de-control-victron-skylla-sdrpskc\/","title":{"rendered":"Painel de controlo Victron Skylla - SDRPSKC"},"content":{"rendered":"<h2>Caracter\u00edsticas do painel de controlo Victron Skylla - SDRPSKC<\/h2>\n<p>O painel de controlo Victron Energy Victron Skylla - SDRPSKC \u00e9 um dispositivo utilizado para controlar e monitorizar carregadores de bateria da s\u00e9rie Skylla da Victron Energy. <a href=\"https:\/\/www.victronenergy.com.es\/\" target=\"_blank\" rel=\"noopener\">Victron Energia<\/a>.<\/p>\n<p>Tamb\u00e9m permite o acesso a v\u00e1rias fun\u00e7\u00f5es e defini\u00e7\u00f5es do carregador de bateria, facilitando a gest\u00e3o e o controlo do processo de carregamento da bateria. Algumas das fun\u00e7\u00f5es que o controlo remoto Skylla pode fornecer incluem:<\/p>\n<ol>\n<li><strong>Controlo da carga:<\/strong> Pode ajustar a corrente de carga e a tens\u00e3o de carga de acordo com as necessidades espec\u00edficas das suas baterias, o que ajuda a prolongar a vida \u00fatil das suas baterias.<\/li>\n<li><strong>Monitoriza\u00e7\u00e3o do estado da carga:<\/strong> O controlo remoto apresenta informa\u00e7\u00f5es sobre o estado de carga da bateria, como o n\u00edvel de carga, a corrente de carga e a tens\u00e3o da bateria, permitindo-lhe acompanhar o estado da bateria.<\/li>\n<li><strong>Alarmes e notifica\u00e7\u00f5es:<\/strong> Pode definir alarmes e notifica\u00e7\u00f5es para o alertar em caso de problemas ou quando s\u00e3o atingidos determinados limiares de carga.<\/li>\n<li><strong>Diagn\u00f3stico de problemas:<\/strong> O controlo remoto Skylla pode fornecer informa\u00e7\u00f5es sobre poss\u00edveis problemas com as pilhas ou o carregador, facilitando a identifica\u00e7\u00e3o e a resolu\u00e7\u00e3o de problemas.<\/li>\n<li><strong>Controlo remoto:<\/strong> Permite o controlo remoto do carregador de bateria a partir de um local conveniente, o que \u00e9 \u00fatil em aplica\u00e7\u00f5es em que o carregador pode estar localizado num local de dif\u00edcil acesso.<\/li>\n<\/ol>\n<h2>Carregadores compat\u00edveis recomendados na FVComponents<\/h2>\n<ul>\n<li>Se a sua instala\u00e7\u00e3o for mar\u00edtima, de campismo ou solar dom\u00e9stica: o Skylla-i (modelos <a href=\"https:\/\/fvcomponentes.com\/pt\/produto\/carregador-victron-skylla-i-24-80-11-ski024100000\/\" target=\"_blank\" rel=\"noopener\">24 V<\/a>, <a href=\"https:\/\/fvcomponentes.com\/pt\/produto\/carregador-victron-skylla-i-24-100-11-ski024100000\/\" target=\"_blank\" rel=\"noopener\">1+1<\/a> o <a href=\"https:\/\/fvcomponentes.com\/pt\/produto\/carregador-victron-skylla-i-24-80-3-ski024080002\/\" target=\"_blank\" rel=\"noopener\">3 sa\u00eddas<\/a>.) ou Skylla-IP65 (modelos <a href=\"https:\/\/fvcomponentes.com\/pt\/produto\/carregador-victron-skylla-ip65-12-70-11-120-240v-sky012070000\/\" target=\"_blank\" rel=\"noopener\">12\/70 (1+1)<\/a> o <a href=\"https:\/\/fvcomponentes.com\/pt\/produto\/carregador-victron-skylla-ip65-24-35-11-120-240v-sky024035000\/\" target=\"_blank\" rel=\"noopener\">24\/35<\/a>) s\u00e3o as melhores op\u00e7\u00f5es.<\/li>\n<li>Para ambientes industriais\/rugosos ou que exijam corrente elevada: optar pela Skylla-TG (modelos Skylla-TG). <a href=\"https:\/\/fvcomponentes.com\/pt\/produto\/carregador-victron-skylla-tg-24-50-11-sdtg2400501\/\" target=\"_blank\" rel=\"noopener\">24\/50<\/a>, <a href=\"https:\/\/fvcomponentes.com\/pt\/produto\/carregador-victron-skylla-tg-48-50-11-sdtg4800501\/\" target=\"_blank\" rel=\"noopener\">48\/50<\/a>.)<\/li>\n<\/ul>","protected":false},"excerpt":{"rendered":"<p><strong>Dimens\u00f5es (mm):<\/strong> 65 x 120 x40<\/p>","protected":false},"featured_media":6354,"comment_status":"open","ping_status":"closed","template":"","meta":{"site-sidebar-layout":"default","site-content-layout":"default","ast-site-content-layout":"default","site-content-style":"default","site-sidebar-style":"default","ast-global-header-display":"","ast-banner-title-visibility":"","ast-main-header-display":"","ast-hfb-above-header-display":"","ast-hfb-below-header-display":"","ast-hfb-mobile-header-display":"","site-post-title":"","ast-breadcrumbs-content":"","ast-featured-img":"","footer-sml-layout":"","ast-disable-related-posts":"","theme-transparent-header-meta":"default","adv-header-id-meta":"","stick-header-meta":"","header-above-stick-meta":"","header-main-stick-meta":"","header-below-stick-meta":"","astra-migrate-meta-layouts":"set","ast-page-background-enabled":"default","ast-page-background-meta":{"desktop":{"background-color":"var(--ast-global-color-4)","background-image":"","background-repeat":"repeat","background-position":"center center","background-size":"auto","background-attachment":"scroll","background-type":"","background-media":"","overlay-type":"","overlay-color":"","overlay-opacity":"","overlay-gradient":""},"tablet":{"background-color":"","background-image":"","background-repeat":"repeat","background-position":"center center","background-size":"auto","background-attachment":"scroll","background-type":"","background-media":"","overlay-type":"","overlay-color":"","overlay-opacity":"","overlay-gradient":""},"mobile":{"background-color":"","background-image":"","background-repeat":"repeat","background-position":"center center","background-size":"auto","background-attachment":"scroll","background-type":"","background-media":"","overlay-type":"","overlay-color":"","overlay-opacity":"","overlay-gradient":""}},"ast-content-background-meta":{"desktop":{"background-color":"var(--ast-global-color-5)","background-image":"","background-repeat":"repeat","background-position":"center center","background-size":"auto","background-attachment":"scroll","background-type":"","background-media":"","overlay-type":"","overlay-color":"","overlay-opacity":"","overlay-gradient":""},"tablet":{"background-color":"var(--ast-global-color-5)","background-image":"","background-repeat":"repeat","background-position":"center center","background-size":"auto","background-attachment":"scroll","background-type":"","background-media":"","overlay-type":"","overlay-color":"","overlay-opacity":"","overlay-gradient":""},"mobile":{"background-color":"var(--ast-global-color-5)","background-image":"","background-repeat":"repeat","background-position":"center center","background-size":"auto","background-attachment":"scroll","background-type":"","background-media":"","overlay-type":"","overlay-color":"","overlay-opacity":"","overlay-gradient":""}}},"pwb-brand":[332],"product_brand":[],"product_cat":[419,966],"product_tag":[],"class_list":{"0":"post-6353","1":"product","2":"type-product","3":"status-publish","4":"has-post-thumbnail","6":"pwb-brand-victron","7":"product_cat-cargadores-de-baterias","8":"product_cat-accesorios-cargadores","9":"desktop-align-left","10":"tablet-align-left","11":"mobile-align-left","12":"ast-product-gallery-layout-horizontal-slider","13":"ast-product-gallery-with-no-image","14":"ast-product-tabs-layout-horizontal","16":"first","17":"instock","18":"taxable","19":"shipping-taxable","20":"purchasable","21":"product-type-simple"},"wcpa_form_fields":null,"brands":[{"id":332,"name":"Victron Energia","slug":"victron"}],"_links":{"self":[{"href":"https:\/\/fvcomponentes.com\/pt\/wp-json\/wp\/v2\/product\/6353","targetHints":{"allow":["GET"]}}],"collection":[{"href":"https:\/\/fvcomponentes.com\/pt\/wp-json\/wp\/v2\/product"}],"about":[{"href":"https:\/\/fvcomponentes.com\/pt\/wp-json\/wp\/v2\/types\/product"}],"replies":[{"embeddable":true,"href":"https:\/\/fvcomponentes.com\/pt\/wp-json\/wp\/v2\/comments?post=6353"}],"wp:featuredmedia":[{"embeddable":true,"href":"https:\/\/fvcomponentes.com\/pt\/wp-json\/wp\/v2\/media\/6354"}],"wp:attachment":[{"href":"https:\/\/fvcomponentes.com\/pt\/wp-json\/wp\/v2\/media?parent=6353"}],"wp:term":[{"taxonomy":"pwb-brand","embeddable":true,"href":"https:\/\/fvcomponentes.com\/pt\/wp-json\/wp\/v2\/pwb-brand?post=6353"},{"taxonomy":"product_brand","embeddable":true,"href":"https:\/\/fvcomponentes.com\/pt\/wp-json\/wp\/v2\/product_brand?post=6353"},{"taxonomy":"product_cat","embeddable":true,"href":"https:\/\/fvcomponentes.com\/pt\/wp-json\/wp\/v2\/product_cat?post=6353"},{"taxonomy":"product_tag","embeddable":true,"href":"https:\/\/fvcomponentes.com\/pt\/wp-json\/wp\/v2\/product_tag?post=6353"}],"curies":[{"name":"wp","href":"https:\/\/api.w.org\/{rel}","templated":true}]}}