{"id":6344,"date":"2024-01-19T19:30:15","date_gmt":"2024-01-19T18:30:15","guid":{"rendered":"https:\/\/fvcomponentes.com\/?post_type=product&#038;p=6344"},"modified":"2026-04-08T21:30:23","modified_gmt":"2026-04-08T19:30:23","slug":"painel-de-controlo-do-carregador-victron-phoenix-rec010001110","status":"publish","type":"product","link":"https:\/\/fvcomponentes.com\/pt\/producto\/panel-de-control-del-cargador-victron-phoenix-rec010001110\/","title":{"rendered":"Painel de controlo do carregador Victron Phoenix - REC010001110"},"content":{"rendered":"<h2>Caracter\u00edsticas do painel de controlo do carregador <a href=\"https:\/\/www.victronenergy.com.es\/\" target=\"_blank\" rel=\"noopener\">Victron<\/a> F\u00e9nix - REC010001110<\/h2>\n<p>O painel PCC, ou Painel de Controlo de Carga, \u00e9 uma parte fundamental do processo de carregamento de baterias que oferece uma s\u00e9rie de vantagens e funcionalidades que optimizam o controlo e a monitoriza\u00e7\u00e3o remotos. Este dispositivo, equipado com indica\u00e7\u00f5es LED, fornece informa\u00e7\u00f5es em tempo real sobre o estado do carregador, facilitando a monitoriza\u00e7\u00e3o do carregamento de forma eficiente e sem a necessidade de estar fisicamente presente no local de carregamento.<\/p>\n<p>Por um lado, podemos destacar uma das caracter\u00edsticas mais relevantes do painel PCC, que \u00e9 a sua capacidade de ajustar a corrente de sa\u00edda. Isto n\u00e3o s\u00f3 permite adaptar o carregamento \u00e0s necessidades espec\u00edficas da bateria, como tamb\u00e9m pode ser utilizado para limitar a corrente de sa\u00edda. Esta \u00faltima fun\u00e7\u00e3o \u00e9 particularmente valiosa em situa\u00e7\u00f5es em que o carregador funciona com corrente quiescente limitada ou com pequenos geradores de energia. Isto evita a sobrecarga da fonte de alimenta\u00e7\u00e3o CA e assegura uma distribui\u00e7\u00e3o uniforme da pot\u00eancia dispon\u00edvel.<\/p>\n<p>Para al\u00e9m de controlar a corrente de sa\u00edda, o painel PCC oferece tamb\u00e9m a possibilidade de modificar os par\u00e2metros de carga da bateria, o que \u00e9 essencial para adaptar o processo de carga \u00e0s especifica\u00e7\u00f5es da bateria em quest\u00e3o, prolongando a sua vida \u00fatil e mantendo o seu desempenho \u00f3timo.<\/p>\n<p>Para garantir um funcionamento eficiente em todas as condi\u00e7\u00f5es, o painel PCC disp\u00f5e de um sistema que reduz automaticamente a luminosidade dos LED durante a noite, evitando distrac\u00e7\u00f5es desnecess\u00e1rias e garantindo um ambiente de trabalho adequado.<\/p>\n<p>A liga\u00e7\u00e3o ao carregador \u00e9 feita facilmente atrav\u00e9s de um <a href=\"https:\/\/fvcomponentes.com\/pt\/produto\/cabo-rj12-utp-victron-10-m-ass030066100\/\" target=\"_blank\" rel=\"noopener\">Cabo UTP<\/a> simplificando a instala\u00e7\u00e3o e assegurando uma liga\u00e7\u00e3o est\u00e1vel e fi\u00e1vel. Em suma, o painel PCC \u00e9 uma ferramenta vers\u00e1til e essencial para otimizar o processo de carregamento da bateria, proporcionando controlo e flexibilidade num pacote compacto e eficiente.<\/p>","protected":false},"excerpt":{"rendered":"<p><strong>Dimens\u00f5es (mm):<\/strong> 65 x 120 x 40<\/p>","protected":false},"featured_media":7138,"comment_status":"open","ping_status":"closed","template":"","meta":{"site-sidebar-layout":"default","site-content-layout":"default","ast-site-content-layout":"default","site-content-style":"default","site-sidebar-style":"default","ast-global-header-display":"","ast-banner-title-visibility":"","ast-main-header-display":"","ast-hfb-above-header-display":"","ast-hfb-below-header-display":"","ast-hfb-mobile-header-display":"","site-post-title":"","ast-breadcrumbs-content":"","ast-featured-img":"","footer-sml-layout":"","ast-disable-related-posts":"","theme-transparent-header-meta":"default","adv-header-id-meta":"","stick-header-meta":"","header-above-stick-meta":"","header-main-stick-meta":"","header-below-stick-meta":"","astra-migrate-meta-layouts":"set","ast-page-background-enabled":"default","ast-page-background-meta":{"desktop":{"background-color":"var(--ast-global-color-4)","background-image":"","background-repeat":"repeat","background-position":"center center","background-size":"auto","background-attachment":"scroll","background-type":"","background-media":"","overlay-type":"","overlay-color":"","overlay-opacity":"","overlay-gradient":""},"tablet":{"background-color":"","background-image":"","background-repeat":"repeat","background-position":"center center","background-size":"auto","background-attachment":"scroll","background-type":"","background-media":"","overlay-type":"","overlay-color":"","overlay-opacity":"","overlay-gradient":""},"mobile":{"background-color":"","background-image":"","background-repeat":"repeat","background-position":"center center","background-size":"auto","background-attachment":"scroll","background-type":"","background-media":"","overlay-type":"","overlay-color":"","overlay-opacity":"","overlay-gradient":""}},"ast-content-background-meta":{"desktop":{"background-color":"var(--ast-global-color-5)","background-image":"","background-repeat":"repeat","background-position":"center center","background-size":"auto","background-attachment":"scroll","background-type":"","background-media":"","overlay-type":"","overlay-color":"","overlay-opacity":"","overlay-gradient":""},"tablet":{"background-color":"var(--ast-global-color-5)","background-image":"","background-repeat":"repeat","background-position":"center center","background-size":"auto","background-attachment":"scroll","background-type":"","background-media":"","overlay-type":"","overlay-color":"","overlay-opacity":"","overlay-gradient":""},"mobile":{"background-color":"var(--ast-global-color-5)","background-image":"","background-repeat":"repeat","background-position":"center center","background-size":"auto","background-attachment":"scroll","background-type":"","background-media":"","overlay-type":"","overlay-color":"","overlay-opacity":"","overlay-gradient":""}}},"pwb-brand":[332],"product_brand":[],"product_cat":[419,966],"product_tag":[],"class_list":{"0":"post-6344","1":"product","2":"type-product","3":"status-publish","4":"has-post-thumbnail","6":"pwb-brand-victron","7":"product_cat-cargadores-de-baterias","8":"product_cat-accesorios-cargadores","9":"desktop-align-left","10":"tablet-align-left","11":"mobile-align-left","12":"ast-product-gallery-layout-horizontal-slider","13":"ast-product-gallery-with-no-image","14":"ast-product-tabs-layout-horizontal","16":"first","17":"instock","18":"taxable","19":"shipping-taxable","20":"purchasable","21":"product-type-simple"},"wcpa_form_fields":null,"brands":[{"id":332,"name":"Victron Energia","slug":"victron"}],"_links":{"self":[{"href":"https:\/\/fvcomponentes.com\/pt\/wp-json\/wp\/v2\/product\/6344","targetHints":{"allow":["GET"]}}],"collection":[{"href":"https:\/\/fvcomponentes.com\/pt\/wp-json\/wp\/v2\/product"}],"about":[{"href":"https:\/\/fvcomponentes.com\/pt\/wp-json\/wp\/v2\/types\/product"}],"replies":[{"embeddable":true,"href":"https:\/\/fvcomponentes.com\/pt\/wp-json\/wp\/v2\/comments?post=6344"}],"wp:featuredmedia":[{"embeddable":true,"href":"https:\/\/fvcomponentes.com\/pt\/wp-json\/wp\/v2\/media\/7138"}],"wp:attachment":[{"href":"https:\/\/fvcomponentes.com\/pt\/wp-json\/wp\/v2\/media?parent=6344"}],"wp:term":[{"taxonomy":"pwb-brand","embeddable":true,"href":"https:\/\/fvcomponentes.com\/pt\/wp-json\/wp\/v2\/pwb-brand?post=6344"},{"taxonomy":"product_brand","embeddable":true,"href":"https:\/\/fvcomponentes.com\/pt\/wp-json\/wp\/v2\/product_brand?post=6344"},{"taxonomy":"product_cat","embeddable":true,"href":"https:\/\/fvcomponentes.com\/pt\/wp-json\/wp\/v2\/product_cat?post=6344"},{"taxonomy":"product_tag","embeddable":true,"href":"https:\/\/fvcomponentes.com\/pt\/wp-json\/wp\/v2\/product_tag?post=6344"}],"curies":[{"name":"wp","href":"https:\/\/api.w.org\/{rel}","templated":true}]}}