{"id":6343,"date":"2024-01-19T19:30:13","date_gmt":"2024-01-19T18:30:13","guid":{"rendered":"https:\/\/fvcomponentes.com\/?post_type=product&#038;p=6343"},"modified":"2026-04-08T21:30:43","modified_gmt":"2026-04-08T19:30:43","slug":"painel-de-controlo-do-inversor-victron-phoenix-phoenix-rec030001210","status":"publish","type":"product","link":"https:\/\/fvcomponentes.com\/pt\/producto\/panel-de-control-del-inversor-victron-phoenix-rec030001210\/","title":{"rendered":"Painel de controlo do inversor Victron Phoenix - REC030001210"},"content":{"rendered":"<h2>Carater\u00edsticas do painel de controlo do inversor Victron Phoenix - REC030001210<\/h2>\n<p>O painel concebido para os inversores Phoenix representa uma solu\u00e7\u00e3o inteligente para a monitoriza\u00e7\u00e3o e controlo remoto de sistemas de energia solar e de armazenamento. Este dispositivo foi desenvolvido especificamente para utiliza\u00e7\u00e3o em inversores Phoenix com uma ficha UTP, o que facilita a sua integra\u00e7\u00e3o nestes sistemas e permite uma monitoriza\u00e7\u00e3o remota eficaz. Para al\u00e9m disso, \u00e9 uma op\u00e7\u00e3o vers\u00e1til que tamb\u00e9m pode ser utilizada em inversores\/carregadores MultiPlus quando \u00e9 necess\u00e1rio um interrutor de transfer\u00eancia autom\u00e1tica, sem a fun\u00e7\u00e3o de carregador. Isto significa que o painel \u00e9 uma ferramenta \u00fatil numa variedade de configura\u00e7\u00f5es de sistemas de energia, dando aos utilizadores flexibilidade e controlo.<\/p>\n<p>Para garantir um funcionamento eficiente em todas as condi\u00e7\u00f5es, o painel incorpora uma funcionalidade inteligente. A luminosidade dos LED \u00e9 ajustada automaticamente durante a noite, evitando distrac\u00e7\u00f5es desnecess\u00e1rias e assegurando um ambiente de trabalho ideal. Esta carater\u00edstica \u00e9 especialmente valiosa em aplica\u00e7\u00f5es solares fora da rede, onde a efici\u00eancia energ\u00e9tica e o conforto s\u00e3o fundamentais.<\/p>\n<p>\u00c9 importante notar que este painel foi concebido especificamente para os modelos de inversores Phoenix e MultiPlus com determinadas especifica\u00e7\u00f5es. Os modelos compat\u00edveis incluem os inversores Phoenix <a href=\"https:\/\/fvcomponentes.com\/pt\/produto\/inversor-victron-victron-phoenix-compact-12v-1200va-cin121220000\/\" target=\"_blank\" rel=\"noopener\">12\/1200<\/a>, <a href=\"https:\/\/fvcomponentes.com\/pt\/produto\/inversor-12v-victron-victron-phoenix-compact-12v-1600va-cin122160000\/\" target=\"_blank\" rel=\"noopener\">12\/1600<\/a>, <a href=\"https:\/\/fvcomponentes.com\/pt\/produto\/inversor-victron-phoenix-compact-12v-2000va-cin122200000\/\" target=\"_blank\" rel=\"noopener\">12\/2000<\/a>, <a href=\"https:\/\/fvcomponentes.com\/pt\/produto\/inversor-victron-phoenix-12v-3000va-pin123020000\/\" target=\"_blank\" rel=\"noopener\">12\/3000<\/a>, <a href=\"https:\/\/fvcomponentes.com\/pt\/produto\/victron-quattro-inversor-12-5000va-220a-100100a\/\" target=\"_blank\" rel=\"noopener\">12\/5000<\/a>, <a href=\"https:\/\/fvcomponentes.com\/pt\/produto\/carregador-de-inversor-24v-victron-multiplus-compact-24-1200-25-16-cmp242120000\/\" target=\"_blank\" rel=\"noopener\">24\/1200<\/a>, <a href=\"https:\/\/fvcomponentes.com\/pt\/produto\/carregador-de-inversor-victron-multiplus-compact-24-1600-40-16-cmp241620000\/\" target=\"_blank\" rel=\"noopener\">24\/1600<\/a>, <a href=\"https:\/\/fvcomponentes.com\/pt\/produto\/inversor-victron-phoenix-compact-24v-2000va-cin242200000\/\" target=\"_blank\" rel=\"noopener\">24\/2000<\/a>, <a href=\"https:\/\/fvcomponentes.com\/pt\/produto\/inversor-victron-phoenix-24v-3000va-pin243020000\/\" target=\"_blank\" rel=\"noopener\">24\/3000<\/a>, <a href=\"https:\/\/fvcomponentes.com\/pt\/produto\/carregador-de-inversor-24v-victron-multiplus-24-5000-120-100-pmp245021010\/\" target=\"_blank\" rel=\"noopener\">24\/5000<\/a>, <a href=\"https:\/\/fvcomponentes.com\/pt\/produto\/inversor-48v-victron-victron-phoenix-48-3000-pin483020000\/\" target=\"_blank\" rel=\"noopener\">48\/3000<\/a>, <a href=\"https:\/\/fvcomponentes.com\/pt\/produto\/inversor-48v-victron-phoenix-48-5000-pin485020000\/\" target=\"_blank\" rel=\"noopener\">48\/5000<\/a>. Isto garante uma compatibilidade perfeita e um funcionamento sem problemas nos sistemas que utilizam estes modelos.<\/p>","protected":false},"excerpt":{"rendered":"<p><span style=\"color: #ff0000\">Este produto <strong>apenas compat\u00edvel<\/strong> <strong>com<\/strong> investidores que t\u00eam <strong>porto<\/strong> de comunica\u00e7\u00e3o <strong>VE.Bus<\/strong><\/span><\/p>\n<p><strong>Dimens\u00f5es (mm):<\/strong> 65 X 120 X 40<\/p>","protected":false},"featured_media":7137,"comment_status":"open","ping_status":"closed","template":"","meta":{"site-sidebar-layout":"default","site-content-layout":"default","ast-site-content-layout":"default","site-content-style":"default","site-sidebar-style":"default","ast-global-header-display":"","ast-banner-title-visibility":"","ast-main-header-display":"","ast-hfb-above-header-display":"","ast-hfb-below-header-display":"","ast-hfb-mobile-header-display":"","site-post-title":"","ast-breadcrumbs-content":"","ast-featured-img":"","footer-sml-layout":"","ast-disable-related-posts":"","theme-transparent-header-meta":"default","adv-header-id-meta":"","stick-header-meta":"","header-above-stick-meta":"","header-main-stick-meta":"","header-below-stick-meta":"","astra-migrate-meta-layouts":"set","ast-page-background-enabled":"default","ast-page-background-meta":{"desktop":{"background-color":"var(--ast-global-color-4)","background-image":"","background-repeat":"repeat","background-position":"center center","background-size":"auto","background-attachment":"scroll","background-type":"","background-media":"","overlay-type":"","overlay-color":"","overlay-opacity":"","overlay-gradient":""},"tablet":{"background-color":"","background-image":"","background-repeat":"repeat","background-position":"center center","background-size":"auto","background-attachment":"scroll","background-type":"","background-media":"","overlay-type":"","overlay-color":"","overlay-opacity":"","overlay-gradient":""},"mobile":{"background-color":"","background-image":"","background-repeat":"repeat","background-position":"center center","background-size":"auto","background-attachment":"scroll","background-type":"","background-media":"","overlay-type":"","overlay-color":"","overlay-opacity":"","overlay-gradient":""}},"ast-content-background-meta":{"desktop":{"background-color":"var(--ast-global-color-5)","background-image":"","background-repeat":"repeat","background-position":"center center","background-size":"auto","background-attachment":"scroll","background-type":"","background-media":"","overlay-type":"","overlay-color":"","overlay-opacity":"","overlay-gradient":""},"tablet":{"background-color":"var(--ast-global-color-5)","background-image":"","background-repeat":"repeat","background-position":"center center","background-size":"auto","background-attachment":"scroll","background-type":"","background-media":"","overlay-type":"","overlay-color":"","overlay-opacity":"","overlay-gradient":""},"mobile":{"background-color":"var(--ast-global-color-5)","background-image":"","background-repeat":"repeat","background-position":"center center","background-size":"auto","background-attachment":"scroll","background-type":"","background-media":"","overlay-type":"","overlay-color":"","overlay-opacity":"","overlay-gradient":""}}},"pwb-brand":[332],"product_brand":[],"product_cat":[410,351,333,934],"product_tag":[],"class_list":{"0":"post-6343","1":"product","2":"type-product","3":"status-publish","4":"has-post-thumbnail","6":"pwb-brand-victron","7":"product_cat-material-electrico","8":"product_cat-accesorios","9":"product_cat-inversores","10":"product_cat-monitorizacion","11":"desktop-align-left","12":"tablet-align-left","13":"mobile-align-left","14":"ast-product-gallery-layout-horizontal-slider","15":"ast-product-tabs-layout-horizontal","17":"first","18":"instock","19":"taxable","20":"shipping-taxable","21":"purchasable","22":"product-type-simple"},"wcpa_form_fields":null,"brands":[{"id":332,"name":"Victron Energia","slug":"victron"}],"_links":{"self":[{"href":"https:\/\/fvcomponentes.com\/pt\/wp-json\/wp\/v2\/product\/6343","targetHints":{"allow":["GET"]}}],"collection":[{"href":"https:\/\/fvcomponentes.com\/pt\/wp-json\/wp\/v2\/product"}],"about":[{"href":"https:\/\/fvcomponentes.com\/pt\/wp-json\/wp\/v2\/types\/product"}],"replies":[{"embeddable":true,"href":"https:\/\/fvcomponentes.com\/pt\/wp-json\/wp\/v2\/comments?post=6343"}],"wp:featuredmedia":[{"embeddable":true,"href":"https:\/\/fvcomponentes.com\/pt\/wp-json\/wp\/v2\/media\/7137"}],"wp:attachment":[{"href":"https:\/\/fvcomponentes.com\/pt\/wp-json\/wp\/v2\/media?parent=6343"}],"wp:term":[{"taxonomy":"pwb-brand","embeddable":true,"href":"https:\/\/fvcomponentes.com\/pt\/wp-json\/wp\/v2\/pwb-brand?post=6343"},{"taxonomy":"product_brand","embeddable":true,"href":"https:\/\/fvcomponentes.com\/pt\/wp-json\/wp\/v2\/product_brand?post=6343"},{"taxonomy":"product_cat","embeddable":true,"href":"https:\/\/fvcomponentes.com\/pt\/wp-json\/wp\/v2\/product_cat?post=6343"},{"taxonomy":"product_tag","embeddable":true,"href":"https:\/\/fvcomponentes.com\/pt\/wp-json\/wp\/v2\/product_tag?post=6343"}],"curies":[{"name":"wp","href":"https:\/\/api.w.org\/{rel}","templated":true}]}}