{"id":6328,"date":"2024-01-19T19:30:02","date_gmt":"2024-01-19T18:30:02","guid":{"rendered":"https:\/\/fvcomponentes.com\/?post_type=product&#038;p=6328"},"modified":"2026-04-04T11:16:22","modified_gmt":"2026-04-04T09:16:22","slug":"modulo-wifi-gx-victron-wifi-de-longo-alcance-netgear-ac1200-bpp900200400","status":"publish","type":"product","link":"https:\/\/fvcomponentes.com\/pt\/producto\/modulo-wifi-gx-victron-largo-alcance-netgear-ac1200-bpp900200400\/","title":{"rendered":"M\u00f3dulo WiFi GX Victron de longo alcance GX (Netgear AC1200) - BPP900200400"},"content":{"rendered":"<h2>O derradeiro m\u00f3dulo GX WiFi<\/h2>\n<h4>Altamente eficiente<\/h4>\n<ul>\n<li>O m\u00f3dulo WiFi GX de longo alcance, conhecido como Netgear AC1200, \u00e9 um dispositivo de conetividade sem fios altamente avan\u00e7ado e eficiente. Num mundo cada vez mais interligado, a capacidade de aceder a redes WiFi tornou-se essencial, e o Netgear AC1200 foi concebido para proporcionar uma experi\u00eancia de conetividade \u00f3ptima, ultrapassando as limita\u00e7\u00f5es da dist\u00e2ncia e da fraqueza do sinal que muitas vezes impedem a conetividade convencional.<\/li>\n<\/ul>\n<h4>Longo alcance<\/h4>\n<ul>\n<li>O que distingue o M\u00f3dulo WiFi de Longo Alcance GX de outros dispositivos \u00e9 o seu foco na expans\u00e3o do alcance sem fios. Isto \u00e9 poss\u00edvel gra\u00e7as \u00e0 incorpora\u00e7\u00e3o de um chip WiFi de \u00faltima gera\u00e7\u00e3o e de uma antena de maior pot\u00eancia. A combina\u00e7\u00e3o destas duas inova\u00e7\u00f5es tecnol\u00f3gicas permite que o Netgear AC1200 se ligue a redes WiFi a dist\u00e2ncias consideravelmente maiores do que os dispositivos convencionais. J\u00e1 n\u00e3o \u00e9 necess\u00e1rio estar confinado \u00e0 proximidade do router para desfrutar de uma liga\u00e7\u00e3o suave e r\u00e1pida.<\/li>\n<\/ul>\n<h4>Conectividade garantida<\/h4>\n<ul>\n<li>Esta capacidade de longo alcance \u00e9 especialmente valiosa em situa\u00e7\u00f5es em que o sinal WiFi \u00e9 mais fraco, como em \u00e1reas remotas, edif\u00edcios com paredes espessas ou locais com v\u00e1rios obst\u00e1culos. O m\u00f3dulo Netgear AC1200 WiFi GX garante que a conetividade n\u00e3o \u00e9 uma preocupa\u00e7\u00e3o, uma vez que ultrapassa estas barreiras com facilidade.<\/li>\n<\/ul>\n<h4>Alta velocidade<\/h4>\n<ul>\n<li>Para al\u00e9m do seu excecional alcance, o m\u00f3dulo GX WiFi tamb\u00e9m oferece um desempenho de alta velocidade, tornando-o uma escolha fi\u00e1vel para tarefas que requerem uma liga\u00e7\u00e3o s\u00f3lida e r\u00e1pida. Quer seja para trabalho, entretenimento ou qualquer outra atividade online, o Netgear AC1200 apresenta-se como um companheiro indispens\u00e1vel para se manter eficazmente ligado.<\/li>\n<\/ul>\n<p>Em suma, o M\u00f3dulo GX WiFi de Longo Alcance (Netgear AC1200) \u00e9 um dispositivo sem fios que se destaca pela sua capacidade de liga\u00e7\u00e3o a redes WiFi a partir de dist\u00e2ncias maiores e em locais com sinais mais fracos, tudo gra\u00e7as ao seu chip WiFi de \u00faltima gera\u00e7\u00e3o e \u00e0 antena de alta pot\u00eancia. Isto torna-o a solu\u00e7\u00e3o ideal para quem procura uma conetividade robusta e fi\u00e1vel numa variedade de ambientes e situa\u00e7\u00f5es.<\/p>","protected":false},"excerpt":{"rendered":"<p>O<strong>\u00a0M\u00f3dulo WiFi GX<\/strong>\u00a0de<strong>\u00a0longo alcance (Netgear AC1200)<\/strong>\u00a0\u00e9 um dispositivo de liga\u00e7\u00e3o\u00a0<strong>WiFi<\/strong>.<\/p>\n<p>Tem uma elevada capacidade de alcance sem fios, gra\u00e7as ao seu chip WiFi de \u00faltima gera\u00e7\u00e3o e \u00e0 antena de alta pot\u00eancia. Isto permite-lhe ligar-se a redes WiFi a longas dist\u00e2ncias e em locais onde o sinal WiFi \u00e9 mais fraco.<\/p>","protected":false},"featured_media":6330,"comment_status":"open","ping_status":"closed","template":"","meta":{"site-sidebar-layout":"default","site-content-layout":"default","ast-site-content-layout":"default","site-content-style":"default","site-sidebar-style":"default","ast-global-header-display":"","ast-banner-title-visibility":"","ast-main-header-display":"","ast-hfb-above-header-display":"","ast-hfb-below-header-display":"","ast-hfb-mobile-header-display":"","site-post-title":"","ast-breadcrumbs-content":"","ast-featured-img":"","footer-sml-layout":"","ast-disable-related-posts":"","theme-transparent-header-meta":"default","adv-header-id-meta":"","stick-header-meta":"","header-above-stick-meta":"","header-main-stick-meta":"","header-below-stick-meta":"","astra-migrate-meta-layouts":"set","ast-page-background-enabled":"default","ast-page-background-meta":{"desktop":{"background-color":"var(--ast-global-color-4)","background-image":"","background-repeat":"repeat","background-position":"center center","background-size":"auto","background-attachment":"scroll","background-type":"","background-media":"","overlay-type":"","overlay-color":"","overlay-opacity":"","overlay-gradient":""},"tablet":{"background-color":"","background-image":"","background-repeat":"repeat","background-position":"center center","background-size":"auto","background-attachment":"scroll","background-type":"","background-media":"","overlay-type":"","overlay-color":"","overlay-opacity":"","overlay-gradient":""},"mobile":{"background-color":"","background-image":"","background-repeat":"repeat","background-position":"center center","background-size":"auto","background-attachment":"scroll","background-type":"","background-media":"","overlay-type":"","overlay-color":"","overlay-opacity":"","overlay-gradient":""}},"ast-content-background-meta":{"desktop":{"background-color":"var(--ast-global-color-5)","background-image":"","background-repeat":"repeat","background-position":"center center","background-size":"auto","background-attachment":"scroll","background-type":"","background-media":"","overlay-type":"","overlay-color":"","overlay-opacity":"","overlay-gradient":""},"tablet":{"background-color":"var(--ast-global-color-5)","background-image":"","background-repeat":"repeat","background-position":"center center","background-size":"auto","background-attachment":"scroll","background-type":"","background-media":"","overlay-type":"","overlay-color":"","overlay-opacity":"","overlay-gradient":""},"mobile":{"background-color":"var(--ast-global-color-5)","background-image":"","background-repeat":"repeat","background-position":"center center","background-size":"auto","background-attachment":"scroll","background-type":"","background-media":"","overlay-type":"","overlay-color":"","overlay-opacity":"","overlay-gradient":""}}},"pwb-brand":[332],"product_brand":[],"product_cat":[351,333,934],"product_tag":[],"class_list":{"0":"post-6328","1":"product","2":"type-product","3":"status-publish","4":"has-post-thumbnail","6":"pwb-brand-victron","7":"product_cat-accesorios","8":"product_cat-inversores","9":"product_cat-monitorizacion","10":"desktop-align-left","11":"tablet-align-left","12":"mobile-align-left","13":"ast-product-gallery-layout-horizontal-slider","14":"ast-product-tabs-layout-horizontal","16":"first","17":"instock","18":"taxable","19":"shipping-taxable","20":"purchasable","21":"product-type-simple"},"wcpa_form_fields":null,"brands":[{"id":332,"name":"Victron Energia","slug":"victron"}],"_links":{"self":[{"href":"https:\/\/fvcomponentes.com\/pt\/wp-json\/wp\/v2\/product\/6328","targetHints":{"allow":["GET"]}}],"collection":[{"href":"https:\/\/fvcomponentes.com\/pt\/wp-json\/wp\/v2\/product"}],"about":[{"href":"https:\/\/fvcomponentes.com\/pt\/wp-json\/wp\/v2\/types\/product"}],"replies":[{"embeddable":true,"href":"https:\/\/fvcomponentes.com\/pt\/wp-json\/wp\/v2\/comments?post=6328"}],"wp:featuredmedia":[{"embeddable":true,"href":"https:\/\/fvcomponentes.com\/pt\/wp-json\/wp\/v2\/media\/6330"}],"wp:attachment":[{"href":"https:\/\/fvcomponentes.com\/pt\/wp-json\/wp\/v2\/media?parent=6328"}],"wp:term":[{"taxonomy":"pwb-brand","embeddable":true,"href":"https:\/\/fvcomponentes.com\/pt\/wp-json\/wp\/v2\/pwb-brand?post=6328"},{"taxonomy":"product_brand","embeddable":true,"href":"https:\/\/fvcomponentes.com\/pt\/wp-json\/wp\/v2\/product_brand?post=6328"},{"taxonomy":"product_cat","embeddable":true,"href":"https:\/\/fvcomponentes.com\/pt\/wp-json\/wp\/v2\/product_cat?post=6328"},{"taxonomy":"product_tag","embeddable":true,"href":"https:\/\/fvcomponentes.com\/pt\/wp-json\/wp\/v2\/product_tag?post=6328"}],"curies":[{"name":"wp","href":"https:\/\/api.w.org\/{rel}","templated":true}]}}