{"id":6311,"date":"2023-09-01T15:06:20","date_gmt":"2023-09-01T13:06:20","guid":{"rendered":"https:\/\/fvcomponentes.com\/?post_type=product&#038;p=6311"},"modified":"2026-04-04T11:12:43","modified_gmt":"2026-04-04T09:12:43","slug":"modulo-wifi-controlo-de-cor-gx-victron-bpp900100200","status":"publish","type":"product","link":"https:\/\/fvcomponentes.com\/pt\/producto\/modulo-wifi-color-control-gx-victron-bpp900100200\/","title":{"rendered":"M\u00f3dulo Victron GX Wifi Colour Control GX - BPP900100200"},"content":{"rendered":"<h2>Expanda a sua conetividade com o M\u00f3dulo Wifi Victron Color Control GX - BPP900100200 Compat\u00edvel com Color Control GX<\/h2>\n<p>Este dongle n\u00e3o s\u00f3 oferece uma liga\u00e7\u00e3o sem fios de alta qualidade, como tamb\u00e9m \u00e9 totalmente compat\u00edvel com o software Color Control GX. Ao contr\u00e1rio de muitos dongles padr\u00e3o semelhantes que t\u00eam problemas de compatibilidade devido aos controladores, pode ter a certeza de que o nosso dongle foi concebido para uma integra\u00e7\u00e3o perfeita.<\/p>\n<p>Uma carater\u00edstica distintiva \u00e9 a sua capacidade de adicionar conetividade LAN sem fios em situa\u00e7\u00f5es em que n\u00e3o \u00e9 vi\u00e1vel passar cabos de rede para o router ou ponto de acesso. Isto proporciona uma flexibilidade excecional na localiza\u00e7\u00e3o do seu dispositivo e permite-lhe desfrutar de uma liga\u00e7\u00e3o fi\u00e1vel, independentemente das limita\u00e7\u00f5es da infraestrutura f\u00edsica.<\/p>","protected":false},"excerpt":{"rendered":"<p><strong>USB:<\/strong> Interface 2.0<br \/>\n<strong>Taxa de dados:<\/strong> 802.11n, 802.11g, 802.11b<br \/>\n<strong>Banda de frequ\u00eancia:<\/strong>\u00a0 2,4 GHz<\/p>","protected":false},"featured_media":8841,"comment_status":"open","ping_status":"closed","template":"","meta":{"site-sidebar-layout":"default","site-content-layout":"default","ast-site-content-layout":"default","site-content-style":"default","site-sidebar-style":"default","ast-global-header-display":"","ast-banner-title-visibility":"","ast-main-header-display":"","ast-hfb-above-header-display":"","ast-hfb-below-header-display":"","ast-hfb-mobile-header-display":"","site-post-title":"","ast-breadcrumbs-content":"","ast-featured-img":"","footer-sml-layout":"","ast-disable-related-posts":"","theme-transparent-header-meta":"default","adv-header-id-meta":"","stick-header-meta":"","header-above-stick-meta":"","header-main-stick-meta":"","header-below-stick-meta":"","astra-migrate-meta-layouts":"set","ast-page-background-enabled":"default","ast-page-background-meta":{"desktop":{"background-color":"var(--ast-global-color-4)","background-image":"","background-repeat":"repeat","background-position":"center center","background-size":"auto","background-attachment":"scroll","background-type":"","background-media":"","overlay-type":"","overlay-color":"","overlay-opacity":"","overlay-gradient":""},"tablet":{"background-color":"","background-image":"","background-repeat":"repeat","background-position":"center center","background-size":"auto","background-attachment":"scroll","background-type":"","background-media":"","overlay-type":"","overlay-color":"","overlay-opacity":"","overlay-gradient":""},"mobile":{"background-color":"","background-image":"","background-repeat":"repeat","background-position":"center center","background-size":"auto","background-attachment":"scroll","background-type":"","background-media":"","overlay-type":"","overlay-color":"","overlay-opacity":"","overlay-gradient":""}},"ast-content-background-meta":{"desktop":{"background-color":"var(--ast-global-color-5)","background-image":"","background-repeat":"repeat","background-position":"center center","background-size":"auto","background-attachment":"scroll","background-type":"","background-media":"","overlay-type":"","overlay-color":"","overlay-opacity":"","overlay-gradient":""},"tablet":{"background-color":"var(--ast-global-color-5)","background-image":"","background-repeat":"repeat","background-position":"center center","background-size":"auto","background-attachment":"scroll","background-type":"","background-media":"","overlay-type":"","overlay-color":"","overlay-opacity":"","overlay-gradient":""},"mobile":{"background-color":"var(--ast-global-color-5)","background-image":"","background-repeat":"repeat","background-position":"center center","background-size":"auto","background-attachment":"scroll","background-type":"","background-media":"","overlay-type":"","overlay-color":"","overlay-opacity":"","overlay-gradient":""}}},"pwb-brand":[332],"product_brand":[],"product_cat":[351,333],"product_tag":[],"class_list":{"0":"post-6311","1":"product","2":"type-product","3":"status-publish","4":"has-post-thumbnail","6":"pwb-brand-victron","7":"product_cat-accesorios","8":"product_cat-inversores","9":"desktop-align-left","10":"tablet-align-left","11":"mobile-align-left","12":"ast-product-gallery-layout-horizontal-slider","13":"ast-product-tabs-layout-horizontal","15":"first","16":"instock","17":"taxable","18":"shipping-taxable","19":"purchasable","20":"product-type-simple"},"wcpa_form_fields":null,"brands":[{"id":332,"name":"Victron Energia","slug":"victron"}],"_links":{"self":[{"href":"https:\/\/fvcomponentes.com\/pt\/wp-json\/wp\/v2\/product\/6311","targetHints":{"allow":["GET"]}}],"collection":[{"href":"https:\/\/fvcomponentes.com\/pt\/wp-json\/wp\/v2\/product"}],"about":[{"href":"https:\/\/fvcomponentes.com\/pt\/wp-json\/wp\/v2\/types\/product"}],"replies":[{"embeddable":true,"href":"https:\/\/fvcomponentes.com\/pt\/wp-json\/wp\/v2\/comments?post=6311"}],"wp:featuredmedia":[{"embeddable":true,"href":"https:\/\/fvcomponentes.com\/pt\/wp-json\/wp\/v2\/media\/8841"}],"wp:attachment":[{"href":"https:\/\/fvcomponentes.com\/pt\/wp-json\/wp\/v2\/media?parent=6311"}],"wp:term":[{"taxonomy":"pwb-brand","embeddable":true,"href":"https:\/\/fvcomponentes.com\/pt\/wp-json\/wp\/v2\/pwb-brand?post=6311"},{"taxonomy":"product_brand","embeddable":true,"href":"https:\/\/fvcomponentes.com\/pt\/wp-json\/wp\/v2\/product_brand?post=6311"},{"taxonomy":"product_cat","embeddable":true,"href":"https:\/\/fvcomponentes.com\/pt\/wp-json\/wp\/v2\/product_cat?post=6311"},{"taxonomy":"product_tag","embeddable":true,"href":"https:\/\/fvcomponentes.com\/pt\/wp-json\/wp\/v2\/product_tag?post=6311"}],"curies":[{"name":"wp","href":"https:\/\/api.w.org\/{rel}","templated":true}]}}