{"id":6227,"date":"2023-05-02T13:39:19","date_gmt":"2023-05-02T11:39:19","guid":{"rendered":"https:\/\/fvcomponentes.com\/?post_type=product&#038;p=6227"},"modified":"2026-04-08T21:27:12","modified_gmt":"2026-04-08T19:27:12","slug":"mega-fusivel-victron-150a-32v-cip136150010","status":"publish","type":"product","link":"https:\/\/fvcomponentes.com\/pt\/producto\/mega-fuse-victron-150a-32v-cip136150010\/","title":{"rendered":"Mega-fus\u00edvel Victron 150A\/32v (5 pe\u00e7as) - CIP136150010"},"content":{"rendered":"<h2>Carater\u00edsticas do Mega-fus\u00edvel Victron 150A\/32v - CIP136150010<\/h2>\n<p>O Mega-fus\u00edvel Victron 150A\/32v - CIP136150010 foi concebido para ser utilizado como prote\u00e7\u00e3o contra danos causados por sobrecargas e curto-circuitos em instala\u00e7\u00f5es fotovoltaicas at\u00e9 32V e uma corrente m\u00e1xima de 150A.<\/p>\n<p>Para os porta-fus\u00edveis do tipo Mega, como o <a href=\"https:\/\/fvcomponentes.com\/pt\/produto\/suporte-de-fusivel-para-mega-fusivel-victron-cip000100001\/\" target=\"_blank\" rel=\"noopener\">Porta-fus\u00edveis Porta-fus\u00edveis para MEGA-fus\u00edveis Victron - CIP000100001<\/a><\/p>\n<p>O pacote<strong> inclui 5 fus\u00edveis.<\/strong><\/p>\n<h2>Ficha t\u00e9cnica Mega-fus\u00edvel Victron 150A\/32v - CIP136150010<\/h2>\n<p><a href=\"https:\/\/fvcomponentes.com\/wp-content\/uploads\/2023\/03\/Midi-Mega-and-ANL-fuses-and-fuse-holders-EN.pdf\" target=\"_blank\" rel=\"noopener\">Ver ficha t\u00e9cnica do Mega-fus\u00edvel 150A\/32v da Victron - CIP136150010<\/a><\/p>","protected":false},"excerpt":{"rendered":"<p><strong>Amperagem: <\/strong>150 A<strong><br \/>\nTens\u00e3o:<\/strong> 32 V<br \/>\n<strong>Queda de tens\u00e3o:<\/strong> 90 mV<br \/>\n<strong>Resist\u00eancia ao frio:<\/strong> 0,35 m\u03a9<\/p>","protected":false},"featured_media":7954,"comment_status":"open","ping_status":"closed","template":"","meta":{"site-sidebar-layout":"default","site-content-layout":"default","ast-site-content-layout":"default","site-content-style":"default","site-sidebar-style":"default","ast-global-header-display":"","ast-banner-title-visibility":"","ast-main-header-display":"","ast-hfb-above-header-display":"","ast-hfb-below-header-display":"","ast-hfb-mobile-header-display":"","site-post-title":"","ast-breadcrumbs-content":"","ast-featured-img":"","footer-sml-layout":"","ast-disable-related-posts":"","theme-transparent-header-meta":"default","adv-header-id-meta":"","stick-header-meta":"","header-above-stick-meta":"","header-main-stick-meta":"","header-below-stick-meta":"","astra-migrate-meta-layouts":"set","ast-page-background-enabled":"default","ast-page-background-meta":{"desktop":{"background-color":"var(--ast-global-color-4)","background-image":"","background-repeat":"repeat","background-position":"center center","background-size":"auto","background-attachment":"scroll","background-type":"","background-media":"","overlay-type":"","overlay-color":"","overlay-opacity":"","overlay-gradient":""},"tablet":{"background-color":"","background-image":"","background-repeat":"repeat","background-position":"center center","background-size":"auto","background-attachment":"scroll","background-type":"","background-media":"","overlay-type":"","overlay-color":"","overlay-opacity":"","overlay-gradient":""},"mobile":{"background-color":"","background-image":"","background-repeat":"repeat","background-position":"center center","background-size":"auto","background-attachment":"scroll","background-type":"","background-media":"","overlay-type":"","overlay-color":"","overlay-opacity":"","overlay-gradient":""}},"ast-content-background-meta":{"desktop":{"background-color":"var(--ast-global-color-5)","background-image":"","background-repeat":"repeat","background-position":"center center","background-size":"auto","background-attachment":"scroll","background-type":"","background-media":"","overlay-type":"","overlay-color":"","overlay-opacity":"","overlay-gradient":""},"tablet":{"background-color":"var(--ast-global-color-5)","background-image":"","background-repeat":"repeat","background-position":"center center","background-size":"auto","background-attachment":"scroll","background-type":"","background-media":"","overlay-type":"","overlay-color":"","overlay-opacity":"","overlay-gradient":""},"mobile":{"background-color":"var(--ast-global-color-5)","background-image":"","background-repeat":"repeat","background-position":"center center","background-size":"auto","background-attachment":"scroll","background-type":"","background-media":"","overlay-type":"","overlay-color":"","overlay-opacity":"","overlay-gradient":""}}},"pwb-brand":[332],"product_brand":[],"product_cat":[410,862,992],"product_tag":[],"class_list":{"0":"post-6227","1":"product","2":"type-product","3":"status-publish","4":"has-post-thumbnail","6":"pwb-brand-victron","7":"product_cat-material-electrico","8":"product_cat-fusibles","9":"product_cat-fusibles-mega","10":"desktop-align-left","11":"tablet-align-left","12":"mobile-align-left","13":"ast-product-gallery-layout-horizontal-slider","14":"ast-product-gallery-with-no-image","15":"ast-product-tabs-layout-horizontal","17":"first","18":"instock","19":"taxable","20":"shipping-taxable","21":"purchasable","22":"product-type-simple"},"wcpa_form_fields":null,"brands":[{"id":332,"name":"Victron Energia","slug":"victron"}],"_links":{"self":[{"href":"https:\/\/fvcomponentes.com\/pt\/wp-json\/wp\/v2\/product\/6227","targetHints":{"allow":["GET"]}}],"collection":[{"href":"https:\/\/fvcomponentes.com\/pt\/wp-json\/wp\/v2\/product"}],"about":[{"href":"https:\/\/fvcomponentes.com\/pt\/wp-json\/wp\/v2\/types\/product"}],"replies":[{"embeddable":true,"href":"https:\/\/fvcomponentes.com\/pt\/wp-json\/wp\/v2\/comments?post=6227"}],"wp:featuredmedia":[{"embeddable":true,"href":"https:\/\/fvcomponentes.com\/pt\/wp-json\/wp\/v2\/media\/7954"}],"wp:attachment":[{"href":"https:\/\/fvcomponentes.com\/pt\/wp-json\/wp\/v2\/media?parent=6227"}],"wp:term":[{"taxonomy":"pwb-brand","embeddable":true,"href":"https:\/\/fvcomponentes.com\/pt\/wp-json\/wp\/v2\/pwb-brand?post=6227"},{"taxonomy":"product_brand","embeddable":true,"href":"https:\/\/fvcomponentes.com\/pt\/wp-json\/wp\/v2\/product_brand?post=6227"},{"taxonomy":"product_cat","embeddable":true,"href":"https:\/\/fvcomponentes.com\/pt\/wp-json\/wp\/v2\/product_cat?post=6227"},{"taxonomy":"product_tag","embeddable":true,"href":"https:\/\/fvcomponentes.com\/pt\/wp-json\/wp\/v2\/product_tag?post=6227"}],"curies":[{"name":"wp","href":"https:\/\/api.w.org\/{rel}","templated":true}]}}