{"id":6212,"date":"2024-01-19T19:31:06","date_gmt":"2024-01-19T18:31:06","guid":{"rendered":"https:\/\/fvcomponentes.com\/?post_type=product&#038;p=6212"},"modified":"2026-04-04T12:44:17","modified_gmt":"2026-04-04T10:44:17","slug":"interruptor-de-bateria-victron-ligado-desligado-275a-vbs127010010","status":"publish","type":"product","link":"https:\/\/fvcomponentes.com\/pt\/producto\/interruptor-de-bateria-victron-on-off-275a-vbs127010010\/","title":{"rendered":"Desconectador \u2013 Interruptor de bateria Victron ON\/OFF 275A \u2013 VBS127010010"},"content":{"rendered":"<p>O interrutor de bateria 275 A \u00e9 um componente essencial para garantir a seguran\u00e7a e a efici\u00eancia de sistemas de bateria at\u00e9 48 V. Com a sua corrente CC nominal e o seu design ergon\u00f3mico, torna-se uma ferramenta essencial para v\u00e1rias aplica\u00e7\u00f5es.<\/p>\n<p><strong>Utiliza\u00e7\u00f5es:<\/strong><\/p>\n<p>Este interrutor \u00e9 conhecido pela sua versatilidade. Pode ser utilizado para isolar uma bateria de cargas DC ou fontes de carga, o que \u00e9 essencial para preservar a carga da bateria numa variedade de situa\u00e7\u00f5es. Por exemplo, \u00e9 ideal quando o sistema precisa de ser deixado sem vigil\u00e2ncia durante longos per\u00edodos ou para trabalhos de manuten\u00e7\u00e3o. Al\u00e9m disso, em caso de emerg\u00eancia, o interrutor da bateria pode colocar a bateria auxiliar em paralelo com a bateria de arranque, o que \u00e9 crucial para compensar uma bateria descarregada, evitando situa\u00e7\u00f5es cr\u00edticas.<\/p>\n<p><strong>Instala\u00e7\u00e3o:<\/strong><\/p>\n<p>A versatilidade do comutador estende-se \u00e0 sua instala\u00e7\u00e3o. Pode ser montado \u00e0 superf\u00edcie ou em painel, oferecendo flexibilidade e adaptabilidade na configura\u00e7\u00e3o do seu sistema. Al\u00e9m disso, possui pain\u00e9is laterais de f\u00e1cil acesso, simplificando a liga\u00e7\u00e3o dos cabos. A capacidade de personalizar a sua utiliza\u00e7\u00e3o com etiquetas adesivas permite uma identifica\u00e7\u00e3o clara e eficiente.<\/p>\n<p><strong>Seguran\u00e7a:<\/strong><\/p>\n<p>A seguran\u00e7a \u00e9 uma prioridade nos sistemas de baterias e este interrutor est\u00e1 em conformidade com as normas ISO8846 relacionadas com a prote\u00e7\u00e3o contra a igni\u00e7\u00e3o. Isto torna-o adequado para utiliza\u00e7\u00e3o em casas de m\u00e1quinas e outros ambientes cr\u00edticos. Al\u00e9m disso, a op\u00e7\u00e3o de remover o controlo para fins de isolamento ou seguran\u00e7a proporciona um controlo adicional sobre o sistema, proporcionando paz de esp\u00edrito em situa\u00e7\u00f5es sens\u00edveis.<\/p>\n<p><img fetchpriority=\"high\" decoding=\"async\" class=\"alignnone size-full wp-image-6213\" src=\"https:\/\/fvcomponentes.com\/wp-content\/uploads\/2023\/03\/Capturaaazaaaa.png\" alt=\"Bateria Victron Interruptor ON\/OFF 275A - VBS127010010\" width=\"514\" height=\"192\" title=\"\"><\/p>\n<h2>Ficha t\u00e9cnica Interruptor de bateria <a href=\"https:\/\/www.victronenergy.com.es\/\" target=\"_blank\" rel=\"noopener\">Victron<\/a> ON\/OFF 275A - VBS127010010<\/h2>\n<p><a href=\"https:\/\/fvcomponentes.com\/wp-content\/uploads\/2023\/03\/Battery-Switch-275-A-ES.pdf\" target=\"_blank\" rel=\"noopener\">Veja a folha de dados do Interruptor ON\/OFF de Bateria Victron 275A - VBS127010010<\/a><\/p>","protected":false},"excerpt":{"rendered":"<p><strong>Corrente m\u00e1xima cont\u00ednua:<\/strong> 275 A<br \/>\n<strong>Capacidade de arranque:<\/strong> 1250 A<br \/>\n<strong>Tens\u00e3o nominal:<\/strong> 48 V<br \/>\n<strong>Peso:<\/strong> 0,2 kg<br \/>\n<strong>Dimens\u00f5es:<\/strong> 69,5 x 76,3 x 69,5 mm<\/p>","protected":false},"featured_media":6219,"comment_status":"open","ping_status":"closed","template":"","meta":{"site-sidebar-layout":"default","site-content-layout":"default","ast-site-content-layout":"default","site-content-style":"default","site-sidebar-style":"default","ast-global-header-display":"","ast-banner-title-visibility":"","ast-main-header-display":"","ast-hfb-above-header-display":"","ast-hfb-below-header-display":"","ast-hfb-mobile-header-display":"","site-post-title":"","ast-breadcrumbs-content":"","ast-featured-img":"","footer-sml-layout":"","ast-disable-related-posts":"","theme-transparent-header-meta":"default","adv-header-id-meta":"","stick-header-meta":"","header-above-stick-meta":"","header-main-stick-meta":"","header-below-stick-meta":"","astra-migrate-meta-layouts":"set","ast-page-background-enabled":"default","ast-page-background-meta":{"desktop":{"background-color":"var(--ast-global-color-4)","background-image":"","background-repeat":"repeat","background-position":"center center","background-size":"auto","background-attachment":"scroll","background-type":"","background-media":"","overlay-type":"","overlay-color":"","overlay-opacity":"","overlay-gradient":""},"tablet":{"background-color":"","background-image":"","background-repeat":"repeat","background-position":"center center","background-size":"auto","background-attachment":"scroll","background-type":"","background-media":"","overlay-type":"","overlay-color":"","overlay-opacity":"","overlay-gradient":""},"mobile":{"background-color":"","background-image":"","background-repeat":"repeat","background-position":"center center","background-size":"auto","background-attachment":"scroll","background-type":"","background-media":"","overlay-type":"","overlay-color":"","overlay-opacity":"","overlay-gradient":""}},"ast-content-background-meta":{"desktop":{"background-color":"var(--ast-global-color-5)","background-image":"","background-repeat":"repeat","background-position":"center center","background-size":"auto","background-attachment":"scroll","background-type":"","background-media":"","overlay-type":"","overlay-color":"","overlay-opacity":"","overlay-gradient":""},"tablet":{"background-color":"var(--ast-global-color-5)","background-image":"","background-repeat":"repeat","background-position":"center center","background-size":"auto","background-attachment":"scroll","background-type":"","background-media":"","overlay-type":"","overlay-color":"","overlay-opacity":"","overlay-gradient":""},"mobile":{"background-color":"var(--ast-global-color-5)","background-image":"","background-repeat":"repeat","background-position":"center center","background-size":"auto","background-attachment":"scroll","background-type":"","background-media":"","overlay-type":"","overlay-color":"","overlay-opacity":"","overlay-gradient":""}}},"pwb-brand":[332],"product_brand":[],"product_cat":[340,391,1016],"product_tag":[],"class_list":{"0":"post-6212","1":"product","2":"type-product","3":"status-publish","4":"has-post-thumbnail","6":"pwb-brand-victron","7":"product_cat-baterias","8":"product_cat-accesorios-para-baterias","9":"product_cat-montaje","10":"desktop-align-left","11":"tablet-align-left","12":"mobile-align-left","13":"ast-product-gallery-layout-horizontal-slider","14":"ast-product-tabs-layout-horizontal","16":"first","17":"instock","18":"taxable","19":"shipping-taxable","20":"purchasable","21":"product-type-simple"},"wcpa_form_fields":null,"brands":[{"id":332,"name":"Victron Energia","slug":"victron"}],"_links":{"self":[{"href":"https:\/\/fvcomponentes.com\/pt\/wp-json\/wp\/v2\/product\/6212","targetHints":{"allow":["GET"]}}],"collection":[{"href":"https:\/\/fvcomponentes.com\/pt\/wp-json\/wp\/v2\/product"}],"about":[{"href":"https:\/\/fvcomponentes.com\/pt\/wp-json\/wp\/v2\/types\/product"}],"replies":[{"embeddable":true,"href":"https:\/\/fvcomponentes.com\/pt\/wp-json\/wp\/v2\/comments?post=6212"}],"wp:featuredmedia":[{"embeddable":true,"href":"https:\/\/fvcomponentes.com\/pt\/wp-json\/wp\/v2\/media\/6219"}],"wp:attachment":[{"href":"https:\/\/fvcomponentes.com\/pt\/wp-json\/wp\/v2\/media?parent=6212"}],"wp:term":[{"taxonomy":"pwb-brand","embeddable":true,"href":"https:\/\/fvcomponentes.com\/pt\/wp-json\/wp\/v2\/pwb-brand?post=6212"},{"taxonomy":"product_brand","embeddable":true,"href":"https:\/\/fvcomponentes.com\/pt\/wp-json\/wp\/v2\/product_brand?post=6212"},{"taxonomy":"product_cat","embeddable":true,"href":"https:\/\/fvcomponentes.com\/pt\/wp-json\/wp\/v2\/product_cat?post=6212"},{"taxonomy":"product_tag","embeddable":true,"href":"https:\/\/fvcomponentes.com\/pt\/wp-json\/wp\/v2\/product_tag?post=6212"}],"curies":[{"name":"wp","href":"https:\/\/api.w.org\/{rel}","templated":true}]}}