{"id":6172,"date":"2023-08-23T15:45:15","date_gmt":"2023-08-23T13:45:15","guid":{"rendered":"https:\/\/fvcomponentes.com\/?post_type=product&#038;p=6172"},"modified":"2026-01-15T10:02:55","modified_gmt":"2026-01-15T09:02:55","slug":"barramento-victron-150a-2p-com-tampa-de-10-parafusos-vbb115021020","status":"publish","type":"product","link":"https:\/\/fvcomponentes.com\/pt\/producto\/busbar-victron-150a-2p-con-10-tornillos-cubierta-vbb115021020\/","title":{"rendered":"Barramento Victron 150A 2P com 10 parafusos + tampa - VBB115021020"},"content":{"rendered":"<p>Barramento Victron 150A 2P com 10 parafusos + tampa - VBB115021020 para distribui\u00e7\u00e3o de alta corrente que tamb\u00e9m fornece liga\u00e7\u00f5es para baterias e\/ou equipamento DC.<\/p>\n<p>Os barramentos, ou busbars, s\u00e3o utilizados para a distribui\u00e7\u00e3o de corrente elevada e, ao mesmo tempo, fornecem liga\u00e7\u00f5es para baterias e\/ou equipamento de corrente cont\u00ednua.<\/p>\n<p>A Victron oferece v\u00e1rios barramentos com diferentes classifica\u00e7\u00f5es de corrente e um n\u00famero diferente de terminais de liga\u00e7\u00e3o. Cada barramento est\u00e1 equipado com uma cobertura de prote\u00e7\u00e3o amov\u00edvel.<\/p>\n<p>Tamb\u00e9m dispon\u00edvel com 20 parafusos: <a href=\"https:\/\/fvcomponentes.com\/pt\/produto\/barramento-victron-150a-2p-com-tampa-de-20-parafusos-vbb115022020\/\" target=\"_blank\" rel=\"noopener\">Barramento Victron 150A 2P com 20 parafusos + tampa - VBB115022020<\/a><\/p>\n<h2>Ficha t\u00e9cnica Barramento Victron 150A 2P com 10 parafusos + tampa - VBB115021020<\/h2>\n<p><a href=\"https:\/\/fvcomponentes.com\/wp-content\/uploads\/2023\/03\/Busbar-150-A-2P-with-10-or-20-screws-with-cover-EN.pdf\" target=\"_blank\" rel=\"noopener\">Ver ficha t\u00e9cnica do barramento Victron 150A 2P com 10 parafusos + tampa<\/a><\/p>","protected":false},"excerpt":{"rendered":"<p><strong>Corrente m\u00e1xima:<\/strong> 150A m\u00e1x.<br \/>\n<strong>Tens\u00e3o:<\/strong> 70 VDC<br \/>\n<strong>Peso:<\/strong> 0,3 kg<br \/>\n<strong>Dimens\u00f5es:<\/strong> 45 x 152,4 x 32 mm<\/p>","protected":false},"featured_media":6174,"comment_status":"open","ping_status":"closed","template":"","meta":{"site-sidebar-layout":"default","site-content-layout":"default","ast-site-content-layout":"default","site-content-style":"default","site-sidebar-style":"default","ast-global-header-display":"","ast-banner-title-visibility":"","ast-main-header-display":"","ast-hfb-above-header-display":"","ast-hfb-below-header-display":"","ast-hfb-mobile-header-display":"","site-post-title":"","ast-breadcrumbs-content":"","ast-featured-img":"","footer-sml-layout":"","ast-disable-related-posts":"","theme-transparent-header-meta":"default","adv-header-id-meta":"","stick-header-meta":"","header-above-stick-meta":"","header-main-stick-meta":"","header-below-stick-meta":"","astra-migrate-meta-layouts":"set","ast-page-background-enabled":"default","ast-page-background-meta":{"desktop":{"background-color":"var(--ast-global-color-4)","background-image":"","background-repeat":"repeat","background-position":"center center","background-size":"auto","background-attachment":"scroll","background-type":"","background-media":"","overlay-type":"","overlay-color":"","overlay-opacity":"","overlay-gradient":""},"tablet":{"background-color":"","background-image":"","background-repeat":"repeat","background-position":"center center","background-size":"auto","background-attachment":"scroll","background-type":"","background-media":"","overlay-type":"","overlay-color":"","overlay-opacity":"","overlay-gradient":""},"mobile":{"background-color":"","background-image":"","background-repeat":"repeat","background-position":"center center","background-size":"auto","background-attachment":"scroll","background-type":"","background-media":"","overlay-type":"","overlay-color":"","overlay-opacity":"","overlay-gradient":""}},"ast-content-background-meta":{"desktop":{"background-color":"var(--ast-global-color-5)","background-image":"","background-repeat":"repeat","background-position":"center center","background-size":"auto","background-attachment":"scroll","background-type":"","background-media":"","overlay-type":"","overlay-color":"","overlay-opacity":"","overlay-gradient":""},"tablet":{"background-color":"var(--ast-global-color-5)","background-image":"","background-repeat":"repeat","background-position":"center center","background-size":"auto","background-attachment":"scroll","background-type":"","background-media":"","overlay-type":"","overlay-color":"","overlay-opacity":"","overlay-gradient":""},"mobile":{"background-color":"var(--ast-global-color-5)","background-image":"","background-repeat":"repeat","background-position":"center center","background-size":"auto","background-attachment":"scroll","background-type":"","background-media":"","overlay-type":"","overlay-color":"","overlay-opacity":"","overlay-gradient":""}}},"pwb-brand":[332],"product_brand":[],"product_cat":[410,991],"product_tag":[],"class_list":{"0":"post-6172","1":"product","2":"type-product","3":"status-publish","4":"has-post-thumbnail","6":"pwb-brand-victron","7":"product_cat-material-electrico","8":"product_cat-busbar","9":"desktop-align-left","10":"tablet-align-left","11":"mobile-align-left","12":"ast-product-gallery-layout-horizontal-slider","13":"ast-product-tabs-layout-horizontal","15":"first","16":"instock","17":"taxable","18":"shipping-taxable","19":"purchasable","20":"product-type-simple"},"wcpa_form_fields":null,"brands":[{"id":332,"name":"Victron Energia","slug":"victron"}],"_links":{"self":[{"href":"https:\/\/fvcomponentes.com\/pt\/wp-json\/wp\/v2\/product\/6172","targetHints":{"allow":["GET"]}}],"collection":[{"href":"https:\/\/fvcomponentes.com\/pt\/wp-json\/wp\/v2\/product"}],"about":[{"href":"https:\/\/fvcomponentes.com\/pt\/wp-json\/wp\/v2\/types\/product"}],"replies":[{"embeddable":true,"href":"https:\/\/fvcomponentes.com\/pt\/wp-json\/wp\/v2\/comments?post=6172"}],"wp:featuredmedia":[{"embeddable":true,"href":"https:\/\/fvcomponentes.com\/pt\/wp-json\/wp\/v2\/media\/6174"}],"wp:attachment":[{"href":"https:\/\/fvcomponentes.com\/pt\/wp-json\/wp\/v2\/media?parent=6172"}],"wp:term":[{"taxonomy":"pwb-brand","embeddable":true,"href":"https:\/\/fvcomponentes.com\/pt\/wp-json\/wp\/v2\/pwb-brand?post=6172"},{"taxonomy":"product_brand","embeddable":true,"href":"https:\/\/fvcomponentes.com\/pt\/wp-json\/wp\/v2\/product_brand?post=6172"},{"taxonomy":"product_cat","embeddable":true,"href":"https:\/\/fvcomponentes.com\/pt\/wp-json\/wp\/v2\/product_cat?post=6172"},{"taxonomy":"product_tag","embeddable":true,"href":"https:\/\/fvcomponentes.com\/pt\/wp-json\/wp\/v2\/product_tag?post=6172"}],"curies":[{"name":"wp","href":"https:\/\/api.w.org\/{rel}","templated":true}]}}