{"id":6161,"date":"2023-09-14T09:18:10","date_gmt":"2023-09-14T07:18:10","guid":{"rendered":"https:\/\/fvcomponentes.com\/?post_type=product&#038;p=6161"},"modified":"2026-01-15T10:09:27","modified_gmt":"2026-01-15T09:09:27","slug":"derivacao-victron-victron-lynx-ve-can-lyn040102100","status":"publish","type":"product","link":"https:\/\/fvcomponentes.com\/pt\/producto\/shunt-victron-lynx-ve-can-lyn040102100\/","title":{"rendered":"Monitor de bateria Victron Lynx VE.Can - LYN040102100"},"content":{"rendered":"<h2>Monitor de bateria Victron Lynx VE.Can - LYN040102100 com barramento integrado<\/h2>\n<div class=\"ui9f13y mgz-element mgz-child mgz-element-product_description content-text\">\n<div class=\"mgz-element-inner ui9f13y-s\">\n<div class=\"ppbd-product-description\">O Victron Lynx VE.Can - LYN040102100 \u00e9 um shunt inteligente de 1000A com espa\u00e7o para um fus\u00edvel (n\u00e3o inclu\u00eddo). O monitor de bateria integrado monitoriza com precis\u00e3o o estado de carga da bateria. Faz parte do sistema de distribui\u00e7\u00e3o Lynx.<\/div>\n<\/div>\n<\/div>\n<div class=\"nvy3xat mgz-element mgz-child mgz-element-separator mgz-element-title-align-center\">\n<div class=\"mgz-element-inner nvy3xat-s\">\n<div class=\"mgz-element-separator-wrapper mgz-text-center\"><\/div>\n<\/div>\n<\/div>\n<p>O Victron Lynx VE.Can Shunt - LYN040102100 cont\u00e9m um barramento positivo e um negativo, um monitor de bateria e um suporte de fus\u00edvel para o fus\u00edvel principal do sistema.<br \/>\nO distribuidor Lynx tem um LED de alimenta\u00e7\u00e3o.<br \/>\nO Lynx Shunt VE.Can pode comunicar com um dispositivo GX atrav\u00e9s do VE.Can.<\/p>\n<p>O Lynx Shunt VE.Can inclui dois conectores RJ45 VE.Can, que s\u00e3o utilizados quando ligados a um dispositivo GX.<br \/>\nO Lynx Shunt VE.Can foi concebido para conter um fus\u00edvel CNN. O fus\u00edvel deve ser adquirido separadamente. Para mais informa\u00e7\u00f5es, consulte a sec\u00e7\u00e3o Fus\u00edveis do manual do Lynx Shunt VE.Can.<\/p>\n<h2>O sistema de distribui\u00e7\u00e3o Lynx<\/h2>\n<p>Este sistema de distribui\u00e7\u00e3o \u00e9 composto pelos seguintes elementos:<\/p>\n<ul>\n<li><a href=\"https:\/\/fvcomponentes.com\/pt\/produto\/lynx-power-in-victron-lyn020102000\/\" target=\"_blank\" rel=\"noopener\"><strong>Entrada de energia Lynx<\/strong><\/a> - Um barramento positivo e um negativo com quatro liga\u00e7\u00f5es para baterias ou equipamento de corrente cont\u00ednua.<\/li>\n<li><a href=\"https:\/\/fvcomponentes.com\/pt\/produto\/barramento-lynx-distribuidor-lyn060102000\/\" target=\"_blank\" rel=\"noopener\"><strong>Distribuidor Lynx<\/strong><\/a> - Um barramento positivo e um negativo com quatro liga\u00e7\u00f5es com fus\u00edveis para baterias ou equipamento de corrente cont\u00ednua, juntamente com monitoriza\u00e7\u00e3o de fus\u00edveis.<\/li>\n<li><a href=\"https:\/\/fvcomponentes.com\/pt\/produto\/derivacao-victron-victron-lynx-ve-can-lyn040102100\/\" target=\"_blank\" rel=\"noopener\"><strong>Shunt Lynx VE.Can<\/strong><\/a> - Um barramento positivo com espa\u00e7o para um fus\u00edvel do sistema principal e um barramento negativo com um shunt para monitoriza\u00e7\u00e3o da bateria. Comunica\u00e7\u00e3o VE.Can para monitoriza\u00e7\u00e3o e configura\u00e7\u00e3o com um aparelho GX.<\/li>\n<li><a href=\"https:\/\/fvcomponentes.com\/pt\/produto\/victron-lynx-smart-bms-lyn034160200\/\" target=\"_blank\" rel=\"noopener\"><strong>Lynx Smart BMS<\/strong><\/a> - Para utiliza\u00e7\u00e3o em conjunto com as baterias de l\u00edtio Victron Energy Smart. Cont\u00e9m um barramento positivo com um contactor acionado por um sistema de gest\u00e3o de bateria (BMS) e um barramento negativo com um shunt para monitoriza\u00e7\u00e3o da bateria. Possui comunica\u00e7\u00e3o Bluetooth para monitoriza\u00e7\u00e3o e configura\u00e7\u00e3o atrav\u00e9s da aplica\u00e7\u00e3o. <a href=\"https:\/\/www.victronenergy.com.es\/panel-systems-remote-monitoring\/victronconnect\" target=\"_blank\" rel=\"noopener\">VictronConnect<\/a> e comunica\u00e7\u00e3o VE.Can para monitoriza\u00e7\u00e3o com um dispositivo GX e o Portal VRM.<\/li>\n<\/ul>\n<p><img fetchpriority=\"high\" decoding=\"async\" class=\"size-full wp-image-6134\" src=\"https:\/\/fvcomponentes.com\/wp-content\/uploads\/2023\/03\/Captura-6.png\" alt=\"Lynx Smart BMS Victron - LYN034160200\" width=\"800\" height=\"491\" title=\"\"><\/p>\n<h2>Ficha t\u00e9cnica Monitor de bateria Victron Lynx VE.Can - LYN040102100<\/h2>\n<p><a href=\"https:\/\/fvcomponentes.com\/wp-content\/uploads\/2023\/03\/derivador-Lynx-Shunt-VE.Can-ES.pdf\" target=\"_blank\" rel=\"noopener\">Ver ficha t\u00e9cnica do Monitor de Bateria Victron Lynx VE.Can - LYN040102100<\/a><\/p>","protected":false},"excerpt":{"rendered":"<ul>\n<li><strong>Terminais:<\/strong> M8<\/li>\n<li><strong>Gama de tens\u00e3o de alimenta\u00e7\u00e3o:<\/strong> 9 - 70 VDC<\/li>\n<li><strong>Tens\u00f5es do sistema aceites:<\/strong> 12, 24 ou 48 V<\/li>\n<li><strong>Prote\u00e7\u00e3o contra a invers\u00e3o de polaridade:<\/strong> N\u00e3o<\/li>\n<\/ul>","protected":false},"featured_media":6171,"comment_status":"open","ping_status":"closed","template":"","meta":{"site-sidebar-layout":"default","site-content-layout":"default","ast-site-content-layout":"default","site-content-style":"default","site-sidebar-style":"default","ast-global-header-display":"","ast-banner-title-visibility":"","ast-main-header-display":"","ast-hfb-above-header-display":"","ast-hfb-below-header-display":"","ast-hfb-mobile-header-display":"","site-post-title":"","ast-breadcrumbs-content":"","ast-featured-img":"","footer-sml-layout":"","ast-disable-related-posts":"","theme-transparent-header-meta":"default","adv-header-id-meta":"","stick-header-meta":"","header-above-stick-meta":"","header-main-stick-meta":"","header-below-stick-meta":"","astra-migrate-meta-layouts":"set","ast-page-background-enabled":"default","ast-page-background-meta":{"desktop":{"background-color":"var(--ast-global-color-4)","background-image":"","background-repeat":"repeat","background-position":"center center","background-size":"auto","background-attachment":"scroll","background-type":"","background-media":"","overlay-type":"","overlay-color":"","overlay-opacity":"","overlay-gradient":""},"tablet":{"background-color":"","background-image":"","background-repeat":"repeat","background-position":"center center","background-size":"auto","background-attachment":"scroll","background-type":"","background-media":"","overlay-type":"","overlay-color":"","overlay-opacity":"","overlay-gradient":""},"mobile":{"background-color":"","background-image":"","background-repeat":"repeat","background-position":"center center","background-size":"auto","background-attachment":"scroll","background-type":"","background-media":"","overlay-type":"","overlay-color":"","overlay-opacity":"","overlay-gradient":""}},"ast-content-background-meta":{"desktop":{"background-color":"var(--ast-global-color-5)","background-image":"","background-repeat":"repeat","background-position":"center center","background-size":"auto","background-attachment":"scroll","background-type":"","background-media":"","overlay-type":"","overlay-color":"","overlay-opacity":"","overlay-gradient":""},"tablet":{"background-color":"var(--ast-global-color-5)","background-image":"","background-repeat":"repeat","background-position":"center center","background-size":"auto","background-attachment":"scroll","background-type":"","background-media":"","overlay-type":"","overlay-color":"","overlay-opacity":"","overlay-gradient":""},"mobile":{"background-color":"var(--ast-global-color-5)","background-image":"","background-repeat":"repeat","background-position":"center center","background-size":"auto","background-attachment":"scroll","background-type":"","background-media":"","overlay-type":"","overlay-color":"","overlay-opacity":"","overlay-gradient":""}}},"pwb-brand":[332],"product_brand":[],"product_cat":[933,391,340],"product_tag":[],"class_list":{"0":"post-6161","1":"product","2":"type-product","3":"status-publish","4":"has-post-thumbnail","6":"pwb-brand-victron","7":"product_cat-monitores-de-baterias","8":"product_cat-accesorios-para-baterias","9":"product_cat-baterias","10":"desktop-align-left","11":"tablet-align-left","12":"mobile-align-left","13":"ast-product-gallery-layout-horizontal-slider","14":"ast-product-tabs-layout-horizontal","16":"first","17":"instock","18":"taxable","19":"shipping-taxable","20":"purchasable","21":"product-type-simple"},"wcpa_form_fields":null,"brands":[{"id":332,"name":"Victron Energia","slug":"victron"}],"_links":{"self":[{"href":"https:\/\/fvcomponentes.com\/pt\/wp-json\/wp\/v2\/product\/6161","targetHints":{"allow":["GET"]}}],"collection":[{"href":"https:\/\/fvcomponentes.com\/pt\/wp-json\/wp\/v2\/product"}],"about":[{"href":"https:\/\/fvcomponentes.com\/pt\/wp-json\/wp\/v2\/types\/product"}],"replies":[{"embeddable":true,"href":"https:\/\/fvcomponentes.com\/pt\/wp-json\/wp\/v2\/comments?post=6161"}],"wp:featuredmedia":[{"embeddable":true,"href":"https:\/\/fvcomponentes.com\/pt\/wp-json\/wp\/v2\/media\/6171"}],"wp:attachment":[{"href":"https:\/\/fvcomponentes.com\/pt\/wp-json\/wp\/v2\/media?parent=6161"}],"wp:term":[{"taxonomy":"pwb-brand","embeddable":true,"href":"https:\/\/fvcomponentes.com\/pt\/wp-json\/wp\/v2\/pwb-brand?post=6161"},{"taxonomy":"product_brand","embeddable":true,"href":"https:\/\/fvcomponentes.com\/pt\/wp-json\/wp\/v2\/product_brand?post=6161"},{"taxonomy":"product_cat","embeddable":true,"href":"https:\/\/fvcomponentes.com\/pt\/wp-json\/wp\/v2\/product_cat?post=6161"},{"taxonomy":"product_tag","embeddable":true,"href":"https:\/\/fvcomponentes.com\/pt\/wp-json\/wp\/v2\/product_tag?post=6161"}],"curies":[{"name":"wp","href":"https:\/\/api.w.org\/{rel}","templated":true}]}}