{"id":6124,"date":"2023-09-14T08:53:59","date_gmt":"2023-09-14T06:53:59","guid":{"rendered":"https:\/\/fvcomponentes.com\/?post_type=product&#038;p=6124"},"modified":"2026-01-26T08:53:55","modified_gmt":"2026-01-26T07:53:55","slug":"lynx-power-in-victron-lyn020102000","status":"publish","type":"product","link":"https:\/\/fvcomponentes.com\/pt\/producto\/lynx-power-in-victron-lyn020102000\/","title":{"rendered":"Lynx Power In Victron - LYN020102000"},"content":{"rendered":"<div class=\"ast-oembed-container\" style=\"height: 100%;\"><iframe title=\"Necessita de um Victron Lynx Power In na instala\u00e7\u00e3o da sua bateria + fus\u00edveis de hack de modifica\u00e7\u00e3o\" width=\"500\" height=\"281\" src=\"https:\/\/www.youtube.com\/embed\/VTMBoM6dEQ0?feature=oembed&#038;enablejsapi=1&#038;origin=https:\/\/fvcomponentes.com\" frameborder=\"0\" allow=\"accelerometer; autoplay; clipboard-write; encrypted-media; gyroscope; picture-in-picture; web-share\" referrerpolicy=\"strict-origin-when-cross-origin\" allowfullscreen><\/iframe><\/div>\n<p>&nbsp;<\/p>\n<hr \/>\n<h2>Caracter\u00edsticas do Lynx Power In Victron - LYN020102000<\/h2>\n<div class=\"ui9f13y mgz-element mgz-child mgz-element-product_description content-text\">\n<div class=\"mgz-element-inner ui9f13y-s\">\n<div class=\"ppbd-product-description\">O Lynx Power In Victron - LYN020102000 \u00e9 um barramento DC modular, que \u00e9 usado para conectar baterias ao sistema de distribui\u00e7\u00e3o Lynx DC. O m\u00f3dulo Lynx power in \u00e9 utilizado para ligar baterias atrav\u00e9s de um fus\u00edvel externo. Pode ser \u00fatil se tiver v\u00e1rias cadeias paralelas. Devido ao potencial de corrente de curto-circuito extremamente elevado da maioria dos bancos de baterias, sugere-se a utiliza\u00e7\u00e3o de um sistema de fus\u00edvel externo com uma classifica\u00e7\u00e3o adequada de interrup\u00e7\u00e3o de corrente de falha (como um NH HRC). A Power In cont\u00e9m um barramento CC negativo e positivo com parafusos M8 para ligar os cabos da bateria. Pode receber cabos at\u00e9 22 mm de di\u00e2metro atrav\u00e9s das guias de entrada inferiores e ilimitados atrav\u00e9s das duas liga\u00e7\u00f5es laterais.<\/div>\n<div><\/div>\n<\/div>\n<\/div>\n<p>Trata-se de um sistema de barramento modular que incorpora liga\u00e7\u00f5es CC, distribui\u00e7\u00e3o, fus\u00edveis, monitoriza\u00e7\u00e3o de baterias e\/ou gest\u00e3o de baterias de l\u00edtio.<\/p>\n<h2>O sistema de distribui\u00e7\u00e3o Lynx<\/h2>\n<p>Este sistema de distribui\u00e7\u00e3o \u00e9 composto pelos seguintes elementos:<\/p>\n<ul>\n<li><a href=\"https:\/\/fvcomponentes.com\/pt\/produto\/lynx-power-in-victron-lyn020102000\/\" target=\"_blank\" rel=\"noopener\"><strong>Entrada de energia Lynx<\/strong><\/a> - Um barramento positivo e um negativo com quatro liga\u00e7\u00f5es para baterias ou equipamento de corrente cont\u00ednua.<\/li>\n<li><a href=\"https:\/\/fvcomponentes.com\/pt\/produto\/barramento-lynx-distribuidor-lyn060102000\/\" target=\"_blank\" rel=\"noopener\"><strong>Distribuidor Lynx<\/strong><\/a> - Um barramento positivo e um negativo com quatro liga\u00e7\u00f5es com fus\u00edveis para baterias ou equipamento de corrente cont\u00ednua, juntamente com monitoriza\u00e7\u00e3o de fus\u00edveis.<\/li>\n<li><a href=\"https:\/\/fvcomponentes.com\/pt\/?post_type=product&amp;p=6161&amp;preview=true\" target=\"_blank\" rel=\"noopener\"><strong>Shunt Lynx VE.Can<\/strong><\/a> - Um barramento positivo com espa\u00e7o para um fus\u00edvel do sistema principal e um barramento negativo com um shunt para monitoriza\u00e7\u00e3o da bateria. Comunica\u00e7\u00e3o VE.Can para monitoriza\u00e7\u00e3o e configura\u00e7\u00e3o com um aparelho GX.<\/li>\n<li><a href=\"https:\/\/fvcomponentes.com\/pt\/produto\/victron-lynx-smart-bms-lyn034160200\/\" target=\"_blank\" rel=\"noopener\"><strong>Lynx Smart BMS<\/strong><\/a> - Para utiliza\u00e7\u00e3o em conjunto com as baterias de l\u00edtio Victron Energy Smart. Cont\u00e9m um barramento positivo com um contactor acionado por um sistema de gest\u00e3o de bateria (BMS) e um barramento negativo com um shunt para monitoriza\u00e7\u00e3o da bateria. Possui comunica\u00e7\u00e3o Bluetooth para monitoriza\u00e7\u00e3o e configura\u00e7\u00e3o atrav\u00e9s da aplica\u00e7\u00e3o. <a href=\"https:\/\/www.victronenergy.com.es\/panel-systems-remote-monitoring\/victronconnect\" target=\"_blank\" rel=\"noopener\">VictronConnect<\/a> e comunica\u00e7\u00e3o VE.Can para monitoriza\u00e7\u00e3o com um dispositivo GX e o Portal VRM.<\/li>\n<\/ul>\n<h2>Diagrama de cablagem para Lynx Power In Victron - LYN020102000<\/h2>\n<p><img fetchpriority=\"high\" decoding=\"async\" class=\"alignnone size-full wp-image-9193\" src=\"https:\/\/fvcomponentes.com\/wp-content\/uploads\/2023\/08\/Lynx-In.png\" alt=\"\" width=\"770\" height=\"745\" title=\"\"><\/p>\n<h2>Interliga\u00e7\u00f5es do m\u00f3dulo Lynx<\/h2>\n<p>Os m\u00f3dulos Lynx podem ser ligados a outros m\u00f3dulos Lynx do lado esquerdo (orif\u00edcio M8) e do lado direito (parafuso M8).<\/p>\n<p>Se o m\u00f3dulo Lynx for o primeiro ou o \u00faltimo da fila ou for utilizado sozinho, as baterias, cargas ou carregadores podem ser ligados diretamente a estas liga\u00e7\u00f5es. No entanto, geralmente n\u00e3o recomendamos isso porque \u00e9 necess\u00e1rio isolamento e fus\u00edveis adicionais.<\/p>\n<h2>Ficha t\u00e9cnica Lynx Power em Victron - LYN020102000<\/h2>\n<p><a href=\"https:\/\/fvcomponentes.com\/wp-content\/uploads\/2023\/08\/Lynx_Power_In-es.pdf\" target=\"_blank\" rel=\"noopener\">Ver Lynx_Power_In-en folha de dados Lynx Power in Victron - LYN020102000<\/a><\/p>","protected":false},"excerpt":{"rendered":"<p><span style=\"color: #ff0000\"><strong>QUASE A DESAPARECER. ESCOLHA A M10<\/strong><\/span><\/p>\n<p><strong>Classe de prote\u00e7\u00e3o:<\/strong> IP22<br \/>\n<strong>Gama de tens\u00f5es:<\/strong> 9-60 V CC<br \/>\n<strong>Corrente nominal:<\/strong> 1000 A<\/p>","protected":false},"featured_media":6132,"comment_status":"open","ping_status":"closed","template":"","meta":{"site-sidebar-layout":"default","site-content-layout":"default","ast-site-content-layout":"default","site-content-style":"default","site-sidebar-style":"default","ast-global-header-display":"","ast-banner-title-visibility":"","ast-main-header-display":"","ast-hfb-above-header-display":"","ast-hfb-below-header-display":"","ast-hfb-mobile-header-display":"","site-post-title":"","ast-breadcrumbs-content":"","ast-featured-img":"","footer-sml-layout":"","ast-disable-related-posts":"","theme-transparent-header-meta":"default","adv-header-id-meta":"","stick-header-meta":"","header-above-stick-meta":"","header-main-stick-meta":"","header-below-stick-meta":"","astra-migrate-meta-layouts":"set","ast-page-background-enabled":"default","ast-page-background-meta":{"desktop":{"background-color":"var(--ast-global-color-4)","background-image":"","background-repeat":"repeat","background-position":"center center","background-size":"auto","background-attachment":"scroll","background-type":"","background-media":"","overlay-type":"","overlay-color":"","overlay-opacity":"","overlay-gradient":""},"tablet":{"background-color":"","background-image":"","background-repeat":"repeat","background-position":"center center","background-size":"auto","background-attachment":"scroll","background-type":"","background-media":"","overlay-type":"","overlay-color":"","overlay-opacity":"","overlay-gradient":""},"mobile":{"background-color":"","background-image":"","background-repeat":"repeat","background-position":"center center","background-size":"auto","background-attachment":"scroll","background-type":"","background-media":"","overlay-type":"","overlay-color":"","overlay-opacity":"","overlay-gradient":""}},"ast-content-background-meta":{"desktop":{"background-color":"var(--ast-global-color-5)","background-image":"","background-repeat":"repeat","background-position":"center center","background-size":"auto","background-attachment":"scroll","background-type":"","background-media":"","overlay-type":"","overlay-color":"","overlay-opacity":"","overlay-gradient":""},"tablet":{"background-color":"var(--ast-global-color-5)","background-image":"","background-repeat":"repeat","background-position":"center center","background-size":"auto","background-attachment":"scroll","background-type":"","background-media":"","overlay-type":"","overlay-color":"","overlay-opacity":"","overlay-gradient":""},"mobile":{"background-color":"var(--ast-global-color-5)","background-image":"","background-repeat":"repeat","background-position":"center center","background-size":"auto","background-attachment":"scroll","background-type":"","background-media":"","overlay-type":"","overlay-color":"","overlay-opacity":"","overlay-gradient":""}}},"pwb-brand":[332],"product_brand":[],"product_cat":[410,991],"product_tag":[],"class_list":{"0":"post-6124","1":"product","2":"type-product","3":"status-publish","4":"has-post-thumbnail","6":"pwb-brand-victron","7":"product_cat-material-electrico","8":"product_cat-busbar","9":"desktop-align-left","10":"tablet-align-left","11":"mobile-align-left","12":"ast-product-gallery-layout-horizontal-slider","13":"ast-product-tabs-layout-horizontal","15":"first","16":"outofstock","17":"taxable","18":"shipping-taxable","19":"purchasable","20":"product-type-simple"},"wcpa_form_fields":null,"brands":[{"id":332,"name":"Victron Energia","slug":"victron"}],"_links":{"self":[{"href":"https:\/\/fvcomponentes.com\/pt\/wp-json\/wp\/v2\/product\/6124","targetHints":{"allow":["GET"]}}],"collection":[{"href":"https:\/\/fvcomponentes.com\/pt\/wp-json\/wp\/v2\/product"}],"about":[{"href":"https:\/\/fvcomponentes.com\/pt\/wp-json\/wp\/v2\/types\/product"}],"replies":[{"embeddable":true,"href":"https:\/\/fvcomponentes.com\/pt\/wp-json\/wp\/v2\/comments?post=6124"}],"wp:featuredmedia":[{"embeddable":true,"href":"https:\/\/fvcomponentes.com\/pt\/wp-json\/wp\/v2\/media\/6132"}],"wp:attachment":[{"href":"https:\/\/fvcomponentes.com\/pt\/wp-json\/wp\/v2\/media?parent=6124"}],"wp:term":[{"taxonomy":"pwb-brand","embeddable":true,"href":"https:\/\/fvcomponentes.com\/pt\/wp-json\/wp\/v2\/pwb-brand?post=6124"},{"taxonomy":"product_brand","embeddable":true,"href":"https:\/\/fvcomponentes.com\/pt\/wp-json\/wp\/v2\/product_brand?post=6124"},{"taxonomy":"product_cat","embeddable":true,"href":"https:\/\/fvcomponentes.com\/pt\/wp-json\/wp\/v2\/product_cat?post=6124"},{"taxonomy":"product_tag","embeddable":true,"href":"https:\/\/fvcomponentes.com\/pt\/wp-json\/wp\/v2\/product_tag?post=6124"}],"curies":[{"name":"wp","href":"https:\/\/api.w.org\/{rel}","templated":true}]}}