{"id":6072,"date":"2023-08-14T15:35:03","date_gmt":"2023-08-14T13:35:03","guid":{"rendered":"https:\/\/fvcomponentes.com\/?post_type=product&#038;p=6072"},"modified":"2026-04-04T12:48:27","modified_gmt":"2026-04-04T10:48:27","slug":"conversor-victron-orion-tr-isolado-12-12-12-30a-ori121240110","status":"publish","type":"product","link":"https:\/\/fvcomponentes.com\/pt\/producto\/convertidor-victron-orion-tr-aislado-12-12-30a-ori121240110\/","title":{"rendered":"Conversor isolado Victron Orion-Tr 12\/12-30A - ORI121240110"},"content":{"rendered":"<h2>Ligar\/desligar remotamente<\/h2>\n<p>Gra\u00e7as ao interrutor remoto de ligar\/desligar, o Victron Orion-Tr isolado de 12\/12-30A elimina a necessidade de montar um interrutor de alta pot\u00eancia na cablagem de entrada. O interrutor remoto de ligar\/desligar pode ser operado por um interrutor de baixa pot\u00eancia ou, por exemplo, com o interrutor de arranque\/paragem do motor.<\/p>\n<h2>Todos os modelos s\u00e3o \u00e0 prova de curto-circuito e podem ser ligados em paralelo para aumentar a corrente de sa\u00edda.<\/h2>\n<p>Pode ser ligado em paralelo um n\u00famero ilimitado de unidades.<\/p>\n<h2>Tens\u00e3o de sa\u00edda ajust\u00e1vel<\/h2>\n<p>O Victron Orion-Tr isolado 12\/12-30A n\u00e3o foi concebido para carregar baterias.<\/p>\n<h2>Prote\u00e7\u00e3o contra altas temperaturas<\/h2>\n<p>A corrente de sa\u00edda ser\u00e1 reduzida em caso de temperatura ambiente elevada.<\/p>\n<h2>Prote\u00e7\u00e3o IP43<\/h2>\n<p>Se for instalado com os terminais de parafuso virados para baixo.<\/p>\n<h2>Terminais de parafuso<\/h2>\n<p>N\u00e3o s\u00e3o necess\u00e1rias ferramentas especiais para a instala\u00e7\u00e3o<\/p>\n<h2>Ficha t\u00e9cnica Conversor isolado Victron Orion-Tr 12\/12-30A - ORI121240110<\/h2>\n<p><a href=\"https:\/\/fvcomponentes.com\/wp-content\/uploads\/2023\/03\/Orion-Tr-DC-DC-converters-isolated-100-250-400W-ES.pdf\" target=\"_blank\" rel=\"noopener\">Ficha t\u00e9cnica Inversor Victron Orion-Tr Isolado 12\/12-30A - ORI121240110<\/a><\/p>","protected":false},"excerpt":{"rendered":"<ul>\n<li><span style=\"color: #ff0000\"><strong>Este aparelho N\u00c3O \u00c9 APTO PARA CARREGAR BATERIAS. Escolha o modelo Smart com Bluetooth.<\/strong><\/span><\/li>\n<li><span style=\"color: #ff0000\"><strong>Equipamento sem Bluetooth<\/strong><\/span><\/li>\n<li><a href=\"https:\/\/fvcomponentes.com\/pt\/produto\/victron-orion-tr-smart-12-12-12-30a-dc-dc-conversor-isolado-ori121236120\/\" target=\"_blank\" rel=\"noopener\">Ver modelo Bluetooth<\/a><\/li>\n<li><strong>Gama de tens\u00e3o de entrada (1):<\/strong> 10-17V<\/li>\n<li><strong>Subtens\u00e3o de desconex\u00e3o:<\/strong> 7V<\/li>\n<li><strong>Corrente de sa\u00edda cont\u00ednua:<\/strong> 30A<\/li>\n<li><strong>Isolamento galv\u00e2nico:\u00a0<\/strong>200V DC entre a entrada, a sa\u00edda e o inv\u00f3lucro<\/li>\n<li><strong>Peso:<\/strong> 1,8 kg<\/li>\n<\/ul>","protected":false},"featured_media":6076,"comment_status":"open","ping_status":"closed","template":"","meta":{"site-sidebar-layout":"default","site-content-layout":"default","ast-site-content-layout":"default","site-content-style":"default","site-sidebar-style":"default","ast-global-header-display":"","ast-banner-title-visibility":"","ast-main-header-display":"","ast-hfb-above-header-display":"","ast-hfb-below-header-display":"","ast-hfb-mobile-header-display":"","site-post-title":"","ast-breadcrumbs-content":"","ast-featured-img":"","footer-sml-layout":"","ast-disable-related-posts":"","theme-transparent-header-meta":"default","adv-header-id-meta":"","stick-header-meta":"","header-above-stick-meta":"","header-main-stick-meta":"","header-below-stick-meta":"","astra-migrate-meta-layouts":"set","ast-page-background-enabled":"default","ast-page-background-meta":{"desktop":{"background-color":"var(--ast-global-color-4)","background-image":"","background-repeat":"repeat","background-position":"center center","background-size":"auto","background-attachment":"scroll","background-type":"","background-media":"","overlay-type":"","overlay-color":"","overlay-opacity":"","overlay-gradient":""},"tablet":{"background-color":"","background-image":"","background-repeat":"repeat","background-position":"center center","background-size":"auto","background-attachment":"scroll","background-type":"","background-media":"","overlay-type":"","overlay-color":"","overlay-opacity":"","overlay-gradient":""},"mobile":{"background-color":"","background-image":"","background-repeat":"repeat","background-position":"center center","background-size":"auto","background-attachment":"scroll","background-type":"","background-media":"","overlay-type":"","overlay-color":"","overlay-opacity":"","overlay-gradient":""}},"ast-content-background-meta":{"desktop":{"background-color":"var(--ast-global-color-5)","background-image":"","background-repeat":"repeat","background-position":"center center","background-size":"auto","background-attachment":"scroll","background-type":"","background-media":"","overlay-type":"","overlay-color":"","overlay-opacity":"","overlay-gradient":""},"tablet":{"background-color":"var(--ast-global-color-5)","background-image":"","background-repeat":"repeat","background-position":"center center","background-size":"auto","background-attachment":"scroll","background-type":"","background-media":"","overlay-type":"","overlay-color":"","overlay-opacity":"","overlay-gradient":""},"mobile":{"background-color":"var(--ast-global-color-5)","background-image":"","background-repeat":"repeat","background-position":"center center","background-size":"auto","background-attachment":"scroll","background-type":"","background-media":"","overlay-type":"","overlay-color":"","overlay-opacity":"","overlay-gradient":""}}},"pwb-brand":[332],"product_brand":[],"product_cat":[419,898,865],"product_tag":[],"class_list":{"0":"post-6072","1":"product","2":"type-product","3":"status-publish","4":"has-post-thumbnail","6":"pwb-brand-victron","7":"product_cat-cargadores-de-baterias","8":"product_cat-12v-12v","9":"product_cat-convertidores","10":"desktop-align-left","11":"tablet-align-left","12":"mobile-align-left","13":"ast-product-gallery-layout-horizontal-slider","14":"ast-product-tabs-layout-horizontal","16":"first","17":"instock","18":"taxable","19":"shipping-taxable","20":"purchasable","21":"product-type-simple"},"wcpa_form_fields":null,"brands":[{"id":332,"name":"Victron Energia","slug":"victron"}],"_links":{"self":[{"href":"https:\/\/fvcomponentes.com\/pt\/wp-json\/wp\/v2\/product\/6072","targetHints":{"allow":["GET"]}}],"collection":[{"href":"https:\/\/fvcomponentes.com\/pt\/wp-json\/wp\/v2\/product"}],"about":[{"href":"https:\/\/fvcomponentes.com\/pt\/wp-json\/wp\/v2\/types\/product"}],"replies":[{"embeddable":true,"href":"https:\/\/fvcomponentes.com\/pt\/wp-json\/wp\/v2\/comments?post=6072"}],"wp:featuredmedia":[{"embeddable":true,"href":"https:\/\/fvcomponentes.com\/pt\/wp-json\/wp\/v2\/media\/6076"}],"wp:attachment":[{"href":"https:\/\/fvcomponentes.com\/pt\/wp-json\/wp\/v2\/media?parent=6072"}],"wp:term":[{"taxonomy":"pwb-brand","embeddable":true,"href":"https:\/\/fvcomponentes.com\/pt\/wp-json\/wp\/v2\/pwb-brand?post=6072"},{"taxonomy":"product_brand","embeddable":true,"href":"https:\/\/fvcomponentes.com\/pt\/wp-json\/wp\/v2\/product_brand?post=6072"},{"taxonomy":"product_cat","embeddable":true,"href":"https:\/\/fvcomponentes.com\/pt\/wp-json\/wp\/v2\/product_cat?post=6072"},{"taxonomy":"product_tag","embeddable":true,"href":"https:\/\/fvcomponentes.com\/pt\/wp-json\/wp\/v2\/product_tag?post=6072"}],"curies":[{"name":"wp","href":"https:\/\/api.w.org\/{rel}","templated":true}]}}