{"id":6059,"date":"2023-07-10T18:26:11","date_gmt":"2023-07-10T16:26:11","guid":{"rendered":"https:\/\/fvcomponentes.com\/?post_type=product&#038;p=6059"},"modified":"2026-01-15T10:08:37","modified_gmt":"2026-01-15T09:08:37","slug":"victron-orion-tr-smart-24-24-17a-dc-dc-conversor-isolado-ori242440120","status":"publish","type":"product","link":"https:\/\/fvcomponentes.com\/pt\/producto\/convertidor-victron-orion-tr-smart-24-24-17a-dc-dc-aislado-ori242440120\/","title":{"rendered":"Conversor de refor\u00e7o isolado Victron Orion-Tr Smart 24\/24-17A DC-DC - ORI242440120"},"content":{"rendered":"<p>Cada um dos conversores inteligentes Orion-Tr pode ser monitorizado e programado atrav\u00e9s de Bluetooth e pode ser controlado remotamente atrav\u00e9s de um interrutor remoto para ligar\/desligar.<\/p>\n<p>O conversor isolado Victron Orion-Tr Smart 24\/24-17A DC-DC - ORI242440120 pode ser utilizado em sistemas de 12V ou 24V e \u00e9 adequado tanto para baterias de chumbo-\u00e1cido como de l\u00edtio.<\/p>\n<p>Est\u00e3o dispon\u00edveis modelos at\u00e9 400 W e pode ser ligado um n\u00famero ilimitado de unidades em paralelo para aumentar a pot\u00eancia.<\/p>\n<p>Concebida para funcionar a temperaturas elevadas at\u00e9 55\u00b0C, com pot\u00eancia m\u00e1xima at\u00e9 40\u00b0C.<\/p>\n<h2>Bluetooth Smart ativado<\/h2>\n<p>Qualquer smartphone, tablet ou outro dispositivo com Bluetooth pode ser utilizado para monitorizar, alterar defini\u00e7\u00f5es e atualizar o conversor quando estiverem dispon\u00edveis novas funcionalidades de software.<\/p>\n<h2>Totalmente program\u00e1vel<\/h2>\n<p>- Algoritmo de carregamento da bateria (configur\u00e1vel) ou sa\u00edda fixa.<br \/>\n- Compatibilidade inteligente do alternador: mecanismo de dete\u00e7\u00e3o do funcionamento do motor.<\/p>\n<h2>Algoritmo de carregamento adaptativo em 3 fases: carregamento inicial - absor\u00e7\u00e3o - flutua\u00e7\u00e3o<\/h2>\n<ul>\n<li>No caso das baterias de chumbo-\u00e1cido, \u00e9 importante que, se as descargas forem ligeiras, o tempo de absor\u00e7\u00e3o seja curto para evitar sobrecarregar a bateria. Ap\u00f3s uma descarga profunda, o tempo de carga de absor\u00e7\u00e3o \u00e9 automaticamente aumentado para garantir uma recarga completa da bateria.<\/li>\n<li>No caso das pilhas de l\u00edtio, o tempo de absor\u00e7\u00e3o \u00e9 fixo: 2 horas por defeito.<\/li>\n<li>Em alternativa, pode ser escolhida uma tens\u00e3o de sa\u00edda fixa.<\/li>\n<\/ul>\n<h2>Adequado para utiliza\u00e7\u00e3o em ve\u00edculos com um alternador inteligente (motores Euro 5 e Euro 6)<\/h2>\n<p>A dete\u00e7\u00e3o de paragem do motor integrada p\u00e1ra o inversor quando o motor n\u00e3o est\u00e1 a funcionar.<br \/>\nIsto evita que a bateria de arranque se descarregue (ver manual para mais pormenores).<\/p>\n<h2>Controlo remoto On\/Off<\/h2>\n<p>Pode ser ligado um interrutor On\/Off remoto a um conetor bif\u00e1sico.<br \/>\nEm alternativa, o terminal H (direito) do conetor bif\u00e1sico pode ser comutado para o positivo da bateria, ou o terminal L (esquerdo) do conetor bif\u00e1sico pode ser comutado para o negativo da bateria (ou para o chassis do ve\u00edculo, por exemplo).<\/p>\n<h2>Todos os modelos s\u00e3o \u00e0 prova de curto-circuito e podem ser ligados em paralelo para aumentar a corrente de sa\u00edda.<\/h2>\n<p>Pode ser ligado em paralelo um n\u00famero ilimitado de unidades.<\/p>\n<h2>Prote\u00e7\u00e3o contra temperaturas elevadas:<\/h2>\n<p>A corrente de sa\u00edda ser\u00e1 reduzida quando a temperatura ambiente for elevada.<\/p>\n<h2>Prote\u00e7\u00e3o IP43<\/h2>\n<p>Se for instalado com os terminais de parafuso virados para baixo.<\/p>\n<h2>Terminais de parafuso<\/h2>\n<p>N\u00e3o s\u00e3o necess\u00e1rias ferramentas especiais para a instala\u00e7\u00e3o<\/p>\n<h2>Fus\u00edvel de entrada (n\u00e3o substitu\u00edvel)<\/h2>\n<p><img fetchpriority=\"high\" decoding=\"async\" class=\"alignnone wp-image-6042\" src=\"https:\/\/fvcomponentes.com\/wp-content\/uploads\/2023\/03\/Captura-5.png\" alt=\"Carregador isolado Victron Orion-Tr Smart 12\/12-30A DC-DC - ORI121236140\" width=\"446\" height=\"307\" title=\"\"><\/p>\n<h2>Ficha t\u00e9cnica Conversor isolado Victron Orion-Tr Smart 24\/24-17A DC-DC - ORI242440120<\/h2>\n<p><a href=\"https:\/\/fvcomponentes.com\/wp-content\/uploads\/2023\/03\/Orion-Tr-Smart-DC-DC-chargers-isolated-250-400W-ES.pdf\" target=\"_blank\" rel=\"noopener\">Ficha t\u00e9cnica Conversor isolado Victron Orion-Tr Smart 24\/24-17A DC-DC - ORI242440120<\/a><\/p>","protected":false},"excerpt":{"rendered":"<ul>\n<li><span style=\"color: #99cc00\"><strong>Equipamento Bluetooth<\/strong><\/span><\/li>\n<li><strong>Carregador conversor<\/strong><\/li>\n<li><strong style=\"font-size: 16px\">Gama de tens\u00e3o de entrada:<\/strong><span style=\"font-size: 16px\"> 20-35 V<\/span><\/li>\n<li><strong style=\"font-size: 16px\">Subtens\u00e3o de desconex\u00e3o:<\/strong><span style=\"font-size: 16px\"> 14 V<\/span><\/li>\n<li><strong style=\"font-size: 16px\">Reposi\u00e7\u00e3o da subtens\u00e3o:<\/strong><span style=\"font-size: 16px\"> 15 V<\/span><\/li>\n<li><strong style=\"font-size: 16px\">Peso:<\/strong><span style=\"font-size: 16px\"> 1,6 kg<\/span><\/li>\n<li><strong style=\"font-size: 16px\">Dimens\u00f5es:<\/strong><span style=\"font-size: 16px\"> 130 x 186 x 70 mm<\/span><\/li>\n<\/ul>","protected":false},"featured_media":6063,"comment_status":"open","ping_status":"closed","template":"","meta":{"site-sidebar-layout":"default","site-content-layout":"default","ast-site-content-layout":"default","site-content-style":"default","site-sidebar-style":"default","ast-global-header-display":"","ast-banner-title-visibility":"","ast-main-header-display":"","ast-hfb-above-header-display":"","ast-hfb-below-header-display":"","ast-hfb-mobile-header-display":"","site-post-title":"","ast-breadcrumbs-content":"","ast-featured-img":"","footer-sml-layout":"","ast-disable-related-posts":"","theme-transparent-header-meta":"default","adv-header-id-meta":"","stick-header-meta":"","header-above-stick-meta":"","header-main-stick-meta":"","header-below-stick-meta":"","astra-migrate-meta-layouts":"set","ast-page-background-enabled":"default","ast-page-background-meta":{"desktop":{"background-color":"var(--ast-global-color-4)","background-image":"","background-repeat":"repeat","background-position":"center center","background-size":"auto","background-attachment":"scroll","background-type":"","background-media":"","overlay-type":"","overlay-color":"","overlay-opacity":"","overlay-gradient":""},"tablet":{"background-color":"","background-image":"","background-repeat":"repeat","background-position":"center center","background-size":"auto","background-attachment":"scroll","background-type":"","background-media":"","overlay-type":"","overlay-color":"","overlay-opacity":"","overlay-gradient":""},"mobile":{"background-color":"","background-image":"","background-repeat":"repeat","background-position":"center center","background-size":"auto","background-attachment":"scroll","background-type":"","background-media":"","overlay-type":"","overlay-color":"","overlay-opacity":"","overlay-gradient":""}},"ast-content-background-meta":{"desktop":{"background-color":"var(--ast-global-color-5)","background-image":"","background-repeat":"repeat","background-position":"center center","background-size":"auto","background-attachment":"scroll","background-type":"","background-media":"","overlay-type":"","overlay-color":"","overlay-opacity":"","overlay-gradient":""},"tablet":{"background-color":"var(--ast-global-color-5)","background-image":"","background-repeat":"repeat","background-position":"center center","background-size":"auto","background-attachment":"scroll","background-type":"","background-media":"","overlay-type":"","overlay-color":"","overlay-opacity":"","overlay-gradient":""},"mobile":{"background-color":"var(--ast-global-color-5)","background-image":"","background-repeat":"repeat","background-position":"center center","background-size":"auto","background-attachment":"scroll","background-type":"","background-media":"","overlay-type":"","overlay-color":"","overlay-opacity":"","overlay-gradient":""}}},"pwb-brand":[332],"product_brand":[],"product_cat":[419,900,865],"product_tag":[],"class_list":{"0":"post-6059","1":"product","2":"type-product","3":"status-publish","4":"has-post-thumbnail","6":"pwb-brand-victron","7":"product_cat-cargadores-de-baterias","8":"product_cat-24v-24v","9":"product_cat-convertidores","10":"desktop-align-left","11":"tablet-align-left","12":"mobile-align-left","13":"ast-product-gallery-layout-horizontal-slider","14":"ast-product-tabs-layout-horizontal","16":"first","17":"instock","18":"taxable","19":"shipping-taxable","20":"purchasable","21":"product-type-simple"},"wcpa_form_fields":null,"brands":[{"id":332,"name":"Victron Energia","slug":"victron"}],"_links":{"self":[{"href":"https:\/\/fvcomponentes.com\/pt\/wp-json\/wp\/v2\/product\/6059","targetHints":{"allow":["GET"]}}],"collection":[{"href":"https:\/\/fvcomponentes.com\/pt\/wp-json\/wp\/v2\/product"}],"about":[{"href":"https:\/\/fvcomponentes.com\/pt\/wp-json\/wp\/v2\/types\/product"}],"replies":[{"embeddable":true,"href":"https:\/\/fvcomponentes.com\/pt\/wp-json\/wp\/v2\/comments?post=6059"}],"wp:featuredmedia":[{"embeddable":true,"href":"https:\/\/fvcomponentes.com\/pt\/wp-json\/wp\/v2\/media\/6063"}],"wp:attachment":[{"href":"https:\/\/fvcomponentes.com\/pt\/wp-json\/wp\/v2\/media?parent=6059"}],"wp:term":[{"taxonomy":"pwb-brand","embeddable":true,"href":"https:\/\/fvcomponentes.com\/pt\/wp-json\/wp\/v2\/pwb-brand?post=6059"},{"taxonomy":"product_brand","embeddable":true,"href":"https:\/\/fvcomponentes.com\/pt\/wp-json\/wp\/v2\/product_brand?post=6059"},{"taxonomy":"product_cat","embeddable":true,"href":"https:\/\/fvcomponentes.com\/pt\/wp-json\/wp\/v2\/product_cat?post=6059"},{"taxonomy":"product_tag","embeddable":true,"href":"https:\/\/fvcomponentes.com\/pt\/wp-json\/wp\/v2\/product_tag?post=6059"}],"curies":[{"name":"wp","href":"https:\/\/api.w.org\/{rel}","templated":true}]}}