{"id":6041,"date":"2023-04-13T12:00:39","date_gmt":"2023-04-13T10:00:39","guid":{"rendered":"https:\/\/fvcomponentes.com\/?post_type=product&#038;p=6041"},"modified":"2026-04-08T21:33:37","modified_gmt":"2026-04-08T19:33:37","slug":"victron-orion-tr-smart-12-12-30a-dc-dc-conversor-nao-isolado-ori121236140","status":"publish","type":"product","link":"https:\/\/fvcomponentes.com\/pt\/producto\/convertidor-victron-orion-tr-smart-12-12-30a-dc-dc-no-aislado-ori121236140\/","title":{"rendered":"Conversor de refor\u00e7o Victron Orion-Tr Smart 12\/12-30A DC-DC n\u00e3o isolado - ORI121236140"},"content":{"rendered":"<h2>Bluetooth inteligente integrado<\/h2>\n<p>Qualquer smartphone, tablet ou outro dispositivo com Bluetooth pode ser utilizado para monitorizar, alterar as defini\u00e7\u00f5es e atualizar o Conversor quando estiverem dispon\u00edveis novas funcionalidades de software.<\/p>\n<h2>Totalmente program\u00e1vel<\/h2>\n<p>- Algoritmo de carregamento da bateria (configur\u00e1vel) ou sa\u00edda fixa.<br \/>\n- Compatibilidade inteligente do alternador: mecanismo de dete\u00e7\u00e3o do funcionamento do motor.<\/p>\n<h2>Algoritmo de carregamento adaptativo em 3 fases: carregamento inicial - absor\u00e7\u00e3o - flutua\u00e7\u00e3o<\/h2>\n<p>- No caso das baterias de chumbo-\u00e1cido, \u00e9 importante que, se as descargas forem ligeiras, o tempo de absor\u00e7\u00e3o seja curto para evitar sobrecarregar a bateria. Ap\u00f3s uma descarga profunda, o tempo de carga de absor\u00e7\u00e3o \u00e9 automaticamente aumentado para garantir uma recarga completa da bateria.<br \/>\n- No caso das pilhas de l\u00edtio, o tempo de absor\u00e7\u00e3o \u00e9 fixo: 2 horas por defeito.<br \/>\n- Em alternativa, pode ser escolhida uma tens\u00e3o de sa\u00edda fixa.<\/p>\n<h2>Controlo remoto On\/Off<\/h2>\n<p>Pode ser ligado um interrutor On\/Off remoto a um conetor bif\u00e1sico.<br \/>\nEm alternativa, o terminal H (direito) do conetor bif\u00e1sico pode ser comutado para o positivo da bateria, ou o terminal L (esquerdo) do conetor bif\u00e1sico pode ser comutado para o negativo da bateria (ou para o chassis do ve\u00edculo, por exemplo).<\/p>\n<h2>Todos os modelos s\u00e3o \u00e0 prova de curto-circuito e podem ser ligados em paralelo para aumentar a corrente de sa\u00edda.<\/h2>\n<p>Pode ser ligado em paralelo um n\u00famero ilimitado de unidades.<\/p>\n<h2>Prote\u00e7\u00e3o contra temperaturas elevadas:<\/h2>\n<p>A corrente de sa\u00edda ser\u00e1 reduzida quando a temperatura ambiente for elevada.<\/p>\n<h2>Prote\u00e7\u00e3o IP43<\/h2>\n<p>Se for instalado com os terminais de parafuso virados para baixo.<\/p>\n<h2>Terminais de parafuso<\/h2>\n<p>N\u00e3o s\u00e3o necess\u00e1rias ferramentas especiais para a instala\u00e7\u00e3o<\/p>\n<h2>Fus\u00edvel de entrada (n\u00e3o substitu\u00edvel)<\/h2>\n<p><img fetchpriority=\"high\" decoding=\"async\" class=\"wp-image-6042 aligncenter\" src=\"https:\/\/fvcomponentes.com\/wp-content\/uploads\/2023\/03\/Captura-5.png\" alt=\"Carregador isolado Victron Orion-Tr Smart 12\/12-30A DC-DC - ORI121236140\" width=\"446\" height=\"307\" title=\"\"><\/p>\n<h2>Ficha t\u00e9cnica Conversor CC-CC Victron Orion-Tr Smart 12\/12-30A sem isolamento - ORI121236140<\/h2>\n<p><a href=\"https:\/\/fvcomponentes.com\/wp-content\/uploads\/2023\/04\/Datasheet-Orion-Tr-Smart-DC-DC-chargers-non-isolated-360-400W-ES.pdf\" target=\"_blank\" rel=\"noopener\">Ver ficha t\u00e9cnica do conversor CC-CC isolado Victron Orion-Tr Smart 12\/12-30A - ORI121236140<\/a><\/p>\n<p>&nbsp;<\/p>","protected":false},"excerpt":{"rendered":"<ul>\n<li><span style=\"color: #99cc00;\"><strong>Equipamento Bluetooth<\/strong><\/span><\/li>\n<li><strong>Carregador conversor<\/strong><\/li>\n<li><strong style=\"font-size: 16px;\">Gama de tens\u00e3o de entrada:<\/strong><span style=\"font-size: 16px;\"> 10-17 V<\/span><\/li>\n<li><strong style=\"font-size: 16px;\">Subtens\u00e3o de desconex\u00e3o:<\/strong><span style=\"font-size: 16px;\"> 7 V<\/span><\/li>\n<li><strong style=\"font-size: 16px;\">Reposi\u00e7\u00e3o da subtens\u00e3o:<\/strong><span style=\"font-size: 16px;\"> 7,5 V<\/span><\/li>\n<li><strong style=\"font-size: 16px;\">Tens\u00e3o nominal de sa\u00edda: <\/strong><span style=\"font-size: 16px;\">12,2 V<\/span><\/li>\n<\/ul>\n<p>&nbsp;<\/p>","protected":false},"featured_media":7044,"comment_status":"open","ping_status":"closed","template":"","meta":{"site-sidebar-layout":"default","site-content-layout":"default","ast-site-content-layout":"default","site-content-style":"default","site-sidebar-style":"default","ast-global-header-display":"","ast-banner-title-visibility":"","ast-main-header-display":"","ast-hfb-above-header-display":"","ast-hfb-below-header-display":"","ast-hfb-mobile-header-display":"","site-post-title":"","ast-breadcrumbs-content":"","ast-featured-img":"","footer-sml-layout":"","ast-disable-related-posts":"","theme-transparent-header-meta":"default","adv-header-id-meta":"","stick-header-meta":"","header-above-stick-meta":"","header-main-stick-meta":"","header-below-stick-meta":"","astra-migrate-meta-layouts":"set","ast-page-background-enabled":"default","ast-page-background-meta":{"desktop":{"background-color":"var(--ast-global-color-4)","background-image":"","background-repeat":"repeat","background-position":"center center","background-size":"auto","background-attachment":"scroll","background-type":"","background-media":"","overlay-type":"","overlay-color":"","overlay-opacity":"","overlay-gradient":""},"tablet":{"background-color":"","background-image":"","background-repeat":"repeat","background-position":"center center","background-size":"auto","background-attachment":"scroll","background-type":"","background-media":"","overlay-type":"","overlay-color":"","overlay-opacity":"","overlay-gradient":""},"mobile":{"background-color":"","background-image":"","background-repeat":"repeat","background-position":"center center","background-size":"auto","background-attachment":"scroll","background-type":"","background-media":"","overlay-type":"","overlay-color":"","overlay-opacity":"","overlay-gradient":""}},"ast-content-background-meta":{"desktop":{"background-color":"var(--ast-global-color-5)","background-image":"","background-repeat":"repeat","background-position":"center center","background-size":"auto","background-attachment":"scroll","background-type":"","background-media":"","overlay-type":"","overlay-color":"","overlay-opacity":"","overlay-gradient":""},"tablet":{"background-color":"var(--ast-global-color-5)","background-image":"","background-repeat":"repeat","background-position":"center center","background-size":"auto","background-attachment":"scroll","background-type":"","background-media":"","overlay-type":"","overlay-color":"","overlay-opacity":"","overlay-gradient":""},"mobile":{"background-color":"var(--ast-global-color-5)","background-image":"","background-repeat":"repeat","background-position":"center center","background-size":"auto","background-attachment":"scroll","background-type":"","background-media":"","overlay-type":"","overlay-color":"","overlay-opacity":"","overlay-gradient":""}}},"pwb-brand":[332],"product_brand":[],"product_cat":[419,898,865],"product_tag":[],"class_list":{"0":"post-6041","1":"product","2":"type-product","3":"status-publish","4":"has-post-thumbnail","6":"pwb-brand-victron","7":"product_cat-cargadores-de-baterias","8":"product_cat-12v-12v","9":"product_cat-convertidores","10":"desktop-align-left","11":"tablet-align-left","12":"mobile-align-left","13":"ast-product-gallery-layout-horizontal-slider","14":"ast-product-tabs-layout-horizontal","16":"first","17":"instock","18":"taxable","19":"shipping-taxable","20":"purchasable","21":"product-type-simple"},"wcpa_form_fields":null,"brands":[{"id":332,"name":"Victron Energia","slug":"victron"}],"_links":{"self":[{"href":"https:\/\/fvcomponentes.com\/pt\/wp-json\/wp\/v2\/product\/6041","targetHints":{"allow":["GET"]}}],"collection":[{"href":"https:\/\/fvcomponentes.com\/pt\/wp-json\/wp\/v2\/product"}],"about":[{"href":"https:\/\/fvcomponentes.com\/pt\/wp-json\/wp\/v2\/types\/product"}],"replies":[{"embeddable":true,"href":"https:\/\/fvcomponentes.com\/pt\/wp-json\/wp\/v2\/comments?post=6041"}],"wp:featuredmedia":[{"embeddable":true,"href":"https:\/\/fvcomponentes.com\/pt\/wp-json\/wp\/v2\/media\/7044"}],"wp:attachment":[{"href":"https:\/\/fvcomponentes.com\/pt\/wp-json\/wp\/v2\/media?parent=6041"}],"wp:term":[{"taxonomy":"pwb-brand","embeddable":true,"href":"https:\/\/fvcomponentes.com\/pt\/wp-json\/wp\/v2\/pwb-brand?post=6041"},{"taxonomy":"product_brand","embeddable":true,"href":"https:\/\/fvcomponentes.com\/pt\/wp-json\/wp\/v2\/product_brand?post=6041"},{"taxonomy":"product_cat","embeddable":true,"href":"https:\/\/fvcomponentes.com\/pt\/wp-json\/wp\/v2\/product_cat?post=6041"},{"taxonomy":"product_tag","embeddable":true,"href":"https:\/\/fvcomponentes.com\/pt\/wp-json\/wp\/v2\/product_tag?post=6041"}],"curies":[{"name":"wp","href":"https:\/\/api.w.org\/{rel}","templated":true}]}}