{"id":6014,"date":"2024-01-19T19:29:33","date_gmt":"2024-01-19T18:29:33","guid":{"rendered":"https:\/\/fvcomponentes.com\/?post_type=product&#038;p=6014"},"modified":"2026-01-15T10:10:50","modified_gmt":"2026-01-15T09:10:50","slug":"conversor-victron-dc-buck-boost-50-para-ori303050000-victron-dc-buck-boost-50-para-ori303050000","status":"publish","type":"product","link":"https:\/\/fvcomponentes.com\/pt\/producto\/convertidor-victron-cc-cc-buck-boost-50-a-ori303050000\/","title":{"rendered":"Conversor CC-CC Buck-Boost 50 A da Victron - ORI303050000"},"content":{"rendered":"<h2>Conversor DC-DC para carregar baterias auxiliares de 12V ou 24V em ve\u00edculos com alternador<br \/>\ninteligente (travagem regenerativa, motores Euro 5 e Euro 6)<\/h2>\n<p>O conversor Buck-Boost DC-DC \u00e9 um conversor para carregar baterias auxiliares de 12V ou 24V em ve\u00edculos com um alternador inteligente. O conversor carrega a bateria auxiliar com uma tens\u00e3o pr\u00e9-definida, o que elimina tens\u00f5es elevadas (por exemplo, Mercedes: 15,4V) ou baixas.<\/p>\n<h2>Sistema de dete\u00e7\u00e3o de \"motor a trabalhar<\/h2>\n<p>O sistema integrado de dete\u00e7\u00e3o de \"motor em funcionamento\" evita a descarga profunda da bateria de arranque do ve\u00edculo. Para al\u00e9m deste sistema de dete\u00e7\u00e3o, o conversor pode tamb\u00e9m ser ativado atrav\u00e9s de uma entrada program\u00e1vel (liga\u00e7\u00e3o D+, bus CAN ou (+)15).<\/p>\n<h2>Totalmente program\u00e1vel<\/h2>\n<p>O conversor pode ser totalmente programado atrav\u00e9s de uma aplica\u00e7\u00e3o para PC simples e f\u00e1cil de utilizar (\u00e9 necess\u00e1rio um cabo USB tipo A macho para USB tipo B macho).<\/p>\n<h2>Um produto para sistemas de 12V, 24V e 12\/24V<\/h2>\n<p>O conversor pode ser programado para carregar baterias auxiliares de 12V ou 24V a partir de um alternador e de uma bateria de arranque de 12V ou 24V.<\/p>\n<h2>Limitador de corrente de carga e de corrente de irrup\u00e7\u00e3o<\/h2>\n<p>A corrente de sa\u00edda \u00e9 determinada pelos seguintes factores:<\/p>\n<ul>\n<li>O valor da corrente de carga m\u00e1xima.<\/li>\n<li>O valor da corrente de entrada m\u00e1xima.<\/li>\n<li>O limite m\u00e1ximo de temperatura de funcionamento do conversor.<\/li>\n<\/ul>\n<h2>Indicador do estado da entrada (LED)<\/h2>\n<ul>\n<li>Verde: conversor ligado.<\/li>\n<li>Amarelo: tens\u00e3o de entrada inferior ao limiar, conversor desligado.<\/li>\n<li>Vermelho: temperatura excessiva, conversor desligado.<\/li>\n<li>Azul, a piscar rapidamente: motor em funcionamento, o acionamento arranca ap\u00f3s um tempo de atraso predefinido.<\/li>\n<li>Azul, a piscar lentamente: subtens\u00e3o de entrada, conversor desligado.<\/li>\n<\/ul>\n<h2>Indicador do estado da sa\u00edda (LED)<\/h2>\n<ul>\n<li>Verde: conversor desligado, tens\u00e3o da bateria normal.<\/li>\n<li>Amarelo: conversor desligado, tens\u00e3o da bateria baixa.<\/li>\n<li>Vermelho: conversor desligado, bateria descarregada.<\/li>\n<\/ul>\n<h2>Folha de dados do conversor <a href=\"https:\/\/www.victronenergy.com.es\/\" target=\"_blank\" rel=\"noopener\">Victron<\/a> Refor\u00e7o Buck-Boost DC-DC 50 A - ORI303050000<\/h2>\n<p><a href=\"https:\/\/fvcomponentes.com\/wp-content\/uploads\/2023\/03\/Ori-convertidor-victron-ES.pdf\" target=\"_blank\" rel=\"noopener\">Ficha t\u00e9cnica Victron DC-DC Buck-Boost 50 A - ORI303050000<\/a><\/p>","protected":false},"excerpt":{"rendered":"<p><strong>Gama de tens\u00e3o de entrada:<\/strong> 10-30V<br \/>\n<strong>Limiar de subtens\u00e3o:<\/strong> 10V<br \/>\n<strong>Conversor desligado, LEDs desligados:<\/strong> 7 mA<br \/>\n<strong>Peso:<\/strong> 1,4 kg<br \/>\n<strong>Dimens\u00f5es:<\/strong> 213 x 120 x 30 mm<\/p>","protected":false},"featured_media":6015,"comment_status":"open","ping_status":"closed","template":"","meta":{"site-sidebar-layout":"default","site-content-layout":"default","ast-site-content-layout":"default","site-content-style":"default","site-sidebar-style":"default","ast-global-header-display":"","ast-banner-title-visibility":"","ast-main-header-display":"","ast-hfb-above-header-display":"","ast-hfb-below-header-display":"","ast-hfb-mobile-header-display":"","site-post-title":"","ast-breadcrumbs-content":"","ast-featured-img":"","footer-sml-layout":"","ast-disable-related-posts":"","theme-transparent-header-meta":"default","adv-header-id-meta":"","stick-header-meta":"","header-above-stick-meta":"","header-main-stick-meta":"","header-below-stick-meta":"","astra-migrate-meta-layouts":"set","ast-page-background-enabled":"default","ast-page-background-meta":{"desktop":{"background-color":"var(--ast-global-color-4)","background-image":"","background-repeat":"repeat","background-position":"center center","background-size":"auto","background-attachment":"scroll","background-type":"","background-media":"","overlay-type":"","overlay-color":"","overlay-opacity":"","overlay-gradient":""},"tablet":{"background-color":"","background-image":"","background-repeat":"repeat","background-position":"center center","background-size":"auto","background-attachment":"scroll","background-type":"","background-media":"","overlay-type":"","overlay-color":"","overlay-opacity":"","overlay-gradient":""},"mobile":{"background-color":"","background-image":"","background-repeat":"repeat","background-position":"center center","background-size":"auto","background-attachment":"scroll","background-type":"","background-media":"","overlay-type":"","overlay-color":"","overlay-opacity":"","overlay-gradient":""}},"ast-content-background-meta":{"desktop":{"background-color":"var(--ast-global-color-5)","background-image":"","background-repeat":"repeat","background-position":"center center","background-size":"auto","background-attachment":"scroll","background-type":"","background-media":"","overlay-type":"","overlay-color":"","overlay-opacity":"","overlay-gradient":""},"tablet":{"background-color":"var(--ast-global-color-5)","background-image":"","background-repeat":"repeat","background-position":"center center","background-size":"auto","background-attachment":"scroll","background-type":"","background-media":"","overlay-type":"","overlay-color":"","overlay-opacity":"","overlay-gradient":""},"mobile":{"background-color":"var(--ast-global-color-5)","background-image":"","background-repeat":"repeat","background-position":"center center","background-size":"auto","background-attachment":"scroll","background-type":"","background-media":"","overlay-type":"","overlay-color":"","overlay-opacity":"","overlay-gradient":""}}},"pwb-brand":[332],"product_brand":[],"product_cat":[865,898,899,901,900],"product_tag":[],"class_list":{"0":"post-6014","1":"product","2":"type-product","3":"status-publish","4":"has-post-thumbnail","6":"pwb-brand-victron","7":"product_cat-convertidores","8":"product_cat-12v-12v","9":"product_cat-12v-24v","10":"product_cat-24v-12v","11":"product_cat-24v-24v","12":"desktop-align-left","13":"tablet-align-left","14":"mobile-align-left","15":"ast-product-gallery-layout-horizontal-slider","16":"ast-product-tabs-layout-horizontal","18":"first","19":"instock","20":"taxable","21":"shipping-taxable","22":"purchasable","23":"product-type-simple"},"wcpa_form_fields":null,"brands":[{"id":332,"name":"Victron Energia","slug":"victron"}],"_links":{"self":[{"href":"https:\/\/fvcomponentes.com\/pt\/wp-json\/wp\/v2\/product\/6014","targetHints":{"allow":["GET"]}}],"collection":[{"href":"https:\/\/fvcomponentes.com\/pt\/wp-json\/wp\/v2\/product"}],"about":[{"href":"https:\/\/fvcomponentes.com\/pt\/wp-json\/wp\/v2\/types\/product"}],"replies":[{"embeddable":true,"href":"https:\/\/fvcomponentes.com\/pt\/wp-json\/wp\/v2\/comments?post=6014"}],"wp:featuredmedia":[{"embeddable":true,"href":"https:\/\/fvcomponentes.com\/pt\/wp-json\/wp\/v2\/media\/6015"}],"wp:attachment":[{"href":"https:\/\/fvcomponentes.com\/pt\/wp-json\/wp\/v2\/media?parent=6014"}],"wp:term":[{"taxonomy":"pwb-brand","embeddable":true,"href":"https:\/\/fvcomponentes.com\/pt\/wp-json\/wp\/v2\/pwb-brand?post=6014"},{"taxonomy":"product_brand","embeddable":true,"href":"https:\/\/fvcomponentes.com\/pt\/wp-json\/wp\/v2\/product_brand?post=6014"},{"taxonomy":"product_cat","embeddable":true,"href":"https:\/\/fvcomponentes.com\/pt\/wp-json\/wp\/v2\/product_cat?post=6014"},{"taxonomy":"product_tag","embeddable":true,"href":"https:\/\/fvcomponentes.com\/pt\/wp-json\/wp\/v2\/product_tag?post=6014"}],"curies":[{"name":"wp","href":"https:\/\/api.w.org\/{rel}","templated":true}]}}