{"id":6009,"date":"2023-10-23T16:59:53","date_gmt":"2023-10-23T14:59:53","guid":{"rendered":"https:\/\/fvcomponentes.com\/?post_type=product&#038;p=6009"},"modified":"2026-04-04T12:50:38","modified_gmt":"2026-04-04T10:50:38","slug":"victron-conversor-dc-dc-buck-boost-25-a-ori303025000","status":"publish","type":"product","link":"https:\/\/fvcomponentes.com\/pt\/producto\/convertidor-victron-cc-cc-buck-boost-25-a-ori303025000\/","title":{"rendered":"Conversor Buck-Boost DC-DC Victron 25 A - ORI303025000"},"content":{"rendered":"<h2>Conversor Buck-Boost DC-DC Victron 25 A - ORI303025000<\/h2>\n<div>Conversor CC-CC para carregar uma bateria de servi\u00e7o de 12\/24V em ve\u00edculos com d\u00ednamo inteligente.<\/div>\n<div>O conversor CC-CC Buck-Boost 50A \u00e9 um conversor CC-CC para carregar uma bateria de servi\u00e7o de 12\/24V em ve\u00edculos com um d\u00ednamo inteligente. Quando o motor est\u00e1 em funcionamento, estes d\u00ednamos (alimentados pela eletr\u00f3nica de bordo dos motores Euro 5 e 6) nem sempre fornecem a corrente de carga correcta, pelo que um conversor DC-DC \u00e9 essencial para carregar corretamente a bateria de servi\u00e7o.<\/div>\n<div><\/div>\n<div><strong>A descarga profunda da bateria de arranque do ve\u00edculo \u00e9 evitada por um sistema integrado de dete\u00e7\u00e3o de \"motor em funcionamento\".<\/strong><\/div>\n<div>Em vez deste sistema de dete\u00e7\u00e3o, o inversor tamb\u00e9m pode ser ativado atrav\u00e9s de uma entrada program\u00e1vel (D+, bus CAN ou liga\u00e7\u00e3o (+)15).<\/div>\n<div><\/div>\n<div><strong>\u00a0Totalmente program\u00e1vel<\/strong><\/div>\n<div>O conversor pode ser totalmente programado atrav\u00e9s de uma aplica\u00e7\u00e3o para PC simples e f\u00e1cil de utilizar (\u00e9 necess\u00e1rio um cabo USB tipo A macho para USB tipo B macho).<\/div>\n<div><\/div>\n<div><strong>\u00a0Um produto para sistemas de 12V, 24V e 12\/24V<\/strong><\/div>\n<div>O conversor pode ser programado para carregar uma bateria auxiliar de 12V ou 24V a partir de um alternador e uma bateria de arranque de 12V ou 24V.<\/div>\n<div><\/div>\n<div><strong>\u00a0Limitador de corrente de carga e de corrente de irrup\u00e7\u00e3o<\/strong><\/div>\n<div>A corrente de sa\u00edda \u00e9 determinada pelos seguintes factores:<\/div>\n<ul>\n<li>A defini\u00e7\u00e3o da corrente de carga m\u00e1xima<\/li>\n<li>A defini\u00e7\u00e3o da corrente de entrada m\u00e1xima<\/li>\n<li>O limite m\u00e1ximo de temperatura de funcionamento do conversor<\/li>\n<\/ul>\n<h2>Ficha t\u00e9cnica Conversor Buck-Boost DC-DC Victron 25 A - ORI303025000<\/h2>\n<p><a href=\"https:\/\/fvcomponentes.com\/wp-content\/uploads\/2023\/03\/Ori-convertidor-victron-ES.pdf\" target=\"_blank\" rel=\"noopener\">Ficha t\u00e9cnica Conversor Buck-Boost DC-DC Victron 25 A - ORI303025000<\/a><\/p>","protected":false},"excerpt":{"rendered":"<p><strong>Gama de tens\u00e3o de entrada:<\/strong> 10-30V<br \/>\n<strong>Limiar de subtens\u00e3o:<\/strong> 10V<br \/>\n<strong>Conversor desligado, LEDs desligados:<\/strong> 7 mA<br \/>\n<strong>Peso:<\/strong> 0,6 kg<br \/>\n<strong>Dimens\u00f5es:<\/strong> 165 x 120 x 30mm<\/p>","protected":false},"featured_media":6011,"comment_status":"open","ping_status":"closed","template":"","meta":{"site-sidebar-layout":"default","site-content-layout":"default","ast-site-content-layout":"default","site-content-style":"default","site-sidebar-style":"default","ast-global-header-display":"","ast-banner-title-visibility":"","ast-main-header-display":"","ast-hfb-above-header-display":"","ast-hfb-below-header-display":"","ast-hfb-mobile-header-display":"","site-post-title":"","ast-breadcrumbs-content":"","ast-featured-img":"","footer-sml-layout":"","ast-disable-related-posts":"","theme-transparent-header-meta":"default","adv-header-id-meta":"","stick-header-meta":"","header-above-stick-meta":"","header-main-stick-meta":"","header-below-stick-meta":"","astra-migrate-meta-layouts":"set","ast-page-background-enabled":"default","ast-page-background-meta":{"desktop":{"background-color":"var(--ast-global-color-4)","background-image":"","background-repeat":"repeat","background-position":"center center","background-size":"auto","background-attachment":"scroll","background-type":"","background-media":"","overlay-type":"","overlay-color":"","overlay-opacity":"","overlay-gradient":""},"tablet":{"background-color":"","background-image":"","background-repeat":"repeat","background-position":"center center","background-size":"auto","background-attachment":"scroll","background-type":"","background-media":"","overlay-type":"","overlay-color":"","overlay-opacity":"","overlay-gradient":""},"mobile":{"background-color":"","background-image":"","background-repeat":"repeat","background-position":"center center","background-size":"auto","background-attachment":"scroll","background-type":"","background-media":"","overlay-type":"","overlay-color":"","overlay-opacity":"","overlay-gradient":""}},"ast-content-background-meta":{"desktop":{"background-color":"var(--ast-global-color-5)","background-image":"","background-repeat":"repeat","background-position":"center center","background-size":"auto","background-attachment":"scroll","background-type":"","background-media":"","overlay-type":"","overlay-color":"","overlay-opacity":"","overlay-gradient":""},"tablet":{"background-color":"var(--ast-global-color-5)","background-image":"","background-repeat":"repeat","background-position":"center center","background-size":"auto","background-attachment":"scroll","background-type":"","background-media":"","overlay-type":"","overlay-color":"","overlay-opacity":"","overlay-gradient":""},"mobile":{"background-color":"var(--ast-global-color-5)","background-image":"","background-repeat":"repeat","background-position":"center center","background-size":"auto","background-attachment":"scroll","background-type":"","background-media":"","overlay-type":"","overlay-color":"","overlay-opacity":"","overlay-gradient":""}}},"pwb-brand":[332],"product_brand":[],"product_cat":[865,898,899,901,900,419],"product_tag":[],"class_list":{"0":"post-6009","1":"product","2":"type-product","3":"status-publish","4":"has-post-thumbnail","6":"pwb-brand-victron","7":"product_cat-convertidores","8":"product_cat-12v-12v","9":"product_cat-12v-24v","10":"product_cat-24v-12v","11":"product_cat-24v-24v","12":"product_cat-cargadores-de-baterias","13":"desktop-align-left","14":"tablet-align-left","15":"mobile-align-left","16":"ast-product-gallery-layout-horizontal-slider","17":"ast-product-tabs-layout-horizontal","19":"first","20":"instock","21":"taxable","22":"shipping-taxable","23":"purchasable","24":"product-type-simple"},"wcpa_form_fields":null,"brands":[{"id":332,"name":"Victron Energia","slug":"victron"}],"_links":{"self":[{"href":"https:\/\/fvcomponentes.com\/pt\/wp-json\/wp\/v2\/product\/6009","targetHints":{"allow":["GET"]}}],"collection":[{"href":"https:\/\/fvcomponentes.com\/pt\/wp-json\/wp\/v2\/product"}],"about":[{"href":"https:\/\/fvcomponentes.com\/pt\/wp-json\/wp\/v2\/types\/product"}],"replies":[{"embeddable":true,"href":"https:\/\/fvcomponentes.com\/pt\/wp-json\/wp\/v2\/comments?post=6009"}],"wp:featuredmedia":[{"embeddable":true,"href":"https:\/\/fvcomponentes.com\/pt\/wp-json\/wp\/v2\/media\/6011"}],"wp:attachment":[{"href":"https:\/\/fvcomponentes.com\/pt\/wp-json\/wp\/v2\/media?parent=6009"}],"wp:term":[{"taxonomy":"pwb-brand","embeddable":true,"href":"https:\/\/fvcomponentes.com\/pt\/wp-json\/wp\/v2\/pwb-brand?post=6009"},{"taxonomy":"product_brand","embeddable":true,"href":"https:\/\/fvcomponentes.com\/pt\/wp-json\/wp\/v2\/product_brand?post=6009"},{"taxonomy":"product_cat","embeddable":true,"href":"https:\/\/fvcomponentes.com\/pt\/wp-json\/wp\/v2\/product_cat?post=6009"},{"taxonomy":"product_tag","embeddable":true,"href":"https:\/\/fvcomponentes.com\/pt\/wp-json\/wp\/v2\/product_tag?post=6009"}],"curies":[{"name":"wp","href":"https:\/\/api.w.org\/{rel}","templated":true}]}}