{"id":5996,"date":"2024-01-19T19:30:19","date_gmt":"2024-01-19T18:30:19","guid":{"rendered":"https:\/\/fvcomponentes.com\/?post_type=product&#038;p=5996"},"modified":"2026-04-08T21:29:56","modified_gmt":"2026-04-08T19:29:56","slug":"conversor-de-alta-potencia-nao-isolado-orion-victron-12-24-10-ori122410020","status":"publish","type":"product","link":"https:\/\/fvcomponentes.com\/pt\/producto\/convertidor-orion-victron-no-aislado-de-alta-potencia-12-24-10-ori122410020\/","title":{"rendered":"Conversor 12\/24-10 de alta pot\u00eancia n\u00e3o isolado Orion Victron - ORI122410020"},"content":{"rendered":"<p>O conversor Orion <a href=\"https:\/\/www.victronenergy.com.es\/\" target=\"_blank\" rel=\"noopener\">Victron<\/a> O conversor de alta pot\u00eancia n\u00e3o isolado 12\/24-10 \u00e9 um dispositivo concebido para converter a tens\u00e3o de entrada de 12 volts (V) para 24 V ou vice-versa, com uma corrente nominal de sa\u00edda de 10 amperes (A). Este tipo de conversor \u00e9 \u00fatil numa variedade de aplica\u00e7\u00f5es em que \u00e9 necess\u00e1rio fazer corresponder a tens\u00e3o de alimenta\u00e7\u00e3o aos requisitos.<\/p>\n<h2>Conector remoto on-off<\/h2>\n<ul>\n<li>A liga\u00e7\u00e3o e desativa\u00e7\u00e3o remotas eliminam a necessidade de um interrutor de alta pot\u00eancia na cablagem de entrada.<\/li>\n<li>O controlo remoto de ligar\/desligar pode ser acionado por um interrutor de baixa pot\u00eancia ou pelo interrutor de arranque do motor (ver manual).<\/li>\n<\/ul>\n<h2>Todos os modelos com sa\u00edda ajust\u00e1vel podem tamb\u00e9m ser utilizados como carregador de bateria.<\/h2>\n<ul>\n<li>Por exemplo, para carregar uma bateria de arranque ou de servi\u00e7o de 12V integrada num sistema de 24V.<\/li>\n<\/ul>\n<h2>Todos os modelos com sa\u00edda ajust\u00e1vel podem ser ligados em paralelo para aumentar a corrente de sa\u00edda.<\/h2>\n<ul>\n<li>Podem ser ligadas em paralelo at\u00e9 cinco unidades.<\/li>\n<\/ul>\n<h2>F\u00e1cil de instalar:<\/h2>\n<ul>\n<li>O fornecimento inclui 4 liga\u00e7\u00f5es de encaixe f\u00eamea de 6,3 mm.<\/li>\n<\/ul>\n<h2>O conversor de alta pot\u00eancia n\u00e3o isolado 12\/24-10 da Orion Victron \u00e9 normalmente utilizado:<\/h2>\n<ol>\n<li><strong>Sistemas de alimenta\u00e7\u00e3o el\u00e9ctrica em ve\u00edculos<\/strong>Uma das utiliza\u00e7\u00f5es mais comuns do conversor Orion Victron \u00e9 em ve\u00edculos, tais como carros, cami\u00f5es, barcos e caravanas. Muitos destes ve\u00edculos utilizam sistemas el\u00e9ctricos de 12V, mas podem tamb\u00e9m ter componentes ou dispositivos que requerem uma tens\u00e3o de 24V para funcionar. O conversor permite que estes dispositivos de 24V sejam ligados ao sistema el\u00e9trico de 12V do ve\u00edculo.<\/li>\n<li><strong>Aplica\u00e7\u00f5es em sistemas de energia solar ou renov\u00e1vel<\/strong>Em sistemas de energia solar ou renov\u00e1vel, onde s\u00e3o utilizadas baterias de 12V e 24V, o conversor Orion Victron pode ser \u00fatil para garantir que os dispositivos e componentes ligados funcionam com a tens\u00e3o correcta. Por exemplo, pode ser necess\u00e1rio aumentar a tens\u00e3o de 12V para 24V para alimentar inversores ou carregadores de bateria de 24V.<\/li>\n<li><strong>Sistemas de comunica\u00e7\u00e3o e eletr\u00f3nica<\/strong>Nas aplica\u00e7\u00f5es de telecomunica\u00e7\u00f5es e eletr\u00f3nica, \u00e9 frequentemente necess\u00e1ria uma tens\u00e3o espec\u00edfica para alimentar equipamentos sens\u00edveis. Este conversor permite ajustar a tens\u00e3o de acordo com os requisitos deste equipamento, assegurando um funcionamento correto e protegendo contra danos.<\/li>\n<li><strong>Utiliza\u00e7\u00e3o em sistemas de energia de reserva<\/strong>Os conversores de tens\u00e3o podem ser utilizados em sistemas de energia de reserva, como geradores e baterias, para garantir a compatibilidade entre diferentes componentes e cargas. Por exemplo, se estiver a utilizar uma bateria de 24 V mas precisar de alimentar uma carga de 12 V, este conversor pode ser essencial.<\/li>\n<\/ol>\n<h2>Ficha t\u00e9cnica Inversor de alta pot\u00eancia n\u00e3o isolado Orion Victron 12\/24-10 - ORI122410020<\/h2>\n<p><a href=\"https:\/\/fvcomponentes.com\/wp-content\/uploads\/2023\/03\/Orion-alta-potencia-ES.pdf\" target=\"_blank\" rel=\"noopener\">Ver Orion Victron Inversor de Alta Pot\u00eancia N\u00e3o Isolado 12\/24-10 - ORI122410020 folha de dados<\/a><\/p>","protected":false},"excerpt":{"rendered":"<ul>\n<li><span style=\"color: #ff0000\"><strong>Este aparelho N\u00c3O \u00c9 APTO PARA CARREGAR BATERIAS. Escolha o modelo Smart com Bluetooth.<\/strong><\/span><\/li>\n<li><span style=\"color: #ff0000\"><strong>Equipamento sem Bluetooth<\/strong><\/span><\/li>\n<li><strong style=\"font-size: 16px\">Gama de tens\u00e3o de entrada (V):<\/strong><span style=\"font-size: 16px\"> 9\/18<\/span><\/li>\n<li><strong style=\"font-size: 16px\">Subtens\u00e3o de desconex\u00e3o (V):<\/strong><span style=\"font-size: 16px\"> 8<\/span><\/li>\n<li><strong style=\"font-size: 16px\">Consumo desligado:<\/strong><span style=\"font-size: 16px\"> &lt;15mA<\/span><\/li>\n<li><strong style=\"font-size: 16px\">Peso (kg):<\/strong><span style=\"font-size: 16px\"> 0,4<\/span><\/li>\n<li><strong style=\"font-size: 16px\">Dimens\u00f5es (mm):<\/strong><span style=\"font-size: 16px\"> 45 x 90 x 125<\/span><\/li>\n<\/ul>","protected":false},"featured_media":6001,"comment_status":"open","ping_status":"closed","template":"","meta":{"site-sidebar-layout":"default","site-content-layout":"default","ast-site-content-layout":"default","site-content-style":"default","site-sidebar-style":"default","ast-global-header-display":"","ast-banner-title-visibility":"","ast-main-header-display":"","ast-hfb-above-header-display":"","ast-hfb-below-header-display":"","ast-hfb-mobile-header-display":"","site-post-title":"","ast-breadcrumbs-content":"","ast-featured-img":"","footer-sml-layout":"","ast-disable-related-posts":"","theme-transparent-header-meta":"default","adv-header-id-meta":"","stick-header-meta":"","header-above-stick-meta":"","header-main-stick-meta":"","header-below-stick-meta":"","astra-migrate-meta-layouts":"set","ast-page-background-enabled":"default","ast-page-background-meta":{"desktop":{"background-color":"var(--ast-global-color-4)","background-image":"","background-repeat":"repeat","background-position":"center center","background-size":"auto","background-attachment":"scroll","background-type":"","background-media":"","overlay-type":"","overlay-color":"","overlay-opacity":"","overlay-gradient":""},"tablet":{"background-color":"","background-image":"","background-repeat":"repeat","background-position":"center center","background-size":"auto","background-attachment":"scroll","background-type":"","background-media":"","overlay-type":"","overlay-color":"","overlay-opacity":"","overlay-gradient":""},"mobile":{"background-color":"","background-image":"","background-repeat":"repeat","background-position":"center center","background-size":"auto","background-attachment":"scroll","background-type":"","background-media":"","overlay-type":"","overlay-color":"","overlay-opacity":"","overlay-gradient":""}},"ast-content-background-meta":{"desktop":{"background-color":"var(--ast-global-color-5)","background-image":"","background-repeat":"repeat","background-position":"center center","background-size":"auto","background-attachment":"scroll","background-type":"","background-media":"","overlay-type":"","overlay-color":"","overlay-opacity":"","overlay-gradient":""},"tablet":{"background-color":"var(--ast-global-color-5)","background-image":"","background-repeat":"repeat","background-position":"center center","background-size":"auto","background-attachment":"scroll","background-type":"","background-media":"","overlay-type":"","overlay-color":"","overlay-opacity":"","overlay-gradient":""},"mobile":{"background-color":"var(--ast-global-color-5)","background-image":"","background-repeat":"repeat","background-position":"center center","background-size":"auto","background-attachment":"scroll","background-type":"","background-media":"","overlay-type":"","overlay-color":"","overlay-opacity":"","overlay-gradient":""}}},"pwb-brand":[332],"product_brand":[],"product_cat":[865,899],"product_tag":[],"class_list":{"0":"post-5996","1":"product","2":"type-product","3":"status-publish","4":"has-post-thumbnail","6":"pwb-brand-victron","7":"product_cat-convertidores","8":"product_cat-12v-24v","9":"desktop-align-left","10":"tablet-align-left","11":"mobile-align-left","12":"ast-product-gallery-layout-horizontal-slider","13":"ast-product-tabs-layout-horizontal","15":"first","16":"instock","17":"taxable","18":"shipping-taxable","19":"purchasable","20":"product-type-simple"},"wcpa_form_fields":null,"brands":[{"id":332,"name":"Victron Energia","slug":"victron"}],"_links":{"self":[{"href":"https:\/\/fvcomponentes.com\/pt\/wp-json\/wp\/v2\/product\/5996","targetHints":{"allow":["GET"]}}],"collection":[{"href":"https:\/\/fvcomponentes.com\/pt\/wp-json\/wp\/v2\/product"}],"about":[{"href":"https:\/\/fvcomponentes.com\/pt\/wp-json\/wp\/v2\/types\/product"}],"replies":[{"embeddable":true,"href":"https:\/\/fvcomponentes.com\/pt\/wp-json\/wp\/v2\/comments?post=5996"}],"wp:featuredmedia":[{"embeddable":true,"href":"https:\/\/fvcomponentes.com\/pt\/wp-json\/wp\/v2\/media\/6001"}],"wp:attachment":[{"href":"https:\/\/fvcomponentes.com\/pt\/wp-json\/wp\/v2\/media?parent=5996"}],"wp:term":[{"taxonomy":"pwb-brand","embeddable":true,"href":"https:\/\/fvcomponentes.com\/pt\/wp-json\/wp\/v2\/pwb-brand?post=5996"},{"taxonomy":"product_brand","embeddable":true,"href":"https:\/\/fvcomponentes.com\/pt\/wp-json\/wp\/v2\/product_brand?post=5996"},{"taxonomy":"product_cat","embeddable":true,"href":"https:\/\/fvcomponentes.com\/pt\/wp-json\/wp\/v2\/product_cat?post=5996"},{"taxonomy":"product_tag","embeddable":true,"href":"https:\/\/fvcomponentes.com\/pt\/wp-json\/wp\/v2\/product_tag?post=5996"}],"curies":[{"name":"wp","href":"https:\/\/api.w.org\/{rel}","templated":true}]}}