{"id":5983,"date":"2024-01-19T19:30:04","date_gmt":"2024-01-19T18:30:04","guid":{"rendered":"https:\/\/fvcomponentes.com\/?post_type=product&#038;p=5983"},"modified":"2026-04-04T12:46:37","modified_gmt":"2026-04-04T10:46:37","slug":"conversor-orion-victron-nao-isolado-de-alta-potencia-24-12-70-ori241270020","status":"publish","type":"product","link":"https:\/\/fvcomponentes.com\/pt\/producto\/convertidor-orion-victron-no-aislado-de-alta-potencia-24-12-70-ori241270020\/","title":{"rendered":"Conversor de alta pot\u00eancia n\u00e3o isolado Orion Victron 24\/12-70 - ORI241270020"},"content":{"rendered":"<h2>Conector remoto on-off<\/h2>\n<ul>\n<li>O conetor remoto on-off \u00e9 uma solu\u00e7\u00e3o pr\u00e1tica e vers\u00e1til que simplifica a gest\u00e3o de dispositivos el\u00e9ctricos. Este conetor elimina a necessidade de interruptores de alta pot\u00eancia na cablagem de entrada, facilitando o funcionamento e o controlo remoto de dispositivos el\u00e9ctricos.<\/li>\n<li>Uma das principais vantagens do conetor remoto de ligar\/desligar \u00e9 a sua capacidade de ser ativado por um interrutor de baixa pot\u00eancia ou pelo interrutor de arranque do motor, conforme detalhado no manual de instru\u00e7\u00f5es. Esta flexibilidade de ativa\u00e7\u00e3o torna-o ideal para uma variedade de aplica\u00e7\u00f5es.<\/li>\n<\/ul>\n<h2>Todos os modelos com sa\u00edda ajust\u00e1vel podem tamb\u00e9m ser utilizados como carregador de bateria.<\/h2>\n<ul>\n<li>Al\u00e9m disso, todos os modelos com tomadas regul\u00e1veis oferecem a funcionalidade adicional de poderem ser utilizados como carregadores de bateria.<\/li>\n<li>Isto significa que podem carregar baterias de arranque ou de servi\u00e7o de 12V, mesmo quando integradas em sistemas de 24V, resultando em poupan\u00e7as de tempo e recursos.<\/li>\n<\/ul>\n<h2>Todos os modelos com sa\u00edda ajust\u00e1vel podem ser ligados em paralelo para aumentar a corrente de sa\u00edda.<\/h2>\n<ul>\n<li>Outra carater\u00edstica not\u00e1vel \u00e9 a capacidade de ligar v\u00e1rios destes conectores em paralelo para aumentar a corrente de sa\u00edda.<\/li>\n<li>Podem ser ligadas at\u00e9 cinco unidades em paralelo, proporcionando a possibilidade de satisfazer eficientemente as necessidades el\u00e9ctricas mais elevadas.<\/li>\n<\/ul>\n<h2>F\u00e1cil de instalar:<\/h2>\n<ul>\n<li>A instala\u00e7\u00e3o \u00e9 simples e c\u00f3moda, uma vez que a entrega inclui 4 liga\u00e7\u00f5es de encaixe f\u00eamea de 6,3 mm.<\/li>\n<li>Estas liga\u00e7\u00f5es facilitam a liga\u00e7\u00e3o a outros dispositivos e sistemas el\u00e9ctricos, tornando o conetor remoto on-off uma solu\u00e7\u00e3o completa e f\u00e1cil de implementar para uma variedade de aplica\u00e7\u00f5es.<\/li>\n<\/ul>\n<h2>Folha de dados do Orion Converter <a href=\"https:\/\/www.victronenergy.com.es\/\" target=\"_blank\" rel=\"noopener\">Victron<\/a> n\u00e3o isolado de alta pot\u00eancia 24\/12-70 - ORI241270020<\/h2>\n<p><a href=\"https:\/\/fvcomponentes.com\/wp-content\/uploads\/2023\/03\/Orion-alta-potencia-ES.pdf\" target=\"_blank\" rel=\"noopener\">Ficha t\u00e9cnica Inversor de alta pot\u00eancia n\u00e3o isolado Orion Victron 24\/12-70 - ORI241270020<\/a><\/p>","protected":false},"excerpt":{"rendered":"<ul>\n<li><span style=\"color: #ff0000\"><strong>Este aparelho N\u00c3O \u00c9 APTO PARA CARREGAR BATERIAS. Escolha o modelo Smart com Bluetooth.<\/strong><\/span><\/li>\n<li><span style=\"color: #ff0000\"><strong>Equipamento sem Bluetooth<\/strong><\/span><\/li>\n<li><strong style=\"font-size: 16px\">Gama de tens\u00e3o de entrada (V):<\/strong><span style=\"font-size: 16px\"> 18\/35<\/span><\/li>\n<li><strong style=\"font-size: 16px\">Subtens\u00e3o de desconex\u00e3o (V):<\/strong><span style=\"font-size: 16px\"> 14<\/span><\/li>\n<li><strong style=\"font-size: 16px\">Consumo desligado:<\/strong><span style=\"font-size: 16px\"> &lt;20mA<\/span><\/li>\n<li><strong style=\"font-size: 16px\">Peso (kg):<\/strong><span style=\"font-size: 16px\"> 0,9<\/span><\/li>\n<li><strong style=\"font-size: 16px\">Dimens\u00f5es (mm):<\/strong><span style=\"font-size: 16px\"> 65 x 88 x 195<\/span><\/li>\n<\/ul>","protected":false},"featured_media":5988,"comment_status":"open","ping_status":"closed","template":"","meta":{"site-sidebar-layout":"default","site-content-layout":"default","ast-site-content-layout":"default","site-content-style":"default","site-sidebar-style":"default","ast-global-header-display":"","ast-banner-title-visibility":"","ast-main-header-display":"","ast-hfb-above-header-display":"","ast-hfb-below-header-display":"","ast-hfb-mobile-header-display":"","site-post-title":"","ast-breadcrumbs-content":"","ast-featured-img":"","footer-sml-layout":"","ast-disable-related-posts":"","theme-transparent-header-meta":"default","adv-header-id-meta":"","stick-header-meta":"","header-above-stick-meta":"","header-main-stick-meta":"","header-below-stick-meta":"","astra-migrate-meta-layouts":"set","ast-page-background-enabled":"default","ast-page-background-meta":{"desktop":{"background-color":"var(--ast-global-color-4)","background-image":"","background-repeat":"repeat","background-position":"center center","background-size":"auto","background-attachment":"scroll","background-type":"","background-media":"","overlay-type":"","overlay-color":"","overlay-opacity":"","overlay-gradient":""},"tablet":{"background-color":"","background-image":"","background-repeat":"repeat","background-position":"center center","background-size":"auto","background-attachment":"scroll","background-type":"","background-media":"","overlay-type":"","overlay-color":"","overlay-opacity":"","overlay-gradient":""},"mobile":{"background-color":"","background-image":"","background-repeat":"repeat","background-position":"center center","background-size":"auto","background-attachment":"scroll","background-type":"","background-media":"","overlay-type":"","overlay-color":"","overlay-opacity":"","overlay-gradient":""}},"ast-content-background-meta":{"desktop":{"background-color":"var(--ast-global-color-5)","background-image":"","background-repeat":"repeat","background-position":"center center","background-size":"auto","background-attachment":"scroll","background-type":"","background-media":"","overlay-type":"","overlay-color":"","overlay-opacity":"","overlay-gradient":""},"tablet":{"background-color":"var(--ast-global-color-5)","background-image":"","background-repeat":"repeat","background-position":"center center","background-size":"auto","background-attachment":"scroll","background-type":"","background-media":"","overlay-type":"","overlay-color":"","overlay-opacity":"","overlay-gradient":""},"mobile":{"background-color":"var(--ast-global-color-5)","background-image":"","background-repeat":"repeat","background-position":"center center","background-size":"auto","background-attachment":"scroll","background-type":"","background-media":"","overlay-type":"","overlay-color":"","overlay-opacity":"","overlay-gradient":""}}},"pwb-brand":[332],"product_brand":[],"product_cat":[865,901,419],"product_tag":[],"class_list":{"0":"post-5983","1":"product","2":"type-product","3":"status-publish","4":"has-post-thumbnail","6":"pwb-brand-victron","7":"product_cat-convertidores","8":"product_cat-24v-12v","9":"product_cat-cargadores-de-baterias","10":"desktop-align-left","11":"tablet-align-left","12":"mobile-align-left","13":"ast-product-gallery-layout-horizontal-slider","14":"ast-product-tabs-layout-horizontal","16":"first","17":"instock","18":"taxable","19":"shipping-taxable","20":"purchasable","21":"product-type-simple"},"wcpa_form_fields":null,"brands":[{"id":332,"name":"Victron Energia","slug":"victron"}],"_links":{"self":[{"href":"https:\/\/fvcomponentes.com\/pt\/wp-json\/wp\/v2\/product\/5983","targetHints":{"allow":["GET"]}}],"collection":[{"href":"https:\/\/fvcomponentes.com\/pt\/wp-json\/wp\/v2\/product"}],"about":[{"href":"https:\/\/fvcomponentes.com\/pt\/wp-json\/wp\/v2\/types\/product"}],"replies":[{"embeddable":true,"href":"https:\/\/fvcomponentes.com\/pt\/wp-json\/wp\/v2\/comments?post=5983"}],"wp:featuredmedia":[{"embeddable":true,"href":"https:\/\/fvcomponentes.com\/pt\/wp-json\/wp\/v2\/media\/5988"}],"wp:attachment":[{"href":"https:\/\/fvcomponentes.com\/pt\/wp-json\/wp\/v2\/media?parent=5983"}],"wp:term":[{"taxonomy":"pwb-brand","embeddable":true,"href":"https:\/\/fvcomponentes.com\/pt\/wp-json\/wp\/v2\/pwb-brand?post=5983"},{"taxonomy":"product_brand","embeddable":true,"href":"https:\/\/fvcomponentes.com\/pt\/wp-json\/wp\/v2\/product_brand?post=5983"},{"taxonomy":"product_cat","embeddable":true,"href":"https:\/\/fvcomponentes.com\/pt\/wp-json\/wp\/v2\/product_cat?post=5983"},{"taxonomy":"product_tag","embeddable":true,"href":"https:\/\/fvcomponentes.com\/pt\/wp-json\/wp\/v2\/product_tag?post=5983"}],"curies":[{"name":"wp","href":"https:\/\/api.w.org\/{rel}","templated":true}]}}