{"id":5919,"date":"2023-08-17T15:53:07","date_gmt":"2023-08-17T13:53:07","guid":{"rendered":"https:\/\/fvcomponentes.com\/?post_type=product&#038;p=5919"},"modified":"2026-01-15T10:04:46","modified_gmt":"2026-01-15T09:04:46","slug":"conversor-orion-victron-24-12-20-ip67-ori241220260","status":"publish","type":"product","link":"https:\/\/fvcomponentes.com\/pt\/producto\/convertidor-orion-victron-24-12-20-ip67-ori241220260\/","title":{"rendered":"Conversor Orion Victron 24\/12-20 IP67 - ORI241220260"},"content":{"rendered":"<p>Os conversores de tens\u00e3o da Victron Energy, como o Conversor Orion Victron 24\/12-20 IP67 - ORI241220260, permitem-nos transformar a tens\u00e3o de corrente cont\u00ednua gerada pelo sistema solar fotovoltaico aut\u00f3nomo numa tens\u00e3o diferente. A sua utilidade \u00e9 muito ampla, permite-nos colocar equipamentos que consomem 12Vdc em sistemas que geram 24Vdc, ou vice-versa. Tamb\u00e9m \u00e9 poss\u00edvel converter 12Vdc em tens\u00f5es mais baixas para utilizar equipamentos que tradicionalmente funcionam com baterias.<\/p>\n<h2>Totalmente encapsulado - \u00e0 prova de \u00e1gua, \u00e0 prova de choque e \u00e0 prova de fogo<\/h2>\n<p>A \u00e1gua, o \u00f3leo e a sujidade n\u00e3o danificam o conversor CC-CC Orion IP67. A sua caixa \u00e9 feita de alum\u00ednio fundido e os componentes electr\u00f3nicos s\u00e3o moldados em resina.<\/p>\n<h2>Cabos de entrada e sa\u00edda extra longos<\/h2>\n<p>Gra\u00e7as aos cabos de 1,8 metros de comprimento, n\u00e3o s\u00e3o necess\u00e1rias emendas interm\u00e9dias na maioria dos casos. Isto aumenta significativamente a fiabilidade quando \u00e9 necess\u00e1ria uma classe de prote\u00e7\u00e3o IP67.<\/p>\n<h2>Ampla gama de tens\u00e3o de entrada<\/h2>\n<p>Com uma gama de entrada de 15 a 40 volts, \u00e9 garantida uma sa\u00edda est\u00e1vel nos casos em que ocorrem picos ou quedas de tens\u00e3o quando outro equipamento est\u00e1 ligado \u00e0 mesma bateria.<\/p>\n<h2>Prote\u00e7\u00e3o contra o sobreaquecimento<\/h2>\n<p>Pode ser utilizado num ambiente quente, como uma casa das m\u00e1quinas.<\/p>\n<h2>Ficha t\u00e9cnica Conversor Orion Victron 24\/12-20 IP67 - ORI241220260<\/h2>\n<p><a href=\"https:\/\/fvcomponentes.com\/wp-content\/uploads\/2023\/03\/convertidor-orion-ES.pdf\" target=\"_blank\" rel=\"noopener\">Orion Victron Inversor 24\/12-20 IP67 Ficha t\u00e9cnica<\/a><\/p>","protected":false},"excerpt":{"rendered":"<p>Este equipamento <span style=\"color: #ff0000;\"><strong>N\u00c3O \u00c9 ADEQUADO PARA CARREGAR BATERIAS.<\/strong><\/span> <span style=\"color: #339966;\">Escolha o modelo Smart com Bluetooth.<\/span><\/p>\n<ul>\n<li><strong><span style=\"color: #ff0000;\">Equipamento sem Bluetooth<\/span><\/strong><\/li>\n<li><strong>N\u00e3o isolado<\/strong><\/li>\n<li><strong style=\"font-size: 16px;\">Gama de tens\u00e3o de entrada:<\/strong><span style=\"font-size: 16px;\"> 15-40vdc<\/span><\/li>\n<li><strong style=\"font-size: 16px;\">Tens\u00e3o de sa\u00edda DC<\/strong><span style=\"font-size: 16px;\"> 12V +\/- 3%<\/span><\/li>\n<li><strong style=\"font-size: 16px;\">Corrente de sa\u00edda m\u00e1xima cont\u00ednua <\/strong><span style=\"font-size: 16px;\">20A<\/span><\/li>\n<li><strong style=\"font-size: 16px;\">Efici\u00eancia:<\/strong><span style=\"font-size: 16px;\"> 96%<\/span><\/li>\n<\/ul>\n<p>&nbsp;<\/p>","protected":false},"featured_media":5921,"comment_status":"open","ping_status":"closed","template":"","meta":{"site-sidebar-layout":"default","site-content-layout":"default","ast-site-content-layout":"default","site-content-style":"default","site-sidebar-style":"default","ast-global-header-display":"","ast-banner-title-visibility":"","ast-main-header-display":"","ast-hfb-above-header-display":"","ast-hfb-below-header-display":"","ast-hfb-mobile-header-display":"","site-post-title":"","ast-breadcrumbs-content":"","ast-featured-img":"","footer-sml-layout":"","ast-disable-related-posts":"","theme-transparent-header-meta":"default","adv-header-id-meta":"","stick-header-meta":"","header-above-stick-meta":"","header-main-stick-meta":"","header-below-stick-meta":"","astra-migrate-meta-layouts":"set","ast-page-background-enabled":"default","ast-page-background-meta":{"desktop":{"background-color":"var(--ast-global-color-4)","background-image":"","background-repeat":"repeat","background-position":"center center","background-size":"auto","background-attachment":"scroll","background-type":"","background-media":"","overlay-type":"","overlay-color":"","overlay-opacity":"","overlay-gradient":""},"tablet":{"background-color":"","background-image":"","background-repeat":"repeat","background-position":"center center","background-size":"auto","background-attachment":"scroll","background-type":"","background-media":"","overlay-type":"","overlay-color":"","overlay-opacity":"","overlay-gradient":""},"mobile":{"background-color":"","background-image":"","background-repeat":"repeat","background-position":"center center","background-size":"auto","background-attachment":"scroll","background-type":"","background-media":"","overlay-type":"","overlay-color":"","overlay-opacity":"","overlay-gradient":""}},"ast-content-background-meta":{"desktop":{"background-color":"var(--ast-global-color-5)","background-image":"","background-repeat":"repeat","background-position":"center center","background-size":"auto","background-attachment":"scroll","background-type":"","background-media":"","overlay-type":"","overlay-color":"","overlay-opacity":"","overlay-gradient":""},"tablet":{"background-color":"var(--ast-global-color-5)","background-image":"","background-repeat":"repeat","background-position":"center center","background-size":"auto","background-attachment":"scroll","background-type":"","background-media":"","overlay-type":"","overlay-color":"","overlay-opacity":"","overlay-gradient":""},"mobile":{"background-color":"var(--ast-global-color-5)","background-image":"","background-repeat":"repeat","background-position":"center center","background-size":"auto","background-attachment":"scroll","background-type":"","background-media":"","overlay-type":"","overlay-color":"","overlay-opacity":"","overlay-gradient":""}}},"pwb-brand":[332],"product_brand":[],"product_cat":[901,419,865],"product_tag":[],"class_list":{"0":"post-5919","1":"product","2":"type-product","3":"status-publish","4":"has-post-thumbnail","6":"pwb-brand-victron","7":"product_cat-24v-12v","8":"product_cat-cargadores-de-baterias","9":"product_cat-convertidores","10":"desktop-align-left","11":"tablet-align-left","12":"mobile-align-left","13":"ast-product-gallery-layout-horizontal-slider","14":"ast-product-tabs-layout-horizontal","16":"first","17":"instock","18":"taxable","19":"shipping-taxable","20":"purchasable","21":"product-type-simple"},"wcpa_form_fields":null,"brands":[{"id":332,"name":"Victron Energia","slug":"victron"}],"_links":{"self":[{"href":"https:\/\/fvcomponentes.com\/pt\/wp-json\/wp\/v2\/product\/5919","targetHints":{"allow":["GET"]}}],"collection":[{"href":"https:\/\/fvcomponentes.com\/pt\/wp-json\/wp\/v2\/product"}],"about":[{"href":"https:\/\/fvcomponentes.com\/pt\/wp-json\/wp\/v2\/types\/product"}],"replies":[{"embeddable":true,"href":"https:\/\/fvcomponentes.com\/pt\/wp-json\/wp\/v2\/comments?post=5919"}],"wp:featuredmedia":[{"embeddable":true,"href":"https:\/\/fvcomponentes.com\/pt\/wp-json\/wp\/v2\/media\/5921"}],"wp:attachment":[{"href":"https:\/\/fvcomponentes.com\/pt\/wp-json\/wp\/v2\/media?parent=5919"}],"wp:term":[{"taxonomy":"pwb-brand","embeddable":true,"href":"https:\/\/fvcomponentes.com\/pt\/wp-json\/wp\/v2\/pwb-brand?post=5919"},{"taxonomy":"product_brand","embeddable":true,"href":"https:\/\/fvcomponentes.com\/pt\/wp-json\/wp\/v2\/product_brand?post=5919"},{"taxonomy":"product_cat","embeddable":true,"href":"https:\/\/fvcomponentes.com\/pt\/wp-json\/wp\/v2\/product_cat?post=5919"},{"taxonomy":"product_tag","embeddable":true,"href":"https:\/\/fvcomponentes.com\/pt\/wp-json\/wp\/v2\/product_tag?post=5919"}],"curies":[{"name":"wp","href":"https:\/\/api.w.org\/{rel}","templated":true}]}}