{"id":5900,"date":"2023-08-16T09:00:25","date_gmt":"2023-08-16T07:00:25","guid":{"rendered":"https:\/\/fvcomponentes.com\/?post_type=product&#038;p=5900"},"modified":"2026-01-15T10:06:24","modified_gmt":"2026-01-15T09:06:24","slug":"isolador-galvanico-victron-vdi-16-gdi000016000","status":"publish","type":"product","link":"https:\/\/fvcomponentes.com\/pt\/producto\/aislador-galvanico-victron-vdi-16-gdi000016000\/","title":{"rendered":"Isolador galv\u00e2nico Victron VDI-16 - GDI000016000"},"content":{"rendered":"<p>O isolador galv\u00e2nico evita a corros\u00e3o electrol\u00edtica. Bloqueia as correntes de corrente cont\u00ednua de baixa tens\u00e3o que entram na embarca\u00e7\u00e3o atrav\u00e9s do cabo de terra da alimenta\u00e7\u00e3o de terra. Estas correntes podem provocar a corros\u00e3o de pe\u00e7as met\u00e1licas abaixo da linha de \u00e1gua, como o casco, a h\u00e9lice e o veio da h\u00e9lice, entre outros.<br \/>\nO isolador galv\u00e2nico tem dois d\u00edodos no seu interior que est\u00e3o ligados de forma antiparalela. Quando ligados desta forma, os d\u00edodos permitem a passagem de corrente em ambas as direc\u00e7\u00f5es, mas apenas acima de um determinado limiar de tens\u00e3o. A tens\u00e3o \u00e0 qual os d\u00edodos s\u00e3o condutores \u00e9 de cerca de 1,4 Vdc.<\/p>\n<p>O isolador \u00e9 instalado diretamente atr\u00e1s da liga\u00e7\u00e3o de 230V do seu barco. A tens\u00e3o direta proveniente do isolador galv\u00e2nico \u00e9 superior \u00e0 diferen\u00e7a de potencial entre os metais. Consequentemente, esta tens\u00e3o n\u00e3o permitir\u00e1 a condu\u00e7\u00e3o e, como tal, o isolador galv\u00e2nico impedir\u00e1 qualquer corrente electrol\u00edtica. No entanto, se houver uma tens\u00e3o err\u00f3nea mais elevada no circuito CA, os d\u00edodos permitir\u00e3o a passagem da corrente e o dispositivo de corrente residual interromper\u00e1 o circuito.<\/p>\n<h2>Manual do Isolador Galv\u00e2nico Victron VDI-16 - GDI000016000<\/h2>\n<p><a href=\"https:\/\/fvcomponentes.com\/wp-content\/uploads\/2023\/08\/Manual-Aislador-Galvanico-Victron-VDI.pdf\" target=\"_blank\" rel=\"noopener\">Ver Manual Isolador Galv\u00e2nico Victron VDI-16 - GDI000016000<\/a><\/p>","protected":false},"excerpt":{"rendered":"<p><strong>Corrente m\u00e1xima:<\/strong> 16A<br \/>\n<strong>Corrente de pico (20 ms):<\/strong> 1600A<br \/>\n<strong>Liga\u00e7\u00e3o:<\/strong> M6<br \/>\n<strong>Material:<\/strong> Alum\u00ednio anodizado<br \/>\n<strong>Tipo de prote\u00e7\u00e3o:<\/strong> IP67<\/p>","protected":false},"featured_media":5901,"comment_status":"open","ping_status":"closed","template":"","meta":{"site-sidebar-layout":"default","site-content-layout":"default","ast-site-content-layout":"default","site-content-style":"default","site-sidebar-style":"default","ast-global-header-display":"","ast-banner-title-visibility":"","ast-main-header-display":"","ast-hfb-above-header-display":"","ast-hfb-below-header-display":"","ast-hfb-mobile-header-display":"","site-post-title":"","ast-breadcrumbs-content":"","ast-featured-img":"","footer-sml-layout":"","ast-disable-related-posts":"","theme-transparent-header-meta":"default","adv-header-id-meta":"","stick-header-meta":"","header-above-stick-meta":"","header-main-stick-meta":"","header-below-stick-meta":"","astra-migrate-meta-layouts":"set","ast-page-background-enabled":"default","ast-page-background-meta":{"desktop":{"background-color":"var(--ast-global-color-4)","background-image":"","background-repeat":"repeat","background-position":"center center","background-size":"auto","background-attachment":"scroll","background-type":"","background-media":"","overlay-type":"","overlay-color":"","overlay-opacity":"","overlay-gradient":""},"tablet":{"background-color":"","background-image":"","background-repeat":"repeat","background-position":"center center","background-size":"auto","background-attachment":"scroll","background-type":"","background-media":"","overlay-type":"","overlay-color":"","overlay-opacity":"","overlay-gradient":""},"mobile":{"background-color":"","background-image":"","background-repeat":"repeat","background-position":"center center","background-size":"auto","background-attachment":"scroll","background-type":"","background-media":"","overlay-type":"","overlay-color":"","overlay-opacity":"","overlay-gradient":""}},"ast-content-background-meta":{"desktop":{"background-color":"var(--ast-global-color-5)","background-image":"","background-repeat":"repeat","background-position":"center center","background-size":"auto","background-attachment":"scroll","background-type":"","background-media":"","overlay-type":"","overlay-color":"","overlay-opacity":"","overlay-gradient":""},"tablet":{"background-color":"var(--ast-global-color-5)","background-image":"","background-repeat":"repeat","background-position":"center center","background-size":"auto","background-attachment":"scroll","background-type":"","background-media":"","overlay-type":"","overlay-color":"","overlay-opacity":"","overlay-gradient":""},"mobile":{"background-color":"var(--ast-global-color-5)","background-image":"","background-repeat":"repeat","background-position":"center center","background-size":"auto","background-attachment":"scroll","background-type":"","background-media":"","overlay-type":"","overlay-color":"","overlay-opacity":"","overlay-gradient":""}}},"pwb-brand":[332],"product_brand":[],"product_cat":[895],"product_tag":[],"class_list":{"0":"post-5900","1":"product","2":"type-product","3":"status-publish","4":"has-post-thumbnail","6":"pwb-brand-victron","7":"product_cat-transformadores","8":"desktop-align-left","9":"tablet-align-left","10":"mobile-align-left","11":"ast-product-gallery-layout-horizontal-slider","12":"ast-product-tabs-layout-horizontal","14":"first","15":"instock","16":"taxable","17":"shipping-taxable","18":"purchasable","19":"product-type-simple"},"wcpa_form_fields":null,"brands":[{"id":332,"name":"Victron Energia","slug":"victron"}],"_links":{"self":[{"href":"https:\/\/fvcomponentes.com\/pt\/wp-json\/wp\/v2\/product\/5900","targetHints":{"allow":["GET"]}}],"collection":[{"href":"https:\/\/fvcomponentes.com\/pt\/wp-json\/wp\/v2\/product"}],"about":[{"href":"https:\/\/fvcomponentes.com\/pt\/wp-json\/wp\/v2\/types\/product"}],"replies":[{"embeddable":true,"href":"https:\/\/fvcomponentes.com\/pt\/wp-json\/wp\/v2\/comments?post=5900"}],"wp:featuredmedia":[{"embeddable":true,"href":"https:\/\/fvcomponentes.com\/pt\/wp-json\/wp\/v2\/media\/5901"}],"wp:attachment":[{"href":"https:\/\/fvcomponentes.com\/pt\/wp-json\/wp\/v2\/media?parent=5900"}],"wp:term":[{"taxonomy":"pwb-brand","embeddable":true,"href":"https:\/\/fvcomponentes.com\/pt\/wp-json\/wp\/v2\/pwb-brand?post=5900"},{"taxonomy":"product_brand","embeddable":true,"href":"https:\/\/fvcomponentes.com\/pt\/wp-json\/wp\/v2\/product_brand?post=5900"},{"taxonomy":"product_cat","embeddable":true,"href":"https:\/\/fvcomponentes.com\/pt\/wp-json\/wp\/v2\/product_cat?post=5900"},{"taxonomy":"product_tag","embeddable":true,"href":"https:\/\/fvcomponentes.com\/pt\/wp-json\/wp\/v2\/product_tag?post=5900"}],"curies":[{"name":"wp","href":"https:\/\/api.w.org\/{rel}","templated":true}]}}