{"id":5886,"date":"2023-09-29T08:05:15","date_gmt":"2023-09-29T06:05:15","guid":{"rendered":"https:\/\/fvcomponentes.com\/?post_type=product&#038;p=5886"},"modified":"2026-01-15T10:09:56","modified_gmt":"2026-01-15T09:09:56","slug":"autotransformador-victron-120-240vac-32a-itr000100001","status":"publish","type":"product","link":"https:\/\/fvcomponentes.com\/pt\/producto\/autotransformador-victron-120-240vac-32a-itr000100001\/","title":{"rendered":"Autotransformador Victron 120\/240VAC-32A - ITR000100001"},"content":{"rendered":"<h2>Caracter\u00edsticas do Autotransformador Victron 120\/240VAC-32A<\/h2>\n<h2>O autotransformador: para aumento, redu\u00e7\u00e3o e equil\u00edbrio de fases separadas<\/h2>\n<p>Um autotransformador pode ser utilizado para aumentar a tens\u00e3o, reduzir a tens\u00e3o e equilibrar as tens\u00f5es de sa\u00edda de fases separadas.<br \/>\nEmbora as fun\u00e7\u00f5es de subida e descida sejam muito simples, o equil\u00edbrio das tens\u00f5es de sa\u00edda de fases separadas pode exigir um pouco mais de aten\u00e7\u00e3o.<\/p>\n<p>Considere-se, por exemplo, uma fonte de alimenta\u00e7\u00e3o com fases separadas a 120\/240V 30A.<br \/>\nA alimenta\u00e7\u00e3o el\u00e9ctrica pode ser proveniente da rede, de um gerador ou de dois inversores sobrepostos.<br \/>\nAlgumas das cargas ligadas s\u00e3o de 240V, outras s\u00e3o de 120V.<br \/>\nEm cada uma das cadeias de sa\u00edda de 120V, a carga n\u00e3o deve exceder 30A.<br \/>\nO problema \u00e9 que, assim que as cargas de 120V s\u00e3o ligadas, as duas sa\u00eddas ter\u00e3o uma corrente de amperagem diferente. Isto deve-se ao facto de as cargas de 120V nas duas cadeias de sa\u00edda nunca estarem equilibradas.<br \/>\nUm secador de cabelo de 1200 W a 120 V, por exemplo, consumir\u00e1 uma corrente de 10 A de um ramo. Uma m\u00e1quina de lavar roupa a 120V pode consumir ainda mais de 20A de um ramo.<br \/>\nAssim, entre os dois fios, a diferen\u00e7a de corrente, ou desequil\u00edbrio de corrente, ser\u00e1 frequentemente de 20 A ou mais.<br \/>\nIsto significa que a alimenta\u00e7\u00e3o de 30A n\u00e3o ser\u00e1 utilizada at\u00e9 ao seu limite. Enquanto 30A s\u00e3o retirados de um fio, n\u00e3o podem ser retirados mais de 10A do outro fio, e aumentar a carga para 240V, por exemplo, resultar\u00e1 numa sobrecarga num fio enquanto o outro fio ainda tem capacidade de reserva.<\/p>\n<p>Teoricamente, a pot\u00eancia total que pode ser obtida de uma fonte de alimenta\u00e7\u00e3o 120\/240V a 30A \u00e9 30 x 240 = 7,2kVA. No caso de um desequil\u00edbrio de 20A, a pot\u00eancia m\u00e1xima na pr\u00e1tica ser\u00e1 de 30 x 120 + 10 x120 = 4,8kVA, ou 67% do m\u00e1ximo te\u00f3rico.<\/p>\n<p>A solu\u00e7\u00e3o \u00e9 um autotransformador.<\/p>\n<p>Deixando o neutro da fonte de alimenta\u00e7\u00e3o separada por fases inutilizado e ligando um autotransformador para criar um novo neutro, como mostra a figura 1, qualquer desequil\u00edbrio de carga \u00e9 \"absorvido\" pelo autotransformador.<br \/>\nNo caso de uma alimenta\u00e7\u00e3o de 30A, a carga pode ser aumentada para 7,2kVA, e um desequil\u00edbrio de 20A resultar\u00e1 num ramo a consumir 40A e o outro ramo 20A.<br \/>\nA diferen\u00e7a de 20A passar\u00e1 atrav\u00e9s do neutro e dos enrolamentos do autotransformador. A corrente atrav\u00e9s de ambos os fios da fonte de alimenta\u00e7\u00e3o de 120V com fases separadas ser\u00e1 de 30A.<\/p>\n<h2>Inclui um rel\u00e9 de liga\u00e7\u00e3o \u00e0 terra para utiliza\u00e7\u00e3o com carregadores\/inversores do tipo Multi ou Quattro.<\/h2>\n<p>Ao funcionar em modo inversor, a sa\u00edda neutra do carregador\/inversor deve ser ligada \u00e0 terra para garantir o funcionamento correto de um GFCI. No caso de uma fonte de alimenta\u00e7\u00e3o de fase separada, o neutro deve ser ligado \u00e0 terra.<br \/>\nPara este efeito, est\u00e1 integrado um rel\u00e9 de liga\u00e7\u00e3o \u00e0 terra na caixa do autotransformador.<br \/>\nO rel\u00e9 \u00e9 controlado pelo Multi ou Quattro a 230\/240V (o rel\u00e9 de liga\u00e7\u00e3o \u00e0 terra interno deve ser desligado no Multi ou Quattro a 230\/240V).<\/p>\n<h2>Prote\u00e7\u00e3o contra altas temperaturas<\/h2>\n<p>Em caso de sobreaquecimento excessivo, o autotransformador \u00e9 desligado da alimenta\u00e7\u00e3o el\u00e9ctrica. A reposi\u00e7\u00e3o \u00e9 manual.<\/p>\n<p>Uma alternativa aos inversores sobrepostos<\/p>\n<p>A alternativa \u00e0 sobreposi\u00e7\u00e3o de dois inversores de 120V para fornecer uma fonte de alimenta\u00e7\u00e3o de 120\/240V com fases separadas \u00e9 um inversor de 240V com um autotransformador adicional.<br \/>\nDois inversores sobrepostos de 120V e 3kVA fornecer\u00e3o 25A a cada string de 120V. Mesmo que a carga num cabo seja inferior a 25A, a carga m\u00e1xima no outro cabo ser\u00e1 limitada a 25A.<br \/>\nUm inversor de 240V 5kVA com um autotransformador de 32A fornecer\u00e1 uma carga equilibrada de at\u00e9 21A a cada uma das cadeias de 120V. No entanto, uma carga mais baixa num string resultar\u00e1 numa maior pot\u00eancia dispon\u00edvel no outro string, com um desequil\u00edbrio m\u00e1ximo de 32A.<br \/>\nPor conseguinte, a carga pode atingir at\u00e9 38,5A numa corda se a carga n\u00e3o for superior a 3,5A na outra corda (desequil\u00edbrio m\u00e1ximo: 38,5 - 3,5 = 35A).<\/p>\n<p>Se for previs\u00edvel um desequil\u00edbrio de cargas, um inversor de 240V de menor pot\u00eancia com autotransformador \u00e9, portanto, prefer\u00edvel a uma solu\u00e7\u00e3o de inversor sobreposto.<\/p>\n<p><img fetchpriority=\"high\" decoding=\"async\" class=\"alignnone size-full wp-image-5887\" src=\"https:\/\/fvcomponentes.com\/wp-content\/uploads\/2023\/03\/Captura-AUTRANSFORMADOR.png\" alt=\"Autotransformador Victron 120\/240VAC-32A - ITR000100001\" width=\"373\" height=\"213\" title=\"\"><\/p>\n<h2>Ficha t\u00e9cnica Autotransformador <a href=\"https:\/\/www.victronenergy.com.es\/\" target=\"_blank\" rel=\"noopener\">Victron<\/a> 120\/240VAC-32A - ITR000100001<\/h2>\n<p><a href=\"https:\/\/fvcomponentes.com\/wp-content\/uploads\/2023\/03\/Autotransformer-32A-and-100A-ES.pdf\" target=\"_blank\" rel=\"noopener\">Ver folha de dados do Autotransformador Victron 120\/240VAC-32A - ITR000100001<\/a><\/p>","protected":false},"excerpt":{"rendered":"<p><strong>Tens\u00f5es de entrada e sa\u00edda:<\/strong> 120\/240V<br \/>\n<strong>Disjuntor de entrada:<\/strong> 32A bipolar<br \/>\n<strong>Frequ\u00eancia:<\/strong> 50\/60Hz<br \/>\n<strong>Peso:<\/strong> 12,5 kg<br \/>\n<strong>Dimens\u00f5es:<\/strong> 425 x 214 x 110 mm<\/p>","protected":false},"featured_media":5890,"comment_status":"open","ping_status":"closed","template":"","meta":{"site-sidebar-layout":"default","site-content-layout":"default","ast-site-content-layout":"default","site-content-style":"default","site-sidebar-style":"default","ast-global-header-display":"","ast-banner-title-visibility":"","ast-main-header-display":"","ast-hfb-above-header-display":"","ast-hfb-below-header-display":"","ast-hfb-mobile-header-display":"","site-post-title":"","ast-breadcrumbs-content":"","ast-featured-img":"","footer-sml-layout":"","ast-disable-related-posts":"","theme-transparent-header-meta":"default","adv-header-id-meta":"","stick-header-meta":"","header-above-stick-meta":"","header-main-stick-meta":"","header-below-stick-meta":"","astra-migrate-meta-layouts":"set","ast-page-background-enabled":"default","ast-page-background-meta":{"desktop":{"background-color":"var(--ast-global-color-4)","background-image":"","background-repeat":"repeat","background-position":"center center","background-size":"auto","background-attachment":"scroll","background-type":"","background-media":"","overlay-type":"","overlay-color":"","overlay-opacity":"","overlay-gradient":""},"tablet":{"background-color":"","background-image":"","background-repeat":"repeat","background-position":"center center","background-size":"auto","background-attachment":"scroll","background-type":"","background-media":"","overlay-type":"","overlay-color":"","overlay-opacity":"","overlay-gradient":""},"mobile":{"background-color":"","background-image":"","background-repeat":"repeat","background-position":"center center","background-size":"auto","background-attachment":"scroll","background-type":"","background-media":"","overlay-type":"","overlay-color":"","overlay-opacity":"","overlay-gradient":""}},"ast-content-background-meta":{"desktop":{"background-color":"var(--ast-global-color-5)","background-image":"","background-repeat":"repeat","background-position":"center center","background-size":"auto","background-attachment":"scroll","background-type":"","background-media":"","overlay-type":"","overlay-color":"","overlay-opacity":"","overlay-gradient":""},"tablet":{"background-color":"var(--ast-global-color-5)","background-image":"","background-repeat":"repeat","background-position":"center center","background-size":"auto","background-attachment":"scroll","background-type":"","background-media":"","overlay-type":"","overlay-color":"","overlay-opacity":"","overlay-gradient":""},"mobile":{"background-color":"var(--ast-global-color-5)","background-image":"","background-repeat":"repeat","background-position":"center center","background-size":"auto","background-attachment":"scroll","background-type":"","background-media":"","overlay-type":"","overlay-color":"","overlay-opacity":"","overlay-gradient":""}}},"pwb-brand":[332],"product_brand":[],"product_cat":[895],"product_tag":[],"class_list":{"0":"post-5886","1":"product","2":"type-product","3":"status-publish","4":"has-post-thumbnail","6":"pwb-brand-victron","7":"product_cat-transformadores","8":"desktop-align-left","9":"tablet-align-left","10":"mobile-align-left","11":"ast-product-gallery-layout-horizontal-slider","12":"ast-product-tabs-layout-horizontal","14":"first","15":"instock","16":"taxable","17":"shipping-taxable","18":"purchasable","19":"product-type-simple"},"wcpa_form_fields":null,"brands":[{"id":332,"name":"Victron Energia","slug":"victron"}],"_links":{"self":[{"href":"https:\/\/fvcomponentes.com\/pt\/wp-json\/wp\/v2\/product\/5886","targetHints":{"allow":["GET"]}}],"collection":[{"href":"https:\/\/fvcomponentes.com\/pt\/wp-json\/wp\/v2\/product"}],"about":[{"href":"https:\/\/fvcomponentes.com\/pt\/wp-json\/wp\/v2\/types\/product"}],"replies":[{"embeddable":true,"href":"https:\/\/fvcomponentes.com\/pt\/wp-json\/wp\/v2\/comments?post=5886"}],"wp:featuredmedia":[{"embeddable":true,"href":"https:\/\/fvcomponentes.com\/pt\/wp-json\/wp\/v2\/media\/5890"}],"wp:attachment":[{"href":"https:\/\/fvcomponentes.com\/pt\/wp-json\/wp\/v2\/media?parent=5886"}],"wp:term":[{"taxonomy":"pwb-brand","embeddable":true,"href":"https:\/\/fvcomponentes.com\/pt\/wp-json\/wp\/v2\/pwb-brand?post=5886"},{"taxonomy":"product_brand","embeddable":true,"href":"https:\/\/fvcomponentes.com\/pt\/wp-json\/wp\/v2\/product_brand?post=5886"},{"taxonomy":"product_cat","embeddable":true,"href":"https:\/\/fvcomponentes.com\/pt\/wp-json\/wp\/v2\/product_cat?post=5886"},{"taxonomy":"product_tag","embeddable":true,"href":"https:\/\/fvcomponentes.com\/pt\/wp-json\/wp\/v2\/product_tag?post=5886"}],"curies":[{"name":"wp","href":"https:\/\/api.w.org\/{rel}","templated":true}]}}