{"id":5879,"date":"2023-10-03T08:19:02","date_gmt":"2023-10-03T06:19:02","guid":{"rendered":"https:\/\/fvcomponentes.com\/?post_type=product&#038;p=5879"},"modified":"2026-04-04T12:50:54","modified_gmt":"2026-04-04T10:50:54","slug":"transformador-de-isolamento-victron-3600w-auto-115-230v-itr050362041","status":"publish","type":"product","link":"https:\/\/fvcomponentes.com\/pt\/producto\/transformador-de-aislamiento-victron-3600w-auto-115-230v-itr050362041\/","title":{"rendered":"Transformador de isolamento Victron 3600W auto 115\/230V - ITR050362041"},"content":{"rendered":"<p>O frequentemente negligenciado transformador de isolamento Victron 3600W auto 115\/230V - ITR050362041 desempenha um papel vital na instala\u00e7\u00e3o el\u00e9ctrica de um barco. A sua principal fun\u00e7\u00e3o \u00e9 separar eletricamente a rede el\u00e9ctrica de bordo da rede el\u00e9ctrica de terra e evitar a corros\u00e3o por eletr\u00f3lise.<\/p>\n<h2>Porqu\u00ea escolher o Transformador de isolamento Victron 3600W auto 115\/230V - ITR050362041<\/h2>\n<ul>\n<li><strong>Seguran\u00e7a em instala\u00e7\u00f5es dom\u00e9sticas vs: <\/strong>Nas habita\u00e7\u00f5es, a seguran\u00e7a el\u00e9ctrica \u00e9 obtida atrav\u00e9s de uma liga\u00e7\u00e3o \u00e0 terra e de dispositivos de corte. No entanto, nos barcos, a liga\u00e7\u00e3o \u00e0 terra n\u00e3o \u00e9 vi\u00e1vel. Apenas um transformador de isolamento pode proporcionar uma prote\u00e7\u00e3o semelhante.<\/li>\n<li><strong>Corros\u00e3o por eletr\u00f3lise: <\/strong>A corros\u00e3o por eletr\u00f3lise \u00e9 um problema grave causado pela diferen\u00e7a de potencial entre metais em contacto com um l\u00edquido condutor, como a \u00e1gua do mar. Quando uma embarca\u00e7\u00e3o \u00e9 ligada \u00e0 rede de terra, inicia-se uma corrente que danifica os metais.<\/li>\n<li><strong>Universalidade do problema: <\/strong>Contrariamente \u00e0 cren\u00e7a comum, a corros\u00e3o por eletr\u00f3lise n\u00e3o se limita \u00e0s embarca\u00e7\u00f5es de a\u00e7o ou alum\u00ednio. Quaisquer pe\u00e7as met\u00e1licas em contacto com a \u00e1gua, como as h\u00e9lices, est\u00e3o em risco quando ligadas \u00e0 rede de terra.<\/li>\n<li><strong>Riscos potenciais: <\/strong>A liga\u00e7\u00e3o de uma embarca\u00e7\u00e3o \u00e0 rede de terra sem prote\u00e7\u00e3o adequada pode gerar tens\u00f5es perigosas nas partes met\u00e1licas e tornar ineficaz a prote\u00e7\u00e3o contra fugas para a terra.<\/li>\n<li><strong>Solu\u00e7\u00e3o eficaz: <\/strong>Um transformador de isolamento \u00e9 a solu\u00e7\u00e3o ideal para alimentar uma embarca\u00e7\u00e3o a partir da rede de terra de forma segura e sem o risco de corros\u00e3o devido \u00e0 eletr\u00f3lise. Isola eletricamente a embarca\u00e7\u00e3o da rede de alimenta\u00e7\u00e3o.<\/li>\n<li><strong>Funcionamento do transformador de isolamento: <\/strong>Este tipo de transformador utiliza enrolamentos separados para transmitir eletricidade sem contacto direto com a rede de terra. Cria uma terra isolada adequada para a embarca\u00e7\u00e3o, ligando todas as partes met\u00e1licas a bordo. Isto garante uma prote\u00e7\u00e3o total e permite que os disjuntores diferenciais funcionem corretamente.<\/li>\n<li><strong>Economia e simplicidade: <\/strong>Resolu\u00e7\u00e3o de problemas complexos de corros\u00e3o por eletr\u00f3lise de uma forma simples e econ\u00f3mica.<\/li>\n<li><strong>Recomenda\u00e7\u00e3o importante: <\/strong>Quando a embarca\u00e7\u00e3o se encontra em terra (invernada), recomenda-se a liga\u00e7\u00e3o tempor\u00e1ria do secund\u00e1rio \u00e0 terra da rede de 230V para manter a seguran\u00e7a el\u00e9ctrica.<\/li>\n<\/ul>\n<h2>3600 Watt Auto 115\/230V<\/h2>\n<p>Este modelo muda automaticamente para uma alimenta\u00e7\u00e3o de 115 V ou 230 V, consoante a tens\u00e3o de entrada.<br \/>\nFonte de alimenta\u00e7\u00e3o 88 V - 130 V: Comuta para 115 V<br \/>\nAlimenta\u00e7\u00e3o 185 - 250 V: comuta para a gama de alimenta\u00e7\u00e3o de 230 V.<br \/>\nNota: A tens\u00e3o de entrada CA aumenta numa propor\u00e7\u00e3o de 1:1,05 na sa\u00edda CA.<\/p>\n<p>&nbsp;<\/p>\n<p><img fetchpriority=\"high\" decoding=\"async\" class=\"alignnone size-full wp-image-5865\" src=\"https:\/\/fvcomponentes.com\/wp-content\/uploads\/2023\/03\/ISOLATION.png\" alt=\"Transformador de isolamento Victron 2000W 115\/230V - ITR040202041\" width=\"437\" height=\"185\" title=\"\"><\/p>\n<h2>Ficha t\u00e9cnica Transformador de isolamento autom\u00e1tico 115\/230V Victron 3600W - ITR050362041<\/h2>\n<p><a href=\"https:\/\/fvcomponentes.com\/wp-content\/uploads\/2023\/03\/isolation-ES.pdf\" target=\"_blank\" rel=\"noopener\">Ver ficha de dados do transformador de isolamento Victron 3600W auto 115\/230V - ITR050362041<\/a><\/p>\n<h2>Transformador de isolamento manual Victron 3600W auto 115\/230V - ITR050362041<\/h2>\n<p><a href=\"https:\/\/fvcomponentes.com\/wp-content\/uploads\/2025\/10\/Manual-Isolation-Transformer-3600W-Auto-115-230V-ES-P-old.pdf\" target=\"_blank\" rel=\"noopener\">Ver manual do transformador de isolamento Victron 3600W auto 115\/230V - ITR050362041<\/a><\/p>","protected":false},"excerpt":{"rendered":"<p><strong>Tens\u00e3o de entrada:<\/strong> 115\/230 V comuta\u00e7\u00e3o autom\u00e1tica 115\/230 V<br \/>\n<strong>Sair:<\/strong> 115 ou 230 V<br \/>\n<strong>Frequ\u00eancia:<\/strong> 50\/60 Hz<br \/>\n<strong>Peso:<\/strong> 24 kg<br \/>\n<strong>Dimens\u00f5es:<\/strong> 362 x 258 x 218 mm<\/p>","protected":false},"featured_media":5885,"comment_status":"open","ping_status":"closed","template":"","meta":{"site-sidebar-layout":"default","site-content-layout":"default","ast-site-content-layout":"default","site-content-style":"default","site-sidebar-style":"default","ast-global-header-display":"","ast-banner-title-visibility":"","ast-main-header-display":"","ast-hfb-above-header-display":"","ast-hfb-below-header-display":"","ast-hfb-mobile-header-display":"","site-post-title":"","ast-breadcrumbs-content":"","ast-featured-img":"","footer-sml-layout":"","ast-disable-related-posts":"","theme-transparent-header-meta":"default","adv-header-id-meta":"","stick-header-meta":"","header-above-stick-meta":"","header-main-stick-meta":"","header-below-stick-meta":"","astra-migrate-meta-layouts":"set","ast-page-background-enabled":"default","ast-page-background-meta":{"desktop":{"background-color":"var(--ast-global-color-4)","background-image":"","background-repeat":"repeat","background-position":"center center","background-size":"auto","background-attachment":"scroll","background-type":"","background-media":"","overlay-type":"","overlay-color":"","overlay-opacity":"","overlay-gradient":""},"tablet":{"background-color":"","background-image":"","background-repeat":"repeat","background-position":"center center","background-size":"auto","background-attachment":"scroll","background-type":"","background-media":"","overlay-type":"","overlay-color":"","overlay-opacity":"","overlay-gradient":""},"mobile":{"background-color":"","background-image":"","background-repeat":"repeat","background-position":"center center","background-size":"auto","background-attachment":"scroll","background-type":"","background-media":"","overlay-type":"","overlay-color":"","overlay-opacity":"","overlay-gradient":""}},"ast-content-background-meta":{"desktop":{"background-color":"var(--ast-global-color-5)","background-image":"","background-repeat":"repeat","background-position":"center center","background-size":"auto","background-attachment":"scroll","background-type":"","background-media":"","overlay-type":"","overlay-color":"","overlay-opacity":"","overlay-gradient":""},"tablet":{"background-color":"var(--ast-global-color-5)","background-image":"","background-repeat":"repeat","background-position":"center center","background-size":"auto","background-attachment":"scroll","background-type":"","background-media":"","overlay-type":"","overlay-color":"","overlay-opacity":"","overlay-gradient":""},"mobile":{"background-color":"var(--ast-global-color-5)","background-image":"","background-repeat":"repeat","background-position":"center center","background-size":"auto","background-attachment":"scroll","background-type":"","background-media":"","overlay-type":"","overlay-color":"","overlay-opacity":"","overlay-gradient":""}}},"pwb-brand":[332],"product_brand":[],"product_cat":[895],"product_tag":[],"class_list":{"0":"post-5879","1":"product","2":"type-product","3":"status-publish","4":"has-post-thumbnail","6":"pwb-brand-victron","7":"product_cat-transformadores","8":"desktop-align-left","9":"tablet-align-left","10":"mobile-align-left","11":"ast-product-gallery-layout-horizontal-slider","12":"ast-product-tabs-layout-horizontal","14":"first","15":"instock","16":"taxable","17":"shipping-taxable","18":"purchasable","19":"product-type-simple"},"wcpa_form_fields":null,"brands":[{"id":332,"name":"Victron Energia","slug":"victron"}],"_links":{"self":[{"href":"https:\/\/fvcomponentes.com\/pt\/wp-json\/wp\/v2\/product\/5879","targetHints":{"allow":["GET"]}}],"collection":[{"href":"https:\/\/fvcomponentes.com\/pt\/wp-json\/wp\/v2\/product"}],"about":[{"href":"https:\/\/fvcomponentes.com\/pt\/wp-json\/wp\/v2\/types\/product"}],"replies":[{"embeddable":true,"href":"https:\/\/fvcomponentes.com\/pt\/wp-json\/wp\/v2\/comments?post=5879"}],"wp:featuredmedia":[{"embeddable":true,"href":"https:\/\/fvcomponentes.com\/pt\/wp-json\/wp\/v2\/media\/5885"}],"wp:attachment":[{"href":"https:\/\/fvcomponentes.com\/pt\/wp-json\/wp\/v2\/media?parent=5879"}],"wp:term":[{"taxonomy":"pwb-brand","embeddable":true,"href":"https:\/\/fvcomponentes.com\/pt\/wp-json\/wp\/v2\/pwb-brand?post=5879"},{"taxonomy":"product_brand","embeddable":true,"href":"https:\/\/fvcomponentes.com\/pt\/wp-json\/wp\/v2\/product_brand?post=5879"},{"taxonomy":"product_cat","embeddable":true,"href":"https:\/\/fvcomponentes.com\/pt\/wp-json\/wp\/v2\/product_cat?post=5879"},{"taxonomy":"product_tag","embeddable":true,"href":"https:\/\/fvcomponentes.com\/pt\/wp-json\/wp\/v2\/product_tag?post=5879"}],"curies":[{"name":"wp","href":"https:\/\/api.w.org\/{rel}","templated":true}]}}