{"id":5862,"date":"2023-10-19T10:05:57","date_gmt":"2023-10-19T08:05:57","guid":{"rendered":"https:\/\/fvcomponentes.com\/?post_type=product&#038;p=5862"},"modified":"2026-01-15T10:10:07","modified_gmt":"2026-01-15T09:10:07","slug":"estacao-de-carregamento-victron-para-veiculos-electricos-22-kw-evc300400300","status":"publish","type":"product","link":"https:\/\/fvcomponentes.com\/pt\/producto\/estacion-de-carga-victron-para-vehiculos-electricos-22-kw-evc300400300\/","title":{"rendered":"Carregador de carro el\u00e9trico Victron 22 kW - EVC300400300"},"content":{"rendered":"<h2>Caracter\u00edsticas do carregador de carro el\u00e9trico Victron 22 kW - EVC300400300<\/h2>\n<p>O carregador de carro el\u00e9trico Victron NS 22 kW - EVC200300200 pode funcionar em modo trif\u00e1sico e monof\u00e1sico. Fornece um m\u00e1ximo de 22 kW CA no modo trif\u00e1sico e 7,3 kW no modo monof\u00e1sico.<\/p>\n<h2>Comunica\u00e7\u00e3o WiFi<\/h2>\n<p>WiFi: 802.11 b\/g\/n para configura\u00e7\u00e3o, monitoriza\u00e7\u00e3o e controlo. O m\u00f3dulo WiFi interno pode ser configurado em modo de ponto de acesso ou de esta\u00e7\u00e3o para a configura\u00e7\u00e3o inicial e a monitoriza\u00e7\u00e3o.<\/p>\n<h2>Opera\u00e7\u00e3o e controlo f\u00e1ceis atrav\u00e9s de Bluetooth e da aplica\u00e7\u00e3o <a href=\"https:\/\/www.victronenergy.com.es\/panel-systems-remote-monitoring\/victronconnect\" target=\"_blank\" rel=\"noopener\">VictronConnect<\/a><\/h2>\n<p>Controlo completo e vis\u00e3o geral de todos os par\u00e2metros de funcionamento e estat\u00edsticas da sess\u00e3o num relance.<\/p>\n<h2>Ecr\u00e3 t\u00e1til LCD<\/h2>\n<p>Ecr\u00e3 t\u00e1til LCD de 4,3 polegadas para monitoriza\u00e7\u00e3o e controlo.<\/p>\n<h2>Anel luminoso para uma vis\u00e3o geral r\u00e1pida do estado do dispositivo<\/h2>\n<p>Anel luminoso RGB totalmente program\u00e1vel \u00e0 volta da porta de carregamento para determinar rapidamente o estado do dispositivo. Pode ser programado a partir da interface Web integrada para apresentar diferentes efeitos de luz, consoante o estado atual (offline, a carregar, a carregar, etc.).<\/p>\n<h2>Est\u00e3o dispon\u00edveis tr\u00eas modos de funcionamento para o carregador de carro el\u00e9trico Victron 22 kW - EVC300400300:<\/h2>\n<ol>\n<li><strong>Modo manual para definir a corrente de sa\u00edda<\/strong><br \/>\nO modo manual permite definir a corrente de sa\u00edda entre 6 e 32 A. A pot\u00eancia de carregamento \u00e9 controlada de duas formas: com a barra do ecr\u00e3 t\u00e1til LCD ou com a sua p\u00e1gina Web. Permite iniciar ou parar manualmente o processo de carregamento quando um ve\u00edculo est\u00e1 ligado ao carregador para autom\u00f3veis el\u00e9ctricos.<\/li>\n<li><strong>Modo autom\u00e1tico para garantir a m\u00e1xima efici\u00eancia do sistema<\/strong><br \/>\nDetecta quando h\u00e1 excesso de energia e utiliza apenas essa energia para carregar o ve\u00edculo.<\/li>\n<li><strong>Modo programado para carregar o ve\u00edculo el\u00e9trico em determinados intervalos de tempo.<\/strong><br \/>\nUm programador totalmente program\u00e1vel permite o carregamento em diferentes intervalos de tempo, por exemplo, em determinadas horas da noite, quando a energia da rede \u00e9 mais barata.<\/li>\n<\/ol>\n<h2>Integra\u00e7\u00e3o com o dispositivo GX e VRM<\/h2>\n<p>Controlo e monitoriza\u00e7\u00e3o do carregador de carro el\u00e9trico Victron 22 kW a partir do ecr\u00e3 t\u00e1til de um dispositivo GX, como o <a href=\"https:\/\/fvcomponentes.com\/pt\/produto\/monitor-victron-cerbo-gx-mk2-bpp900451100-victron-cerbo-mk2\/\" target=\"_blank\" rel=\"noopener\">Monitoriza\u00e7\u00e3o Victron Cerbo GX MK2 - BPP900451100<\/a>e a consola remota e o portal do VRM. O portal VRM tamb\u00e9m oferece relat\u00f3rios em tempo real e personalizados para per\u00edodos de tempo configur\u00e1veis.<\/p>\n<div class=\"ast-oembed-container\" style=\"height: 100%;\"><iframe title=\"Novo Bluetooth e programa\u00e7\u00e3o adicionados \u00e0 esta\u00e7\u00e3o de carregamento de ve\u00edculos el\u00e9ctricos Victron\" width=\"500\" height=\"281\" src=\"https:\/\/www.youtube.com\/embed\/uVVsdSj9pmg?start=220&#038;feature=oembed&#038;enablejsapi=1&#038;origin=https:\/\/fvcomponentes.com\" frameborder=\"0\" allow=\"accelerometer; autoplay; clipboard-write; encrypted-media; gyroscope; picture-in-picture; web-share\" referrerpolicy=\"strict-origin-when-cross-origin\" allowfullscreen><\/iframe><\/div>\n<h2>Ficha t\u00e9cnica Carregador de carro el\u00e9trico Victron 22 kW - EVC300400300<\/h2>\n<p><a href=\"https:\/\/fvcomponentes.com\/wp-content\/uploads\/2023\/03\/Datasheet-EV-Charging-Station-ES.pdf\" target=\"_blank\" rel=\"noopener\">Ver ficha t\u00e9cnica do carregador para ve\u00edculos el\u00e9ctricos Victron 22 kW - EVC300400300<\/a><\/p>","protected":false},"excerpt":{"rendered":"<ul>\n<li><span style=\"color: #ff0000\"><strong>Sem cabo de carregamento<\/strong><\/span><\/li>\n<li><strong>Gama de tens\u00e3o de entrada (VAC):<\/strong> 170 - 265 VAC<\/li>\n<li><strong>Corrente de carga nominal:<\/strong> 32 A \/ fase<\/li>\n<li><strong>Pot\u00eancia nominal:<\/strong> 22 kW<\/li>\n<li><strong>Gama de sa\u00edda de corrente:<\/strong> 6 - 32 A<\/li>\n<li><strong>Peso:<\/strong> 3 kg<\/li>\n<li><strong>Dimens\u00f5es<\/strong>: 377 x 307 x 148 mm<\/li>\n<\/ul>","protected":false},"featured_media":7113,"comment_status":"open","ping_status":"closed","template":"","meta":{"site-sidebar-layout":"default","site-content-layout":"default","ast-site-content-layout":"default","site-content-style":"default","site-sidebar-style":"default","ast-global-header-display":"","ast-banner-title-visibility":"","ast-main-header-display":"","ast-hfb-above-header-display":"","ast-hfb-below-header-display":"","ast-hfb-mobile-header-display":"","site-post-title":"","ast-breadcrumbs-content":"","ast-featured-img":"","footer-sml-layout":"","ast-disable-related-posts":"","theme-transparent-header-meta":"default","adv-header-id-meta":"","stick-header-meta":"","header-above-stick-meta":"","header-main-stick-meta":"","header-below-stick-meta":"","astra-migrate-meta-layouts":"set","ast-page-background-enabled":"default","ast-page-background-meta":{"desktop":{"background-color":"var(--ast-global-color-4)","background-image":"","background-repeat":"repeat","background-position":"center center","background-size":"auto","background-attachment":"scroll","background-type":"","background-media":"","overlay-type":"","overlay-color":"","overlay-opacity":"","overlay-gradient":""},"tablet":{"background-color":"","background-image":"","background-repeat":"repeat","background-position":"center center","background-size":"auto","background-attachment":"scroll","background-type":"","background-media":"","overlay-type":"","overlay-color":"","overlay-opacity":"","overlay-gradient":""},"mobile":{"background-color":"","background-image":"","background-repeat":"repeat","background-position":"center center","background-size":"auto","background-attachment":"scroll","background-type":"","background-media":"","overlay-type":"","overlay-color":"","overlay-opacity":"","overlay-gradient":""}},"ast-content-background-meta":{"desktop":{"background-color":"var(--ast-global-color-5)","background-image":"","background-repeat":"repeat","background-position":"center center","background-size":"auto","background-attachment":"scroll","background-type":"","background-media":"","overlay-type":"","overlay-color":"","overlay-opacity":"","overlay-gradient":""},"tablet":{"background-color":"var(--ast-global-color-5)","background-image":"","background-repeat":"repeat","background-position":"center center","background-size":"auto","background-attachment":"scroll","background-type":"","background-media":"","overlay-type":"","overlay-color":"","overlay-opacity":"","overlay-gradient":""},"mobile":{"background-color":"var(--ast-global-color-5)","background-image":"","background-repeat":"repeat","background-position":"center center","background-size":"auto","background-attachment":"scroll","background-type":"","background-media":"","overlay-type":"","overlay-color":"","overlay-opacity":"","overlay-gradient":""}}},"pwb-brand":[332],"product_brand":[],"product_cat":[385],"product_tag":[],"class_list":{"0":"post-5862","1":"product","2":"type-product","3":"status-publish","4":"has-post-thumbnail","6":"pwb-brand-victron","7":"product_cat-cargadores-para-vehiculo-electrico","8":"desktop-align-left","9":"tablet-align-left","10":"mobile-align-left","11":"ast-product-gallery-layout-horizontal-slider","12":"ast-product-tabs-layout-horizontal","14":"first","15":"instock","16":"taxable","17":"shipping-taxable","18":"purchasable","19":"product-type-simple"},"wcpa_form_fields":null,"brands":[{"id":332,"name":"Victron Energia","slug":"victron"}],"_links":{"self":[{"href":"https:\/\/fvcomponentes.com\/pt\/wp-json\/wp\/v2\/product\/5862","targetHints":{"allow":["GET"]}}],"collection":[{"href":"https:\/\/fvcomponentes.com\/pt\/wp-json\/wp\/v2\/product"}],"about":[{"href":"https:\/\/fvcomponentes.com\/pt\/wp-json\/wp\/v2\/types\/product"}],"replies":[{"embeddable":true,"href":"https:\/\/fvcomponentes.com\/pt\/wp-json\/wp\/v2\/comments?post=5862"}],"wp:featuredmedia":[{"embeddable":true,"href":"https:\/\/fvcomponentes.com\/pt\/wp-json\/wp\/v2\/media\/7113"}],"wp:attachment":[{"href":"https:\/\/fvcomponentes.com\/pt\/wp-json\/wp\/v2\/media?parent=5862"}],"wp:term":[{"taxonomy":"pwb-brand","embeddable":true,"href":"https:\/\/fvcomponentes.com\/pt\/wp-json\/wp\/v2\/pwb-brand?post=5862"},{"taxonomy":"product_brand","embeddable":true,"href":"https:\/\/fvcomponentes.com\/pt\/wp-json\/wp\/v2\/product_brand?post=5862"},{"taxonomy":"product_cat","embeddable":true,"href":"https:\/\/fvcomponentes.com\/pt\/wp-json\/wp\/v2\/product_cat?post=5862"},{"taxonomy":"product_tag","embeddable":true,"href":"https:\/\/fvcomponentes.com\/pt\/wp-json\/wp\/v2\/product_tag?post=5862"}],"curies":[{"name":"wp","href":"https:\/\/api.w.org\/{rel}","templated":true}]}}