{"id":5861,"date":"2024-01-19T19:30:05","date_gmt":"2024-01-19T18:30:05","guid":{"rendered":"https:\/\/fvcomponentes.com\/?post_type=product&#038;p=5861"},"modified":"2026-04-08T21:31:47","modified_gmt":"2026-04-08T19:31:47","slug":"tomada-victron-32a-em-aco-inoxidavel-com-tampa-shp303202000","status":"publish","type":"product","link":"https:\/\/fvcomponentes.com\/pt\/producto\/toma-de-corriente-victron-32a-acero-inoxidable-con-tapa-shp303202000\/","title":{"rendered":"Tomada el\u00e9ctrica Victron 32A em a\u00e7o inoxid\u00e1vel com tampa - SHP303202000"},"content":{"rendered":"<h2>Victron 32A em a\u00e7o inoxid\u00e1vel com tampa<\/h2>\n<ul>\n<li>A import\u00e2ncia de ter um conetor de entrada de energia de alta qualidade n\u00e3o pode ser subestimada, especialmente em aplica\u00e7\u00f5es que requerem uma carga el\u00e9ctrica significativa. A este respeito, o conetor em quest\u00e3o prova ser uma solu\u00e7\u00e3o robusta e fi\u00e1vel, oferecendo uma impressionante capacidade de corrente at\u00e9 32 amperes e suportando tens\u00f5es at\u00e9 250 volts. Com dois p\u00f3los e tr\u00eas condutores, foi concebido para se ligar a uma tomada el\u00e9ctrica monof\u00e1sica, proporcionando uma fonte de alimenta\u00e7\u00e3o est\u00e1vel e segura.<\/li>\n<li>A cobertura que acompanha este conetor de entrada de alimenta\u00e7\u00e3o acrescenta um n\u00edvel adicional de prote\u00e7\u00e3o e versatilidade \u00e0 sua funcionalidade. A sua capacidade de resistir \u00e0 chuva e \u00e0 humidade torna-o a escolha ideal para aplica\u00e7\u00f5es no exterior, onde as intemp\u00e9ries podem ser um desafio constante. Esta carater\u00edstica assegura que o conetor e as suas liga\u00e7\u00f5es permanecem secos e protegidos, evitando danos e assegurando um funcionamento ininterrupto.<\/li>\n<li>Para al\u00e9m da sua resist\u00eancia \u00e0 \u00e1gua e \u00e0 humidade, o revestimento proporciona uma barreira eficaz contra danos f\u00edsicos e mant\u00e9m o conetor de entrada limpo e seguro. Isto \u00e9 essencial para garantir a durabilidade e a longevidade do conetor, reduzindo o risco de avarias e repara\u00e7\u00f5es dispendiosas. A prote\u00e7\u00e3o que proporciona \u00e9 especialmente valiosa em ambientes industriais ou aplica\u00e7\u00f5es no exterior, onde o equipamento el\u00e9trico \u00e9 frequentemente exposto a condi\u00e7\u00f5es adversas.<\/li>\n<\/ul>\n<p>Tamb\u00e9m dispon\u00edvel em 16A: <a href=\"https:\/\/fvcomponentes.com\/pt\/produto\/tomada-electrica-victron-16a-em-aco-inoxidavel-com-tampa-shp301602000\/\" target=\"_blank\" rel=\"noopener\">Tomada el\u00e9ctrica Victron 16A em a\u00e7o inoxid\u00e1vel com tampa - SHP301602000<\/a><\/p>\n<h2>Ficha t\u00e9cnica Tomada el\u00e9ctrica Victron 32A em a\u00e7o inoxid\u00e1vel com tampa - SHP303202000<\/h2>\n<p><a href=\"https:\/\/fvcomponentes.com\/wp-content\/uploads\/2023\/03\/Cable-de-alimentacion-de-tierra-EN.pdf\" target=\"_blank\" rel=\"noopener\">Ver tomada Victron 32A em a\u00e7o inoxid\u00e1vel com tampa - SHP303202000<\/a><\/p>","protected":false},"excerpt":{"rendered":"<p><span class=\"Y2IQFc\" lang=\"es\">Classifica\u00e7\u00e3o atual (A): 32<br \/>\nTens\u00e3o: 250<br \/>\nPeso (kg): 0,65<\/span><\/p>","protected":false},"featured_media":5856,"comment_status":"open","ping_status":"closed","template":"","meta":{"site-sidebar-layout":"default","site-content-layout":"default","ast-site-content-layout":"default","site-content-style":"default","site-sidebar-style":"default","ast-global-header-display":"","ast-banner-title-visibility":"","ast-main-header-display":"","ast-hfb-above-header-display":"","ast-hfb-below-header-display":"","ast-hfb-mobile-header-display":"","site-post-title":"","ast-breadcrumbs-content":"","ast-featured-img":"","footer-sml-layout":"","ast-disable-related-posts":"","theme-transparent-header-meta":"default","adv-header-id-meta":"","stick-header-meta":"","header-above-stick-meta":"","header-main-stick-meta":"","header-below-stick-meta":"","astra-migrate-meta-layouts":"set","ast-page-background-enabled":"default","ast-page-background-meta":{"desktop":{"background-color":"var(--ast-global-color-4)","background-image":"","background-repeat":"repeat","background-position":"center center","background-size":"auto","background-attachment":"scroll","background-type":"","background-media":"","overlay-type":"","overlay-color":"","overlay-opacity":"","overlay-gradient":""},"tablet":{"background-color":"","background-image":"","background-repeat":"repeat","background-position":"center center","background-size":"auto","background-attachment":"scroll","background-type":"","background-media":"","overlay-type":"","overlay-color":"","overlay-opacity":"","overlay-gradient":""},"mobile":{"background-color":"","background-image":"","background-repeat":"repeat","background-position":"center center","background-size":"auto","background-attachment":"scroll","background-type":"","background-media":"","overlay-type":"","overlay-color":"","overlay-opacity":"","overlay-gradient":""}},"ast-content-background-meta":{"desktop":{"background-color":"var(--ast-global-color-5)","background-image":"","background-repeat":"repeat","background-position":"center center","background-size":"auto","background-attachment":"scroll","background-type":"","background-media":"","overlay-type":"","overlay-color":"","overlay-opacity":"","overlay-gradient":""},"tablet":{"background-color":"var(--ast-global-color-5)","background-image":"","background-repeat":"repeat","background-position":"center center","background-size":"auto","background-attachment":"scroll","background-type":"","background-media":"","overlay-type":"","overlay-color":"","overlay-opacity":"","overlay-gradient":""},"mobile":{"background-color":"var(--ast-global-color-5)","background-image":"","background-repeat":"repeat","background-position":"center center","background-size":"auto","background-attachment":"scroll","background-type":"","background-media":"","overlay-type":"","overlay-color":"","overlay-opacity":"","overlay-gradient":""}}},"pwb-brand":[332],"product_brand":[],"product_cat":[410,878],"product_tag":[],"class_list":{"0":"post-5861","1":"product","2":"type-product","3":"status-publish","4":"has-post-thumbnail","6":"pwb-brand-victron","7":"product_cat-material-electrico","8":"product_cat-cables-victron","9":"desktop-align-left","10":"tablet-align-left","11":"mobile-align-left","12":"ast-product-gallery-layout-horizontal-slider","13":"ast-product-tabs-layout-horizontal","15":"first","16":"instock","17":"taxable","18":"shipping-taxable","19":"purchasable","20":"product-type-simple"},"wcpa_form_fields":null,"brands":[{"id":332,"name":"Victron Energia","slug":"victron"}],"_links":{"self":[{"href":"https:\/\/fvcomponentes.com\/pt\/wp-json\/wp\/v2\/product\/5861","targetHints":{"allow":["GET"]}}],"collection":[{"href":"https:\/\/fvcomponentes.com\/pt\/wp-json\/wp\/v2\/product"}],"about":[{"href":"https:\/\/fvcomponentes.com\/pt\/wp-json\/wp\/v2\/types\/product"}],"replies":[{"embeddable":true,"href":"https:\/\/fvcomponentes.com\/pt\/wp-json\/wp\/v2\/comments?post=5861"}],"wp:featuredmedia":[{"embeddable":true,"href":"https:\/\/fvcomponentes.com\/pt\/wp-json\/wp\/v2\/media\/5856"}],"wp:attachment":[{"href":"https:\/\/fvcomponentes.com\/pt\/wp-json\/wp\/v2\/media?parent=5861"}],"wp:term":[{"taxonomy":"pwb-brand","embeddable":true,"href":"https:\/\/fvcomponentes.com\/pt\/wp-json\/wp\/v2\/pwb-brand?post=5861"},{"taxonomy":"product_brand","embeddable":true,"href":"https:\/\/fvcomponentes.com\/pt\/wp-json\/wp\/v2\/product_brand?post=5861"},{"taxonomy":"product_cat","embeddable":true,"href":"https:\/\/fvcomponentes.com\/pt\/wp-json\/wp\/v2\/product_cat?post=5861"},{"taxonomy":"product_tag","embeddable":true,"href":"https:\/\/fvcomponentes.com\/pt\/wp-json\/wp\/v2\/product_tag?post=5861"}],"curies":[{"name":"wp","href":"https:\/\/api.w.org\/{rel}","templated":true}]}}