{"id":5859,"date":"2024-01-19T19:30:11","date_gmt":"2024-01-19T18:30:11","guid":{"rendered":"https:\/\/fvcomponentes.com\/?post_type=product&#038;p=5859"},"modified":"2026-04-08T21:30:52","modified_gmt":"2026-04-08T19:30:52","slug":"tomada-electrica-victron-16a-em-aco-inoxidavel-com-tampa-shp301602000","status":"publish","type":"product","link":"https:\/\/fvcomponentes.com\/pt\/producto\/toma-de-corriente-victron-16a-acero-inoxidable-con-tapa-shp301602000\/","title":{"rendered":"Tomada el\u00e9ctrica Victron 16A em a\u00e7o inoxid\u00e1vel com tampa - SHP301602000"},"content":{"rendered":"<p>Elemento essencial para a liga\u00e7\u00e3o da alimenta\u00e7\u00e3o el\u00e9ctrica de <strong>corrente alternada<\/strong>\u00a0aos sistemas el\u00e9ctricos.<\/p>\n<ul>\n<li>Certifica\u00e7\u00e3o CE.<\/li>\n<li>Cabo de alimenta\u00e7\u00e3o e tomada de alimenta\u00e7\u00e3o com liga\u00e7\u00e3o \u00e0 terra \u00e0 prova de \u00e1gua IP 56.<\/li>\n<li>Ficha e conetor moldados.<\/li>\n<li>LED indicador de alimenta\u00e7\u00e3o.<\/li>\n<li>Tampa de prote\u00e7\u00e3o no conetor f\u00eamea.<\/li>\n<li>Tomada de entrada em a\u00e7o inoxid\u00e1vel ou poliamida.<\/li>\n<li>Est\u00e3o dispon\u00edveis muitos cabos adaptadores diferentes.<\/li>\n<li>Tampa em a\u00e7o inoxid\u00e1vel 16 A.<\/li>\n<li>Adapta-se \u00fanica e exclusivamente ao cabo amarelo.<\/li>\n<li>Ideal para barcos ou caravanas.<\/li>\n<\/ul>\n<p>Tamb\u00e9m dispon\u00edvel em poliamida: <a href=\"https:\/\/fvcomponentes.com\/pt\/produto\/tomada-electrica-de-poliamida-16a-da-victron-com-tampa-shp301603000\/\" target=\"_blank\" rel=\"noopener\">Tomada de poliamida 16A Victron com tampa - SHP301603000<\/a><\/p>\n<p>E em a\u00e7o inoxid\u00e1vel em 32A: <a href=\"https:\/\/fvcomponentes.com\/pt\/produto\/tomada-victron-32a-em-aco-inoxidavel-com-tampa-shp303202000\/\" target=\"_blank\" rel=\"noopener\">Tomada el\u00e9ctrica Victron 32A em a\u00e7o inoxid\u00e1vel com tampa - SHP303202000<\/a><\/p>\n<h2>Ficha t\u00e9cnica Tomada Victron 16A em a\u00e7o inoxid\u00e1vel com tampa - SHP301602000<\/h2>\n<p><a href=\"https:\/\/fvcomponentes.com\/wp-content\/uploads\/2023\/03\/Cable-de-alimentacion-de-tierra-EN.pdf\" target=\"_blank\" rel=\"noopener\">Ver Victron Tomada de a\u00e7o inoxid\u00e1vel 16A com tampa - SHP301602000<\/a><\/p>","protected":false},"excerpt":{"rendered":"<p><span class=\"Y2IQFc\" lang=\"es\">Classifica\u00e7\u00e3o atual (A): 16<br \/>\nTens\u00e3o: 250<br \/>\nPeso (kg): 0,34<\/span><\/p>","protected":false},"featured_media":5856,"comment_status":"open","ping_status":"closed","template":"","meta":{"site-sidebar-layout":"default","site-content-layout":"default","ast-site-content-layout":"default","site-content-style":"default","site-sidebar-style":"default","ast-global-header-display":"","ast-banner-title-visibility":"","ast-main-header-display":"","ast-hfb-above-header-display":"","ast-hfb-below-header-display":"","ast-hfb-mobile-header-display":"","site-post-title":"","ast-breadcrumbs-content":"","ast-featured-img":"","footer-sml-layout":"","ast-disable-related-posts":"","theme-transparent-header-meta":"default","adv-header-id-meta":"","stick-header-meta":"","header-above-stick-meta":"","header-main-stick-meta":"","header-below-stick-meta":"","astra-migrate-meta-layouts":"set","ast-page-background-enabled":"default","ast-page-background-meta":{"desktop":{"background-color":"var(--ast-global-color-4)","background-image":"","background-repeat":"repeat","background-position":"center center","background-size":"auto","background-attachment":"scroll","background-type":"","background-media":"","overlay-type":"","overlay-color":"","overlay-opacity":"","overlay-gradient":""},"tablet":{"background-color":"","background-image":"","background-repeat":"repeat","background-position":"center center","background-size":"auto","background-attachment":"scroll","background-type":"","background-media":"","overlay-type":"","overlay-color":"","overlay-opacity":"","overlay-gradient":""},"mobile":{"background-color":"","background-image":"","background-repeat":"repeat","background-position":"center center","background-size":"auto","background-attachment":"scroll","background-type":"","background-media":"","overlay-type":"","overlay-color":"","overlay-opacity":"","overlay-gradient":""}},"ast-content-background-meta":{"desktop":{"background-color":"var(--ast-global-color-5)","background-image":"","background-repeat":"repeat","background-position":"center center","background-size":"auto","background-attachment":"scroll","background-type":"","background-media":"","overlay-type":"","overlay-color":"","overlay-opacity":"","overlay-gradient":""},"tablet":{"background-color":"var(--ast-global-color-5)","background-image":"","background-repeat":"repeat","background-position":"center center","background-size":"auto","background-attachment":"scroll","background-type":"","background-media":"","overlay-type":"","overlay-color":"","overlay-opacity":"","overlay-gradient":""},"mobile":{"background-color":"var(--ast-global-color-5)","background-image":"","background-repeat":"repeat","background-position":"center center","background-size":"auto","background-attachment":"scroll","background-type":"","background-media":"","overlay-type":"","overlay-color":"","overlay-opacity":"","overlay-gradient":""}}},"pwb-brand":[332],"product_brand":[],"product_cat":[410,878],"product_tag":[],"class_list":{"0":"post-5859","1":"product","2":"type-product","3":"status-publish","4":"has-post-thumbnail","6":"pwb-brand-victron","7":"product_cat-material-electrico","8":"product_cat-cables-victron","9":"desktop-align-left","10":"tablet-align-left","11":"mobile-align-left","12":"ast-product-gallery-layout-horizontal-slider","13":"ast-product-tabs-layout-horizontal","15":"first","16":"instock","17":"taxable","18":"shipping-taxable","19":"purchasable","20":"product-type-simple"},"wcpa_form_fields":null,"brands":[{"id":332,"name":"Victron Energia","slug":"victron"}],"_links":{"self":[{"href":"https:\/\/fvcomponentes.com\/pt\/wp-json\/wp\/v2\/product\/5859","targetHints":{"allow":["GET"]}}],"collection":[{"href":"https:\/\/fvcomponentes.com\/pt\/wp-json\/wp\/v2\/product"}],"about":[{"href":"https:\/\/fvcomponentes.com\/pt\/wp-json\/wp\/v2\/types\/product"}],"replies":[{"embeddable":true,"href":"https:\/\/fvcomponentes.com\/pt\/wp-json\/wp\/v2\/comments?post=5859"}],"wp:featuredmedia":[{"embeddable":true,"href":"https:\/\/fvcomponentes.com\/pt\/wp-json\/wp\/v2\/media\/5856"}],"wp:attachment":[{"href":"https:\/\/fvcomponentes.com\/pt\/wp-json\/wp\/v2\/media?parent=5859"}],"wp:term":[{"taxonomy":"pwb-brand","embeddable":true,"href":"https:\/\/fvcomponentes.com\/pt\/wp-json\/wp\/v2\/pwb-brand?post=5859"},{"taxonomy":"product_brand","embeddable":true,"href":"https:\/\/fvcomponentes.com\/pt\/wp-json\/wp\/v2\/product_brand?post=5859"},{"taxonomy":"product_cat","embeddable":true,"href":"https:\/\/fvcomponentes.com\/pt\/wp-json\/wp\/v2\/product_cat?post=5859"},{"taxonomy":"product_tag","embeddable":true,"href":"https:\/\/fvcomponentes.com\/pt\/wp-json\/wp\/v2\/product_tag?post=5859"}],"curies":[{"name":"wp","href":"https:\/\/api.w.org\/{rel}","templated":true}]}}