{"id":5825,"date":"2024-01-19T19:29:26","date_gmt":"2024-01-19T18:29:26","guid":{"rendered":"https:\/\/fvcomponentes.com\/?post_type=product&#038;p=5825"},"modified":"2026-04-04T12:51:45","modified_gmt":"2026-04-04T10:51:45","slug":"carregador-victron-skylla-i-24-80-11-ski024080000","status":"publish","type":"product","link":"https:\/\/fvcomponentes.com\/pt\/producto\/cargador-victron-skylla-i-24-80-11-ski024080000\/","title":{"rendered":"Carregador Victron Skylla-i 24-80 (1+1)- SKI024080000"},"content":{"rendered":"<h2>Skylla-i (1+1): duas tomadas para carregar 2 bancos de baterias<\/h2>\n<p>O Skylla-i (1+1) disp\u00f5e de 2 sa\u00eddas isoladas. A segunda sa\u00edda, limitada a cerca de 4 A, e com uma tens\u00e3o de sa\u00edda ligeiramente inferior, foi concebida para carregar totalmente uma bateria de arranque.<\/p>\n<h2>Skylla-i (3): tr\u00eas sa\u00eddas de corrente total para carregar 3 bancos de baterias<\/h2>\n<p>O Skylla-i (3) tem 3 sa\u00eddas isoladas. Todas as sa\u00eddas podem fornecer a corrente de sa\u00edda nominal total.<\/p>\n<h2>Robusto<\/h2>\n<p>As caixas de alum\u00ednio revestidas a p\u00f3 ep\u00f3xi, com prote\u00e7\u00e3o anti-gotejamento e ferragens em a\u00e7o inoxid\u00e1vel, suportam os rigores dos ambientes mais adversos: calor, humidade e ar salgado. As placas de circuito impresso s\u00e3o protegidas com um revestimento acr\u00edlico para m\u00e1xima resist\u00eancia \u00e0 corros\u00e3o. Os sensores de temperatura asseguram que os componentes el\u00e9ctricos funcionar\u00e3o sempre dentro dos limites especificados, reduzindo automaticamente a corrente de sa\u00edda, se necess\u00e1rio, em condi\u00e7\u00f5es ambientais.<br \/>\nextremos.<\/p>\n<h2>Flex\u00edvel<\/h2>\n<p>Al\u00e9m da interface CAN-bus (NMEA 2000), est\u00e3o dispon\u00edveis um interrutor rotativo, interruptores DIP e potenci\u00f3metros para adaptar o algoritmo de carregamento a uma bateria espec\u00edfica e \u00e0s suas condi\u00e7\u00f5es de utiliza\u00e7\u00e3o.<\/p>\n<h2>Caracter\u00edsticas importantes:<\/h2>\n<h2>Funcionamento em paralelo sincronizado<\/h2>\n<p>V\u00e1rios carregadores podem ser sincronizados com a interface CAN-bus. Para o efeito, basta ligar os carregadores com <a href=\"https:\/\/fvcomponentes.com\/pt\/produto\/cabo-victron-utp-rj45-30m-ass030065050-ass030065050\/\" target=\"_blank\" rel=\"noopener\">Cabos RJ45 UTP<\/a>. Funcionamento: Os carregadores de duas sa\u00eddas e de tr\u00eas sa\u00eddas n\u00e3o podem ser ligados em paralelo. Para mais informa\u00e7\u00f5es, consulte o manual.<\/p>\n<h2>A quantidade certa de carga para uma bateria de chumbo-\u00e1cido: tempo de absor\u00e7\u00e3o vari\u00e1vel<\/h2>\n<p>Quando a descarga \u00e9 superficial, a fase de absor\u00e7\u00e3o \u00e9 encurtada para evitar sobrecarregar a bateria. Ap\u00f3s uma descarga profunda, o tempo de carga de absor\u00e7\u00e3o \u00e9 automaticamente aumentado para garantir que a bateria \u00e9 totalmente recarregada.<\/p>\n<h2>Preven\u00e7\u00e3o de danos causados por excesso de g\u00e1s: o modo BatterySafe<\/h2>\n<p>Se tiver sido escolhida uma combina\u00e7\u00e3o de corrente de carga elevada e tens\u00e3o de absor\u00e7\u00e3o elevada para carregar rapidamente uma bateria, o Skylla-i evitar\u00e1 os danos provocados pela sobregaseifica\u00e7\u00e3o, limitando automaticamente a taxa de aumento da tens\u00e3o quando a tens\u00e3o de gaseifica\u00e7\u00e3o for atingida.<\/p>\n<h2>Redu\u00e7\u00e3o do envelhecimento e da necessidade de manuten\u00e7\u00e3o quando a bateria n\u00e3o est\u00e1 a ser utilizada: modo de armazenamento<\/h2>\n<p>O modo de armazenamento \u00e9 ativado quando a bateria n\u00e3o tiver sido descarregada durante 24 horas. No modo de armazenamento, a tens\u00e3o de flutua\u00e7\u00e3o \u00e9 reduzida para 2,2 V\/c\u00e9lula (26,4 V para baterias de 24 V) para reduzir a forma\u00e7\u00e3o de gases e a corros\u00e3o das placas positivas. Uma vez por semana, a tens\u00e3o \u00e9 aumentada para o n\u00edvel de absor\u00e7\u00e3o para \"refrescar\" a bateria. Esta fun\u00e7\u00e3o evita a estratifica\u00e7\u00e3o e a sulfata\u00e7\u00e3o do eletr\u00f3lito, as principais causas de falha da bateria.<\/p>\n<h2>Para uma maior dura\u00e7\u00e3o da bateria: compensa\u00e7\u00e3o da temperatura<\/h2>\n<p>Todos os carregadores Skylla-i s\u00e3o fornecidos com um sensor de temperatura da bateria. Quando ligado, a tens\u00e3o de carga diminui automaticamente \u00e0 medida que a temperatura da bateria aumenta. Esta fun\u00e7\u00e3o \u00e9 especialmente recomendada para baterias de chumbo-\u00e1cido seladas e\/ou quando s\u00e3o esperadas grandes flutua\u00e7\u00f5es de temperatura na bateria.<\/p>\n<h2>Sensor de tens\u00e3o da bateria<\/h2>\n<p>Para compensar as perdas de tens\u00e3o devidas \u00e0 resist\u00eancia dos cabos, o Skylla-i disp\u00f5e de uma fun\u00e7\u00e3o de sonda de tens\u00e3o para que a bateria receba sempre a tens\u00e3o de carga correcta.<\/p>\n<h2>Adequado para fontes de alimenta\u00e7\u00e3o AC e DC (funcionamento AC-DC e DC-DC)<\/h2>\n<p>Os carregadores tamb\u00e9m suportam corrente cont\u00ednua.<\/p>\n<h2>Utiliza\u00e7\u00e3o como fonte de alimenta\u00e7\u00e3o<\/h2>\n<p>Gra\u00e7as \u00e0 sua sa\u00edda de tens\u00e3o perfeitamente estabilizada, o Skylla-i pode ser utilizado como fonte de alimenta\u00e7\u00e3o nos casos em que n\u00e3o estejam dispon\u00edveis baterias ou condensadores de compensa\u00e7\u00e3o.<\/p>\n<h2>Preparado para i\u00f5es de l\u00edtio (LiFePo4)<\/h2>\n<p>O controlo simples de ligar\/desligar pode ser implementado ligando um rel\u00e9 ou optoacoplador com sa\u00edda de coletor aberto de um BMS de i\u00f5es de l\u00edtio \u00e0 porta de controlo remoto do carregador. O controlo total da tens\u00e3o e da corrente tamb\u00e9m \u00e9 poss\u00edvel atrav\u00e9s da liga\u00e7\u00e3o \u00e0 porta CAN-bus isolada galvanicamente.<\/p>\n<h2>Ficha t\u00e9cnica Carregador <a href=\"https:\/\/www.victronenergy.com.es\/\" target=\"_blank\" rel=\"noopener\">Victron<\/a> Skylla-i 24-80 (1+1)- SKI024080000<\/h2>\n<p><a href=\"https:\/\/fvcomponentes.com\/wp-content\/uploads\/2023\/03\/Datasheet-Skylla-i-ES.pdf\" target=\"_blank\" rel=\"noopener\">Ver ficha de dados Victron Skylla-i 24-80 (1+1)- SKI024080000<\/a><\/p>","protected":false},"excerpt":{"rendered":"<p><strong>Tens\u00e3o de entrada (VAC):<\/strong> 230 V<br \/>\n<strong>Gama de tens\u00e3o de entrada (VAC):<\/strong> 185-265 V<br \/>\n<strong>Gama de tens\u00e3o de entrada (VDC):<\/strong> 180-350 V<br \/>\n<strong>Frequ\u00eancia (Hz):<\/strong> 45-65 Hz<br \/>\n<strong>Fator de pot\u00eancia:<\/strong> 0,98<br \/>\n<strong>Peso:\u00a0<\/strong>7 kg<br \/>\n<strong>Dimens\u00f5es:\u00a0<\/strong>405 x 250 x 150 mm.<\/p>","protected":false},"featured_media":7110,"comment_status":"open","ping_status":"closed","template":"","meta":{"site-sidebar-layout":"default","site-content-layout":"default","ast-site-content-layout":"default","site-content-style":"default","site-sidebar-style":"default","ast-global-header-display":"","ast-banner-title-visibility":"","ast-main-header-display":"","ast-hfb-above-header-display":"","ast-hfb-below-header-display":"","ast-hfb-mobile-header-display":"","site-post-title":"","ast-breadcrumbs-content":"","ast-featured-img":"","footer-sml-layout":"","ast-disable-related-posts":"","theme-transparent-header-meta":"default","adv-header-id-meta":"","stick-header-meta":"","header-above-stick-meta":"","header-main-stick-meta":"","header-below-stick-meta":"","astra-migrate-meta-layouts":"set","ast-page-background-enabled":"default","ast-page-background-meta":{"desktop":{"background-color":"var(--ast-global-color-4)","background-image":"","background-repeat":"repeat","background-position":"center center","background-size":"auto","background-attachment":"scroll","background-type":"","background-media":"","overlay-type":"","overlay-color":"","overlay-opacity":"","overlay-gradient":""},"tablet":{"background-color":"","background-image":"","background-repeat":"repeat","background-position":"center center","background-size":"auto","background-attachment":"scroll","background-type":"","background-media":"","overlay-type":"","overlay-color":"","overlay-opacity":"","overlay-gradient":""},"mobile":{"background-color":"","background-image":"","background-repeat":"repeat","background-position":"center center","background-size":"auto","background-attachment":"scroll","background-type":"","background-media":"","overlay-type":"","overlay-color":"","overlay-opacity":"","overlay-gradient":""}},"ast-content-background-meta":{"desktop":{"background-color":"var(--ast-global-color-5)","background-image":"","background-repeat":"repeat","background-position":"center center","background-size":"auto","background-attachment":"scroll","background-type":"","background-media":"","overlay-type":"","overlay-color":"","overlay-opacity":"","overlay-gradient":""},"tablet":{"background-color":"var(--ast-global-color-5)","background-image":"","background-repeat":"repeat","background-position":"center center","background-size":"auto","background-attachment":"scroll","background-type":"","background-media":"","overlay-type":"","overlay-color":"","overlay-opacity":"","overlay-gradient":""},"mobile":{"background-color":"var(--ast-global-color-5)","background-image":"","background-repeat":"repeat","background-position":"center center","background-size":"auto","background-attachment":"scroll","background-type":"","background-media":"","overlay-type":"","overlay-color":"","overlay-opacity":"","overlay-gradient":""}}},"pwb-brand":[332],"product_brand":[],"product_cat":[419,462],"product_tag":[],"class_list":{"0":"post-5825","1":"product","2":"type-product","3":"status-publish","4":"has-post-thumbnail","6":"pwb-brand-victron","7":"product_cat-cargadores-de-baterias","8":"product_cat-cargador-de-baterias-24-v","9":"desktop-align-left","10":"tablet-align-left","11":"mobile-align-left","12":"ast-product-gallery-layout-horizontal-slider","13":"ast-product-tabs-layout-horizontal","15":"first","16":"instock","17":"taxable","18":"shipping-taxable","19":"purchasable","20":"product-type-simple"},"wcpa_form_fields":null,"brands":[{"id":332,"name":"Victron Energia","slug":"victron"}],"_links":{"self":[{"href":"https:\/\/fvcomponentes.com\/pt\/wp-json\/wp\/v2\/product\/5825","targetHints":{"allow":["GET"]}}],"collection":[{"href":"https:\/\/fvcomponentes.com\/pt\/wp-json\/wp\/v2\/product"}],"about":[{"href":"https:\/\/fvcomponentes.com\/pt\/wp-json\/wp\/v2\/types\/product"}],"replies":[{"embeddable":true,"href":"https:\/\/fvcomponentes.com\/pt\/wp-json\/wp\/v2\/comments?post=5825"}],"wp:featuredmedia":[{"embeddable":true,"href":"https:\/\/fvcomponentes.com\/pt\/wp-json\/wp\/v2\/media\/7110"}],"wp:attachment":[{"href":"https:\/\/fvcomponentes.com\/pt\/wp-json\/wp\/v2\/media?parent=5825"}],"wp:term":[{"taxonomy":"pwb-brand","embeddable":true,"href":"https:\/\/fvcomponentes.com\/pt\/wp-json\/wp\/v2\/pwb-brand?post=5825"},{"taxonomy":"product_brand","embeddable":true,"href":"https:\/\/fvcomponentes.com\/pt\/wp-json\/wp\/v2\/product_brand?post=5825"},{"taxonomy":"product_cat","embeddable":true,"href":"https:\/\/fvcomponentes.com\/pt\/wp-json\/wp\/v2\/product_cat?post=5825"},{"taxonomy":"product_tag","embeddable":true,"href":"https:\/\/fvcomponentes.com\/pt\/wp-json\/wp\/v2\/product_tag?post=5825"}],"curies":[{"name":"wp","href":"https:\/\/api.w.org\/{rel}","templated":true}]}}