{"id":5815,"date":"2024-01-19T19:29:26","date_gmt":"2024-01-19T18:29:26","guid":{"rendered":"https:\/\/fvcomponentes.com\/?post_type=product&#038;p=5815"},"modified":"2026-04-08T21:37:07","modified_gmt":"2026-04-08T19:37:07","slug":"carregador-victron-victron-skylla-gmdss-24-30-excl-painel-sdtg2400302","status":"publish","type":"product","link":"https:\/\/fvcomponentes.com\/pt\/producto\/cargador-victron-skylla-gmdss-24-30-excl-panel-sdtg2400302\/","title":{"rendered":"Carregador de painel Victron Skylla GMDSS 24-30 excl - SDTG2400302"},"content":{"rendered":"<h2 dir=\"ltr\" data-placeholder=\"Traducci\u00f3n\">Caracter\u00edsticas do carregador de painel Victron Skylla GMDSS 23-30 excl.<\/h2>\n<h2 id=\"tw-target-text\" class=\"tw-data-text tw-text-large tw-ta\" dir=\"ltr\" data-placeholder=\"Traducci\u00f3n\"><span class=\"Y2IQFc\" lang=\"es\">GMDSS<\/span><\/h2>\n<ul>\n<li class=\"tw-data-text tw-text-large tw-ta\" dir=\"ltr\" data-placeholder=\"Traducci\u00f3n\"><span class=\"Y2IQFc\" lang=\"es\">O Sistema Mundial de Socorro e Seguran\u00e7a Mar\u00edtima (GMDSS) foi desenvolvido pela Organiza\u00e7\u00e3o Mar\u00edtima Internacional (OMI) para melhorar as comunica\u00e7\u00f5es de socorro e seguran\u00e7a mar\u00edtima. <\/span><\/li>\n<\/ul>\n<h2 class=\"tw-data-text tw-text-large tw-ta\" dir=\"ltr\" data-placeholder=\"Traducci\u00f3n\"><span class=\"Y2IQFc\" lang=\"es\">Alimenta\u00e7\u00e3o el\u00e9ctrica<\/span><\/h2>\n<ul>\n<li class=\"tw-data-text tw-text-large tw-ta\" dir=\"ltr\" data-placeholder=\"Traducci\u00f3n\"><span class=\"Y2IQFc\" lang=\"es\">O <em>Carregador Victron Skylla GMDSS 23-30 excl painel<\/em> provou ser um excelente carregador de bateria e fonte de alimenta\u00e7\u00e3o para aplica\u00e7\u00f5es GMDSS. No entanto, quando se utiliza um carregador Skylla standard, \u00e9 necess\u00e1rio equipamento adicional para efetuar as fun\u00e7\u00f5es de monitoriza\u00e7\u00e3o e alarme exigidas pelo GMDSS.<\/span><\/li>\n<\/ul>\n<h2 class=\"tw-data-text tw-text-large tw-ta\" dir=\"ltr\" data-placeholder=\"Traducci\u00f3n\"><span class=\"Y2IQFc\" lang=\"es\">Instala\u00e7\u00e3o f\u00e1cil: Skylla GMDSS<\/span><\/h2>\n<ul>\n<li class=\"tw-data-text tw-text-large tw-ta\" dir=\"ltr\" data-placeholder=\"Traducci\u00f3n\"><span class=\"Y2IQFc\" lang=\"es\">O carregador <a href=\"https:\/\/www.victronenergy.com.es\/\" target=\"_blank\" rel=\"noopener\">Victron<\/a> O Skylla GMDSS foi concebido para fornecer todos os dados de alarme e monitoriza\u00e7\u00e3o necess\u00e1rios. Tanto a bateria como o sistema GMDSS est\u00e3o ligados diretamente ao carregador. Os dados e os alarmes s\u00e3o visualizados num painel digital (painel VE.Net GMDSS, a encomendar separadamente). A <a href=\"https:\/\/fvcomponentes.com\/pt\/?s=cable+utp&amp;post_type=product&amp;type_aws=true&amp;aws_id=1&amp;aws_filter=1\" target=\"_blank\" rel=\"noopener\">Cabo UTP<\/a> O cabo padr\u00e3o de oito fios liga o carregador ao painel. <\/span><\/li>\n<\/ul>\n<h2 class=\"tw-data-text tw-text-large tw-ta\" dir=\"ltr\" data-placeholder=\"Traducci\u00f3n\"><span class=\"Y2IQFc\" lang=\"es\">N\u00e3o s\u00e3o necess\u00e1rios ajustamentos<\/span><\/h2>\n<ul>\n<li class=\"tw-data-text tw-text-large tw-ta\" dir=\"ltr\" data-placeholder=\"Traducci\u00f3n\"><span class=\"Y2IQFc\" lang=\"es\">Todo o sistema \u00e9 \"click and go\": os pain\u00e9is s\u00e3o pr\u00e9-programados para a funcionalidade GMDSS. Um menu simples e intuitivo permite-lhe alterar a configura\u00e7\u00e3o, se necess\u00e1rio.<\/span><\/li>\n<\/ul>\n<h2 class=\"tw-data-text tw-text-large tw-ta\" dir=\"ltr\" data-placeholder=\"Traducci\u00f3n\"><span class=\"Y2IQFc\" lang=\"es\">Tempo restante da bateria<\/span><\/h2>\n<ul>\n<li class=\"tw-data-text tw-text-large tw-ta\" dir=\"ltr\" data-placeholder=\"Traducci\u00f3n\"><span class=\"Y2IQFc\" lang=\"es\">O carregador Skylla GMDSS tem um controlador de bateria incorporado. A capacidade da bateria \u00e9 totalmente controlada, de modo que o painel pode at\u00e9 indicar o \"tempo restante\" em caso de falha de energia. <\/span><\/li>\n<\/ul>\n<h2 class=\"tw-data-text tw-text-large tw-ta\" dir=\"ltr\" data-placeholder=\"Traducci\u00f3n\"><span class=\"Y2IQFc\" lang=\"es\">Carregador perfeito para qualquer tipo de bateria.<\/span><\/h2>\n<ul>\n<li class=\"tw-data-text tw-text-large tw-ta\" dir=\"ltr\" data-placeholder=\"Traducci\u00f3n\"><span class=\"Y2IQFc\" lang=\"es\">A tens\u00e3o de carga pode ser ajustada com precis\u00e3o para se adaptar a qualquer sistema de bateria VRLA ou inundada.<\/span><\/li>\n<\/ul>\n<p dir=\"ltr\" data-placeholder=\"Traducci\u00f3n\"><img fetchpriority=\"high\" decoding=\"async\" class=\"alignnone size-full wp-image-5817\" src=\"https:\/\/fvcomponentes.com\/wp-content\/uploads\/2023\/03\/Captura43-1.png\" alt=\"Carregador de painel Victron Skylla GMDSS 23-30 excl. - SDTG2400302\" width=\"849\" height=\"609\" title=\"\"><\/p>\n<h2 dir=\"ltr\" data-placeholder=\"Traducci\u00f3n\">Ficha t\u00e9cnica Victron Skylla GMDSS 24-30 excl carregador de painel - SDTG2400302<\/h2>\n<p dir=\"ltr\" data-placeholder=\"Traducci\u00f3n\"><a href=\"https:\/\/fvcomponentes.com\/wp-content\/uploads\/2023\/03\/GMDSS-Skylla-TG-GMDSS-EN.pdf\" target=\"_blank\" rel=\"noopener\">Ver ficha de dados do carregador de painel Victron Skylla GMDSS 24-30 excl - SDTG2400302<\/a><\/p>","protected":false},"excerpt":{"rendered":"<div id=\"tw-target-text-container\" class=\"tw-ta-container F0azHf tw-nfl\">\n<p id=\"tw-target-text\" class=\"tw-data-text tw-text-large tw-ta\" dir=\"ltr\" data-placeholder=\"Traducci\u00f3n\"><span class=\"Y2IQFc\" lang=\"es\"><strong>Tens\u00e3o de entrada: (V AC):<\/strong> 120 \/ 230<br \/>\n<\/span><span class=\"Y2IQFc\" lang=\"es\"><strong>Gama de tens\u00e3o de entrada (V AC):<\/strong> 90 \u2013 265<br \/>\n<strong>Frequ\u00eancia (Hz):<\/strong> 45-65<br \/>\n<strong>Fator de pot\u00eancia:<\/strong> 1<br \/>\n<strong>Tens\u00e3o de carga \"absor\u00e7\u00e3o\" (V CC):<\/strong> 28,5<br \/>\n<strong>Tens\u00e3o de carga \"flutuante\" (V DC):<\/strong> 26,5<br \/>\n<strong>Peso:<\/strong> 6 kg<br \/>\n<strong>Medidas:<\/strong> 485x250x147<\/span><\/p>\n<\/div>\n<div id=\"tw-target-rmn-container\" class=\"tw-target-rmn tw-ta-container F0azHf tw-nfl\">\n<pre id=\"tw-target-rmn\" class=\"tw-data-placeholder tw-text-small tw-ta\" dir=\"ltr\" data-placeholder=\"\"><\/pre>\n<p>&nbsp;<\/p>\n<\/div>","protected":false},"featured_media":5822,"comment_status":"open","ping_status":"closed","template":"","meta":{"site-sidebar-layout":"default","site-content-layout":"default","ast-site-content-layout":"default","site-content-style":"default","site-sidebar-style":"default","ast-global-header-display":"","ast-banner-title-visibility":"","ast-main-header-display":"","ast-hfb-above-header-display":"","ast-hfb-below-header-display":"","ast-hfb-mobile-header-display":"","site-post-title":"","ast-breadcrumbs-content":"","ast-featured-img":"","footer-sml-layout":"","ast-disable-related-posts":"","theme-transparent-header-meta":"default","adv-header-id-meta":"","stick-header-meta":"","header-above-stick-meta":"","header-main-stick-meta":"","header-below-stick-meta":"","astra-migrate-meta-layouts":"set","ast-page-background-enabled":"default","ast-page-background-meta":{"desktop":{"background-color":"var(--ast-global-color-4)","background-image":"","background-repeat":"repeat","background-position":"center center","background-size":"auto","background-attachment":"scroll","background-type":"","background-media":"","overlay-type":"","overlay-color":"","overlay-opacity":"","overlay-gradient":""},"tablet":{"background-color":"","background-image":"","background-repeat":"repeat","background-position":"center center","background-size":"auto","background-attachment":"scroll","background-type":"","background-media":"","overlay-type":"","overlay-color":"","overlay-opacity":"","overlay-gradient":""},"mobile":{"background-color":"","background-image":"","background-repeat":"repeat","background-position":"center center","background-size":"auto","background-attachment":"scroll","background-type":"","background-media":"","overlay-type":"","overlay-color":"","overlay-opacity":"","overlay-gradient":""}},"ast-content-background-meta":{"desktop":{"background-color":"var(--ast-global-color-5)","background-image":"","background-repeat":"repeat","background-position":"center center","background-size":"auto","background-attachment":"scroll","background-type":"","background-media":"","overlay-type":"","overlay-color":"","overlay-opacity":"","overlay-gradient":""},"tablet":{"background-color":"var(--ast-global-color-5)","background-image":"","background-repeat":"repeat","background-position":"center center","background-size":"auto","background-attachment":"scroll","background-type":"","background-media":"","overlay-type":"","overlay-color":"","overlay-opacity":"","overlay-gradient":""},"mobile":{"background-color":"var(--ast-global-color-5)","background-image":"","background-repeat":"repeat","background-position":"center center","background-size":"auto","background-attachment":"scroll","background-type":"","background-media":"","overlay-type":"","overlay-color":"","overlay-opacity":"","overlay-gradient":""}}},"pwb-brand":[332],"product_brand":[],"product_cat":[419,462],"product_tag":[],"class_list":{"0":"post-5815","1":"product","2":"type-product","3":"status-publish","4":"has-post-thumbnail","6":"pwb-brand-victron","7":"product_cat-cargadores-de-baterias","8":"product_cat-cargador-de-baterias-24-v","9":"desktop-align-left","10":"tablet-align-left","11":"mobile-align-left","12":"ast-product-gallery-layout-horizontal-slider","13":"ast-product-tabs-layout-horizontal","15":"first","16":"instock","17":"taxable","18":"shipping-taxable","19":"purchasable","20":"product-type-simple"},"wcpa_form_fields":null,"brands":[{"id":332,"name":"Victron Energia","slug":"victron"}],"_links":{"self":[{"href":"https:\/\/fvcomponentes.com\/pt\/wp-json\/wp\/v2\/product\/5815","targetHints":{"allow":["GET"]}}],"collection":[{"href":"https:\/\/fvcomponentes.com\/pt\/wp-json\/wp\/v2\/product"}],"about":[{"href":"https:\/\/fvcomponentes.com\/pt\/wp-json\/wp\/v2\/types\/product"}],"replies":[{"embeddable":true,"href":"https:\/\/fvcomponentes.com\/pt\/wp-json\/wp\/v2\/comments?post=5815"}],"wp:featuredmedia":[{"embeddable":true,"href":"https:\/\/fvcomponentes.com\/pt\/wp-json\/wp\/v2\/media\/5822"}],"wp:attachment":[{"href":"https:\/\/fvcomponentes.com\/pt\/wp-json\/wp\/v2\/media?parent=5815"}],"wp:term":[{"taxonomy":"pwb-brand","embeddable":true,"href":"https:\/\/fvcomponentes.com\/pt\/wp-json\/wp\/v2\/pwb-brand?post=5815"},{"taxonomy":"product_brand","embeddable":true,"href":"https:\/\/fvcomponentes.com\/pt\/wp-json\/wp\/v2\/product_brand?post=5815"},{"taxonomy":"product_cat","embeddable":true,"href":"https:\/\/fvcomponentes.com\/pt\/wp-json\/wp\/v2\/product_cat?post=5815"},{"taxonomy":"product_tag","embeddable":true,"href":"https:\/\/fvcomponentes.com\/pt\/wp-json\/wp\/v2\/product_tag?post=5815"}],"curies":[{"name":"wp","href":"https:\/\/api.w.org\/{rel}","templated":true}]}}