{"id":5800,"date":"2024-01-19T19:29:32","date_gmt":"2024-01-19T18:29:32","guid":{"rendered":"https:\/\/fvcomponentes.com\/?post_type=product&#038;p=5800"},"modified":"2026-04-08T21:36:11","modified_gmt":"2026-04-08T19:36:11","slug":"carregador-victron-skylla-tg-24-30-11-120-240v-sdtg2400301","status":"publish","type":"product","link":"https:\/\/fvcomponentes.com\/pt\/producto\/cargador-victron-skylla-tg-24-30-11-120-240v-sdtg2400301\/","title":{"rendered":"Carregador Victron Skylla TG 24\/30 (1+1) 120-240V - SDTG2400301"},"content":{"rendered":"<h2 id=\"tw-target-text\" class=\"tw-data-text tw-text-large tw-ta\" dir=\"ltr\" data-placeholder=\"Traducci\u00f3n\"><span class=\"Y2IQFc\" lang=\"es\">Carregadores perfeitos para qualquer tipo de bateria<\/span><\/h2>\n<p class=\"tw-data-text tw-text-large tw-ta\" dir=\"ltr\" data-placeholder=\"Traducci\u00f3n\"><span class=\"Y2IQFc\" lang=\"es\">A tens\u00e3o de carga pode ser ajustada com precis\u00e3o para se adaptar a qualquer sistema de bateria selado ou n\u00e3o selado. Em particular, as baterias seladas isentas de manuten\u00e7\u00e3o devem ser carregadas corretamente para garantir uma longa vida \u00fatil. A sobretens\u00e3o resultar\u00e1 numa excessiva gaseifica\u00e7\u00e3o e ventila\u00e7\u00e3o de uma bateria selada. A bateria secar\u00e1 e falhar\u00e1. <\/span><\/p>\n<h2 class=\"tw-data-text tw-text-large tw-ta\" dir=\"ltr\" data-placeholder=\"Traducci\u00f3n\"><span class=\"Y2IQFc\" lang=\"es\">Adequado para alimenta\u00e7\u00e3o AC e DC (funcionamento AC-DC e DC-DC)<\/span><\/h2>\n<p class=\"tw-data-text tw-text-large tw-ta\" dir=\"ltr\" data-placeholder=\"Traducci\u00f3n\"><span class=\"Y2IQFc\" lang=\"es\">Com exce\u00e7\u00e3o dos modelos com entrada trif\u00e1sica, os carregadores tamb\u00e9m aceitam corrente cont\u00ednua.<\/span><\/p>\n<h2 class=\"tw-data-text tw-text-large tw-ta\" dir=\"ltr\" data-placeholder=\"Traducci\u00f3n\"><span class=\"Y2IQFc\" lang=\"es\">Carregamento controlado<\/span><\/h2>\n<p class=\"tw-data-text tw-text-large tw-ta\" dir=\"ltr\" data-placeholder=\"Traducci\u00f3n\"><span class=\"Y2IQFc\" lang=\"es\">Cada carregador TG tem um microprocessador que controla com precis\u00e3o o carregamento em tr\u00eas etapas.  O processo ocorre de acordo com a carater\u00edstica IUoUo e carrega mais rapidamente do que outros processos.<\/span><\/p>\n<h2 class=\"tw-data-text tw-text-large tw-ta\" dir=\"ltr\" data-placeholder=\"Traducci\u00f3n\"><span class=\"Y2IQFc\" lang=\"es\">Utiliza\u00e7\u00e3o de carregadores TG como fonte de alimenta\u00e7\u00e3o<\/span><\/h2>\n<p class=\"tw-data-text tw-text-large tw-ta\" dir=\"ltr\" data-placeholder=\"Traducci\u00f3n\"><span class=\"Y2IQFc\" lang=\"es\">Devido \u00e0 tens\u00e3o de sa\u00edda perfeitamente estabilizada, um carregador TG pode ser utilizado como fonte de alimenta\u00e7\u00e3o se n\u00e3o estiverem dispon\u00edveis baterias ou grandes condensadores tamp\u00e3o.<\/span><\/p>\n<h2 class=\"tw-data-text tw-text-large tw-ta\" dir=\"ltr\" data-placeholder=\"Traducci\u00f3n\"><span class=\"Y2IQFc\" lang=\"es\">Duas sa\u00eddas para carregar 2 bancos de baterias (apenas modelos de 24 V)<\/span><\/h2>\n<p class=\"tw-data-text tw-text-large tw-ta\" dir=\"ltr\" data-placeholder=\"Traducci\u00f3n\"><span class=\"Y2IQFc\" lang=\"es\">Os carregadores TG t\u00eam 2 sa\u00eddas isoladas. A segunda sa\u00edda, limitada a cerca de 4A e com uma tens\u00e3o de sa\u00edda ligeiramente inferior, destina-se a recarregar uma bateria de arranque. <\/span><\/p>\n<h2 class=\"tw-data-text tw-text-large tw-ta\" dir=\"ltr\" data-placeholder=\"Traducci\u00f3n\"><span class=\"Y2IQFc\" lang=\"es\">Para aumentar a dura\u00e7\u00e3o da bateria: compensa\u00e7\u00e3o da temperatura<\/span><\/h2>\n<p class=\"tw-data-text tw-text-large tw-ta\" dir=\"ltr\" data-placeholder=\"Traducci\u00f3n\"><span class=\"Y2IQFc\" lang=\"es\">Cada carregador <a href=\"https:\/\/www.victronenergy.com.es\/\" target=\"_blank\" rel=\"noopener\">Victron<\/a> O Skylla TG \u00e9 fornecido com um sensor de temperatura da bateria. Quando ligado, a tens\u00e3o de carga diminui automaticamente \u00e0 medida que a temperatura da bateria aumenta. Esta carater\u00edstica \u00e9 especialmente recomendada para baterias seladas que, de outra forma, poderiam sobrecarregar e secar devido \u00e0 ventila\u00e7\u00e3o.<\/span><\/p>\n<h2 class=\"tw-data-text tw-text-large tw-ta\" dir=\"ltr\" data-placeholder=\"Traducci\u00f3n\"><span class=\"Y2IQFc\" lang=\"es\">Dete\u00e7\u00e3o da tens\u00e3o da bateria<\/span><\/h2>\n<p class=\"tw-data-text tw-text-large tw-ta\" dir=\"ltr\" data-placeholder=\"Traducci\u00f3n\"><span class=\"Y2IQFc\" lang=\"es\">Para compensar a perda de tens\u00e3o devido \u00e0 resist\u00eancia do cabo, os carregadores TG t\u00eam um sensor de tens\u00e3o instalado para que a bateria receba sempre a tens\u00e3o de carga correcta.<br \/>\n<img fetchpriority=\"high\" decoding=\"async\" class=\"alignnone size-full wp-image-5801\" src=\"https:\/\/fvcomponentes.com\/wp-content\/uploads\/2023\/03\/CapturaAAA.png\" alt=\"Carregador Victron Skylla TG 24\/30 (1+1) 120-240V SDTG2400301\" width=\"533\" height=\"318\" title=\"\"><\/span><\/p>\n<h2 class=\"tw-data-text tw-text-large tw-ta\" dir=\"ltr\" data-placeholder=\"Traducci\u00f3n\"><span class=\"Y2IQFc\" lang=\"es\">Ficha t\u00e9cnica Carregador Victron Skylla TG 24\/30 (1+1) 120-240V - SDTG2400301<\/span><\/h2>\n<p class=\"tw-data-text tw-text-large tw-ta\" dir=\"ltr\" data-placeholder=\"Traducci\u00f3n\"><span class=\"Y2IQFc\" lang=\"es\"><a href=\"https:\/\/fvcomponentes.com\/wp-content\/uploads\/2023\/03\/Skylla-TG-Charger-EN.pdf\" target=\"_blank\" rel=\"noopener\">Ver ficha t\u00e9cnica Victron Skylla TG 24\/30 (1+1) 120-240V - SDTG2400301<\/a><\/span><\/p>","protected":false},"excerpt":{"rendered":"<p id=\"tw-target-text\" class=\"tw-data-text tw-text-large tw-ta\" dir=\"ltr\" data-placeholder=\"Traducci\u00f3n\"><span class=\"Y2IQFc\" lang=\"es\"><strong>Tens\u00e3o de entrada (V AC):\u00a0<\/strong>120-230<br \/>\n<strong> Gama de tens\u00e3o de entrada (V AC):\u00a0<\/strong>95\/264<br \/>\n<strong>Gama de tens\u00e3o de entrada (V DC):\u00a0<\/strong>120-400<br \/>\n<strong>Frequ\u00eancia (Hz):<\/strong> 45-65<br \/>\n<strong>Fator de pot\u00eancia:<\/strong> 1<br \/>\n<strong>Peso:\u00a0<\/strong>5,5 kg<br \/>\n<strong>Dimens\u00f5es: <\/strong>365 x 250 x 147 mm<\/span><\/p>","protected":false},"featured_media":7108,"comment_status":"open","ping_status":"closed","template":"","meta":{"site-sidebar-layout":"default","site-content-layout":"default","ast-site-content-layout":"default","site-content-style":"default","site-sidebar-style":"default","ast-global-header-display":"","ast-banner-title-visibility":"","ast-main-header-display":"","ast-hfb-above-header-display":"","ast-hfb-below-header-display":"","ast-hfb-mobile-header-display":"","site-post-title":"","ast-breadcrumbs-content":"","ast-featured-img":"","footer-sml-layout":"","ast-disable-related-posts":"","theme-transparent-header-meta":"default","adv-header-id-meta":"","stick-header-meta":"","header-above-stick-meta":"","header-main-stick-meta":"","header-below-stick-meta":"","astra-migrate-meta-layouts":"set","ast-page-background-enabled":"default","ast-page-background-meta":{"desktop":{"background-color":"var(--ast-global-color-4)","background-image":"","background-repeat":"repeat","background-position":"center center","background-size":"auto","background-attachment":"scroll","background-type":"","background-media":"","overlay-type":"","overlay-color":"","overlay-opacity":"","overlay-gradient":""},"tablet":{"background-color":"","background-image":"","background-repeat":"repeat","background-position":"center center","background-size":"auto","background-attachment":"scroll","background-type":"","background-media":"","overlay-type":"","overlay-color":"","overlay-opacity":"","overlay-gradient":""},"mobile":{"background-color":"","background-image":"","background-repeat":"repeat","background-position":"center center","background-size":"auto","background-attachment":"scroll","background-type":"","background-media":"","overlay-type":"","overlay-color":"","overlay-opacity":"","overlay-gradient":""}},"ast-content-background-meta":{"desktop":{"background-color":"var(--ast-global-color-5)","background-image":"","background-repeat":"repeat","background-position":"center center","background-size":"auto","background-attachment":"scroll","background-type":"","background-media":"","overlay-type":"","overlay-color":"","overlay-opacity":"","overlay-gradient":""},"tablet":{"background-color":"var(--ast-global-color-5)","background-image":"","background-repeat":"repeat","background-position":"center center","background-size":"auto","background-attachment":"scroll","background-type":"","background-media":"","overlay-type":"","overlay-color":"","overlay-opacity":"","overlay-gradient":""},"mobile":{"background-color":"var(--ast-global-color-5)","background-image":"","background-repeat":"repeat","background-position":"center center","background-size":"auto","background-attachment":"scroll","background-type":"","background-media":"","overlay-type":"","overlay-color":"","overlay-opacity":"","overlay-gradient":""}}},"pwb-brand":[332],"product_brand":[],"product_cat":[462,419],"product_tag":[],"class_list":{"0":"post-5800","1":"product","2":"type-product","3":"status-publish","4":"has-post-thumbnail","6":"pwb-brand-victron","7":"product_cat-cargador-de-baterias-24-v","8":"product_cat-cargadores-de-baterias","9":"desktop-align-left","10":"tablet-align-left","11":"mobile-align-left","12":"ast-product-gallery-layout-horizontal-slider","13":"ast-product-gallery-with-no-image","14":"ast-product-tabs-layout-horizontal","16":"first","17":"instock","18":"taxable","19":"shipping-taxable","20":"purchasable","21":"product-type-simple"},"wcpa_form_fields":null,"brands":[{"id":332,"name":"Victron Energia","slug":"victron"}],"_links":{"self":[{"href":"https:\/\/fvcomponentes.com\/pt\/wp-json\/wp\/v2\/product\/5800","targetHints":{"allow":["GET"]}}],"collection":[{"href":"https:\/\/fvcomponentes.com\/pt\/wp-json\/wp\/v2\/product"}],"about":[{"href":"https:\/\/fvcomponentes.com\/pt\/wp-json\/wp\/v2\/types\/product"}],"replies":[{"embeddable":true,"href":"https:\/\/fvcomponentes.com\/pt\/wp-json\/wp\/v2\/comments?post=5800"}],"wp:featuredmedia":[{"embeddable":true,"href":"https:\/\/fvcomponentes.com\/pt\/wp-json\/wp\/v2\/media\/7108"}],"wp:attachment":[{"href":"https:\/\/fvcomponentes.com\/pt\/wp-json\/wp\/v2\/media?parent=5800"}],"wp:term":[{"taxonomy":"pwb-brand","embeddable":true,"href":"https:\/\/fvcomponentes.com\/pt\/wp-json\/wp\/v2\/pwb-brand?post=5800"},{"taxonomy":"product_brand","embeddable":true,"href":"https:\/\/fvcomponentes.com\/pt\/wp-json\/wp\/v2\/product_brand?post=5800"},{"taxonomy":"product_cat","embeddable":true,"href":"https:\/\/fvcomponentes.com\/pt\/wp-json\/wp\/v2\/product_cat?post=5800"},{"taxonomy":"product_tag","embeddable":true,"href":"https:\/\/fvcomponentes.com\/pt\/wp-json\/wp\/v2\/product_tag?post=5800"}],"curies":[{"name":"wp","href":"https:\/\/api.w.org\/{rel}","templated":true}]}}