{"id":5789,"date":"2024-01-19T19:29:29","date_gmt":"2024-01-19T18:29:29","guid":{"rendered":"https:\/\/fvcomponentes.com\/?post_type=product&#038;p=5789"},"modified":"2026-01-15T10:11:03","modified_gmt":"2026-01-15T09:11:03","slug":"carregador-victron-skylla-ip65-12-70-3-120-240v-sky012070100","status":"publish","type":"product","link":"https:\/\/fvcomponentes.com\/pt\/producto\/cargador-victron-skylla-ip65-12-70-3-120-240v-sky012070100\/","title":{"rendered":"Carregador Victron Skylla IP65 12\/70 (3) 120-240V - SKY012070100"},"content":{"rendered":"<h2>Skylla-IP65 (1+1): duas sa\u00eddas para carregar 2 bancos de baterias<\/h2>\n<p>O Skylla-IP65 (1+1) disp\u00f5e de 2 sa\u00eddas isoladas. A segunda sa\u00edda, limitada a cerca de 3 A e com uma tens\u00e3o de sa\u00edda ligeiramente inferior, destina-se a recarregar uma bateria de arranque.<\/p>\n<h2>Skylla-IP65 (3): tr\u00eas sa\u00eddas de corrente total para carregar 3 bancos de baterias<\/h2>\n<p>O Skylla-IP65 (3) tem 3 sa\u00eddas isoladas. Todas as sa\u00eddas podem fornecer a corrente de sa\u00edda nominal total.<\/p>\n<h2>Prote\u00e7\u00e3o IP65<\/h2>\n<p>Caixa de a\u00e7o revestida a p\u00f3 ep\u00f3xi. Resiste aos rigores de um ambiente agressivo: calor, humidade e ar salgado. As placas de circuito est\u00e3o protegidas com um revestimento acr\u00edlico para m\u00e1xima resist\u00eancia \u00e0 corros\u00e3o. Os sensores de temperatura asseguram que os componentes de pot\u00eancia funcionar\u00e3o sempre dentro dos limites especificados, se necess\u00e1rio atrav\u00e9s da redu\u00e7\u00e3o autom\u00e1tica da corrente de sa\u00edda em condi\u00e7\u00f5es ambientais extremas.<\/p>\n<h2>Ecr\u00e3 LCD<\/h2>\n<p>Para monitorizar o estado e adaptar facilmente o algoritmo de carregamento a uma bateria espec\u00edfica e \u00e0s suas condi\u00e7\u00f5es de utiliza\u00e7\u00e3o.<\/p>\n<h2>Interface de barramento CAN (NMEA2000)<\/h2>\n<p>Para liga\u00e7\u00e3o a uma rede CAN-bus, a um painel de controlo Skylla-i ou ao visor digital Color Control.<\/p>\n<h2>Funcionamento em paralelo sincronizado<\/h2>\n<p>V\u00e1rios carregadores podem ser ligados em paralelo e sincronizados com a ajuda da interface CAN-bus. Para tal, basta interligar os carregadores com cabos RJ45 UTP.<\/p>\n<h2>A quantidade certa de carga para uma bateria de chumbo-\u00e1cido: tempo de absor\u00e7\u00e3o vari\u00e1vel<\/h2>\n<p>Quando ocorrem apenas descargas superficiais, o tempo de absor\u00e7\u00e3o \u00e9 mantido curto para evitar sobrecarregar a bateria. Ap\u00f3s uma descarga profunda, o tempo de absor\u00e7\u00e3o \u00e9 automaticamente aumentado para garantir que a bateria \u00e9 totalmente recarregada.<\/p>\n<h2>Preven\u00e7\u00e3o de danos devido a gaseifica\u00e7\u00e3o excessiva: Modo BatterySafe<\/h2>\n<p>Se for necess\u00e1ria uma corrente de carga elevada em combina\u00e7\u00e3o com uma tens\u00e3o de absor\u00e7\u00e3o elevada para carregar rapidamente uma bateria, o Skylla-IP65 evitar\u00e1 danos devidos a uma gaseifica\u00e7\u00e3o excessiva, limitando automaticamente a taxa de subida da tens\u00e3o quando a tens\u00e3o de gaseifica\u00e7\u00e3o for atingida.<\/p>\n<h2>Menos manuten\u00e7\u00e3o e envelhecimento quando a bateria n\u00e3o est\u00e1 a ser utilizada: Modo de armazenamento<\/h2>\n<p>O modo de armazenamento \u00e9 ativado desde que a bateria n\u00e3o tenha sido descarregada durante 24 horas. No modo de armazenamento, a tens\u00e3o de flutua\u00e7\u00e3o \u00e9 reduzida para 2,2 V\/c\u00e9lula (26,4 V para uma bateria de 24 V) para minimizar a forma\u00e7\u00e3o de gases e a corros\u00e3o das placas positivas. Uma vez por semana, a tens\u00e3o \u00e9 aumentada para o n\u00edvel de absor\u00e7\u00e3o para \"refrescar\" a bateria. Esta carater\u00edstica evita a estratifica\u00e7\u00e3o e a sulfata\u00e7\u00e3o do eletr\u00f3lito, uma das principais causas de falha prematura da bateria.<\/p>\n<h2>Para aumentar a dura\u00e7\u00e3o da bateria: compensa\u00e7\u00e3o da temperatura<\/h2>\n<p>Cada Skylla-IP65 \u00e9 fornecido com um sensor de temperatura da bateria. Quando ligado, a tens\u00e3o de carga diminui automaticamente \u00e0 medida que a temperatura da bateria aumenta. Esta fun\u00e7\u00e3o \u00e9 especialmente recomendada para baterias de chumbo-\u00e1cido seladas e\/ou quando s\u00e3o esperadas flutua\u00e7\u00f5es significativas na temperatura da bateria.<\/p>\n<h2 id=\"tw-target-text\" class=\"tw-data-text tw-text-large tw-ta\" dir=\"ltr\" data-placeholder=\"Traducci\u00f3n\"><span class=\"Y2IQFc\" lang=\"es\">Dete\u00e7\u00e3o da tens\u00e3o da bateria<\/span><\/h2>\n<p class=\"tw-data-text tw-text-large tw-ta\" dir=\"ltr\" data-placeholder=\"Traducci\u00f3n\"><span class=\"Y2IQFc\" lang=\"es\">Para compensar a perda de tens\u00e3o devida \u00e0 resist\u00eancia dos cabos, o Skylla-IP65 disp\u00f5e de um sensor de tens\u00e3o para que a bateria receba sempre a tens\u00e3o de carga correcta. <\/span><\/p>\n<h2 class=\"tw-data-text tw-text-large tw-ta\" dir=\"ltr\" data-placeholder=\"Traducci\u00f3n\"><span class=\"Y2IQFc\" lang=\"es\">Utiliza\u00e7\u00e3o como fonte de alimenta\u00e7\u00e3o<\/span><\/h2>\n<p class=\"tw-data-text tw-text-large tw-ta\" dir=\"ltr\" data-placeholder=\"Traducci\u00f3n\"><span class=\"Y2IQFc\" lang=\"es\">Gra\u00e7as ao excelente circuito de controlo, o Skylla-IP65 pode ser utilizado como fonte de alimenta\u00e7\u00e3o com uma tens\u00e3o de sa\u00edda perfeitamente estabilizada se n\u00e3o existirem baterias ou grandes condensadores de reserva.<\/span><\/p>\n<h2 class=\"tw-data-text tw-text-large tw-ta\" dir=\"ltr\" data-placeholder=\"Traducci\u00f3n\"><span class=\"Y2IQFc\" lang=\"es\">Preparado para i\u00f5es de l\u00edtio (LiFePO4)<\/span><\/h2>\n<p class=\"tw-data-text tw-text-large tw-ta\" dir=\"ltr\" data-placeholder=\"Traducci\u00f3n\"><span class=\"Y2IQFc\" lang=\"es\">O controlo simples de ligar\/desligar o carregador pode ser implementado ligando um rel\u00e9 ou uma sa\u00edda de optoacoplador de coletor aberto de um BMS de i\u00f5es de l\u00edtio \u00e0 porta de controlo remoto do carregador. Em alternativa, \u00e9 poss\u00edvel obter um controlo total da tens\u00e3o e da corrente atrav\u00e9s da liga\u00e7\u00e3o \u00e0 porta CAN-bus.<\/span><\/p>\n<h2 dir=\"ltr\" data-placeholder=\"Traducci\u00f3n\">Ficha t\u00e9cnica Carregador <a href=\"https:\/\/www.victronenergy.com.es\/\" target=\"_blank\" rel=\"noopener\">Victron<\/a> Skylla IP65 12\/70 (3) 120-240V - SKY012070100<\/h2>\n<p dir=\"ltr\" data-placeholder=\"Traducci\u00f3n\"><a href=\"https:\/\/fvcomponentes.com\/wp-content\/uploads\/2023\/03\/Skylla-IP65-EN.pdf\" target=\"_blank\" rel=\"noopener\">Ver ficha t\u00e9cnica Victron Skylla IP65 12\/70 (3) 120-240V - SKY012070100<\/a><\/p>","protected":false},"excerpt":{"rendered":"<p><strong>Tens\u00e3o de entrada (VAC):<\/strong> 120\/230 V<br \/>\n<strong>Gama de tens\u00e3o de entrada (VAC):<\/strong> 90-265 V<br \/>\n<strong>Corrente m\u00e1xima de entrada CA a 100 VCA:<\/strong> 12 A<br \/>\n<strong>Frequ\u00eancia:<\/strong> 45-65 Hz<br \/>\n<strong>Fator de pot\u00eancia:<\/strong> 0,98<br \/>\n<strong>Peso:\u00a0<\/strong>6 kg<br \/>\n<strong>Dimens\u00f5es: <\/strong>401 x 265 x 151 mm<\/p>","protected":false},"featured_media":5795,"comment_status":"open","ping_status":"closed","template":"","meta":{"site-sidebar-layout":"default","site-content-layout":"default","ast-site-content-layout":"default","site-content-style":"default","site-sidebar-style":"default","ast-global-header-display":"","ast-banner-title-visibility":"","ast-main-header-display":"","ast-hfb-above-header-display":"","ast-hfb-below-header-display":"","ast-hfb-mobile-header-display":"","site-post-title":"","ast-breadcrumbs-content":"","ast-featured-img":"","footer-sml-layout":"","ast-disable-related-posts":"","theme-transparent-header-meta":"default","adv-header-id-meta":"","stick-header-meta":"","header-above-stick-meta":"","header-main-stick-meta":"","header-below-stick-meta":"","astra-migrate-meta-layouts":"set","ast-page-background-enabled":"default","ast-page-background-meta":{"desktop":{"background-color":"var(--ast-global-color-4)","background-image":"","background-repeat":"repeat","background-position":"center center","background-size":"auto","background-attachment":"scroll","background-type":"","background-media":"","overlay-type":"","overlay-color":"","overlay-opacity":"","overlay-gradient":""},"tablet":{"background-color":"","background-image":"","background-repeat":"repeat","background-position":"center center","background-size":"auto","background-attachment":"scroll","background-type":"","background-media":"","overlay-type":"","overlay-color":"","overlay-opacity":"","overlay-gradient":""},"mobile":{"background-color":"","background-image":"","background-repeat":"repeat","background-position":"center center","background-size":"auto","background-attachment":"scroll","background-type":"","background-media":"","overlay-type":"","overlay-color":"","overlay-opacity":"","overlay-gradient":""}},"ast-content-background-meta":{"desktop":{"background-color":"var(--ast-global-color-5)","background-image":"","background-repeat":"repeat","background-position":"center center","background-size":"auto","background-attachment":"scroll","background-type":"","background-media":"","overlay-type":"","overlay-color":"","overlay-opacity":"","overlay-gradient":""},"tablet":{"background-color":"var(--ast-global-color-5)","background-image":"","background-repeat":"repeat","background-position":"center center","background-size":"auto","background-attachment":"scroll","background-type":"","background-media":"","overlay-type":"","overlay-color":"","overlay-opacity":"","overlay-gradient":""},"mobile":{"background-color":"var(--ast-global-color-5)","background-image":"","background-repeat":"repeat","background-position":"center center","background-size":"auto","background-attachment":"scroll","background-type":"","background-media":"","overlay-type":"","overlay-color":"","overlay-opacity":"","overlay-gradient":""}}},"pwb-brand":[332],"product_brand":[],"product_cat":[461,419],"product_tag":[],"class_list":{"0":"post-5789","1":"product","2":"type-product","3":"status-publish","4":"has-post-thumbnail","6":"pwb-brand-victron","7":"product_cat-cargador-de-baterias-12-v","8":"product_cat-cargadores-de-baterias","9":"desktop-align-left","10":"tablet-align-left","11":"mobile-align-left","12":"ast-product-gallery-layout-horizontal-slider","13":"ast-product-tabs-layout-horizontal","15":"first","16":"instock","17":"taxable","18":"shipping-taxable","19":"purchasable","20":"product-type-simple"},"wcpa_form_fields":null,"brands":[{"id":332,"name":"Victron Energia","slug":"victron"}],"_links":{"self":[{"href":"https:\/\/fvcomponentes.com\/pt\/wp-json\/wp\/v2\/product\/5789","targetHints":{"allow":["GET"]}}],"collection":[{"href":"https:\/\/fvcomponentes.com\/pt\/wp-json\/wp\/v2\/product"}],"about":[{"href":"https:\/\/fvcomponentes.com\/pt\/wp-json\/wp\/v2\/types\/product"}],"replies":[{"embeddable":true,"href":"https:\/\/fvcomponentes.com\/pt\/wp-json\/wp\/v2\/comments?post=5789"}],"wp:featuredmedia":[{"embeddable":true,"href":"https:\/\/fvcomponentes.com\/pt\/wp-json\/wp\/v2\/media\/5795"}],"wp:attachment":[{"href":"https:\/\/fvcomponentes.com\/pt\/wp-json\/wp\/v2\/media?parent=5789"}],"wp:term":[{"taxonomy":"pwb-brand","embeddable":true,"href":"https:\/\/fvcomponentes.com\/pt\/wp-json\/wp\/v2\/pwb-brand?post=5789"},{"taxonomy":"product_brand","embeddable":true,"href":"https:\/\/fvcomponentes.com\/pt\/wp-json\/wp\/v2\/product_brand?post=5789"},{"taxonomy":"product_cat","embeddable":true,"href":"https:\/\/fvcomponentes.com\/pt\/wp-json\/wp\/v2\/product_cat?post=5789"},{"taxonomy":"product_tag","embeddable":true,"href":"https:\/\/fvcomponentes.com\/pt\/wp-json\/wp\/v2\/product_tag?post=5789"}],"curies":[{"name":"wp","href":"https:\/\/api.w.org\/{rel}","templated":true}]}}