{"id":5758,"date":"2023-10-23T18:03:53","date_gmt":"2023-10-23T16:03:53","guid":{"rendered":"https:\/\/fvcomponentes.com\/?post_type=product&#038;p=5758"},"modified":"2026-04-04T12:50:01","modified_gmt":"2026-04-04T10:50:01","slug":"victron-centaur-24-16-16-3-carregador-cch024016000","status":"publish","type":"product","link":"https:\/\/fvcomponentes.com\/pt\/producto\/cargador-victron-centaur-24-16-3-cch024016000\/","title":{"rendered":"Carregador Victron Centaur 24\/16 (3) - CCH024016000"},"content":{"rendered":"<h2>Carregador Victron Centaur 24\/16 (3) - CCH024016000: Qualidade sem compromissos<\/h2>\n<p>A caixa do carregador Victron Centaur 24\/16 (3) - CCH024016000 \u00e9 uma caixa de alum\u00ednio revestida a p\u00f3 ep\u00f3xi com prote\u00e7\u00e3o anti-gotejamento e fixadores de a\u00e7o inoxid\u00e1vel para suportar as condi\u00e7\u00f5es adversas de um ambiente adverso: calor, humidade e ar salgado. As placas de circuito est\u00e3o protegidas com um revestimento acr\u00edlico para m\u00e1xima resist\u00eancia \u00e0 corros\u00e3o. Os sensores de temperatura asseguram que os componentes de pot\u00eancia funcionar\u00e3o sempre dentro dos limites especificados, se necess\u00e1rio, reduzindo automaticamente a corrente de sa\u00edda em condi\u00e7\u00f5es ambientais extremas.<\/p>\n<h2>Gama de tens\u00e3o de entrada AC universal 90-265 V e adequada para alimenta\u00e7\u00e3o DC (funcionamento AC-DC e DC-DC)<\/h2>\n<p>Todos os modelos funcionam sem ajustamento numa gama de tens\u00f5es de entrada de 90 a 265 volts a 50 Hz ou 60 Hz. Os carregadores tamb\u00e9m aceitam uma alimenta\u00e7\u00e3o CC de 90-400 V.<\/p>\n<h2>Tr\u00eas sa\u00eddas, cada uma com capacidade para fornecer corrente de sa\u00edda total<\/h2>\n<p>Tr\u00eas sa\u00eddas isoladas para carregar simultaneamente 3 bancos de baterias. Cada sa\u00edda \u00e9 capaz de fornecer a corrente nominal total.<\/p>\n<h2>Carregamento em tr\u00eas fases, com compensa\u00e7\u00e3o de temperatura<\/h2>\n<p>O Centaur carrega a granel at\u00e9 que a sa\u00edda tenha sido reduzida para 70% dos amperes nominais, altura em que se inicia um temporizador de 4 horas. Ap\u00f3s o per\u00edodo temporizado, o carregador passa para a velocidade de flutua\u00e7\u00e3o. Um sensor de temperatura interno \u00e9 utilizado para compensar a tens\u00e3o de carga em -2 mV\/\u00b0C (-1 mV\/\u00b0F) por c\u00e9lula. Est\u00e1 dispon\u00edvel um interrutor DIP para selecionar as tens\u00f5es de carga\/flutua\u00e7\u00e3o ideais para baterias de chumbo-\u00e1cido inundadas, de gel ou AGM.<\/p>\n<p>Para mais informa\u00e7\u00f5es sobre baterias e carregamento de baterias (incluindo as vantagens e desvantagens do carregamento multibancos e do carregamento inteligente), consulte o livro \"Electricity on Board\" (dispon\u00edvel gratuitamente na Victron Energy e descarreg\u00e1vel em <a href=\"http:\/\/www.victronenergy.com\/\" target=\"_blank\" rel=\"noopener\">www.victronenergy.com<\/a>).<\/p>\n<p dir=\"ltr\" data-placeholder=\"Traducci\u00f3n\"><img fetchpriority=\"high\" decoding=\"async\" class=\"alignnone wp-image-5706 size-full\" src=\"https:\/\/fvcomponentes.com\/wp-content\/uploads\/2023\/03\/Captura-4.png\" alt=\"Carregador Victron Centaur 12\/20 (3) - CCH012020000\" width=\"477\" height=\"251\" title=\"\"><\/p>\n<h2 dir=\"ltr\" data-placeholder=\"Traducci\u00f3n\">Ficha t\u00e9cnica Carregador Victron Centaur 24\/16 (3) - CCH024016000<\/h2>\n<p dir=\"ltr\" data-placeholder=\"Traducci\u00f3n\"><a href=\"https:\/\/fvcomponentes.com\/wp-content\/uploads\/2023\/03\/centaur-Datasheet-Charger-EN.pdf\" target=\"_blank\" rel=\"noopener\">Ver ficha t\u00e9cnica do carregador Victron Centaur 24\/16 (3) - CCH024016000<\/a><\/p>","protected":false},"excerpt":{"rendered":"<p><strong>Tens\u00e3o (V AC):<\/strong> 90 - 265<br \/>\n<strong>Tens\u00e3o (V DC):<\/strong> 90 - 400<br \/>\n<strong>Frequ\u00eancia (Hz):<\/strong> 45 - 65<br \/>\n<strong>Fator de pot\u00eancia:<\/strong> 1<br \/>\n<strong>Peso: <\/strong>3,8 kg<br \/>\n<strong>Dimens\u00f5es: <\/strong>355 x 215 x 110 mm<\/p>","protected":false},"featured_media":5768,"comment_status":"open","ping_status":"closed","template":"","meta":{"site-sidebar-layout":"default","site-content-layout":"default","ast-site-content-layout":"default","site-content-style":"default","site-sidebar-style":"default","ast-global-header-display":"","ast-banner-title-visibility":"","ast-main-header-display":"","ast-hfb-above-header-display":"","ast-hfb-below-header-display":"","ast-hfb-mobile-header-display":"","site-post-title":"","ast-breadcrumbs-content":"","ast-featured-img":"","footer-sml-layout":"","ast-disable-related-posts":"","theme-transparent-header-meta":"default","adv-header-id-meta":"","stick-header-meta":"","header-above-stick-meta":"","header-main-stick-meta":"","header-below-stick-meta":"","astra-migrate-meta-layouts":"set","ast-page-background-enabled":"default","ast-page-background-meta":{"desktop":{"background-color":"var(--ast-global-color-4)","background-image":"","background-repeat":"repeat","background-position":"center center","background-size":"auto","background-attachment":"scroll","background-type":"","background-media":"","overlay-type":"","overlay-color":"","overlay-opacity":"","overlay-gradient":""},"tablet":{"background-color":"","background-image":"","background-repeat":"repeat","background-position":"center center","background-size":"auto","background-attachment":"scroll","background-type":"","background-media":"","overlay-type":"","overlay-color":"","overlay-opacity":"","overlay-gradient":""},"mobile":{"background-color":"","background-image":"","background-repeat":"repeat","background-position":"center center","background-size":"auto","background-attachment":"scroll","background-type":"","background-media":"","overlay-type":"","overlay-color":"","overlay-opacity":"","overlay-gradient":""}},"ast-content-background-meta":{"desktop":{"background-color":"var(--ast-global-color-5)","background-image":"","background-repeat":"repeat","background-position":"center center","background-size":"auto","background-attachment":"scroll","background-type":"","background-media":"","overlay-type":"","overlay-color":"","overlay-opacity":"","overlay-gradient":""},"tablet":{"background-color":"var(--ast-global-color-5)","background-image":"","background-repeat":"repeat","background-position":"center center","background-size":"auto","background-attachment":"scroll","background-type":"","background-media":"","overlay-type":"","overlay-color":"","overlay-opacity":"","overlay-gradient":""},"mobile":{"background-color":"var(--ast-global-color-5)","background-image":"","background-repeat":"repeat","background-position":"center center","background-size":"auto","background-attachment":"scroll","background-type":"","background-media":"","overlay-type":"","overlay-color":"","overlay-opacity":"","overlay-gradient":""}}},"pwb-brand":[332],"product_brand":[],"product_cat":[419,462],"product_tag":[],"class_list":{"0":"post-5758","1":"product","2":"type-product","3":"status-publish","4":"has-post-thumbnail","6":"pwb-brand-victron","7":"product_cat-cargadores-de-baterias","8":"product_cat-cargador-de-baterias-24-v","9":"desktop-align-left","10":"tablet-align-left","11":"mobile-align-left","12":"ast-product-gallery-layout-horizontal-slider","13":"ast-product-tabs-layout-horizontal","15":"first","16":"instock","17":"taxable","18":"shipping-taxable","19":"purchasable","20":"product-type-simple"},"wcpa_form_fields":null,"brands":[{"id":332,"name":"Victron Energia","slug":"victron"}],"_links":{"self":[{"href":"https:\/\/fvcomponentes.com\/pt\/wp-json\/wp\/v2\/product\/5758","targetHints":{"allow":["GET"]}}],"collection":[{"href":"https:\/\/fvcomponentes.com\/pt\/wp-json\/wp\/v2\/product"}],"about":[{"href":"https:\/\/fvcomponentes.com\/pt\/wp-json\/wp\/v2\/types\/product"}],"replies":[{"embeddable":true,"href":"https:\/\/fvcomponentes.com\/pt\/wp-json\/wp\/v2\/comments?post=5758"}],"wp:featuredmedia":[{"embeddable":true,"href":"https:\/\/fvcomponentes.com\/pt\/wp-json\/wp\/v2\/media\/5768"}],"wp:attachment":[{"href":"https:\/\/fvcomponentes.com\/pt\/wp-json\/wp\/v2\/media?parent=5758"}],"wp:term":[{"taxonomy":"pwb-brand","embeddable":true,"href":"https:\/\/fvcomponentes.com\/pt\/wp-json\/wp\/v2\/pwb-brand?post=5758"},{"taxonomy":"product_brand","embeddable":true,"href":"https:\/\/fvcomponentes.com\/pt\/wp-json\/wp\/v2\/product_brand?post=5758"},{"taxonomy":"product_cat","embeddable":true,"href":"https:\/\/fvcomponentes.com\/pt\/wp-json\/wp\/v2\/product_cat?post=5758"},{"taxonomy":"product_tag","embeddable":true,"href":"https:\/\/fvcomponentes.com\/pt\/wp-json\/wp\/v2\/product_tag?post=5758"}],"curies":[{"name":"wp","href":"https:\/\/api.w.org\/{rel}","templated":true}]}}