{"id":5703,"date":"2024-01-19T19:29:35","date_gmt":"2024-01-19T18:29:35","guid":{"rendered":"https:\/\/fvcomponentes.com\/?post_type=product&#038;p=5703"},"modified":"2026-04-04T12:50:03","modified_gmt":"2026-04-04T10:50:03","slug":"carregador-victron-phoenix-smart-ip43-24-25-3-120-240v-psc242553095","status":"publish","type":"product","link":"https:\/\/fvcomponentes.com\/pt\/producto\/cargador-victron-phoenix-smart-ip43-24-25-3-120-240v-psc242553095\/","title":{"rendered":"Carregador inteligente Victron Phoenix IP43 24\/25 (3) 120-240V - PSC242553095"},"content":{"rendered":"<h2><strong>Caracter\u00edsticas do carregador Victron Phoenix Smart IP43 <\/strong><\/h2>\n<h2><strong>Bluetooth inteligente integrado<\/strong><\/h2>\n<p>Este carregador Victron Phoenix Smart IP43 24\/25 (3) 120-240V oferece uma solu\u00e7\u00e3o sem fios para configurar, monitorizar, controlar, atualizar e sincronizar carregadores Phoenix Smart IP43.<\/p>\n<h2><strong>Phoenix Smart (1+1): Duas sa\u00eddas para carregar 2 bancos de baterias<\/strong><\/h2>\n<p>Al\u00e9m disso, tem uma segunda sa\u00edda limitada a cerca de 4 A e uma tens\u00e3o de sa\u00edda ligeiramente inferior, especialmente concebida para carregar baterias de arranque.<\/p>\n<h2><strong>Phoenix Smart (3): Tr\u00eas sa\u00eddas de corrente total para carregar 3 bancos de baterias<\/strong><\/h2>\n<p>Cada uma das sa\u00eddas pode fornecer a corrente de sa\u00edda nominal total, embora as tr\u00eas sa\u00eddas combinadas nunca excedam a corrente nominal do carregador.<\/p>\n<h2><strong>Compensa\u00e7\u00e3o autom\u00e1tica de tens\u00e3o<\/strong><\/h2>\n<p>O Victron Phoenix Smart Charger IP43 24\/25 (3) 120-240V ajusta automaticamente a tens\u00e3o de sa\u00edda para compensar a queda de tens\u00e3o nos cabos CC quando a corrente CC aumenta. Consulte o manual para mais pormenores.<\/p>\n<h2><strong>Algoritmo de carregamento adaptativo de 6 fases<\/strong><\/h2>\n<p>O Phoenix Smart Charger utiliza um sistema de gest\u00e3o de baterias \"adaptativo\" que se adapta a diferentes tipos de baterias. Este algoritmo optimiza automaticamente o processo de carregamento em fun\u00e7\u00e3o da utiliza\u00e7\u00e3o da bateria.<\/p>\n<h2><strong>Tempo de absor\u00e7\u00e3o adapt\u00e1vel para a quantidade de carga correcta<\/strong><\/h2>\n<p>Quando a descarga \u00e9 baixa, como no caso de um iate ligado ao pont\u00e3o, a fase de carga de absor\u00e7\u00e3o \u00e9 encurtada para evitar sobrecarregar a bateria. Ap\u00f3s uma descarga profunda, o tempo de carga de absor\u00e7\u00e3o \u00e9 automaticamente aumentado para assegurar uma recarga completa da bateria.<\/p>\n<h2><strong>Prevenir os danos provocados pelo excesso de g\u00e1s com o modo BatterySafe<\/strong><\/h2>\n<p>O carregador evita os danos provocados pela sobregaseifica\u00e7\u00e3o, limitando a taxa de aumento da tens\u00e3o quando a tens\u00e3o de gaseifica\u00e7\u00e3o \u00e9 atingida durante o carregamento r\u00e1pido.<\/p>\n<h2><strong>Modo de armazenamento para reduzir o envelhecimento<\/strong><\/h2>\n<p>O modo de armazenamento \u00e9 ativado quando a bateria n\u00e3o \u00e9 descarregada durante 24 horas, reduzindo a tens\u00e3o de flutua\u00e7\u00e3o para minimizar a forma\u00e7\u00e3o de gases e a corros\u00e3o das placas positivas. \u00c9 ajustado semanalmente para evitar problemas com a bateria.<\/p>\n<h2><strong>Compatibilidade com baterias de i\u00f5es de l\u00edtio (LiFePO\u2084)<\/strong><\/h2>\n<p>O carregador pode ser controlado por um rel\u00e9 ou um optoacoplador ligado a um BMS de i\u00f5es de l\u00edtio para ligar\/desligar ou controlar a tens\u00e3o e a corrente atrav\u00e9s de Bluetooth.<\/p>\n<h2><strong>Algoritmo de carregamento program\u00e1vel<\/strong><\/h2>\n<p>O algoritmo de carregamento pode ser programado atrav\u00e9s de Bluetooth ou da interface VE.Direct, estando dispon\u00edveis tr\u00eas algoritmos de carregamento pr\u00e9-programados.<\/p>\n<h2><strong>Sensor opcional de tens\u00e3o e temperatura da bateria via Bluetooth<\/strong><\/h2>\n<p>Pode ser utilizado um sensor Smart Battery Sense ou um monitor de bateria inteligente BMV-712 para comunicar a tens\u00e3o e a temperatura da bateria a um ou mais carregadores Phoenix Smart IP43.<\/p>\n<h2><strong>Fun\u00e7\u00e3o remota de ligar\/desligar<\/strong><\/h2>\n<p>O ligar\/desligar remoto pode ser configurado atrav\u00e9s de um interrutor espec\u00edfico, rel\u00e9 ou liga\u00e7\u00e3o por cabo. Consulte o manual para obter pormenores precisos.<\/p>\n<h2><strong>Interface direta VE.<\/strong><\/h2>\n<p>Fornece uma liga\u00e7\u00e3o de dados com fios a dispositivos GX, tais como o <a href=\"https:\/\/fvcomponentes.com\/pt\/produto\/monitor-victron-cerbo-gx-mk2-bpp900451100-victron-cerbo-mk2\/\" target=\"_blank\" rel=\"noopener\">Monitoriza\u00e7\u00e3o Victron Cerbo GX MK2 - BPP900451100<\/a>e outros dispositivos, activando a fun\u00e7\u00e3o de leitura instant\u00e2nea atrav\u00e9s de <a href=\"https:\/\/www.victronenergy.com.es\/panel-systems-remote-monitoring\/victronconnect\" target=\"_blank\" rel=\"noopener\">VictronConnect<\/a> remotamente a partir do VRM.<\/p>\n<h2><strong>Rel\u00e9 program\u00e1vel<\/strong><\/h2>\n<p>O rel\u00e9 pode ser programado atrav\u00e9s do VE.Direct ou Bluetooth para acionar alarmes e outros eventos.<\/p>\n<h2><strong>Carregamento sincronizado<\/strong><\/h2>\n<p>Pode emparelhar dois ou mais carregadores Phoenix Smart IP43 numa rede VE.S para um carregamento sincronizado.<\/p>\n<h2>Ficha t\u00e9cnica Carregador inteligente Victron Phoenix IP43 24\/25 (3) 120-240V - PSC242553095<\/h2>\n<p><a href=\"https:\/\/fvcomponentes.com\/wp-content\/uploads\/2023\/03\/120-240-Datasheet-Phoenix-Smart-IP43-Charger-ES.pdf\" target=\"_blank\" rel=\"noopener\">Ver ficha t\u00e9cnica do Carregador Inteligente Victron Phoenix IP43 24\/25 (3) 120-240V - PSC242553095\u00a0<\/a><\/p>","protected":false},"excerpt":{"rendered":"<p><strong>Tens\u00e3o de entrada: <\/strong>85 - 250 VAC (pot\u00eancia m\u00e1xima a partir de 100 VAC, arranque a partir de 90 VAC)<br \/>\n<strong>Gama de tens\u00e3o de entrada DC: <\/strong>90 - 375 VDC<br \/>\n<strong>Frequ\u00eancia: <\/strong>45-65 Hz<br \/>\n<strong>Corrente de carga da bateria auxiliar: <\/strong>25A<br \/>\n<strong>Modo de baixa corrente: <\/strong>12,5A<br \/>\n<strong>Peso: <\/strong>2,7 kg<br \/>\n<strong>Dimens\u00f5es: <\/strong>180 x 249 x 116 mm<\/p>","protected":false},"featured_media":7916,"comment_status":"open","ping_status":"closed","template":"","meta":{"site-sidebar-layout":"default","site-content-layout":"default","ast-site-content-layout":"default","site-content-style":"default","site-sidebar-style":"default","ast-global-header-display":"","ast-banner-title-visibility":"","ast-main-header-display":"","ast-hfb-above-header-display":"","ast-hfb-below-header-display":"","ast-hfb-mobile-header-display":"","site-post-title":"","ast-breadcrumbs-content":"","ast-featured-img":"","footer-sml-layout":"","ast-disable-related-posts":"","theme-transparent-header-meta":"default","adv-header-id-meta":"","stick-header-meta":"","header-above-stick-meta":"","header-main-stick-meta":"","header-below-stick-meta":"","astra-migrate-meta-layouts":"set","ast-page-background-enabled":"default","ast-page-background-meta":{"desktop":{"background-color":"var(--ast-global-color-4)","background-image":"","background-repeat":"repeat","background-position":"center center","background-size":"auto","background-attachment":"scroll","background-type":"","background-media":"","overlay-type":"","overlay-color":"","overlay-opacity":"","overlay-gradient":""},"tablet":{"background-color":"","background-image":"","background-repeat":"repeat","background-position":"center center","background-size":"auto","background-attachment":"scroll","background-type":"","background-media":"","overlay-type":"","overlay-color":"","overlay-opacity":"","overlay-gradient":""},"mobile":{"background-color":"","background-image":"","background-repeat":"repeat","background-position":"center center","background-size":"auto","background-attachment":"scroll","background-type":"","background-media":"","overlay-type":"","overlay-color":"","overlay-opacity":"","overlay-gradient":""}},"ast-content-background-meta":{"desktop":{"background-color":"var(--ast-global-color-5)","background-image":"","background-repeat":"repeat","background-position":"center center","background-size":"auto","background-attachment":"scroll","background-type":"","background-media":"","overlay-type":"","overlay-color":"","overlay-opacity":"","overlay-gradient":""},"tablet":{"background-color":"var(--ast-global-color-5)","background-image":"","background-repeat":"repeat","background-position":"center center","background-size":"auto","background-attachment":"scroll","background-type":"","background-media":"","overlay-type":"","overlay-color":"","overlay-opacity":"","overlay-gradient":""},"mobile":{"background-color":"var(--ast-global-color-5)","background-image":"","background-repeat":"repeat","background-position":"center center","background-size":"auto","background-attachment":"scroll","background-type":"","background-media":"","overlay-type":"","overlay-color":"","overlay-opacity":"","overlay-gradient":""}}},"pwb-brand":[332],"product_brand":[],"product_cat":[462,419],"product_tag":[],"class_list":{"0":"post-5703","1":"product","2":"type-product","3":"status-publish","4":"has-post-thumbnail","6":"pwb-brand-victron","7":"product_cat-cargador-de-baterias-24-v","8":"product_cat-cargadores-de-baterias","9":"desktop-align-left","10":"tablet-align-left","11":"mobile-align-left","12":"ast-product-gallery-layout-horizontal-slider","13":"ast-product-gallery-with-no-image","14":"ast-product-tabs-layout-horizontal","16":"first","17":"instock","18":"taxable","19":"shipping-taxable","20":"purchasable","21":"product-type-simple"},"wcpa_form_fields":null,"brands":[{"id":332,"name":"Victron Energia","slug":"victron"}],"_links":{"self":[{"href":"https:\/\/fvcomponentes.com\/pt\/wp-json\/wp\/v2\/product\/5703","targetHints":{"allow":["GET"]}}],"collection":[{"href":"https:\/\/fvcomponentes.com\/pt\/wp-json\/wp\/v2\/product"}],"about":[{"href":"https:\/\/fvcomponentes.com\/pt\/wp-json\/wp\/v2\/types\/product"}],"replies":[{"embeddable":true,"href":"https:\/\/fvcomponentes.com\/pt\/wp-json\/wp\/v2\/comments?post=5703"}],"wp:featuredmedia":[{"embeddable":true,"href":"https:\/\/fvcomponentes.com\/pt\/wp-json\/wp\/v2\/media\/7916"}],"wp:attachment":[{"href":"https:\/\/fvcomponentes.com\/pt\/wp-json\/wp\/v2\/media?parent=5703"}],"wp:term":[{"taxonomy":"pwb-brand","embeddable":true,"href":"https:\/\/fvcomponentes.com\/pt\/wp-json\/wp\/v2\/pwb-brand?post=5703"},{"taxonomy":"product_brand","embeddable":true,"href":"https:\/\/fvcomponentes.com\/pt\/wp-json\/wp\/v2\/product_brand?post=5703"},{"taxonomy":"product_cat","embeddable":true,"href":"https:\/\/fvcomponentes.com\/pt\/wp-json\/wp\/v2\/product_cat?post=5703"},{"taxonomy":"product_tag","embeddable":true,"href":"https:\/\/fvcomponentes.com\/pt\/wp-json\/wp\/v2\/product_tag?post=5703"}],"curies":[{"name":"wp","href":"https:\/\/api.w.org\/{rel}","templated":true}]}}