{"id":5701,"date":"2024-01-19T19:29:44","date_gmt":"2024-01-19T18:29:44","guid":{"rendered":"https:\/\/fvcomponentes.com\/?post_type=product&#038;p=5701"},"modified":"2026-04-04T12:49:25","modified_gmt":"2026-04-04T10:49:25","slug":"carregador-victron-phoenix-smart-ip43-24-16-11-120-240v-psc241651095","status":"publish","type":"product","link":"https:\/\/fvcomponentes.com\/pt\/producto\/cargador-victron-phoenix-smart-ip43-24-16-11-120-240v-psc241651095\/","title":{"rendered":"Carregador Victron Phoenix Smart IP43 24\/16 (1+1) 120-240V - PSC241651095"},"content":{"rendered":"<h2>Caracter\u00edsticas Carregador inteligente Victron Phoenix IP43 24\/16 (1+1) 120-240V<\/h2>\n<h2>Bluetooth inteligente integrado<\/h2>\n<p>O carregador Victron Phoenix Smart IP43 24\/16 (1+1) 120-240V tem uma solu\u00e7\u00e3o sem fios integrada para configurar, monitorizar, controlar, atualizar e sincronizar os carregadores Phoenix Smart IP43.<\/p>\n<h2>Phoenix Smart (1+1): duas tomadas para carregar 2 bancos de baterias<\/h2>\n<p>A segunda sa\u00edda, limitada a cerca de 4 A e com uma tens\u00e3o de sa\u00edda ligeiramente inferior, destina-se a carregar totalmente uma bateria de arranque.<\/p>\n<h2>Phoenix Smart (3): tr\u00eas sa\u00eddas de corrente total para carregar 3 bancos de baterias<\/h2>\n<p>Cada uma das sa\u00eddas pode fornecer a corrente de sa\u00edda nominal total. Mas as tr\u00eas sa\u00eddas combinadas nunca podem exceder a corrente nominal do carregador.<\/p>\n<h2>Compensa\u00e7\u00e3o autom\u00e1tica de tens\u00e3o<\/h2>\n<p>O carregador Victron Phoenix Smart IP43 24\/16 (1+1) 120-240V compensa a queda de tens\u00e3o dos cabos CC aumentando gradualmente a tens\u00e3o de sa\u00edda \u00e0 medida que a corrente CC aumenta. Para mais informa\u00e7\u00f5es, consulte o manual.<\/p>\n<h2>Algoritmo de carregamento adaptativo em 6 fases: carregamento inicial - absor\u00e7\u00e3o - recondicionamento - flutua\u00e7\u00e3o - armazenamento - refrescamento<\/h2>\n<p>O Phoenix Smart Charger possui o nosso conhecido sistema de gest\u00e3o de baterias \"adaptativo\" que pode ser configurado para diferentes tipos de baterias. A sua fun\u00e7\u00e3o \"adaptativa\" optimiza automaticamente o processo de carregamento em fun\u00e7\u00e3o da utiliza\u00e7\u00e3o da bateria.<\/p>\n<h2>A quantidade certa de carga: tempo de absor\u00e7\u00e3o adapt\u00e1vel<\/h2>\n<p>Quando a descarga \u00e9 baixa (por exemplo, um iate ligado ao pont\u00e3o), a fase de carga de absor\u00e7\u00e3o \u00e9 encurtada para evitar sobrecarregar a bateria. Ap\u00f3s uma descarga profunda, o tempo de carga de absor\u00e7\u00e3o \u00e9 automaticamente aumentado para garantir uma recarga completa da bateria.<\/p>\n<h2>Preven\u00e7\u00e3o de danos devido a excesso de g\u00e1s: Modo BatterySafe<\/h2>\n<p>Se, para carregar uma bateria rapidamente, tiver sido escolhida uma combina\u00e7\u00e3o de corrente de carga elevada e tens\u00e3o de absor\u00e7\u00e3o elevada, o carregador evitar\u00e1 os danos provocados pela sobregaseifica\u00e7\u00e3o, limitando automaticamente a taxa de aumento da tens\u00e3o assim que a tens\u00e3o de gaseifica\u00e7\u00e3o for atingida.<\/p>\n<h2>Redu\u00e7\u00e3o do envelhecimento e da necessidade de manuten\u00e7\u00e3o quando a bateria n\u00e3o est\u00e1 a ser utilizada: modo de armazenamento.<\/h2>\n<p>O modo de armazenamento \u00e9 ativado quando a bateria n\u00e3o tiver sido descarregada durante 24 horas. No modo de armazenamento, a tens\u00e3o de flutua\u00e7\u00e3o \u00e9 reduzida para 2,2 V\/c\u00e9lula (13,2 V para baterias de 12 V) para minimizar a forma\u00e7\u00e3o de gases e a corros\u00e3o das placas positivas. Uma vez por semana, a tens\u00e3o \u00e9 aumentada para o n\u00edvel de absor\u00e7\u00e3o para \"igualar\" a<br \/>\nbateria. Esta fun\u00e7\u00e3o evita a estratifica\u00e7\u00e3o e a sulfata\u00e7\u00e3o do eletr\u00f3lito, as principais causas de falha da bateria.<\/p>\n<h2>tamb\u00e9m carrega baterias de i\u00f5es de l\u00edtio (LiFePO\u2084)<\/h2>\n<p>O controlo simples de ligar\/desligar pode ser implementado ligando um rel\u00e9 ou optoacoplador com sa\u00edda de coletor aberto de um BMS de i\u00f5es de l\u00edtio \u00e0 porta remota de ligar\/desligar. Em alternativa, tamb\u00e9m \u00e9 poss\u00edvel ter um controlo total da tens\u00e3o e da corrente atrav\u00e9s de Bluetooth.<\/p>\n<h2>Algoritmo de carregamento totalmente program\u00e1vel no<\/h2>\n<h2>Carregador Victron Phoenix Smart IP43 24\/16 (1+1) 120-240V<\/h2>\n<p>O algoritmo de carregamento pode ser programado atrav\u00e9s de Bluetooth ou da interface VE.Direct. Podem ser seleccionados tr\u00eas algoritmos de carregamento pr\u00e9-programados com o bot\u00e3o de modo (ver especifica\u00e7\u00f5es).<\/p>\n<h2>Sensor externo opcional de tens\u00e3o e temperatura da bateria via Bluetooth<\/h2>\n<p>Pode ser utilizado um sensor Smart Battery Sense ou um monitor de bateria inteligente BMV-712 para comunicar a tens\u00e3o e a temperatura da bateria a um ou mais carregadores Phoenix Smart IP43.<\/p>\n<h2>Controlo remoto On\/Off<\/h2>\n<ul>\n<li>O controlo remoto de ligar\/desligar \u00e9 composto por dois terminais: controlo remoto H e controlo remoto L.<\/li>\n<li>Pode ser ligado um interrutor de ligar\/desligar remoto ou um contacto de rel\u00e9 entre H e L.<\/li>\n<li>Em alternativa, o terminal H pode ser regulado para um n\u00edvel superior ou o terminal L pode ser regulado para um n\u00edvel inferior.<br \/>\n<em>Ver manual para mais pormenores.<\/em><\/li>\n<\/ul>\n<h2>Interface direta VE.<\/h2>\n<p>Para uma liga\u00e7\u00e3o de dados com fios a um dispositivo GX, como o <a href=\"https:\/\/fvcomponentes.com\/pt\/produto\/monitor-victron-cerbo-gx-mk2-bpp900451100-victron-cerbo-mk2\/\" target=\"_blank\" rel=\"noopener\">Monitoriza\u00e7\u00e3o Victron Cerbo GX MK2 - BPP900451100<\/a>para um PC ou outros dispositivos. Tamb\u00e9m permite a fun\u00e7\u00e3o de leitura instant\u00e2nea, atrav\u00e9s de <a href=\"https:\/\/www.victronenergy.com.es\/panel-systems-remote-monitoring\/victronconnect\" target=\"_blank\" rel=\"noopener\">VictronConnect<\/a> remotamente a partir do VRM.<\/p>\n<h2>Rel\u00e9 program\u00e1vel<\/h2>\n<p>Pode ser programado com a interface VE.Direct ou com um dispositivo com Bluetooth para acionar um alarme ou outros eventos.<\/p>\n<h2>Carregamento sincronizado<\/h2>\n<p>Quando emparelhar dois ou mais carregadores Phoenix Smart IP43 numa rede VE.S<\/p>\n<h2>Ficha t\u00e9cnica Carregador inteligente Victron Phoenix IP43 24\/16 (1+1) 120-240V - PSC241651095<\/h2>\n<p><a href=\"https:\/\/fvcomponentes.com\/wp-content\/uploads\/2023\/03\/120-240-Datasheet-Phoenix-Smart-IP43-Charger-ES.pdf\" target=\"_blank\" rel=\"noopener\">Ver ficha t\u00e9cnica do Carregador Inteligente Victron Phoenix IP43 24\/16 (1+1) 120-240V - PSC241651095<\/a><\/p>","protected":false},"excerpt":{"rendered":"<p><strong>Tens\u00e3o de entrada: <\/strong>85 - 250 VAC (pot\u00eancia m\u00e1xima a partir de 100 VAC, arranque a partir de 90 VAC)<br \/>\n<strong>Gama de tens\u00e3o de entrada DC: <\/strong>90 - 375 VDC<br \/>\n<strong>Frequ\u00eancia: <\/strong>45-65 Hz<br \/>\n<strong>Corrente de carga da bateria auxiliar: <\/strong>16A<br \/>\n<strong>Modo de baixa corrente: <\/strong>8A<br \/>\n<strong>Peso: <\/strong>2,7 kg<br \/>\n<strong>Dimens\u00f5es: <\/strong>180 x 249 x 116 mm<\/p>","protected":false},"featured_media":7913,"comment_status":"open","ping_status":"closed","template":"","meta":{"site-sidebar-layout":"default","site-content-layout":"default","ast-site-content-layout":"default","site-content-style":"default","site-sidebar-style":"default","ast-global-header-display":"","ast-banner-title-visibility":"","ast-main-header-display":"","ast-hfb-above-header-display":"","ast-hfb-below-header-display":"","ast-hfb-mobile-header-display":"","site-post-title":"","ast-breadcrumbs-content":"","ast-featured-img":"","footer-sml-layout":"","ast-disable-related-posts":"","theme-transparent-header-meta":"default","adv-header-id-meta":"","stick-header-meta":"","header-above-stick-meta":"","header-main-stick-meta":"","header-below-stick-meta":"","astra-migrate-meta-layouts":"set","ast-page-background-enabled":"default","ast-page-background-meta":{"desktop":{"background-color":"var(--ast-global-color-4)","background-image":"","background-repeat":"repeat","background-position":"center center","background-size":"auto","background-attachment":"scroll","background-type":"","background-media":"","overlay-type":"","overlay-color":"","overlay-opacity":"","overlay-gradient":""},"tablet":{"background-color":"","background-image":"","background-repeat":"repeat","background-position":"center center","background-size":"auto","background-attachment":"scroll","background-type":"","background-media":"","overlay-type":"","overlay-color":"","overlay-opacity":"","overlay-gradient":""},"mobile":{"background-color":"","background-image":"","background-repeat":"repeat","background-position":"center center","background-size":"auto","background-attachment":"scroll","background-type":"","background-media":"","overlay-type":"","overlay-color":"","overlay-opacity":"","overlay-gradient":""}},"ast-content-background-meta":{"desktop":{"background-color":"var(--ast-global-color-5)","background-image":"","background-repeat":"repeat","background-position":"center center","background-size":"auto","background-attachment":"scroll","background-type":"","background-media":"","overlay-type":"","overlay-color":"","overlay-opacity":"","overlay-gradient":""},"tablet":{"background-color":"var(--ast-global-color-5)","background-image":"","background-repeat":"repeat","background-position":"center center","background-size":"auto","background-attachment":"scroll","background-type":"","background-media":"","overlay-type":"","overlay-color":"","overlay-opacity":"","overlay-gradient":""},"mobile":{"background-color":"var(--ast-global-color-5)","background-image":"","background-repeat":"repeat","background-position":"center center","background-size":"auto","background-attachment":"scroll","background-type":"","background-media":"","overlay-type":"","overlay-color":"","overlay-opacity":"","overlay-gradient":""}}},"pwb-brand":[332],"product_brand":[],"product_cat":[462,419],"product_tag":[],"class_list":{"0":"post-5701","1":"product","2":"type-product","3":"status-publish","4":"has-post-thumbnail","6":"pwb-brand-victron","7":"product_cat-cargador-de-baterias-24-v","8":"product_cat-cargadores-de-baterias","9":"desktop-align-left","10":"tablet-align-left","11":"mobile-align-left","12":"ast-product-gallery-layout-horizontal-slider","13":"ast-product-gallery-with-no-image","14":"ast-product-tabs-layout-horizontal","16":"first","17":"instock","18":"taxable","19":"shipping-taxable","20":"purchasable","21":"product-type-simple"},"wcpa_form_fields":null,"brands":[{"id":332,"name":"Victron Energia","slug":"victron"}],"_links":{"self":[{"href":"https:\/\/fvcomponentes.com\/pt\/wp-json\/wp\/v2\/product\/5701","targetHints":{"allow":["GET"]}}],"collection":[{"href":"https:\/\/fvcomponentes.com\/pt\/wp-json\/wp\/v2\/product"}],"about":[{"href":"https:\/\/fvcomponentes.com\/pt\/wp-json\/wp\/v2\/types\/product"}],"replies":[{"embeddable":true,"href":"https:\/\/fvcomponentes.com\/pt\/wp-json\/wp\/v2\/comments?post=5701"}],"wp:featuredmedia":[{"embeddable":true,"href":"https:\/\/fvcomponentes.com\/pt\/wp-json\/wp\/v2\/media\/7913"}],"wp:attachment":[{"href":"https:\/\/fvcomponentes.com\/pt\/wp-json\/wp\/v2\/media?parent=5701"}],"wp:term":[{"taxonomy":"pwb-brand","embeddable":true,"href":"https:\/\/fvcomponentes.com\/pt\/wp-json\/wp\/v2\/pwb-brand?post=5701"},{"taxonomy":"product_brand","embeddable":true,"href":"https:\/\/fvcomponentes.com\/pt\/wp-json\/wp\/v2\/product_brand?post=5701"},{"taxonomy":"product_cat","embeddable":true,"href":"https:\/\/fvcomponentes.com\/pt\/wp-json\/wp\/v2\/product_cat?post=5701"},{"taxonomy":"product_tag","embeddable":true,"href":"https:\/\/fvcomponentes.com\/pt\/wp-json\/wp\/v2\/product_tag?post=5701"}],"curies":[{"name":"wp","href":"https:\/\/api.w.org\/{rel}","templated":true}]}}