{"id":5668,"date":"2024-01-19T19:29:47","date_gmt":"2024-01-19T18:29:47","guid":{"rendered":"https:\/\/fvcomponentes.com\/?post_type=product&#038;p=5668"},"modified":"2026-04-04T12:49:40","modified_gmt":"2026-04-04T10:49:40","slug":"carregador-victron-phoenix-smart-ip43-12-30-11-230v-psc123051085","status":"publish","type":"product","link":"https:\/\/fvcomponentes.com\/pt\/producto\/cargador-victron-phoenix-smart-ip43-12-30-11-230v-psc123051085\/","title":{"rendered":"Carregador Victron Phoenix Smart IP43 12\/30 (1+1) 230V - PSC123051085"},"content":{"rendered":"<h2 class=\"tw-data-text tw-text-large tw-ta\" dir=\"ltr\" data-placeholder=\"Traducci\u00f3n\"><span class=\"Y2IQFc\" lang=\"es\">Bluetooth inteligente integrado<\/span><\/h2>\n<p class=\"tw-data-text tw-text-large tw-ta\" dir=\"ltr\" data-placeholder=\"Traducci\u00f3n\"><span class=\"Y2IQFc\" lang=\"es\">A solu\u00e7\u00e3o sem fios para configurar, monitorizar, controlar e atualizar os carregadores Phoenix Smart IP43. <\/span><\/p>\n<h2 class=\"tw-data-text tw-text-large tw-ta\" dir=\"ltr\" data-placeholder=\"Traducci\u00f3n\"><span class=\"Y2IQFc\" lang=\"es\">Phoenix Smart (1+1): duas sa\u00eddas para carregar 2 bancos de baterias<\/span><\/h2>\n<p class=\"tw-data-text tw-text-large tw-ta\" dir=\"ltr\" data-placeholder=\"Traducci\u00f3n\"><span class=\"Y2IQFc\" lang=\"es\">A segunda sa\u00edda, limitada a cerca de 3 A e com uma tens\u00e3o de sa\u00edda ligeiramente inferior, destina-se a recarregar uma bateria de arranque. <\/span><\/p>\n<h2 class=\"tw-data-text tw-text-large tw-ta\" dir=\"ltr\" data-placeholder=\"Traducci\u00f3n\"><span class=\"Y2IQFc\" lang=\"es\">Phoenix Smart (3): tr\u00eas sa\u00eddas de corrente total para carregar 3 bancos de baterias<\/span><\/h2>\n<p class=\"tw-data-text tw-text-large tw-ta\" dir=\"ltr\" data-placeholder=\"Traducci\u00f3n\"><span class=\"Y2IQFc\" lang=\"es\">Cada sa\u00edda pode fornecer a corrente de sa\u00edda nominal total. Mas o total das 3 sa\u00eddas combinadas nunca pode exceder a corrente nominal do carregador. <\/span><\/p>\n<h2 class=\"tw-data-text tw-text-large tw-ta\" dir=\"ltr\" data-placeholder=\"Traducci\u00f3n\"><span class=\"Y2IQFc\" lang=\"es\">Compensa\u00e7\u00e3o autom\u00e1tica de tens\u00e3o<\/span><\/h2>\n<p class=\"tw-data-text tw-text-large tw-ta\" dir=\"ltr\" data-placeholder=\"Traducci\u00f3n\"><span class=\"Y2IQFc\" lang=\"es\">O carregador compensa a queda de tens\u00e3o na cablagem CC aumentando ligeiramente a tens\u00e3o de sa\u00edda quando a corrente CC aumenta.<\/span><\/p>\n<h2 class=\"tw-data-text tw-text-large tw-ta\" dir=\"ltr\" data-placeholder=\"Traducci\u00f3n\"><span class=\"Y2IQFc\" lang=\"es\">Algoritmo de carregamento adaptativo em 6 fases: volume, absor\u00e7\u00e3o, recondicionamento, flutua\u00e7\u00e3o, armazenamento, refrescamento<\/span><\/h2>\n<p class=\"tw-data-text tw-text-large tw-ta\" dir=\"ltr\" data-placeholder=\"Traducci\u00f3n\"><span class=\"Y2IQFc\" lang=\"es\">O Phoenix Smart Charger inclui o nosso popular sistema de gest\u00e3o de baterias \"adaptativo\" que pode ser pr\u00e9-definido para se adequar a diferentes tipos de baterias. A fun\u00e7\u00e3o \"adaptativa\" optimizar\u00e1 automaticamente o processo de carregamento em fun\u00e7\u00e3o da forma como a bateria \u00e9 utilizada. <\/span><\/p>\n<h2 id=\"tw-target-text\" class=\"tw-data-text tw-text-large tw-ta\" dir=\"ltr\" data-placeholder=\"Traducci\u00f3n\"><span class=\"Y2IQFc\" lang=\"es\">Menos manuten\u00e7\u00e3o e envelhecimento quando a bateria n\u00e3o est\u00e1 a ser utilizada: modo de armazenamento<\/span><\/h2>\n<p class=\"tw-data-text tw-text-large tw-ta\" dir=\"ltr\" data-placeholder=\"Traducci\u00f3n\"><span class=\"Y2IQFc\" lang=\"es\">O modo de armazenamento \u00e9 ativado desde que a bateria n\u00e3o tenha sido descarregada durante 24 horas. No modo de armazenamento, a tens\u00e3o de flutua\u00e7\u00e3o \u00e9 reduzida para 2,2 V\/c\u00e9lula (13,2 V para uma bateria de 12 V) para minimizar a forma\u00e7\u00e3o de gases e a corros\u00e3o das placas positivas. Uma vez por semana, a tens\u00e3o \u00e9 aumentada novamente para o n\u00edvel de absor\u00e7\u00e3o para \"igualar\" a bateria. Esta carater\u00edstica evita a estratifica\u00e7\u00e3o e a sulfata\u00e7\u00e3o do eletr\u00f3lito, um dos principais factores de falha precoce da bateria. <\/span><\/p>\n<h2 class=\"tw-data-text tw-text-large tw-ta\" dir=\"ltr\" data-placeholder=\"Traducci\u00f3n\"><span class=\"Y2IQFc\" lang=\"es\">Dete\u00e7\u00e3o de temperatura e tens\u00e3o da bateria externa opcional atrav\u00e9s de Bluetooth<\/span><\/h2>\n<p class=\"tw-data-text tw-text-large tw-ta\" dir=\"ltr\" data-placeholder=\"Traducci\u00f3n\"><span class=\"Y2IQFc\" lang=\"es\">Um sensor de bateria inteligente, SmartShunt ou monitor de bateria inteligente BMV-712 pode ser utilizado para comunicar a tens\u00e3o e a temperatura da bateria a um ou mais carregadores Phoenix Smart IP43 atrav\u00e9s de redes VE.Smart. <\/span><\/p>\n<h2 class=\"tw-data-text tw-text-large tw-ta\" dir=\"ltr\" data-placeholder=\"Traducci\u00f3n\"><span class=\"Y2IQFc\" lang=\"es\">Ligar\/desligar remotamente<\/span><\/h2>\n<p class=\"tw-data-text tw-text-large tw-ta\" dir=\"ltr\" data-placeholder=\"Traducci\u00f3n\"><span class=\"Y2IQFc\" lang=\"es\">O ligar\/desligar remoto consiste em dois terminais: Remoto H e Remoto L. Um interrutor de ligar\/desligar remoto ou um contacto de rel\u00e9 pode ser ligado entre H e L. Em alternativa, o terminal H pode ser colocado em posi\u00e7\u00e3o alta, ou o terminal L pode ser colocado em posi\u00e7\u00e3o baixa. Ver manual para mais pormenores.<\/span><\/p>\n<h2 class=\"tw-data-text tw-text-large tw-ta\" dir=\"ltr\" data-placeholder=\"Traducci\u00f3n\"><span class=\"Y2IQFc\" lang=\"es\"> Interface direta VE.<\/span><\/h2>\n<p class=\"tw-data-text tw-text-large tw-ta\" dir=\"ltr\" data-placeholder=\"Traducci\u00f3n\"><span class=\"Y2IQFc\" lang=\"es\">Para uma liga\u00e7\u00e3o de dados com fios a um dispositivo GX, como o <a href=\"https:\/\/fvcomponentes.com\/pt\/produto\/monitor-victron-cerbo-gx-mk2-bpp900451100-victron-cerbo-mk2\/\" target=\"_blank\" rel=\"noopener\">Monitoriza\u00e7\u00e3o Victron Cerbo GX MK2 - BPP900451100,<\/a>\u00a0PC ou outros dispositivos. Tamb\u00e9m permite a funcionalidade de leitura instant\u00e2nea atrav\u00e9s do VictronConnect remotamente a partir do VRM. Ver aplica\u00e7\u00e3o VictronConnect <\/span><\/p>\n<h2 class=\"tw-data-text tw-text-large tw-ta\" dir=\"ltr\" data-placeholder=\"Traducci\u00f3n\"><span class=\"Y2IQFc\" lang=\"es\">Rel\u00e9 program\u00e1vel<\/span><\/h2>\n<p class=\"tw-data-text tw-text-large tw-ta\" dir=\"ltr\" data-placeholder=\"Traducci\u00f3n\"><span class=\"Y2IQFc\" lang=\"es\">Pode ser programado utilizando a interface VE.Direct ou um dispositivo com Bluetooth para acionar um alarme ou outros eventos<\/span><\/p>\n<h2 dir=\"ltr\" data-placeholder=\"Traducci\u00f3n\">Ficha t\u00e9cnica Carregador inteligente Victron Phoenix IP43 12\/30 (1+1) 230V - PSC123051085<\/h2>\n<p dir=\"ltr\" data-placeholder=\"Traducci\u00f3n\"><a href=\"https:\/\/fvcomponentes.com\/wp-content\/uploads\/2023\/03\/Datasheet-Phoenix-Smart-IP43-Charger-230V-EN.pdf\" target=\"_blank\" rel=\"noopener\">Ver ficha de dados do carregador inteligente Victron Phoenix IP43 12\/30 (1+1) - PSC123051085<\/a><\/p>","protected":false},"excerpt":{"rendered":"<p id=\"tw-target-text\" class=\"tw-data-text tw-text-large tw-ta\" dir=\"ltr\" data-placeholder=\"Traducci\u00f3n\"><strong><span class=\"Y2IQFc\" lang=\"es\">Tens\u00e3o de entrada: <\/span><\/strong><span class=\"Y2IQFc\" lang=\"es\">230 VAC (gama: 210 - 250 V)<\/span><strong><span class=\"Y2IQFc\" lang=\"es\"><br \/>\nTens\u00e3o de entrada DC: <\/span><\/strong><span class=\"Y2IQFc\" lang=\"es\">290 - 355 VDC<\/span><strong><span class=\"Y2IQFc\" lang=\"es\"><br \/>\nFrequ\u00eancia:<\/span><\/strong><span class=\"Y2IQFc\" lang=\"es\">\u00a0<\/span><span class=\"Y2IQFc\" lang=\"es\">45-65 Hz<\/span><strong><span class=\"Y2IQFc\" lang=\"es\"><br \/>\nFator de pot\u00eancia: <\/span><\/strong><span class=\"Y2IQFc\" lang=\"es\">0,7<\/span><strong><span class=\"Y2IQFc\" lang=\"es\"><br \/>\nCorrente de carga da bateria dom\u00e9stica:<\/span><\/strong><span class=\"Y2IQFc\" lang=\"es\"> 30\/50A<\/span><strong><span class=\"Y2IQFc\" lang=\"es\"><br \/>\nModo de baixa corrente: <\/span><\/strong><span class=\"Y2IQFc\" lang=\"es\">15\/25a<\/span><strong><span class=\"Y2IQFc\" lang=\"es\"><br \/>\n<\/span><span class=\"Y2IQFc\" lang=\"es\">Peso: <\/span><\/strong><span class=\"Y2IQFc\" lang=\"es\">3,5 kg\u00a0<\/span><strong><span class=\"Y2IQFc\" lang=\"es\"><br \/>\nDimens\u00f5es: <\/span><\/strong><span class=\"Y2IQFc\" lang=\"es\">180 x 249 x 100 mm<\/span><\/p>","protected":false},"featured_media":5672,"comment_status":"open","ping_status":"closed","template":"","meta":{"site-sidebar-layout":"default","site-content-layout":"default","ast-site-content-layout":"default","site-content-style":"default","site-sidebar-style":"default","ast-global-header-display":"","ast-banner-title-visibility":"","ast-main-header-display":"","ast-hfb-above-header-display":"","ast-hfb-below-header-display":"","ast-hfb-mobile-header-display":"","site-post-title":"","ast-breadcrumbs-content":"","ast-featured-img":"","footer-sml-layout":"","ast-disable-related-posts":"","theme-transparent-header-meta":"default","adv-header-id-meta":"","stick-header-meta":"","header-above-stick-meta":"","header-main-stick-meta":"","header-below-stick-meta":"","astra-migrate-meta-layouts":"set","ast-page-background-enabled":"default","ast-page-background-meta":{"desktop":{"background-color":"var(--ast-global-color-4)","background-image":"","background-repeat":"repeat","background-position":"center center","background-size":"auto","background-attachment":"scroll","background-type":"","background-media":"","overlay-type":"","overlay-color":"","overlay-opacity":"","overlay-gradient":""},"tablet":{"background-color":"","background-image":"","background-repeat":"repeat","background-position":"center center","background-size":"auto","background-attachment":"scroll","background-type":"","background-media":"","overlay-type":"","overlay-color":"","overlay-opacity":"","overlay-gradient":""},"mobile":{"background-color":"","background-image":"","background-repeat":"repeat","background-position":"center center","background-size":"auto","background-attachment":"scroll","background-type":"","background-media":"","overlay-type":"","overlay-color":"","overlay-opacity":"","overlay-gradient":""}},"ast-content-background-meta":{"desktop":{"background-color":"var(--ast-global-color-5)","background-image":"","background-repeat":"repeat","background-position":"center center","background-size":"auto","background-attachment":"scroll","background-type":"","background-media":"","overlay-type":"","overlay-color":"","overlay-opacity":"","overlay-gradient":""},"tablet":{"background-color":"var(--ast-global-color-5)","background-image":"","background-repeat":"repeat","background-position":"center center","background-size":"auto","background-attachment":"scroll","background-type":"","background-media":"","overlay-type":"","overlay-color":"","overlay-opacity":"","overlay-gradient":""},"mobile":{"background-color":"var(--ast-global-color-5)","background-image":"","background-repeat":"repeat","background-position":"center center","background-size":"auto","background-attachment":"scroll","background-type":"","background-media":"","overlay-type":"","overlay-color":"","overlay-opacity":"","overlay-gradient":""}}},"pwb-brand":[332],"product_brand":[],"product_cat":[419,461],"product_tag":[],"class_list":{"0":"post-5668","1":"product","2":"type-product","3":"status-publish","4":"has-post-thumbnail","6":"pwb-brand-victron","7":"product_cat-cargadores-de-baterias","8":"product_cat-cargador-de-baterias-12-v","9":"desktop-align-left","10":"tablet-align-left","11":"mobile-align-left","12":"ast-product-gallery-layout-horizontal-slider","13":"ast-product-tabs-layout-horizontal","15":"first","16":"instock","17":"taxable","18":"shipping-taxable","19":"purchasable","20":"product-type-simple"},"wcpa_form_fields":null,"brands":[{"id":332,"name":"Victron Energia","slug":"victron"}],"_links":{"self":[{"href":"https:\/\/fvcomponentes.com\/pt\/wp-json\/wp\/v2\/product\/5668","targetHints":{"allow":["GET"]}}],"collection":[{"href":"https:\/\/fvcomponentes.com\/pt\/wp-json\/wp\/v2\/product"}],"about":[{"href":"https:\/\/fvcomponentes.com\/pt\/wp-json\/wp\/v2\/types\/product"}],"replies":[{"embeddable":true,"href":"https:\/\/fvcomponentes.com\/pt\/wp-json\/wp\/v2\/comments?post=5668"}],"wp:featuredmedia":[{"embeddable":true,"href":"https:\/\/fvcomponentes.com\/pt\/wp-json\/wp\/v2\/media\/5672"}],"wp:attachment":[{"href":"https:\/\/fvcomponentes.com\/pt\/wp-json\/wp\/v2\/media?parent=5668"}],"wp:term":[{"taxonomy":"pwb-brand","embeddable":true,"href":"https:\/\/fvcomponentes.com\/pt\/wp-json\/wp\/v2\/pwb-brand?post=5668"},{"taxonomy":"product_brand","embeddable":true,"href":"https:\/\/fvcomponentes.com\/pt\/wp-json\/wp\/v2\/product_brand?post=5668"},{"taxonomy":"product_cat","embeddable":true,"href":"https:\/\/fvcomponentes.com\/pt\/wp-json\/wp\/v2\/product_cat?post=5668"},{"taxonomy":"product_tag","embeddable":true,"href":"https:\/\/fvcomponentes.com\/pt\/wp-json\/wp\/v2\/product_tag?post=5668"}],"curies":[{"name":"wp","href":"https:\/\/api.w.org\/{rel}","templated":true}]}}