{"id":5667,"date":"2024-01-19T19:29:56","date_gmt":"2024-01-19T18:29:56","guid":{"rendered":"https:\/\/fvcomponentes.com\/?post_type=product&#038;p=5667"},"modified":"2026-04-04T12:47:50","modified_gmt":"2026-04-04T10:47:50","slug":"carregador-victron-blue-smart-ip67-24v-12a-230vac-bpc241247006","status":"publish","type":"product","link":"https:\/\/fvcomponentes.com\/pt\/producto\/cargador-victron-blue-smart-ip67-24v-12a-230vac-bpc241247006\/","title":{"rendered":"Carregador Victron Blue Smart IP67 24V 12A 230VAC - BPC241247006"},"content":{"rendered":"<h2>Caracter\u00edsticas do carregador Victron Blue Smart IP67 24V 12A 230VAC com Bluetooth inteligente<\/h2>\n<p>O carregador Victron Blue Smart IP67 24V 12A 230VAC \u00e9 a solu\u00e7\u00e3o sem fios para monitorizar a tens\u00e3o e a corrente, alterar as defini\u00e7\u00f5es e atualizar o carregador quando estiverem dispon\u00edveis novas funcionalidades. Gra\u00e7as ao Bluetooth, a funcionalidade do carregador IP67 \u00e9 melhorada e \u00e9 semelhante aos nossos carregadores IP22 e IP65.<\/p>\n<h2>Totalmente encapsulado: \u00e0 prova de \u00e1gua, de choques e de fogo<\/h2>\n<p>A \u00e1gua, o \u00f3leo e a sujidade n\u00e3o podem danificar o carregador Blue Smart IP67. A sua caixa \u00e9 feita de alum\u00ednio fundido e os componentes electr\u00f3nicos s\u00e3o moldados em resina.<\/p>\n<h2>A maior efici\u00eancia de sempre!<\/h2>\n<p>Estabelecemos um novo padr\u00e3o no sector: embora tenham uma efici\u00eancia de 92% ou superior, estes carregadores geram tr\u00eas a quatro vezes menos<br \/>\ncalor. E quando a bateria est\u00e1 totalmente carregada, o consumo de energia \u00e9 reduzido para menos de um watt, cinco a dez vezes menos do que o normal.<br \/>\nsector.<\/p>\n<h2>Algoritmo de carregamento vari\u00e1vel em 5 fases: carregamento inicial - absor\u00e7\u00e3o - recondicionamento - flota\u00e7\u00e3o - armazenamento<\/h2>\n<p>O carregador Blue Smart possui uma gest\u00e3o de bateria \"adaptativa\" controlada por microprocessador. A sua fun\u00e7\u00e3o \"adaptativa\" permite otimizar<br \/>\nautomaticamente o processo de carregamento com base na utiliza\u00e7\u00e3o da bateria.<\/p>\n<h2>Modo de armazenamento: menos envelhecimento e necessidade de manuten\u00e7\u00e3o quando a bateria n\u00e3o est\u00e1 a ser utilizada<\/h2>\n<p>O modo de armazenamento \u00e9 ativado quando a bateria n\u00e3o tiver sido descarregada durante 24 horas. No modo de armazenamento, a tens\u00e3o de flutua\u00e7\u00e3o \u00e9 reduzida para 2,2 V\/c\u00e9lula (13,2 V para baterias de 12 V) para reduzir a forma\u00e7\u00e3o de gases e a corros\u00e3o das placas positivas. Uma vez por semana, a tens\u00e3o \u00e9 aumentada para o n\u00edvel de absor\u00e7\u00e3o para \"igualizar\" a bateria. Esta fun\u00e7\u00e3o evita a estratifica\u00e7\u00e3o e a sulfata\u00e7\u00e3o do eletr\u00f3lito, as principais causas de falha da bateria.<\/p>\n<h2>Tamb\u00e9m carrega baterias de i\u00f5es de l\u00edtio<\/h2>\n<p>As baterias de i\u00f5es de l\u00edtio s\u00e3o carregadas com um algoritmo simples de carga inicial - absor\u00e7\u00e3o - flutua\u00e7\u00e3o.<\/p>\n<h2>Fun\u00e7\u00e3o de recupera\u00e7\u00e3o de bateria totalmente descarregada<\/h2>\n<p>Come\u00e7a a carregar mesmo que a bateria tenha sido descarregada at\u00e9 zero volts. Volta a ligar-se a uma bateria de i\u00f5es de l\u00edtio totalmente descarregada com a fun\u00e7\u00e3o de desconex\u00e3o interna.<\/p>\n<h2>Prote\u00e7\u00e3o contra o sobreaquecimento<\/h2>\n<p>Pode ser utilizado em ambientes quentes, como uma casa das m\u00e1quinas. A corrente de sa\u00edda diminui \u00e0 medida que a temperatura sobe para 60\u00b0C, mas o carregador n\u00e3o falha.<\/p>\n<h2>Dois indicadores de estado LED<\/h2>\n<p>LED amarelo: carga inicial (intermit\u00eancia r\u00e1pida), absor\u00e7\u00e3o (intermit\u00eancia lenta), flutua\u00e7\u00e3o (est\u00e1vel), armazenamento (desligado)<br \/>\nLED verde: ligado<\/p>\n<h2>Ficha t\u00e9cnica Carregador <a href=\"https:\/\/www.victronenergy.com.es\/\" target=\"_blank\" rel=\"noopener\">Victron <\/a>Blue Smart IP67 IP67 24V 12A 230VAC - BPC241247006<\/h2>\n<p><a href=\"https:\/\/fvcomponentes.com\/wp-content\/uploads\/2023\/03\/Datasheet-Blue-Smart-IP67-Charger-230VAC-ES.pdf\" target=\"_blank\" rel=\"noopener\">Ver Carregador Inteligente IP67 Azul Victron 24V 12A 230VAC - BPC241247006<\/a><\/p>","protected":false},"excerpt":{"rendered":"<p><strong>Tens\u00e3o de entrada e gama de frequ\u00eancias:<\/strong> 180-265 VAC 45-65 Hz<br \/>\n<strong>Efici\u00eancia:<\/strong> 96%<br \/>\n<strong>Consumo em vazio:<\/strong> 0,5W<br \/>\n<strong>Carregamento atual, modo normal:<\/strong> 12A<br \/>\n<strong>Corrente de carga, LOW:<\/strong> 4A<br \/>\n<strong>Peso:<\/strong> 2,4 kg<br \/>\n<strong>Dimens\u00f5es:<\/strong> 99 x 219 x 65 mm<\/p>","protected":false},"featured_media":5659,"comment_status":"open","ping_status":"closed","template":"","meta":{"site-sidebar-layout":"default","site-content-layout":"default","ast-site-content-layout":"default","site-content-style":"default","site-sidebar-style":"default","ast-global-header-display":"","ast-banner-title-visibility":"","ast-main-header-display":"","ast-hfb-above-header-display":"","ast-hfb-below-header-display":"","ast-hfb-mobile-header-display":"","site-post-title":"","ast-breadcrumbs-content":"","ast-featured-img":"","footer-sml-layout":"","ast-disable-related-posts":"","theme-transparent-header-meta":"default","adv-header-id-meta":"","stick-header-meta":"","header-above-stick-meta":"","header-main-stick-meta":"","header-below-stick-meta":"","astra-migrate-meta-layouts":"set","ast-page-background-enabled":"default","ast-page-background-meta":{"desktop":{"background-color":"var(--ast-global-color-4)","background-image":"","background-repeat":"repeat","background-position":"center center","background-size":"auto","background-attachment":"scroll","background-type":"","background-media":"","overlay-type":"","overlay-color":"","overlay-opacity":"","overlay-gradient":""},"tablet":{"background-color":"","background-image":"","background-repeat":"repeat","background-position":"center center","background-size":"auto","background-attachment":"scroll","background-type":"","background-media":"","overlay-type":"","overlay-color":"","overlay-opacity":"","overlay-gradient":""},"mobile":{"background-color":"","background-image":"","background-repeat":"repeat","background-position":"center center","background-size":"auto","background-attachment":"scroll","background-type":"","background-media":"","overlay-type":"","overlay-color":"","overlay-opacity":"","overlay-gradient":""}},"ast-content-background-meta":{"desktop":{"background-color":"var(--ast-global-color-5)","background-image":"","background-repeat":"repeat","background-position":"center center","background-size":"auto","background-attachment":"scroll","background-type":"","background-media":"","overlay-type":"","overlay-color":"","overlay-opacity":"","overlay-gradient":""},"tablet":{"background-color":"var(--ast-global-color-5)","background-image":"","background-repeat":"repeat","background-position":"center center","background-size":"auto","background-attachment":"scroll","background-type":"","background-media":"","overlay-type":"","overlay-color":"","overlay-opacity":"","overlay-gradient":""},"mobile":{"background-color":"var(--ast-global-color-5)","background-image":"","background-repeat":"repeat","background-position":"center center","background-size":"auto","background-attachment":"scroll","background-type":"","background-media":"","overlay-type":"","overlay-color":"","overlay-opacity":"","overlay-gradient":""}}},"pwb-brand":[332],"product_brand":[],"product_cat":[419,462],"product_tag":[],"class_list":{"0":"post-5667","1":"product","2":"type-product","3":"status-publish","4":"has-post-thumbnail","6":"pwb-brand-victron","7":"product_cat-cargadores-de-baterias","8":"product_cat-cargador-de-baterias-24-v","9":"desktop-align-left","10":"tablet-align-left","11":"mobile-align-left","12":"ast-product-gallery-layout-horizontal-slider","13":"ast-product-tabs-layout-horizontal","15":"first","16":"instock","17":"taxable","18":"shipping-taxable","19":"purchasable","20":"product-type-simple"},"wcpa_form_fields":null,"brands":[{"id":332,"name":"Victron Energia","slug":"victron"}],"_links":{"self":[{"href":"https:\/\/fvcomponentes.com\/pt\/wp-json\/wp\/v2\/product\/5667","targetHints":{"allow":["GET"]}}],"collection":[{"href":"https:\/\/fvcomponentes.com\/pt\/wp-json\/wp\/v2\/product"}],"about":[{"href":"https:\/\/fvcomponentes.com\/pt\/wp-json\/wp\/v2\/types\/product"}],"replies":[{"embeddable":true,"href":"https:\/\/fvcomponentes.com\/pt\/wp-json\/wp\/v2\/comments?post=5667"}],"wp:featuredmedia":[{"embeddable":true,"href":"https:\/\/fvcomponentes.com\/pt\/wp-json\/wp\/v2\/media\/5659"}],"wp:attachment":[{"href":"https:\/\/fvcomponentes.com\/pt\/wp-json\/wp\/v2\/media?parent=5667"}],"wp:term":[{"taxonomy":"pwb-brand","embeddable":true,"href":"https:\/\/fvcomponentes.com\/pt\/wp-json\/wp\/v2\/pwb-brand?post=5667"},{"taxonomy":"product_brand","embeddable":true,"href":"https:\/\/fvcomponentes.com\/pt\/wp-json\/wp\/v2\/product_brand?post=5667"},{"taxonomy":"product_cat","embeddable":true,"href":"https:\/\/fvcomponentes.com\/pt\/wp-json\/wp\/v2\/product_cat?post=5667"},{"taxonomy":"product_tag","embeddable":true,"href":"https:\/\/fvcomponentes.com\/pt\/wp-json\/wp\/v2\/product_tag?post=5667"}],"curies":[{"name":"wp","href":"https:\/\/api.w.org\/{rel}","templated":true}]}}