{"id":5638,"date":"2024-01-19T19:31:11","date_gmt":"2024-01-19T18:31:11","guid":{"rendered":"https:\/\/fvcomponentes.com\/?post_type=product&#038;p=5638"},"modified":"2026-04-08T21:27:57","modified_gmt":"2026-04-08T19:27:57","slug":"mala-de-transporte-para-carregadores-blue-smart-ip65-e-acessorios-victron-bpc940100100","status":"publish","type":"product","link":"https:\/\/fvcomponentes.com\/pt\/producto\/maletin-de-transporte-para-cargadores-blue-smart-ip65-y-accesorios-victron-bpc940100100\/","title":{"rendered":"Mala de transporte para carregadores Blue Smart IP65 e acess\u00f3rios Victron - BPC940100100"},"content":{"rendered":"<p>A melhor mala para o viajante moderno: elegante e profissional. Esta nova mala com fecho de encaixe foi concebida a pensar na comodidade e seguran\u00e7a dos seus dispositivos electr\u00f3nicos. No interior, pode guardar em seguran\u00e7a o seu carregador Blue Smart IP65 e todos os seus acess\u00f3rios, garantindo que est\u00e3o sempre protegidos e prontos a utilizar.<\/p>\n<p>Os compartimentos cuidadosamente concebidos desta mala s\u00e3o a casa perfeita para o seu carregador Blue Smart IP65 e todos os componentes necess\u00e1rios. Os cabos de entrada e de sa\u00edda t\u00eam o seu pr\u00f3prio espa\u00e7o, evitando aqueles emaranhados inc\u00f3modos que parecem ocorrer inevitavelmente na mala de qualquer viajante. Al\u00e9m disso, tivemos em conta os cabos da bateria e as suas pin\u00e7as, oferecendo uma solu\u00e7\u00e3o \u00fanica para todas as suas necessidades de carregamento.<\/p>\n<p>Eleg\u00e2ncia e profissionalismo conjugam-se no design desta mala, com pormenores que n\u00e3o passam despercebidos. A qualidade dos materiais utilizados garante durabilidade e resist\u00eancia, protegendo os seus dispositivos em todas as viagens. Quer esteja a caminho de uma reuni\u00e3o de neg\u00f3cios, de uma viagem de lazer ou de qualquer outro destino, esta bolsa tornar-se-\u00e1 a sua companhia indispens\u00e1vel.<\/p>\n<p>Tenha em aten\u00e7\u00e3o que o carregador e os acess\u00f3rios n\u00e3o est\u00e3o inclu\u00eddos na mala, mas a mala est\u00e1 preparada para os guardar de forma segura. Com esta mala, pode ter a certeza de que os seus dispositivos electr\u00f3nicos estar\u00e3o sempre organizados e protegidos, independentemente de onde a sua viagem o levar.<\/p>\n<h2>Ficha t\u00e9cnica Carregador Blue Smart IP65 Estojo de transporte e acess\u00f3rios <a href=\"https:\/\/www.victronenergy.com.es\/\" target=\"_blank\" rel=\"noopener\">Victron<\/a> - BPC940100100<\/h2>\n<p><a href=\"https:\/\/fvcomponentes.com\/wp-content\/uploads\/2023\/03\/ficha-tecnica-maletin-azul.pdf\" target=\"_blank\" rel=\"noopener\">Consulte a ficha de dados para Mala de transporte do carregador Blue Smart IP65 e acess\u00f3rios Victron - BPC940100100<\/a><\/p>","protected":false},"excerpt":{"rendered":"<p id=\"tw-target-text\" class=\"tw-data-text tw-text-large tw-ta\" dir=\"ltr\" data-placeholder=\"Traducci\u00f3n\"><span class=\"Y2IQFc\" lang=\"es\">Mala de transporte para carregadores e acess\u00f3rios BPC (at\u00e9 12\/15 e 24\/8).<br \/>\n<\/span><span class=\"Y2IQFc\" lang=\"es\">Dimens\u00f5es: 295 x 350 x 105 mm<\/span><\/p>","protected":false},"featured_media":5640,"comment_status":"open","ping_status":"closed","template":"","meta":{"site-sidebar-layout":"default","site-content-layout":"default","ast-site-content-layout":"default","site-content-style":"default","site-sidebar-style":"default","ast-global-header-display":"","ast-banner-title-visibility":"","ast-main-header-display":"","ast-hfb-above-header-display":"","ast-hfb-below-header-display":"","ast-hfb-mobile-header-display":"","site-post-title":"","ast-breadcrumbs-content":"","ast-featured-img":"","footer-sml-layout":"","ast-disable-related-posts":"","theme-transparent-header-meta":"default","adv-header-id-meta":"","stick-header-meta":"","header-above-stick-meta":"","header-main-stick-meta":"","header-below-stick-meta":"","astra-migrate-meta-layouts":"set","ast-page-background-enabled":"default","ast-page-background-meta":{"desktop":{"background-color":"var(--ast-global-color-4)","background-image":"","background-repeat":"repeat","background-position":"center center","background-size":"auto","background-attachment":"scroll","background-type":"","background-media":"","overlay-type":"","overlay-color":"","overlay-opacity":"","overlay-gradient":""},"tablet":{"background-color":"","background-image":"","background-repeat":"repeat","background-position":"center center","background-size":"auto","background-attachment":"scroll","background-type":"","background-media":"","overlay-type":"","overlay-color":"","overlay-opacity":"","overlay-gradient":""},"mobile":{"background-color":"","background-image":"","background-repeat":"repeat","background-position":"center center","background-size":"auto","background-attachment":"scroll","background-type":"","background-media":"","overlay-type":"","overlay-color":"","overlay-opacity":"","overlay-gradient":""}},"ast-content-background-meta":{"desktop":{"background-color":"var(--ast-global-color-5)","background-image":"","background-repeat":"repeat","background-position":"center center","background-size":"auto","background-attachment":"scroll","background-type":"","background-media":"","overlay-type":"","overlay-color":"","overlay-opacity":"","overlay-gradient":""},"tablet":{"background-color":"var(--ast-global-color-5)","background-image":"","background-repeat":"repeat","background-position":"center center","background-size":"auto","background-attachment":"scroll","background-type":"","background-media":"","overlay-type":"","overlay-color":"","overlay-opacity":"","overlay-gradient":""},"mobile":{"background-color":"var(--ast-global-color-5)","background-image":"","background-repeat":"repeat","background-position":"center center","background-size":"auto","background-attachment":"scroll","background-type":"","background-media":"","overlay-type":"","overlay-color":"","overlay-opacity":"","overlay-gradient":""}}},"pwb-brand":[332],"product_brand":[],"product_cat":[419,966],"product_tag":[],"class_list":{"0":"post-5638","1":"product","2":"type-product","3":"status-publish","4":"has-post-thumbnail","6":"pwb-brand-victron","7":"product_cat-cargadores-de-baterias","8":"product_cat-accesorios-cargadores","9":"desktop-align-left","10":"tablet-align-left","11":"mobile-align-left","12":"ast-product-gallery-layout-horizontal-slider","13":"ast-product-tabs-layout-horizontal","15":"first","16":"instock","17":"taxable","18":"shipping-taxable","19":"purchasable","20":"product-type-simple"},"wcpa_form_fields":null,"brands":[{"id":332,"name":"Victron Energia","slug":"victron"}],"_links":{"self":[{"href":"https:\/\/fvcomponentes.com\/pt\/wp-json\/wp\/v2\/product\/5638","targetHints":{"allow":["GET"]}}],"collection":[{"href":"https:\/\/fvcomponentes.com\/pt\/wp-json\/wp\/v2\/product"}],"about":[{"href":"https:\/\/fvcomponentes.com\/pt\/wp-json\/wp\/v2\/types\/product"}],"replies":[{"embeddable":true,"href":"https:\/\/fvcomponentes.com\/pt\/wp-json\/wp\/v2\/comments?post=5638"}],"wp:featuredmedia":[{"embeddable":true,"href":"https:\/\/fvcomponentes.com\/pt\/wp-json\/wp\/v2\/media\/5640"}],"wp:attachment":[{"href":"https:\/\/fvcomponentes.com\/pt\/wp-json\/wp\/v2\/media?parent=5638"}],"wp:term":[{"taxonomy":"pwb-brand","embeddable":true,"href":"https:\/\/fvcomponentes.com\/pt\/wp-json\/wp\/v2\/pwb-brand?post=5638"},{"taxonomy":"product_brand","embeddable":true,"href":"https:\/\/fvcomponentes.com\/pt\/wp-json\/wp\/v2\/product_brand?post=5638"},{"taxonomy":"product_cat","embeddable":true,"href":"https:\/\/fvcomponentes.com\/pt\/wp-json\/wp\/v2\/product_cat?post=5638"},{"taxonomy":"product_tag","embeddable":true,"href":"https:\/\/fvcomponentes.com\/pt\/wp-json\/wp\/v2\/product_tag?post=5638"}],"curies":[{"name":"wp","href":"https:\/\/api.w.org\/{rel}","templated":true}]}}