{"id":5603,"date":"2024-01-19T19:29:53","date_gmt":"2024-01-19T18:29:53","guid":{"rendered":"https:\/\/fvcomponentes.com\/?post_type=product&#038;p=5603"},"modified":"2026-01-15T10:08:00","modified_gmt":"2026-01-15T09:08:00","slug":"carregador-de-bateria-victron-blue-smart-ip65-carregador-12v-25a-dc-conetor-bpc122531064","status":"publish","type":"product","link":"https:\/\/fvcomponentes.com\/pt\/producto\/cargador-de-baterias-victron-blue-smart-ip65-charger-12v-25a-dc-connector-bpc122531064\/","title":{"rendered":"Carregador de bateria Victron Blue Smart IP65 Carregador 12V\/25A + conetor DC - BPC122531064"},"content":{"rendered":"<h2><strong>Carregador de bateria Victron Blue Smart IP65 12V\/ 25A + conetor DC: Optimize a sua carga<\/strong><\/h2>\n<p>O nosso carregador de bateria Victron Blue Smart IP65 Charger 12V\/ 25A + carregador de bateria com conetor DC destaca-se pela sua efici\u00eancia espantosa, atingindo uns impressionantes 95 %. Estes carregadores geram at\u00e9 quatro vezes menos calor em compara\u00e7\u00e3o com os padr\u00f5es da ind\u00fastria, o que significa um desempenho mais fresco e mais eficiente. Quando a bateria est\u00e1 totalmente carregada, o consumo de energia \u00e9 reduzido para apenas 0,5 watts, cinco a dez vezes melhor do que o padr\u00e3o da ind\u00fastria.<\/p>\n<h2><strong>Durabilidade, seguran\u00e7a e sil\u00eancio: a sua bateria em boas m\u00e3os<\/strong><\/h2>\n<p>Os nossos carregadores de bateria destacam-se em v\u00e1rias \u00e1reas-chave:<\/p>\n<ul>\n<li><strong>Resist\u00eancia t\u00e9rmica:<\/strong> Os nossos componentes electr\u00f3nicos funcionam sob baixa tens\u00e3o t\u00e9rmica, o que garante uma vida \u00fatil mais longa.<\/li>\n<li><strong>Prote\u00e7\u00e3o total:<\/strong> Foram concebidos para resistir ao p\u00f3, \u00e0 \u00e1gua e aos produtos qu\u00edmicos, o que os torna seguros numa variedade de condi\u00e7\u00f5es.<\/li>\n<li><strong>Sobreaquecimento controlado:<\/strong> Se a temperatura subir para 60\u00b0C, a corrente de sa\u00edda diminuir\u00e1 para proteger a bateria, mas o carregador continuar\u00e1 a funcionar sem falhas.<\/li>\n<li><strong>Sil\u00eancio absoluto:<\/strong> Os nossos carregadores s\u00e3o completamente silenciosos, sem ventoinhas ou pe\u00e7as m\u00f3veis que produzam ru\u00eddo.<\/li>\n<\/ul>\n<h2><strong>Recupera\u00e7\u00e3o e remodela\u00e7\u00e3o<\/strong><\/h2>\n<p>Se tiver uma bateria de chumbo-\u00e1cido que tenha sido insuficientemente carregada ou deixada descarregada durante dias ou semanas, pode ter sofrido sulfata\u00e7\u00e3o. O nosso carregador pode ajudar a inverter parcialmente este processo, carregando a bateria com uma corrente baixa at\u00e9 uma tens\u00e3o mais elevada.<\/p>\n<h2><strong>Recupera\u00e7\u00e3o de baterias totalmente descarregadas<\/strong><\/h2>\n<p>Ao contr\u00e1rio de outros carregadores protegidos contra a polaridade inversa, o nosso carregador Blue Smart IP65 tentar\u00e1 recarregar uma bateria totalmente descarregada com uma corrente baixa e continuar\u00e1 a carregar normalmente assim que for atingida uma tens\u00e3o suficiente nos terminais da bateria.<\/p>\n<h2><strong>Controlo na ponta dos dedos com VictronConnect<\/strong><\/h2>\n<p>A nossa aplica\u00e7\u00e3o <a href=\"https:\/\/www.victronenergy.com\/panel-systems-remote-monitoring\/victronconnect?_ga=2.249519311.999095424.1695798688-1894832855.1692860725\" target=\"_blank\" rel=\"noopener\">VictronConnect<\/a> permite-lhe instalar, ler e configurar o seu carregador inteligente Blue Smart IP65 atrav\u00e9s do seu smartphone. Controle as fun\u00e7\u00f5es do seu carregador, monitorize o estado da sua bateria e aceda comodamente \u00e0s leituras de tens\u00e3o e corrente. Dispon\u00edvel para iOS e Android.<\/p>\n<h2><strong>Modo de armazenamento e carregamento com compensa\u00e7\u00e3o de temperatura<\/strong><\/h2>\n<p>O nosso carregador tamb\u00e9m oferece um modo de armazenamento que reduz a corros\u00e3o das placas positivas e ajusta a tens\u00e3o de carga de acordo com a temperatura ambiente para um carregamento eficiente.<\/p>\n<h2><strong>Modo de bateria de i\u00f5es de l\u00edtio<\/strong><\/h2>\n<p>Para as baterias de i\u00f5es de l\u00edtio, o nosso carregador utiliza um algoritmo de carregamento espec\u00edfico que oferece prote\u00e7\u00e3o contra a baixa tens\u00e3o e um desempenho \u00f3timo - optimize o seu carregamento connosco!<\/p>\n<h2 dir=\"ltr\" data-placeholder=\"Traducci\u00f3n\">Ficha t\u00e9cnica Carregador de baterias Victron Blue Smart IP65 Carregador 12V\/25A + conetor DC - BPC122531064<\/h2>\n<p dir=\"ltr\" data-placeholder=\"Traducci\u00f3n\"><a href=\"https:\/\/fvcomponentes.com\/wp-content\/uploads\/2023\/03\/IP65_A4_2022_smart_230V_EN_highres.pdf\" target=\"_blank\" rel=\"noopener\">Ver Carregador Inteligente IP65 Azul Victron 12V\/25A + conetor DC - BPC122531064<\/a><\/p>","protected":false},"excerpt":{"rendered":"<p><span class=\"Y2IQFc\" lang=\"es\"><strong>Tens\u00e3o de entrada e gama de frequ\u00eancias:<\/strong> 230VAC<br \/>\n<\/span><span class=\"Y2IQFc\" lang=\"es\"><strong> Efici\u00eancia:<\/strong> 94%<br \/>\n<strong>Consumo de energia em modo de espera: <\/strong>0,5W<br \/>\n<strong>Corrente de carga:<\/strong> 25A<br \/>\n<strong>Modo de baixa corrente:<\/strong>\u00a0 10A<br \/>\n<strong>Peso: <\/strong>1,9 kg<br \/>\n<strong>Dimens\u00f5es: : <\/strong>75 x 140 x 240 mm<\/span><\/p>","protected":false},"featured_media":5604,"comment_status":"open","ping_status":"closed","template":"","meta":{"site-sidebar-layout":"default","site-content-layout":"default","ast-site-content-layout":"default","site-content-style":"default","site-sidebar-style":"default","ast-global-header-display":"","ast-banner-title-visibility":"","ast-main-header-display":"","ast-hfb-above-header-display":"","ast-hfb-below-header-display":"","ast-hfb-mobile-header-display":"","site-post-title":"","ast-breadcrumbs-content":"","ast-featured-img":"","footer-sml-layout":"","ast-disable-related-posts":"","theme-transparent-header-meta":"default","adv-header-id-meta":"","stick-header-meta":"","header-above-stick-meta":"","header-main-stick-meta":"","header-below-stick-meta":"","astra-migrate-meta-layouts":"set","ast-page-background-enabled":"default","ast-page-background-meta":{"desktop":{"background-color":"var(--ast-global-color-4)","background-image":"","background-repeat":"repeat","background-position":"center center","background-size":"auto","background-attachment":"scroll","background-type":"","background-media":"","overlay-type":"","overlay-color":"","overlay-opacity":"","overlay-gradient":""},"tablet":{"background-color":"","background-image":"","background-repeat":"repeat","background-position":"center center","background-size":"auto","background-attachment":"scroll","background-type":"","background-media":"","overlay-type":"","overlay-color":"","overlay-opacity":"","overlay-gradient":""},"mobile":{"background-color":"","background-image":"","background-repeat":"repeat","background-position":"center center","background-size":"auto","background-attachment":"scroll","background-type":"","background-media":"","overlay-type":"","overlay-color":"","overlay-opacity":"","overlay-gradient":""}},"ast-content-background-meta":{"desktop":{"background-color":"var(--ast-global-color-5)","background-image":"","background-repeat":"repeat","background-position":"center center","background-size":"auto","background-attachment":"scroll","background-type":"","background-media":"","overlay-type":"","overlay-color":"","overlay-opacity":"","overlay-gradient":""},"tablet":{"background-color":"var(--ast-global-color-5)","background-image":"","background-repeat":"repeat","background-position":"center center","background-size":"auto","background-attachment":"scroll","background-type":"","background-media":"","overlay-type":"","overlay-color":"","overlay-opacity":"","overlay-gradient":""},"mobile":{"background-color":"var(--ast-global-color-5)","background-image":"","background-repeat":"repeat","background-position":"center center","background-size":"auto","background-attachment":"scroll","background-type":"","background-media":"","overlay-type":"","overlay-color":"","overlay-opacity":"","overlay-gradient":""}}},"pwb-brand":[332],"product_brand":[],"product_cat":[419,461],"product_tag":[],"class_list":{"0":"post-5603","1":"product","2":"type-product","3":"status-publish","4":"has-post-thumbnail","6":"pwb-brand-victron","7":"product_cat-cargadores-de-baterias","8":"product_cat-cargador-de-baterias-12-v","9":"desktop-align-left","10":"tablet-align-left","11":"mobile-align-left","12":"ast-product-gallery-layout-horizontal-slider","13":"ast-product-gallery-with-no-image","14":"ast-product-tabs-layout-horizontal","16":"first","17":"instock","18":"taxable","19":"shipping-taxable","20":"purchasable","21":"product-type-simple"},"wcpa_form_fields":null,"brands":[{"id":332,"name":"Victron Energia","slug":"victron"}],"_links":{"self":[{"href":"https:\/\/fvcomponentes.com\/pt\/wp-json\/wp\/v2\/product\/5603","targetHints":{"allow":["GET"]}}],"collection":[{"href":"https:\/\/fvcomponentes.com\/pt\/wp-json\/wp\/v2\/product"}],"about":[{"href":"https:\/\/fvcomponentes.com\/pt\/wp-json\/wp\/v2\/types\/product"}],"replies":[{"embeddable":true,"href":"https:\/\/fvcomponentes.com\/pt\/wp-json\/wp\/v2\/comments?post=5603"}],"wp:featuredmedia":[{"embeddable":true,"href":"https:\/\/fvcomponentes.com\/pt\/wp-json\/wp\/v2\/media\/5604"}],"wp:attachment":[{"href":"https:\/\/fvcomponentes.com\/pt\/wp-json\/wp\/v2\/media?parent=5603"}],"wp:term":[{"taxonomy":"pwb-brand","embeddable":true,"href":"https:\/\/fvcomponentes.com\/pt\/wp-json\/wp\/v2\/pwb-brand?post=5603"},{"taxonomy":"product_brand","embeddable":true,"href":"https:\/\/fvcomponentes.com\/pt\/wp-json\/wp\/v2\/product_brand?post=5603"},{"taxonomy":"product_cat","embeddable":true,"href":"https:\/\/fvcomponentes.com\/pt\/wp-json\/wp\/v2\/product_cat?post=5603"},{"taxonomy":"product_tag","embeddable":true,"href":"https:\/\/fvcomponentes.com\/pt\/wp-json\/wp\/v2\/product_tag?post=5603"}],"curies":[{"name":"wp","href":"https:\/\/api.w.org\/{rel}","templated":true}]}}