{"id":5601,"date":"2024-01-19T19:29:58","date_gmt":"2024-01-19T18:29:58","guid":{"rendered":"https:\/\/fvcomponentes.com\/?post_type=product&#038;p=5601"},"modified":"2026-01-15T10:07:04","modified_gmt":"2026-01-15T09:07:04","slug":"carregador-de-bateria-victron-blue-smart-ip65-carregador-12v-15a-dc-conetor-bpc121531064r","status":"publish","type":"product","link":"https:\/\/fvcomponentes.com\/pt\/producto\/cargador-de-baterias-victron-blue-smart-ip65-charger-12v-15a-dc-connector-bpc121531064r\/","title":{"rendered":"Carregador de bateria Victron Blue Smart IP65 Carregador 12V\/15A + conetor DC - BPC121531064R"},"content":{"rendered":"<h2>Descri\u00e7\u00e3o do carregador<\/h2>\n<p>O carregador Victron Blue Smart IP65 12V\/15A + conetor DC \u00e9 um carregador de bateria topo de gama com tecnologia Bluetooth integrada. Este carregador profissional \u00e9 perfeito para a sua oficina, bem como para ve\u00edculos motorizados, incluindo carros cl\u00e1ssicos, motas, barcos e autocaravanas.<\/p>\n<h2><strong>Carregamento inteligente para baterias saud\u00e1veis<\/strong><\/h2>\n<p>Utilizando um algoritmo avan\u00e7ado de carregamento em sete etapas, o carregador Blue Smart IP65 optimiza o desempenho da sua bateria e prolonga a sua vida \u00fatil. Fornece a quantidade exacta de energia de que a sua bateria necessita, mantendo-a em condi\u00e7\u00f5es ideais.<\/p>\n<h2>Caracter\u00edsticas extraordin\u00e1rias<\/h2>\n<ul>\n<li>Resistente \u00e0 \u00e1gua, ao p\u00f3 e aos produtos qu\u00edmicos, garantindo a durabilidade em diferentes ambientes.<\/li>\n<li>Recupera\u00e7\u00e3o de baterias completamente descarregadas.<\/li>\n<li>Fun\u00e7\u00e3o de alimenta\u00e7\u00e3o autom\u00e1tica.<\/li>\n<li>Excelente resist\u00eancia ao frio, funcionando at\u00e9 -30\u00b0C.<\/li>\n<li>Modo de baixa pot\u00eancia para carregar baterias mais pequenas.<\/li>\n<li>Compat\u00edvel com baterias de i\u00f5es de l\u00edtio.<\/li>\n<li>Controlo e configura\u00e7\u00e3o atrav\u00e9s de Bluetooth Smart para leituras de tens\u00e3o e corrente.<\/li>\n<\/ul>\n<h2>Recupera\u00e7\u00e3o de baterias profundamente descarregadas<\/h2>\n<p>Ao contr\u00e1rio de outros carregadores, este tentar\u00e1 reavivar uma bateria profundamente descarregada, fornecendo uma corrente inicial baixa. O carregamento normal ser\u00e1 automaticamente retomado quando a bateria atingir uma tens\u00e3o suficiente nos seus terminais.<\/p>\n<h2>Liga\u00e7\u00e3o simples<\/h2>\n<p>O carregador inclui pin\u00e7as de crocodilo e ilh\u00f3s M8 para uma liga\u00e7\u00e3o f\u00e1cil \u00e0 bateria, permitindo uma instala\u00e7\u00e3o permanente, se desejado.<\/p>\n<h2>Monitoriza\u00e7\u00e3o remota do estado da bateria<\/h2>\n<p>Gra\u00e7as ao Bluetooth integrado, o carregador permite-lhe verificar o estado do carregador e da bateria \u00e0 dist\u00e2ncia atrav\u00e9s do seu smartphone, tablet ou computador port\u00e1til. Todas as defini\u00e7\u00f5es do carregador podem ser ajustadas com o bot\u00e3o <a href=\"https:\/\/www.victronenergy.com\/panel-systems-remote-monitoring\/victronconnect\" target=\"_blank\" rel=\"noopener\">Aplica\u00e7\u00e3o VictronConnect<\/a>dando-lhe o controlo total dos sistemas de carregamento da bateria.<\/p>\n<h2 dir=\"ltr\" data-placeholder=\"Traducci\u00f3n\">Ficha t\u00e9cnica Carregador de baterias Victron Blue Smart IP65 Carregador 12V\/15A + conetor DC - BPC121531064R<\/h2>\n<p dir=\"ltr\" data-placeholder=\"Traducci\u00f3n\"><a href=\"https:\/\/fvcomponentes.com\/wp-content\/uploads\/2023\/03\/IP65_A4_2022_smart_230V_EN_highres.pdf\" target=\"_blank\" rel=\"noopener\">Ver carregador Victron Blue Smart IP65 12V\/15A + conetor DC - BPC121531064R - Folha de dados t\u00e9cnicos<\/a><\/p>","protected":false},"excerpt":{"rendered":"<p><span class=\"Y2IQFc\" lang=\"es\"><strong>Tens\u00e3o de entrada e gama de frequ\u00eancias:<\/strong> 230 Vca<br \/>\n<\/span><span class=\"Y2IQFc\" lang=\"es\"><strong> Efici\u00eancia:<\/strong> 94%<br \/>\n<strong>Consumo de energia em modo de espera: <\/strong>0,5w<br \/>\n<strong>Corrente de carga:<\/strong> 15A<br \/>\n<strong>Modo de baixa corrente:<\/strong> 4A<br \/>\n<strong>Peso: <\/strong>0,9 kg<br \/>\n<strong>Dimens\u00f5es: : <\/strong>60 x 105 x 190 mm<\/span><\/p>","protected":false},"featured_media":5602,"comment_status":"open","ping_status":"closed","template":"","meta":{"site-sidebar-layout":"default","site-content-layout":"default","ast-site-content-layout":"default","site-content-style":"default","site-sidebar-style":"default","ast-global-header-display":"","ast-banner-title-visibility":"","ast-main-header-display":"","ast-hfb-above-header-display":"","ast-hfb-below-header-display":"","ast-hfb-mobile-header-display":"","site-post-title":"","ast-breadcrumbs-content":"","ast-featured-img":"","footer-sml-layout":"","ast-disable-related-posts":"","theme-transparent-header-meta":"default","adv-header-id-meta":"","stick-header-meta":"","header-above-stick-meta":"","header-main-stick-meta":"","header-below-stick-meta":"","astra-migrate-meta-layouts":"set","ast-page-background-enabled":"default","ast-page-background-meta":{"desktop":{"background-color":"var(--ast-global-color-4)","background-image":"","background-repeat":"repeat","background-position":"center center","background-size":"auto","background-attachment":"scroll","background-type":"","background-media":"","overlay-type":"","overlay-color":"","overlay-opacity":"","overlay-gradient":""},"tablet":{"background-color":"","background-image":"","background-repeat":"repeat","background-position":"center center","background-size":"auto","background-attachment":"scroll","background-type":"","background-media":"","overlay-type":"","overlay-color":"","overlay-opacity":"","overlay-gradient":""},"mobile":{"background-color":"","background-image":"","background-repeat":"repeat","background-position":"center center","background-size":"auto","background-attachment":"scroll","background-type":"","background-media":"","overlay-type":"","overlay-color":"","overlay-opacity":"","overlay-gradient":""}},"ast-content-background-meta":{"desktop":{"background-color":"var(--ast-global-color-5)","background-image":"","background-repeat":"repeat","background-position":"center center","background-size":"auto","background-attachment":"scroll","background-type":"","background-media":"","overlay-type":"","overlay-color":"","overlay-opacity":"","overlay-gradient":""},"tablet":{"background-color":"var(--ast-global-color-5)","background-image":"","background-repeat":"repeat","background-position":"center center","background-size":"auto","background-attachment":"scroll","background-type":"","background-media":"","overlay-type":"","overlay-color":"","overlay-opacity":"","overlay-gradient":""},"mobile":{"background-color":"var(--ast-global-color-5)","background-image":"","background-repeat":"repeat","background-position":"center center","background-size":"auto","background-attachment":"scroll","background-type":"","background-media":"","overlay-type":"","overlay-color":"","overlay-opacity":"","overlay-gradient":""}}},"pwb-brand":[332],"product_brand":[],"product_cat":[419,461],"product_tag":[],"class_list":{"0":"post-5601","1":"product","2":"type-product","3":"status-publish","4":"has-post-thumbnail","6":"pwb-brand-victron","7":"product_cat-cargadores-de-baterias","8":"product_cat-cargador-de-baterias-12-v","9":"desktop-align-left","10":"tablet-align-left","11":"mobile-align-left","12":"ast-product-gallery-layout-horizontal-slider","13":"ast-product-tabs-layout-horizontal","15":"first","16":"instock","17":"taxable","18":"shipping-taxable","19":"purchasable","20":"product-type-simple"},"wcpa_form_fields":null,"brands":[{"id":332,"name":"Victron Energia","slug":"victron"}],"_links":{"self":[{"href":"https:\/\/fvcomponentes.com\/pt\/wp-json\/wp\/v2\/product\/5601","targetHints":{"allow":["GET"]}}],"collection":[{"href":"https:\/\/fvcomponentes.com\/pt\/wp-json\/wp\/v2\/product"}],"about":[{"href":"https:\/\/fvcomponentes.com\/pt\/wp-json\/wp\/v2\/types\/product"}],"replies":[{"embeddable":true,"href":"https:\/\/fvcomponentes.com\/pt\/wp-json\/wp\/v2\/comments?post=5601"}],"wp:featuredmedia":[{"embeddable":true,"href":"https:\/\/fvcomponentes.com\/pt\/wp-json\/wp\/v2\/media\/5602"}],"wp:attachment":[{"href":"https:\/\/fvcomponentes.com\/pt\/wp-json\/wp\/v2\/media?parent=5601"}],"wp:term":[{"taxonomy":"pwb-brand","embeddable":true,"href":"https:\/\/fvcomponentes.com\/pt\/wp-json\/wp\/v2\/pwb-brand?post=5601"},{"taxonomy":"product_brand","embeddable":true,"href":"https:\/\/fvcomponentes.com\/pt\/wp-json\/wp\/v2\/product_brand?post=5601"},{"taxonomy":"product_cat","embeddable":true,"href":"https:\/\/fvcomponentes.com\/pt\/wp-json\/wp\/v2\/product_cat?post=5601"},{"taxonomy":"product_tag","embeddable":true,"href":"https:\/\/fvcomponentes.com\/pt\/wp-json\/wp\/v2\/product_tag?post=5601"}],"curies":[{"name":"wp","href":"https:\/\/api.w.org\/{rel}","templated":true}]}}