{"id":5550,"date":"2023-09-21T09:18:39","date_gmt":"2023-09-21T07:18:39","guid":{"rendered":"https:\/\/fvcomponentes.com\/?post_type=product&#038;p=5550"},"modified":"2025-09-03T19:50:36","modified_gmt":"2025-09-03T17:50:36","slug":"carregador-de-inversor-victron-easyplus-c-12v-1600va-70-16a-cep121620000","status":"publish","type":"product","link":"https:\/\/fvcomponentes.com\/pt\/producto\/inversor-cargador-victron-easyplus-c-12v-1600va-70-16a-cep121620000\/","title":{"rendered":"Carregador de Inversor 12V Victron EasyPlus C 12V 1600VA 70A-16A - CEP121620000"},"content":{"rendered":"<h2><strong>Solu\u00e7\u00e3o Energ\u00e9tica Multifuncional para o seu Conforto e Seguran\u00e7a com o Carregador Inversor Victron EasyPlus C 12V 1600VA 70-16A - CEP121620000<\/strong><\/h2>\n<p>O Carregador Inversor Victron EasyPlus C 12V 1600VA 70-16A - CEP121620000 \u00e9 um sistema de energia multifuncional num \u00fanico pacote leve e compacto que consiste num potente inversor de onda sinusoidal, um carregador de bateria sofisticado, um interrutor de transfer\u00eancia CA de alta velocidade e uma distribui\u00e7\u00e3o CA.<\/p>\n<p>Este sistema foi concebido para todos aqueles que desejam desfrutar da comodidade e liberdade de um sistema energ\u00e9tico completo, sem perder tempo com a instala\u00e7\u00e3o de componentes separados e procedimentos t\u00e9cnicos dif\u00edceis.<\/p>\n<p>Se pretende desfrutar de uma fonte de alimenta\u00e7\u00e3o ininterrupta e fi\u00e1vel sem instala\u00e7\u00f5es complicadas e componentes separados, o EasyPlus \u00e9 a sua solu\u00e7\u00e3o ideal.<\/p>\n<h2><strong>Fonte de alimenta\u00e7\u00e3o ininterrupta<\/strong><\/h2>\n<p>O EasyPlus garante que tem sempre energia dispon\u00edvel quando precisa dela. Mesmo em locais com limita\u00e7\u00f5es de fornecimento de energia, a nossa tecnologia exclusiva PowerAssist\u00ae permite-lhe aumentar a capacidade global utilizando a energia da bateria.<\/p>\n<p>Al\u00e9m disso, incorpor\u00e1mos um dispositivo de corrente residual (RCD) para o proteger contra poss\u00edveis fugas para a terra, garantindo a sua m\u00e1xima seguran\u00e7a.<\/p>\n<h2><strong>Instala\u00e7\u00e3o em 5 passos r\u00e1pidos<\/strong><\/h2>\n<p>A simplicidade \u00e9 fundamental com o <strong>Inversor Carregador de Inversor Victron EasyPlus C 12V 1600VA 70-16A<\/strong>desde a instala\u00e7\u00e3o at\u00e9 \u00e0 utiliza\u00e7\u00e3o quotidiana. Com apenas cinco passos simples, pode poupar muito tempo e espa\u00e7o.<\/p>\n<p>O sistema fornece fichas e tomadas para todas as suas liga\u00e7\u00f5es CA e os cabos da bateria j\u00e1 est\u00e3o pr\u00e9-instalados, simplificando o processo de instala\u00e7\u00e3o.<\/p>\n<h5><strong>Etapas de instala\u00e7\u00e3o:<\/strong><\/h5>\n<ul>\n<li><strong>Passo 1:<\/strong> Selecionar um local adequado para o <strong>Inversor Carregador de Inversor Victron EasyPlus C 12V 1600VA 70-16A<\/strong> e montar o suporte na parede. Fixe o EasyPlus ao suporte com os parafusos fornecidos.<\/li>\n<li><strong>Passo 2:<\/strong> Ligue a fonte de alimenta\u00e7\u00e3o da porta\/gerador e os circuitos de sa\u00edda, incluindo a fonte de alimenta\u00e7\u00e3o do aquecedor de \u00e1gua, ao EasyPlus.<\/li>\n<li><strong>Passo 3:<\/strong> Opcionalmente, ligue o painel de controlo utilizando o cabo de liga\u00e7\u00e3o UTP.<\/li>\n<li><strong>Passo 4:<\/strong> Ligue os cabos da bateria e do sensor de temperatura \u00e0s baterias, que s\u00e3o fornecidas de origem.<\/li>\n<li><strong>Passo 5:<\/strong> Ligue o RCD, a distribui\u00e7\u00e3o de CA e o inversor\/carregador, e o seu sistema est\u00e1 pronto a ser utilizado!<\/li>\n<\/ul>\n<h2><strong>Funcionamento eficiente<\/strong><\/h2>\n<ul>\n<li>O EasyPlus \u00e9 facilmente ligado \u00e0s baterias e \u00e0 terra ou ao gerador.<\/li>\n<li>Pode definir a corrente de entrada m\u00e1xima utilizando o seletor no painel de controlo.<\/li>\n<li>Os consumidores de energia dividem-se em dois grupos: \"regulares\" e \"utilizadores intensivos\".<\/li>\n<li>A tecnologia exclusiva PowerAssist\u00ae assegura a prote\u00e7\u00e3o da bateria, adicionando energia do inversor quando necess\u00e1rio, evitando o excesso de carga.<\/li>\n<\/ul>\n<p>O EasyPlus \u00e9 a solu\u00e7\u00e3o completa para a sua fonte de alimenta\u00e7\u00e3o fi\u00e1vel e vers\u00e1til - n\u00e3o espere mais para desfrutar do conforto e seguran\u00e7a que oferece!<\/p>\n<h2 dir=\"ltr\" data-placeholder=\"Traducci\u00f3n\">Carregador inversor Victron EasyPlus C 12V 1600VA 70-16A - CEP121620000 - Informa\u00e7\u00f5es t\u00e9cnicas:<\/h2>\n<p dir=\"ltr\" data-placeholder=\"Traducci\u00f3n\">Inversor de onda sinusoidal de 12 volts 1600 VA (3000 watts de pot\u00eancia m\u00e1xima). Carregador de 70 A, incluindo 4 A de carga lenta para a bateria de arranque. A tecnologia exclusiva PowerAssist\u00ae protege a costa ou o gerador contra sobrecargas, adicionando pot\u00eancia adicional ao inversor quando necess\u00e1rio. Tecnologia de carregamento adaptativo de 4 fases para um carregamento r\u00e1pido e preciso da bateria. A distribui\u00e7\u00e3o de CA consiste num RCD (30mA\/16A) e em quatro sa\u00eddas de CA protegidas por dois disjuntores de 10A e dois de 16A. Uma sa\u00edda de 16 A \u00e9 controlada pela entrada CA: liga-se apenas quando a CA est\u00e1 dispon\u00edvel. RCD (30 mA\/16 A) na sa\u00edda CA. Sistema no-break: comuta\u00e7\u00e3o ininterrupta entre a porta\/gerador e o inversor. Cabos de bateria inclu\u00eddos. Garantia mundial de 24 meses.<\/p>\n<p dir=\"ltr\" data-placeholder=\"Traducci\u00f3n\"><img fetchpriority=\"high\" decoding=\"async\" class=\"alignnone size-full wp-image-5551\" src=\"https:\/\/fvcomponentes.com\/wp-content\/uploads\/2023\/03\/Captura-3.png\" alt=\"Carregador de Inversor EasyPlus C 12V 1600VA 70-16A - CEP121620000\" width=\"670\" height=\"535\" title=\"\"><\/p>\n<h2 dir=\"ltr\" data-placeholder=\"Traducci\u00f3n\">Ficha t\u00e9cnica Carregador inversor Victron EasyPlus C 12V 1600VA 70-16A - CEP121620000<\/h2>\n<p><a href=\"https:\/\/fvcomponentes.com\/wp-content\/uploads\/2023\/03\/Brochure-EasyPlus-EN.pdf\" target=\"_blank\" rel=\"noopener\">Carregador de inversor Victron EasyPlus C 12V 1600VA 70-16A - CEP121620000 - Ficha t\u00e9cnica do carregador de inversor<\/a><\/p>\n<h2>Descarregar o esquema Victron Multiplus para carrinhas de campismo em formato PDF<\/h2>\n<p>Entre no nosso blogue e descarregue o diagrama em PDF para cablagem e liga\u00e7\u00e3o do seu inversor Victron Multiplus numa autocaravana. Pode encontrar o diagrama e muito mais informa\u00e7\u00f5es t\u00e9cnicas na nossa nova sec\u00e7\u00e3o do blogue.<\/p>\n<p>Clique para descarregar o nosso <a href=\"https:\/\/fvcomponentes.com\/pt\/esquema-victron-multiplus\/\" target=\"_blank\" rel=\"noopener\">esquema Victron Multiplus<\/a> do nosso blogue.<\/p>","protected":false},"excerpt":{"rendered":"<ul>\n<li>Inversor sinusoidal de 12 volts com capacidade de 1600 VA (3000 watts de pot\u00eancia m\u00e1xima).<\/li>\n<li>Carregador de 70 A, incluindo uma carga lenta de 4 A para a bateria de arranque.<\/li>\n<li>Tecnologia de carregamento adaptativo de 4 fases para um carregamento r\u00e1pido e preciso da bateria.<\/li>\n<li>Comuta\u00e7\u00e3o ininterrupta entre porta\/gerador e inversor para um sistema no-break.<\/li>\n<li>Cabos de bateria inclu\u00eddos.<\/li>\n<li>24 meses de garantia mundial para sua tranquilidade.<\/li>\n<\/ul>","protected":false},"featured_media":5552,"comment_status":"open","ping_status":"closed","template":"","meta":{"site-sidebar-layout":"default","site-content-layout":"default","ast-site-content-layout":"default","site-content-style":"default","site-sidebar-style":"default","ast-global-header-display":"","ast-banner-title-visibility":"","ast-main-header-display":"","ast-hfb-above-header-display":"","ast-hfb-below-header-display":"","ast-hfb-mobile-header-display":"","site-post-title":"","ast-breadcrumbs-content":"","ast-featured-img":"","footer-sml-layout":"","ast-disable-related-posts":"","theme-transparent-header-meta":"default","adv-header-id-meta":"","stick-header-meta":"","header-above-stick-meta":"","header-main-stick-meta":"","header-below-stick-meta":"","astra-migrate-meta-layouts":"set","ast-page-background-enabled":"default","ast-page-background-meta":{"desktop":{"background-color":"var(--ast-global-color-4)","background-image":"","background-repeat":"repeat","background-position":"center center","background-size":"auto","background-attachment":"scroll","background-type":"","background-media":"","overlay-type":"","overlay-color":"","overlay-opacity":"","overlay-gradient":""},"tablet":{"background-color":"","background-image":"","background-repeat":"repeat","background-position":"center center","background-size":"auto","background-attachment":"scroll","background-type":"","background-media":"","overlay-type":"","overlay-color":"","overlay-opacity":"","overlay-gradient":""},"mobile":{"background-color":"","background-image":"","background-repeat":"repeat","background-position":"center center","background-size":"auto","background-attachment":"scroll","background-type":"","background-media":"","overlay-type":"","overlay-color":"","overlay-opacity":"","overlay-gradient":""}},"ast-content-background-meta":{"desktop":{"background-color":"var(--ast-global-color-5)","background-image":"","background-repeat":"repeat","background-position":"center center","background-size":"auto","background-attachment":"scroll","background-type":"","background-media":"","overlay-type":"","overlay-color":"","overlay-opacity":"","overlay-gradient":""},"tablet":{"background-color":"var(--ast-global-color-5)","background-image":"","background-repeat":"repeat","background-position":"center center","background-size":"auto","background-attachment":"scroll","background-type":"","background-media":"","overlay-type":"","overlay-color":"","overlay-opacity":"","overlay-gradient":""},"mobile":{"background-color":"var(--ast-global-color-5)","background-image":"","background-repeat":"repeat","background-position":"center center","background-size":"auto","background-attachment":"scroll","background-type":"","background-media":"","overlay-type":"","overlay-color":"","overlay-opacity":"","overlay-gradient":""}}},"pwb-brand":[332],"product_brand":[],"product_cat":[333,388],"product_tag":[],"class_list":{"0":"post-5550","1":"product","2":"type-product","3":"status-publish","4":"has-post-thumbnail","6":"pwb-brand-victron","7":"product_cat-inversores","8":"product_cat-inversores-cargadores-12v","9":"desktop-align-left","10":"tablet-align-left","11":"mobile-align-left","12":"ast-product-gallery-layout-horizontal-slider","13":"ast-product-tabs-layout-horizontal","15":"first","16":"instock","17":"taxable","18":"shipping-taxable","19":"purchasable","20":"product-type-simple"},"wcpa_form_fields":null,"brands":[{"id":332,"name":"Victron Energia","slug":"victron"}],"_links":{"self":[{"href":"https:\/\/fvcomponentes.com\/pt\/wp-json\/wp\/v2\/product\/5550","targetHints":{"allow":["GET"]}}],"collection":[{"href":"https:\/\/fvcomponentes.com\/pt\/wp-json\/wp\/v2\/product"}],"about":[{"href":"https:\/\/fvcomponentes.com\/pt\/wp-json\/wp\/v2\/types\/product"}],"replies":[{"embeddable":true,"href":"https:\/\/fvcomponentes.com\/pt\/wp-json\/wp\/v2\/comments?post=5550"}],"wp:featuredmedia":[{"embeddable":true,"href":"https:\/\/fvcomponentes.com\/pt\/wp-json\/wp\/v2\/media\/5552"}],"wp:attachment":[{"href":"https:\/\/fvcomponentes.com\/pt\/wp-json\/wp\/v2\/media?parent=5550"}],"wp:term":[{"taxonomy":"pwb-brand","embeddable":true,"href":"https:\/\/fvcomponentes.com\/pt\/wp-json\/wp\/v2\/pwb-brand?post=5550"},{"taxonomy":"product_brand","embeddable":true,"href":"https:\/\/fvcomponentes.com\/pt\/wp-json\/wp\/v2\/product_brand?post=5550"},{"taxonomy":"product_cat","embeddable":true,"href":"https:\/\/fvcomponentes.com\/pt\/wp-json\/wp\/v2\/product_cat?post=5550"},{"taxonomy":"product_tag","embeddable":true,"href":"https:\/\/fvcomponentes.com\/pt\/wp-json\/wp\/v2\/product_tag?post=5550"}],"curies":[{"name":"wp","href":"https:\/\/api.w.org\/{rel}","templated":true}]}}