{"id":5542,"date":"2023-09-21T09:47:11","date_gmt":"2023-09-21T07:47:11","guid":{"rendered":"https:\/\/fvcomponentes.com\/?post_type=product&#038;p=5542"},"modified":"2026-04-04T12:51:55","modified_gmt":"2026-04-04T10:51:55","slug":"inversor-victron-rs-48-6000va-230v-solar-inteligente-pin482600000","status":"publish","type":"product","link":"https:\/\/fvcomponentes.com\/pt\/producto\/inversor-victron-rs-48-6000va-230v-smart-solar-pin482600000\/","title":{"rendered":"Inversor Victron RS 48\/6000VA 230V Inteligente - PIN482600000"},"content":{"rendered":"<h2>Inversor Victron RS 48\/6000VA 230V Inteligente - PIN482600000<\/h2>\n<p>O inversor inteligente Victron RS 48\/6000VA 230V - PIN482600000 \u00e9 um inversor de 48 V, 6 kVA com entrada de 450 VDC. \u00c9 utilizado em aplica\u00e7\u00f5es solares fora da rede onde \u00e9 necess\u00e1rio CA.<\/p>\n<h2>Combina\u00e7\u00e3o de um inversor Victron Enerngy, um conversor CC-CC bidirecional.<\/h2>\n<p>O inversor produz uma onda sinusoidal perfeita, capaz de alimentar dispositivos de alta pot\u00eancia. \u00c9 alimentado por um conversor CC-CC bidirecional, que pode carregar a bateria quando h\u00e1 excesso de energia solar ou converter a energia da bateria quando necess\u00e1rio.<\/p>\n<h2>O Inversor Inteligente Victron RS 48\/6000VA 230V - PIN482600000 \u00e9 leve, eficiente e silencioso.<\/h2>\n<p>Gra\u00e7as \u00e0 sua tecnologia de alta frequ\u00eancia e ao seu novo design, este potente inversor..:<\/p>\n<ul>\n<li>Pesa apenas 11 kg.<\/li>\n<li>Al\u00e9m disso, tem uma excelente efici\u00eancia e um baixo consumo de energia em modo de espera, o que lhe permite funcionar de forma muito silenciosa.<\/li>\n<\/ul>\n<h2>Ecr\u00e3 e Bluetooth<\/h2>\n<p>O ecr\u00e3 apresenta os par\u00e2metros da bateria, do inversor e do controlador de carga solar. Estes par\u00e2metros podem ser acedidos com um smartphone ou outro dispositivo com Bluetooth. Al\u00e9m disso, o Bluetooth pode ser utilizado para configurar o sistema e alterar os par\u00e2metros utilizando <a href=\"https:\/\/www.victronenergy.com.es\/panel-systems-remote-monitoring\/victronconnect\" target=\"_blank\" rel=\"noopener\">VictronConnect<\/a>.<\/p>\n<h2>Porta VE.Can e VE.Direct<\/h2>\n<p>Por um lado, tem uma liga\u00e7\u00e3o VE.Can a um dispositivo GX para monitoriza\u00e7\u00e3o remota do sistema, registo de dados e actualiza\u00e7\u00f5es de firmware e, por outro lado, uma liga\u00e7\u00e3o VE.Direct a um GlobalLink 520 para monitoriza\u00e7\u00e3o remota de dados.<\/p>\n<h2>Liga\u00e7\u00f5es de E\/S<\/h2>\n<p>Liga\u00e7\u00f5es de rel\u00e9 program\u00e1vel, sensor de temperatura e sensor de tens\u00e3o. A entrada remota tamb\u00e9m pode ser configurada para aceitar o <a href=\"https:\/\/fvcomponentes.com\/pt\/produto\/smallbms-victron-com-pre-alarme-bms400100000\/\" target=\"_blank\" rel=\"noopener\">pequenoBMS<\/a> da Victron.<\/p>\n<p>&nbsp;<\/p>\n<p><img fetchpriority=\"high\" decoding=\"async\" class=\"alignnone wp-image-5544 size-full\" src=\"https:\/\/fvcomponentes.com\/wp-content\/uploads\/2023\/03\/Captura-2.png\" alt=\"Inversor Victron Enerngy RS 48\/6000VA 230V Smart Solar - PIN482600000\" width=\"580\" height=\"443\" title=\"\"><\/p>\n<h2>Ficha t\u00e9cnica Inversor Victron RS 48\/6000VA 230V Smart - PIN482600000<\/h2>\n<p><a href=\"https:\/\/fvcomponentes.com\/wp-content\/uploads\/2025\/09\/Datasheet-Inverter-RS-Smart-Solar-ES.pdf\" target=\"_blank\" rel=\"noopener\">Ficha t\u00e9cnica Inversor Victron RS 48\/6000VA 230V Smart - PIN482600000<\/a><\/p>","protected":false},"excerpt":{"rendered":"<p><strong>Tens\u00e3o:<\/strong> 48V<br \/>\n<strong>Pot\u00eancia de sa\u00edda cont\u00ednua:<\/strong> 6000VA<br \/>\n<strong>Pot\u00eancia de pico:<\/strong> 9 kW durante 3 segundos<\/p>","protected":false},"featured_media":24779,"comment_status":"open","ping_status":"closed","template":"","meta":{"site-sidebar-layout":"default","site-content-layout":"default","ast-site-content-layout":"default","site-content-style":"default","site-sidebar-style":"default","ast-global-header-display":"","ast-banner-title-visibility":"","ast-main-header-display":"","ast-hfb-above-header-display":"","ast-hfb-below-header-display":"","ast-hfb-mobile-header-display":"","site-post-title":"","ast-breadcrumbs-content":"","ast-featured-img":"","footer-sml-layout":"","ast-disable-related-posts":"","theme-transparent-header-meta":"default","adv-header-id-meta":"","stick-header-meta":"","header-above-stick-meta":"","header-main-stick-meta":"","header-below-stick-meta":"","astra-migrate-meta-layouts":"set","ast-page-background-enabled":"default","ast-page-background-meta":{"desktop":{"background-color":"var(--ast-global-color-4)","background-image":"","background-repeat":"repeat","background-position":"center center","background-size":"auto","background-attachment":"scroll","background-type":"","background-media":"","overlay-type":"","overlay-color":"","overlay-opacity":"","overlay-gradient":""},"tablet":{"background-color":"","background-image":"","background-repeat":"repeat","background-position":"center center","background-size":"auto","background-attachment":"scroll","background-type":"","background-media":"","overlay-type":"","overlay-color":"","overlay-opacity":"","overlay-gradient":""},"mobile":{"background-color":"","background-image":"","background-repeat":"repeat","background-position":"center center","background-size":"auto","background-attachment":"scroll","background-type":"","background-media":"","overlay-type":"","overlay-color":"","overlay-opacity":"","overlay-gradient":""}},"ast-content-background-meta":{"desktop":{"background-color":"var(--ast-global-color-5)","background-image":"","background-repeat":"repeat","background-position":"center center","background-size":"auto","background-attachment":"scroll","background-type":"","background-media":"","overlay-type":"","overlay-color":"","overlay-opacity":"","overlay-gradient":""},"tablet":{"background-color":"var(--ast-global-color-5)","background-image":"","background-repeat":"repeat","background-position":"center center","background-size":"auto","background-attachment":"scroll","background-type":"","background-media":"","overlay-type":"","overlay-color":"","overlay-opacity":"","overlay-gradient":""},"mobile":{"background-color":"var(--ast-global-color-5)","background-image":"","background-repeat":"repeat","background-position":"center center","background-size":"auto","background-attachment":"scroll","background-type":"","background-media":"","overlay-type":"","overlay-color":"","overlay-opacity":"","overlay-gradient":""}}},"pwb-brand":[332],"product_brand":[],"product_cat":[333,369],"product_tag":[],"class_list":{"0":"post-5542","1":"product","2":"type-product","3":"status-publish","4":"has-post-thumbnail","6":"pwb-brand-victron","7":"product_cat-inversores","8":"product_cat-inversores-48v","9":"desktop-align-left","10":"tablet-align-left","11":"mobile-align-left","12":"ast-product-gallery-layout-horizontal-slider","13":"ast-product-tabs-layout-horizontal","15":"first","16":"instock","17":"taxable","18":"shipping-taxable","19":"purchasable","20":"product-type-simple"},"wcpa_form_fields":null,"brands":[{"id":332,"name":"Victron Energia","slug":"victron"}],"_links":{"self":[{"href":"https:\/\/fvcomponentes.com\/pt\/wp-json\/wp\/v2\/product\/5542","targetHints":{"allow":["GET"]}}],"collection":[{"href":"https:\/\/fvcomponentes.com\/pt\/wp-json\/wp\/v2\/product"}],"about":[{"href":"https:\/\/fvcomponentes.com\/pt\/wp-json\/wp\/v2\/types\/product"}],"replies":[{"embeddable":true,"href":"https:\/\/fvcomponentes.com\/pt\/wp-json\/wp\/v2\/comments?post=5542"}],"wp:featuredmedia":[{"embeddable":true,"href":"https:\/\/fvcomponentes.com\/pt\/wp-json\/wp\/v2\/media\/24779"}],"wp:attachment":[{"href":"https:\/\/fvcomponentes.com\/pt\/wp-json\/wp\/v2\/media?parent=5542"}],"wp:term":[{"taxonomy":"pwb-brand","embeddable":true,"href":"https:\/\/fvcomponentes.com\/pt\/wp-json\/wp\/v2\/pwb-brand?post=5542"},{"taxonomy":"product_brand","embeddable":true,"href":"https:\/\/fvcomponentes.com\/pt\/wp-json\/wp\/v2\/product_brand?post=5542"},{"taxonomy":"product_cat","embeddable":true,"href":"https:\/\/fvcomponentes.com\/pt\/wp-json\/wp\/v2\/product_cat?post=5542"},{"taxonomy":"product_tag","embeddable":true,"href":"https:\/\/fvcomponentes.com\/pt\/wp-json\/wp\/v2\/product_tag?post=5542"}],"curies":[{"name":"wp","href":"https:\/\/api.w.org\/{rel}","templated":true}]}}