{"id":5534,"date":"2023-09-21T09:26:51","date_gmt":"2023-09-21T07:26:51","guid":{"rendered":"https:\/\/fvcomponentes.com\/?post_type=product&#038;p=5534"},"modified":"2026-04-08T21:36:57","modified_gmt":"2026-04-08T19:36:57","slug":"inversor-victron-energy-phoenix-48v-5000va-smart-pin482500000","status":"publish","type":"product","link":"https:\/\/fvcomponentes.com\/pt\/producto\/inversor-victron-energy-phoenix-48v-5000va-smart-pin482500000\/","title":{"rendered":"Inversor 48V Victron Phoenix 48V 5000VA Inteligente - PIN482500000"},"content":{"rendered":"<h2>O inversor inteligente Victron Phoenix 48V 5000VA - PIN482500000 com SinusMax \u00e9 uma engenharia superior<\/h2>\n<p>Desenvolvida para aplica\u00e7\u00f5es profissionais, a gama de inversores Phoenix \u00e9 adequada para uma grande variedade de utiliza\u00e7\u00f5es. O crit\u00e9rio de conce\u00e7\u00e3o foi o de produzir um inversor de onda sinusoidal verdadeira com efici\u00eancia optimizada sem comprometer o desempenho. Utilizando tecnologia h\u00edbrida de alta frequ\u00eancia, o resultado \u00e9 um produto de alta qualidade com dimens\u00f5es compactas, peso leve e capacidade de fornecer energia de forma fi\u00e1vel a qualquer carga.<\/p>\n<h2>A incr\u00edvel pot\u00eancia de arranque extra do inversor inteligente Victron Phoenix Inverter 48V 5000VA - PIN482500000<\/h2>\n<p>Uma carater\u00edstica \u00fanica da tecnologia SinusMax \u00e9 a sua capacidade de fornecer uma pot\u00eancia de arranque muito elevada. A tecnologia convencional de alta frequ\u00eancia n\u00e3o oferece um desempenho t\u00e3o excecional, mas os inversores Phoenix s\u00e3o adequados para arrancar cargas dif\u00edceis, como compressores de refrigera\u00e7\u00e3o, motores el\u00e9ctricos e dispositivos semelhantes.<\/p>\n<h2>Pot\u00eancia ilimitada com funcionamento em paralelo e trif\u00e1sico<\/h2>\n<p>Com o Smart Inverter Victron Energy Phoenix 48V 5000VA, podem ser operadas at\u00e9 6 unidades de inversor em paralelo para obter uma maior pot\u00eancia de sa\u00edda. Por exemplo, seis unidades 24\/5000 fornecer\u00e3o uma pot\u00eancia de sa\u00edda de 24 kW \/ 30 kVA. Para al\u00e9m disso, \u00e9 poss\u00edvel o funcionamento em configura\u00e7\u00e3o trif\u00e1sica.<\/p>\n<h2>Transfer\u00eancia de carga para outra fonte CA<\/h2>\n<p>Se for necess\u00e1rio um interrutor de transfer\u00eancia autom\u00e1tica, recomendamos a utiliza\u00e7\u00e3o do inversor\/carregador MultiPlus. Este interrutor est\u00e1 inclu\u00eddo nestes produtos e a fun\u00e7\u00e3o de carregador do MultiPlus pode ser desactivada. Os computadores e outros equipamentos electr\u00f3nicos continuar\u00e3o a funcionar sem interrup\u00e7\u00e3o devido ao curto tempo de comuta\u00e7\u00e3o do MultiPlus (menos de 20 milissegundos).<\/p>\n<h2>Interface de comunica\u00e7\u00e3o<\/h2>\n<ul>\n<li style=\"list-style-type: none\">\n<ul>\n<li style=\"list-style-type: none\">\n<ul>\n<li style=\"list-style-type: none\">\n<ul>\n<li style=\"list-style-type: none\">\n<ul>\n<li style=\"list-style-type: none\">\n<ul>\n<li>Com porta VE.Bus.<\/li>\n<li>Utiliza\u00e7\u00e3o do cabo de interface <a href=\"https:\/\/fvcomponentes.com\/pt\/produto\/cabo-de-interface-ve-direto-para-usb-victron-ass030530010\/\" target=\"_blank\" rel=\"noopener\">VE.Direto para USB<\/a>.<\/li>\n<li>Personaliza\u00e7\u00e3o de par\u00e2metros com o software VictronConnect ou VEConfigure.<\/li>\n<li>Possibilidade de definir a tens\u00e3o, a frequ\u00eancia, a sobretens\u00e3o e a subtens\u00e3o, e de programar o rel\u00e9.<\/li>\n<li>Liga\u00e7\u00e3o ao dispositivo GX (por exemplo, o <a href=\"https:\/\/fvcomponentes.com\/pt\/produto\/monitor-victron-cerbo-gx-mk2-bpp900451100-victron-cerbo-mk2\/\" target=\"_blank\" rel=\"noopener\">Monitoriza\u00e7\u00e3o Victron Cerbo GX MK2 - BPP900451100<\/a>) para monitoriza\u00e7\u00e3o e controlo.<\/li>\n<\/ul>\n<\/li>\n<\/ul>\n<\/li>\n<\/ul>\n<\/li>\n<\/ul>\n<\/li>\n<\/ul>\n<\/li>\n<\/ul>\n<p dir=\"ltr\" data-placeholder=\"Traducci\u00f3n\"><img fetchpriority=\"high\" decoding=\"async\" class=\"alignnone size-full wp-image-5540\" src=\"https:\/\/fvcomponentes.com\/wp-content\/uploads\/2023\/03\/Captura.png\" alt=\"Inversor Victron Energy Phoenyx 48V 5000VA Inteligente - PIN482500000\" width=\"642\" height=\"281\" title=\"\"><\/p>\n<h2 dir=\"ltr\" data-placeholder=\"Traducci\u00f3n\">Ficha t\u00e9cnica Inversor Victron Phoenix 48V 5000VA Inteligente - PIN482500000<\/h2>\n<p><a href=\"https:\/\/fvcomponentes.com\/wp-content\/uploads\/2023\/03\/Datasheet-Phoenix-Inverter-1200VA-5000VA-EN-1-1.pdf\" target=\"_blank\" rel=\"noopener\">Ficha t\u00e9cnica do inversor Inversor inteligente Victron Phoenix 48V 5000VA - PIN482500000<\/a><\/p>","protected":false},"excerpt":{"rendered":"<p><strong>Tens\u00e3o:<\/strong> 48V<br \/>\n<strong>Pot\u00eancia de sa\u00edda cont\u00ednua:<\/strong> 5000VA<br \/>\n<strong>Pot\u00eancia de pico:<\/strong> 10000 W<\/p>","protected":false},"featured_media":5537,"comment_status":"open","ping_status":"closed","template":"","meta":{"site-sidebar-layout":"default","site-content-layout":"default","ast-site-content-layout":"default","site-content-style":"default","site-sidebar-style":"default","ast-global-header-display":"","ast-banner-title-visibility":"","ast-main-header-display":"","ast-hfb-above-header-display":"","ast-hfb-below-header-display":"","ast-hfb-mobile-header-display":"","site-post-title":"","ast-breadcrumbs-content":"","ast-featured-img":"","footer-sml-layout":"","ast-disable-related-posts":"","theme-transparent-header-meta":"default","adv-header-id-meta":"","stick-header-meta":"","header-above-stick-meta":"","header-main-stick-meta":"","header-below-stick-meta":"","astra-migrate-meta-layouts":"set","ast-page-background-enabled":"default","ast-page-background-meta":{"desktop":{"background-color":"var(--ast-global-color-4)","background-image":"","background-repeat":"repeat","background-position":"center center","background-size":"auto","background-attachment":"scroll","background-type":"","background-media":"","overlay-type":"","overlay-color":"","overlay-opacity":"","overlay-gradient":""},"tablet":{"background-color":"","background-image":"","background-repeat":"repeat","background-position":"center center","background-size":"auto","background-attachment":"scroll","background-type":"","background-media":"","overlay-type":"","overlay-color":"","overlay-opacity":"","overlay-gradient":""},"mobile":{"background-color":"","background-image":"","background-repeat":"repeat","background-position":"center center","background-size":"auto","background-attachment":"scroll","background-type":"","background-media":"","overlay-type":"","overlay-color":"","overlay-opacity":"","overlay-gradient":""}},"ast-content-background-meta":{"desktop":{"background-color":"var(--ast-global-color-5)","background-image":"","background-repeat":"repeat","background-position":"center center","background-size":"auto","background-attachment":"scroll","background-type":"","background-media":"","overlay-type":"","overlay-color":"","overlay-opacity":"","overlay-gradient":""},"tablet":{"background-color":"var(--ast-global-color-5)","background-image":"","background-repeat":"repeat","background-position":"center center","background-size":"auto","background-attachment":"scroll","background-type":"","background-media":"","overlay-type":"","overlay-color":"","overlay-opacity":"","overlay-gradient":""},"mobile":{"background-color":"var(--ast-global-color-5)","background-image":"","background-repeat":"repeat","background-position":"center center","background-size":"auto","background-attachment":"scroll","background-type":"","background-media":"","overlay-type":"","overlay-color":"","overlay-opacity":"","overlay-gradient":""}}},"pwb-brand":[332],"product_brand":[],"product_cat":[369,333],"product_tag":[],"class_list":{"0":"post-5534","1":"product","2":"type-product","3":"status-publish","4":"has-post-thumbnail","6":"pwb-brand-victron","7":"product_cat-inversores-48v","8":"product_cat-inversores","9":"desktop-align-left","10":"tablet-align-left","11":"mobile-align-left","12":"ast-product-gallery-layout-horizontal-slider","13":"ast-product-tabs-layout-horizontal","15":"first","16":"instock","17":"taxable","18":"shipping-taxable","19":"purchasable","20":"product-type-simple"},"wcpa_form_fields":null,"brands":[{"id":332,"name":"Victron Energia","slug":"victron"}],"_links":{"self":[{"href":"https:\/\/fvcomponentes.com\/pt\/wp-json\/wp\/v2\/product\/5534","targetHints":{"allow":["GET"]}}],"collection":[{"href":"https:\/\/fvcomponentes.com\/pt\/wp-json\/wp\/v2\/product"}],"about":[{"href":"https:\/\/fvcomponentes.com\/pt\/wp-json\/wp\/v2\/types\/product"}],"replies":[{"embeddable":true,"href":"https:\/\/fvcomponentes.com\/pt\/wp-json\/wp\/v2\/comments?post=5534"}],"wp:featuredmedia":[{"embeddable":true,"href":"https:\/\/fvcomponentes.com\/pt\/wp-json\/wp\/v2\/media\/5537"}],"wp:attachment":[{"href":"https:\/\/fvcomponentes.com\/pt\/wp-json\/wp\/v2\/media?parent=5534"}],"wp:term":[{"taxonomy":"pwb-brand","embeddable":true,"href":"https:\/\/fvcomponentes.com\/pt\/wp-json\/wp\/v2\/pwb-brand?post=5534"},{"taxonomy":"product_brand","embeddable":true,"href":"https:\/\/fvcomponentes.com\/pt\/wp-json\/wp\/v2\/product_brand?post=5534"},{"taxonomy":"product_cat","embeddable":true,"href":"https:\/\/fvcomponentes.com\/pt\/wp-json\/wp\/v2\/product_cat?post=5534"},{"taxonomy":"product_tag","embeddable":true,"href":"https:\/\/fvcomponentes.com\/pt\/wp-json\/wp\/v2\/product_tag?post=5534"}],"curies":[{"name":"wp","href":"https:\/\/api.w.org\/{rel}","templated":true}]}}