{"id":5527,"date":"2023-09-21T09:23:07","date_gmt":"2023-09-21T07:23:07","guid":{"rendered":"https:\/\/fvcomponentes.com\/?post_type=product&#038;p=5527"},"modified":"2026-04-08T21:37:54","modified_gmt":"2026-04-08T19:37:54","slug":"inversor-victron-phoenix-24v-5000va-pin245020000-2","status":"publish","type":"product","link":"https:\/\/fvcomponentes.com\/pt\/producto\/inversor-victron-phoenix-24v-5000va-pin245020000-2\/","title":{"rendered":"Inversor 24V Victron Phoenix 24V 5000VA - PIN245020000"},"content":{"rendered":"<h2 id=\"tw-target-text\" class=\"tw-data-text tw-text-large tw-ta\" dir=\"ltr\" data-placeholder=\"Traducci\u00f3n\"><span class=\"Y2IQFc\" lang=\"es\">SinusMax - Engenharia superior com o Inversor Victron Phoenix 24V 5000VA - PIN245020000<\/span><\/h2>\n<p class=\"tw-data-text tw-text-large tw-ta\" dir=\"ltr\" data-placeholder=\"Traducci\u00f3n\"><span class=\"Y2IQFc\" lang=\"es\">Desenvolvida para utiliza\u00e7\u00e3o profissional, a gama de inversores Phoenix, \u00e0 qual pertence o inversor Victron Phoenix 24V 5000VA - PIN245020000, \u00e9 adequada para a mais vasta gama de aplica\u00e7\u00f5es. O crit\u00e9rio de conce\u00e7\u00e3o foi o de produzir um inversor de onda sinusoidal verdadeira com efici\u00eancia optimizada, mas sem comprometer o desempenho. Empregando a tecnologia h\u00edbrida HF, o resultado \u00e9 um produto de alta qualidade com dimens\u00f5es compactas, peso leve e capaz de fornecer energia sem problemas a qualquer carga.<\/span><\/p>\n<h2 class=\"tw-data-text tw-text-large tw-ta\" dir=\"ltr\" data-placeholder=\"Traducci\u00f3n\"><span class=\"Y2IQFc\" lang=\"es\">Pot\u00eancia de arranque adicional<\/span><\/h2>\n<p class=\"tw-data-text tw-text-large tw-ta\" dir=\"ltr\" data-placeholder=\"Traducci\u00f3n\"><span class=\"Y2IQFc\" lang=\"es\">Uma carater\u00edstica \u00fanica da tecnologia SinusMax \u00e9 uma pot\u00eancia de arranque muito elevada. A tecnologia convencional de alta frequ\u00eancia n\u00e3o oferece um desempenho t\u00e3o extremo, os inversores Phoenix, no entanto, s\u00e3o adequados para o arranque de cargas dif\u00edceis, como compressores de refrigera\u00e7\u00e3o, motores el\u00e9ctricos e aparelhos semelhantes.<\/span><\/p>\n<h2 class=\"tw-data-text tw-text-large tw-ta\" dir=\"ltr\" data-placeholder=\"Traducci\u00f3n\"><span class=\"Y2IQFc\" lang=\"es\">Pot\u00eancia praticamente ilimitada gra\u00e7as \u00e0 capacidade de funcionamento em paralelo e trif\u00e1sico<\/span><\/h2>\n<p class=\"tw-data-text tw-text-large tw-ta\" dir=\"ltr\" data-placeholder=\"Traducci\u00f3n\"><span class=\"Y2IQFc\" lang=\"es\">Podem funcionar at\u00e9 6 unidades de inversor em paralelo para obter uma maior pot\u00eancia. Seis unidades 24\/5000, por exemplo, fornecer\u00e3o uma pot\u00eancia de sa\u00edda de 24kW \/ 30kVA. Tamb\u00e9m \u00e9 poss\u00edvel o funcionamento em configura\u00e7\u00e3o trif\u00e1sica. <\/span><\/p>\n<h2 class=\"tw-data-text tw-text-large tw-ta\" dir=\"ltr\" data-placeholder=\"Traducci\u00f3n\"><span class=\"Y2IQFc\" lang=\"es\">Para transferir a carga para outra fonte de CA: o interrutor de transfer\u00eancia autom\u00e1tica<\/span><\/h2>\n<p class=\"tw-data-text tw-text-large tw-ta\" dir=\"ltr\" data-placeholder=\"Traducci\u00f3n\"><span class=\"Y2IQFc\" lang=\"es\">Se for necess\u00e1rio um interrutor de transfer\u00eancia autom\u00e1tica, recomendamos a utiliza\u00e7\u00e3o do inversor\/carregador MultiPlus. O interrutor est\u00e1 inclu\u00eddo nestes produtos e a fun\u00e7\u00e3o de carregador do MultiPlus pode ser desactivada. Os computadores e outros equipamentos electr\u00f3nicos continuar\u00e3o a funcionar sem interrup\u00e7\u00f5es porque o MultiPlus tem um tempo de comuta\u00e7\u00e3o curto (menos de 20 milissegundos). <\/span><\/p>\n<h2 class=\"tw-data-text tw-text-large tw-ta\" dir=\"ltr\" data-placeholder=\"Traducci\u00f3n\"><span class=\"Y2IQFc\" lang=\"es\"> Interface de comunica\u00e7\u00e3o<\/span><\/h2>\n<p class=\"tw-data-text tw-text-large tw-ta\" dir=\"ltr\" data-placeholder=\"Traducci\u00f3n\"><span class=\"Y2IQFc\" lang=\"es\">Estes modelos maiores de inversores Phoenix est\u00e3o equipados com uma porta VE.Bus. Tudo o que precisa para ligar ao seu PC \u00e9 a nossa interface MK3- USB VE.Bus para USB (<a href=\"https:\/\/fvcomponentes.com\/pt\/produto\/victron-ve-mk3-interface-usb-interface-link\/\" target=\"_blank\" rel=\"noopener\">ver acess\u00f3rios<\/a>). Juntamente com o nosso software VictronConnect ou VEConfigure, que pode ser descarregado gratuitamente a partir do nosso s\u00edtio Web, os par\u00e2metros do inversor podem ser personalizados. Isto inclui tens\u00e3o e frequ\u00eancia de sa\u00edda, defini\u00e7\u00f5es de sobretens\u00e3o e subtens\u00e3o e programa\u00e7\u00e3o de rel\u00e9s, que podem ser utilizados, por exemplo, para sinalizar v\u00e1rias condi\u00e7\u00f5es de alarme ou para iniciar um gerador. Os inversores tamb\u00e9m podem ser ligados a um dispositivo GX (por exemplo, o <a href=\"https:\/\/fvcomponentes.com\/pt\/produto\/monitor-victron-cerbo-gx-mk2-bpp900451100-victron-cerbo-mk2\/\" target=\"_blank\" rel=\"noopener\">Monitoriza\u00e7\u00e3o Victron Cerbo GX MK2 - BPP900451100<\/a>) para monitoriza\u00e7\u00e3o e controlo.<\/span><\/p>\n<h2 class=\"tw-data-text tw-text-large tw-ta\" dir=\"ltr\" data-placeholder=\"Traducci\u00f3n\"><span class=\"Y2IQFc\" lang=\"es\">Novas aplica\u00e7\u00f5es de inversores de alta pot\u00eancia<\/span><\/h2>\n<p class=\"tw-data-text tw-text-large tw-ta\" dir=\"ltr\" data-placeholder=\"Traducci\u00f3n\"><span class=\"Y2IQFc\" lang=\"es\">As possibilidades de inversores de alta pot\u00eancia em paralelo s\u00e3o verdadeiramente espantosas. Para ideias, exemplos e c\u00e1lculos da capacidade da bateria, consulte o nosso livro \"Energy Unlimited\" (dispon\u00edvel gratuitamente na Victron Energy e descarreg\u00e1vel em<a href=\"https:\/\/www.victronenergy.com.es\/\" target=\"_blank\" rel=\"noopener\"> www.victronenergy.com<\/a>).<\/span><\/p>\n<p><img fetchpriority=\"high\" decoding=\"async\" class=\"alignnone size-full wp-image-5531\" src=\"https:\/\/fvcomponentes.com\/wp-content\/uploads\/2023\/03\/Captura-phoenix.png\" alt=\"Inversor Victron Energy Phoenix 24V 5000VA PIN485020000\" width=\"589\" height=\"269\" title=\"\"><\/p>\n<h2>Ficha t\u00e9cnica Inversor Victron Phoenix 24V 5000VA - PIN245020000<\/h2>\n<p><a href=\"https:\/\/fvcomponentes.com\/wp-content\/uploads\/2023\/03\/Datasheet-Phoenix-Inverter-1200VA-5000VA-EN-1.pdf\" target=\"_blank\" rel=\"noopener\">Ficha t\u00e9cnica Inversor Victron Phoenix 24V 5000VA - PIN245020000<\/a><\/p>","protected":false},"excerpt":{"rendered":"<p><strong>Tens\u00e3o:<\/strong> 24V<br \/>\n<strong>Pot\u00eancia de sa\u00edda cont\u00ednua:<\/strong> 5000VA<br \/>\n<strong>Pot\u00eancia de pico:<\/strong> 10000W<\/p>","protected":false},"featured_media":5530,"comment_status":"open","ping_status":"closed","template":"","meta":{"site-sidebar-layout":"default","site-content-layout":"default","ast-site-content-layout":"default","site-content-style":"default","site-sidebar-style":"default","ast-global-header-display":"","ast-banner-title-visibility":"","ast-main-header-display":"","ast-hfb-above-header-display":"","ast-hfb-below-header-display":"","ast-hfb-mobile-header-display":"","site-post-title":"","ast-breadcrumbs-content":"","ast-featured-img":"","footer-sml-layout":"","ast-disable-related-posts":"","theme-transparent-header-meta":"default","adv-header-id-meta":"","stick-header-meta":"","header-above-stick-meta":"","header-main-stick-meta":"","header-below-stick-meta":"","astra-migrate-meta-layouts":"set","ast-page-background-enabled":"default","ast-page-background-meta":{"desktop":{"background-color":"var(--ast-global-color-4)","background-image":"","background-repeat":"repeat","background-position":"center center","background-size":"auto","background-attachment":"scroll","background-type":"","background-media":"","overlay-type":"","overlay-color":"","overlay-opacity":"","overlay-gradient":""},"tablet":{"background-color":"","background-image":"","background-repeat":"repeat","background-position":"center center","background-size":"auto","background-attachment":"scroll","background-type":"","background-media":"","overlay-type":"","overlay-color":"","overlay-opacity":"","overlay-gradient":""},"mobile":{"background-color":"","background-image":"","background-repeat":"repeat","background-position":"center center","background-size":"auto","background-attachment":"scroll","background-type":"","background-media":"","overlay-type":"","overlay-color":"","overlay-opacity":"","overlay-gradient":""}},"ast-content-background-meta":{"desktop":{"background-color":"var(--ast-global-color-5)","background-image":"","background-repeat":"repeat","background-position":"center center","background-size":"auto","background-attachment":"scroll","background-type":"","background-media":"","overlay-type":"","overlay-color":"","overlay-opacity":"","overlay-gradient":""},"tablet":{"background-color":"var(--ast-global-color-5)","background-image":"","background-repeat":"repeat","background-position":"center center","background-size":"auto","background-attachment":"scroll","background-type":"","background-media":"","overlay-type":"","overlay-color":"","overlay-opacity":"","overlay-gradient":""},"mobile":{"background-color":"var(--ast-global-color-5)","background-image":"","background-repeat":"repeat","background-position":"center center","background-size":"auto","background-attachment":"scroll","background-type":"","background-media":"","overlay-type":"","overlay-color":"","overlay-opacity":"","overlay-gradient":""}}},"pwb-brand":[332],"product_brand":[],"product_cat":[333,367],"product_tag":[],"class_list":{"0":"post-5527","1":"product","2":"type-product","3":"status-publish","4":"has-post-thumbnail","6":"pwb-brand-victron","7":"product_cat-inversores","8":"product_cat-inversores-24-v","9":"desktop-align-left","10":"tablet-align-left","11":"mobile-align-left","12":"ast-product-gallery-layout-horizontal-slider","13":"ast-product-gallery-with-no-image","14":"ast-product-tabs-layout-horizontal","16":"first","17":"instock","18":"taxable","19":"shipping-taxable","20":"purchasable","21":"product-type-simple"},"wcpa_form_fields":null,"brands":[{"id":332,"name":"Victron Energia","slug":"victron"}],"_links":{"self":[{"href":"https:\/\/fvcomponentes.com\/pt\/wp-json\/wp\/v2\/product\/5527","targetHints":{"allow":["GET"]}}],"collection":[{"href":"https:\/\/fvcomponentes.com\/pt\/wp-json\/wp\/v2\/product"}],"about":[{"href":"https:\/\/fvcomponentes.com\/pt\/wp-json\/wp\/v2\/types\/product"}],"replies":[{"embeddable":true,"href":"https:\/\/fvcomponentes.com\/pt\/wp-json\/wp\/v2\/comments?post=5527"}],"wp:featuredmedia":[{"embeddable":true,"href":"https:\/\/fvcomponentes.com\/pt\/wp-json\/wp\/v2\/media\/5530"}],"wp:attachment":[{"href":"https:\/\/fvcomponentes.com\/pt\/wp-json\/wp\/v2\/media?parent=5527"}],"wp:term":[{"taxonomy":"pwb-brand","embeddable":true,"href":"https:\/\/fvcomponentes.com\/pt\/wp-json\/wp\/v2\/pwb-brand?post=5527"},{"taxonomy":"product_brand","embeddable":true,"href":"https:\/\/fvcomponentes.com\/pt\/wp-json\/wp\/v2\/product_brand?post=5527"},{"taxonomy":"product_cat","embeddable":true,"href":"https:\/\/fvcomponentes.com\/pt\/wp-json\/wp\/v2\/product_cat?post=5527"},{"taxonomy":"product_tag","embeddable":true,"href":"https:\/\/fvcomponentes.com\/pt\/wp-json\/wp\/v2\/product_tag?post=5527"}],"curies":[{"name":"wp","href":"https:\/\/api.w.org\/{rel}","templated":true}]}}