{"id":4079,"date":"2022-04-25T12:57:58","date_gmt":"2022-04-25T10:57:58","guid":{"rendered":"https:\/\/fvcomponentes.com\/producto\/cargador-baterias-victron-blue-smart-ip22-24-12-1\/"},"modified":"2026-01-15T10:07:16","modified_gmt":"2026-01-15T09:07:16","slug":"carregador-de-bateria-victron-blue-smart-ip22-24-12-1","status":"publish","type":"product","link":"https:\/\/fvcomponentes.com\/pt\/producto\/cargador-baterias-victron-blue-smart-ip22-24-12-1\/","title":{"rendered":"Carregador de baterias Victron Blue Smart IP22 24\/12 (1) - BPC241242002"},"content":{"rendered":"<h2>Carregador de baterias Victron Blue Smart IP22 24\/12 (1) - BPC241242002<\/h2>\n<p>O Victron Blue Smart IP22 24\/12 (1) \u00e9 o novo carregador de bateria profissional com Bluetooth integrado. O carregador Blue Smart IP22 pode ser utilizado em dispositivos tanto na sua oficina como em ve\u00edculos motorizados, tais como carros (cl\u00e1ssicos), motas, barcos e autocaravanas.<\/p>\n<h3>Bluetooth inteligente<\/h3>\n<p>A solu\u00e7\u00e3o sem fios para monitorizar a tens\u00e3o e a corrente, alterar as defini\u00e7\u00f5es e atualizar o carregador quando estiverem dispon\u00edveis novas funcionalidades.<\/p>\n<h3>Alta efici\u00eancia<\/h3>\n<p>Com uma efici\u00eancia de at\u00e9 94 %, estes carregadores geram at\u00e9 quatro vezes menos calor em compara\u00e7\u00e3o com o padr\u00e3o da ind\u00fastria. E quando a bateria est\u00e1 totalmente carregada, o consumo de energia \u00e9 reduzido para 0,5 watts, cinco a dez vezes menos do que o padr\u00e3o da ind\u00fastria.<\/p>\n<h3>Algoritmo de carregamento vari\u00e1vel em 6 fases: ensaio - carregamento inicial - absor\u00e7\u00e3o - recondicionamento - flutua\u00e7\u00e3o - armazenamento<\/h3>\n<p>O carregador Victron Blue Smart IP22 24\/12 (1) possui gest\u00e3o de bateria \"adaptativa\" controlada por microprocessador. A sua fun\u00e7\u00e3o \"adaptativa\" optimizar\u00e1 automaticamente o processo de carregamento com base na utiliza\u00e7\u00e3o da bateria.<\/p>\n<h3>Algoritmo de carregamento totalmente program\u00e1vel<\/h3>\n<p>Com a aplica\u00e7\u00e3o Bluetooth, podem ser programadas as tens\u00f5es de absor\u00e7\u00e3o, flutua\u00e7\u00e3o e armazenamento, bem como a defini\u00e7\u00e3o de recondicionamento e o valor de compensa\u00e7\u00e3o de temperatura. Depois de ativar o modo especialista, a aplica\u00e7\u00e3o permite alterar praticamente todos os par\u00e2metros e limites de tempo utilizados pelo algoritmo de carregamento.<\/p>\n<h3>Modo de armazenamento: redu\u00e7\u00e3o do envelhecimento e da necessidade de manuten\u00e7\u00e3o quando a bateria n\u00e3o est\u00e1 a ser utilizada<\/h3>\n<p>O modo de armazenamento \u00e9 ativado quando a bateria n\u00e3o tiver sido descarregada durante 24 horas. No modo de armazenamento, a tens\u00e3o de flutua\u00e7\u00e3o \u00e9 reduzida para 2,2 V\/c\u00e9lula (13,2 V para baterias de 12 V) para reduzir a forma\u00e7\u00e3o de gases e a corros\u00e3o das placas positivas.<\/p>\n<p>Uma vez por semana, a tens\u00e3o \u00e9 reposta ao n\u00edvel de absor\u00e7\u00e3o para \"igualar\" a bateria. Esta fun\u00e7\u00e3o evita a estratifica\u00e7\u00e3o e a sulfata\u00e7\u00e3o do eletr\u00f3lito, as principais causas de falha prematura da bateria.<\/p>\n<h3>Tamb\u00e9m carrega baterias de i\u00f5es de l\u00edtio com o Carregador Inteligente Azul Victron IP22 24\/12 (1)<\/h3>\n<p>As baterias de i\u00f5es de l\u00edtio s\u00e3o carregadas com um algoritmo simples de carga inicial - absor\u00e7\u00e3o - flutua\u00e7\u00e3o.<\/p>\n<h3>Fun\u00e7\u00e3o de recupera\u00e7\u00e3o de bateria totalmente descarregada<\/h3>\n<p>O carregador Victron Blue Smart IP22 24\/12 (1) come\u00e7ar\u00e1 a carregar mesmo que a bateria tenha sido descarregada para zero volts. Voltar\u00e1 a ligar-se a uma bateria de i\u00f5es de l\u00edtio totalmente descarregada com a fun\u00e7\u00e3o de desconex\u00e3o interna.<\/p>\n<h3>Defini\u00e7\u00e3o NIGHT e LOW<\/h3>\n<p>Quando os modos NIGHT ou LOW est\u00e3o activos, a corrente de sa\u00edda \u00e9 reduzida para um m\u00e1ximo de 50 % da sa\u00edda nominal e o carregador Victron Blue Smart IP22 24\/12 (1) ficar\u00e1 completamente silencioso. O modo NIGHT \u00e9 automaticamente terminado ap\u00f3s 8 horas. O modo LOW pode ser terminado manualmente.<\/p>\n<h3>Prote\u00e7\u00e3o contra o sobreaquecimento<\/h3>\n<p>A corrente de sa\u00edda diminui \u00e0 medida que a temperatura sobe para 50\u00b0C, mas o carregador Blue Smart n\u00e3o falha.<\/p>\n<h3>Onze LEDs indicadores de estado<\/h3>\n<p>Algoritmo de carregamento: TEST \/ BULK \/ ABSORPTION \/ RECONDITION \/ FLOAT \/ STORAGE \/ READY MODE bot\u00e3o para definir: NORMAL (14,4V) \/ HIGH (14,7V) \/ RECONDITION \/ LI-ION<\/p>\n<h3>Registo hist\u00f3rico de 40 ciclos<\/h3>\n<p>O ecr\u00e3 de hist\u00f3rico cont\u00e9m dados hist\u00f3ricos de utiliza\u00e7\u00e3o para toda a vida \u00fatil do carregador e estat\u00edsticas detalhadas para os \u00faltimos 40 ciclos de carregamento.<\/p>\n<h3>Rede inteligente VE.<\/h3>\n<p>A rede VE.Smart \u00e9 uma rede de comunica\u00e7\u00e3o sem fios dispositivo-a-dispositivo (D2D) entre produtos Victron que utilizam Bluetooth Smart.<\/p>\n<h3>Compensa\u00e7\u00e3o opcional da tens\u00e3o e temperatura da bateria e sensor de corrente<\/h3>\n<p>A rede VE.Smart abre a possibilidade de otimizar o processo de carregamento: um Smart Battery Sense, Smart Battery Monitor ou SmartShunt pode ser utilizado para comunicar a tens\u00e3o e a temperatura da bateria ou para um ou v\u00e1rios carregadores de bateria. Um Smart Battery Monitor ou SmartShunt tamb\u00e9m comunicar\u00e1 a corrente da bateria.<\/p>\n<h3>Carregamento sincronizado em paralelo<\/h3>\n<p>Podem ser sincronizados at\u00e9 dez carregadores de bateria numa rede VE.Smart para que carreguem a bateria como se fossem um grande carregador. Os carregadores sincronizam o algoritmo de carregamento entre si. Passam simultaneamente de um estado de carga para outro, por exemplo, da carga inicial para a absor\u00e7\u00e3o.<\/p>\n<p>O carregamento sincronizado em paralelo tem v\u00e1rias vantagens interessantes:<\/p>\n<p>- Redund\u00e2ncia: se um carregador parar por qualquer raz\u00e3o, os outros carregadores continuar\u00e3o a funcionar.<\/p>\n<p>- Flexibilidade: um carregador s\u00f3 precisa de ser adicionado \u00e0 rede el\u00e9ctrica se for necess\u00e1ria mais energia.<\/p>\n<p>- Custo: Em geral, v\u00e1rios carregadores de baixa pot\u00eancia custar\u00e3o menos do que um \u00fanico carregador de alta pot\u00eancia.<\/p>\n<p>- Instala\u00e7\u00e3o: pode ser mais f\u00e1cil instalar v\u00e1rios carregadores de baixa pot\u00eancia num espa\u00e7o pequeno.<\/p>\n<h2>Ficha t\u00e9cnica Carregador de baterias inteligente Victron Blue IP22 24\/12 (1) - BPC241242002<\/h2>\n<p><a href=\"https:\/\/fvcomponentes.com\/wp-content\/uploads\/2022\/04\/Datasheet-Blue-Smart-IP22-Charger-230-VAC-ES.pdf\" target=\"_blank\" rel=\"noopener\">Ver ficha de dados do carregador de bateria Victron Blue Smart IP22 24\/12 (1) -BPC241242002<\/a><\/p>","protected":false},"excerpt":{"rendered":"<p><strong>Gama de tens\u00e3o de entrada:<\/strong> 180 - 265 VAC<br \/>\n<strong>Corrente de carga, modo normal:<\/strong> 12A<br \/>\n<strong>Corrente de carga, modo NIGHT ou LOW:<\/strong> 6A<br \/>\n<strong>Efici\u00eancia:\u00a0<\/strong> 94 %<br \/>\n<strong>Consumo em vazio :<\/strong> 0,5 W<br \/>\n<strong>Frequ\u00eancia<\/strong>: 45 - 65 Hz<br \/>\n<strong>N\u00famero de tomadas:<\/strong> 1<\/p>","protected":false},"featured_media":4080,"comment_status":"open","ping_status":"closed","template":"","meta":{"site-sidebar-layout":"default","site-content-layout":"default","ast-site-content-layout":"default","site-content-style":"default","site-sidebar-style":"default","ast-global-header-display":"","ast-banner-title-visibility":"","ast-main-header-display":"","ast-hfb-above-header-display":"","ast-hfb-below-header-display":"","ast-hfb-mobile-header-display":"","site-post-title":"","ast-breadcrumbs-content":"","ast-featured-img":"","footer-sml-layout":"","ast-disable-related-posts":"","theme-transparent-header-meta":"default","adv-header-id-meta":"","stick-header-meta":"","header-above-stick-meta":"","header-main-stick-meta":"","header-below-stick-meta":"","astra-migrate-meta-layouts":"set","ast-page-background-enabled":"default","ast-page-background-meta":{"desktop":{"background-color":"var(--ast-global-color-4)","background-image":"","background-repeat":"repeat","background-position":"center center","background-size":"auto","background-attachment":"scroll","background-type":"","background-media":"","overlay-type":"","overlay-color":"","overlay-opacity":"","overlay-gradient":""},"tablet":{"background-color":"","background-image":"","background-repeat":"repeat","background-position":"center center","background-size":"auto","background-attachment":"scroll","background-type":"","background-media":"","overlay-type":"","overlay-color":"","overlay-opacity":"","overlay-gradient":""},"mobile":{"background-color":"","background-image":"","background-repeat":"repeat","background-position":"center center","background-size":"auto","background-attachment":"scroll","background-type":"","background-media":"","overlay-type":"","overlay-color":"","overlay-opacity":"","overlay-gradient":""}},"ast-content-background-meta":{"desktop":{"background-color":"var(--ast-global-color-5)","background-image":"","background-repeat":"repeat","background-position":"center center","background-size":"auto","background-attachment":"scroll","background-type":"","background-media":"","overlay-type":"","overlay-color":"","overlay-opacity":"","overlay-gradient":""},"tablet":{"background-color":"var(--ast-global-color-5)","background-image":"","background-repeat":"repeat","background-position":"center center","background-size":"auto","background-attachment":"scroll","background-type":"","background-media":"","overlay-type":"","overlay-color":"","overlay-opacity":"","overlay-gradient":""},"mobile":{"background-color":"var(--ast-global-color-5)","background-image":"","background-repeat":"repeat","background-position":"center center","background-size":"auto","background-attachment":"scroll","background-type":"","background-media":"","overlay-type":"","overlay-color":"","overlay-opacity":"","overlay-gradient":""}}},"pwb-brand":[332],"product_brand":[],"product_cat":[419,462],"product_tag":[],"class_list":{"0":"post-4079","1":"product","2":"type-product","3":"status-publish","4":"has-post-thumbnail","6":"pwb-brand-victron","7":"product_cat-cargadores-de-baterias","8":"product_cat-cargador-de-baterias-24-v","9":"desktop-align-left","10":"tablet-align-left","11":"mobile-align-left","12":"ast-product-gallery-layout-horizontal-slider","13":"ast-product-tabs-layout-horizontal","15":"first","16":"instock","17":"taxable","18":"shipping-taxable","19":"purchasable","20":"product-type-simple"},"wcpa_form_fields":null,"brands":[{"id":332,"name":"Victron Energia","slug":"victron"}],"_links":{"self":[{"href":"https:\/\/fvcomponentes.com\/pt\/wp-json\/wp\/v2\/product\/4079","targetHints":{"allow":["GET"]}}],"collection":[{"href":"https:\/\/fvcomponentes.com\/pt\/wp-json\/wp\/v2\/product"}],"about":[{"href":"https:\/\/fvcomponentes.com\/pt\/wp-json\/wp\/v2\/types\/product"}],"replies":[{"embeddable":true,"href":"https:\/\/fvcomponentes.com\/pt\/wp-json\/wp\/v2\/comments?post=4079"}],"wp:featuredmedia":[{"embeddable":true,"href":"https:\/\/fvcomponentes.com\/pt\/wp-json\/wp\/v2\/media\/4080"}],"wp:attachment":[{"href":"https:\/\/fvcomponentes.com\/pt\/wp-json\/wp\/v2\/media?parent=4079"}],"wp:term":[{"taxonomy":"pwb-brand","embeddable":true,"href":"https:\/\/fvcomponentes.com\/pt\/wp-json\/wp\/v2\/pwb-brand?post=4079"},{"taxonomy":"product_brand","embeddable":true,"href":"https:\/\/fvcomponentes.com\/pt\/wp-json\/wp\/v2\/product_brand?post=4079"},{"taxonomy":"product_cat","embeddable":true,"href":"https:\/\/fvcomponentes.com\/pt\/wp-json\/wp\/v2\/product_cat?post=4079"},{"taxonomy":"product_tag","embeddable":true,"href":"https:\/\/fvcomponentes.com\/pt\/wp-json\/wp\/v2\/product_tag?post=4079"}],"curies":[{"name":"wp","href":"https:\/\/api.w.org\/{rel}","templated":true}]}}