{"id":39496,"date":"2026-04-28T10:59:49","date_gmt":"2026-04-28T08:59:49","guid":{"rendered":"https:\/\/fvcomponentes.com\/?post_type=product&#038;p=39496"},"modified":"2026-04-28T11:20:16","modified_gmt":"2026-04-28T09:20:16","slug":"caixa-combinadora-byd-plus-cbh-70a-37-121736-18862533-00","status":"publish","type":"product","link":"https:\/\/fvcomponentes.com\/pt\/producto\/byd-combiner-box-plus-cbh-70a-37-121736-18862533-00\/","title":{"rendered":"Caixa combinadora BYD CBH-70A - 18862533-00"},"content":{"rendered":"<p>Combiner BOX Plus | 1000V | Liga\u00e7\u00e3o em paralelo de 2 ou 3 torres | Cabo DC \u00fanico para o inversor | Consultar a lista de inversores BYD compat\u00edveis com alta tens\u00e3o.<\/p>\n<h3>Especifica\u00e7\u00f5es t\u00e9cnicas<\/h3>\n<table style=\"width: 100%; border-collapse: collapse; margin-top: 10px;\">\n<tbody>\n<tr>\n<th style=\"text-align: left; padding: 6px 12px; background: #f8f8f8; border: 1px solid #e0e0e0; width: 40%;\">Garantia (anos)<\/th>\n<td style=\"padding: 6px 12px; border: 1px solid #e0e0e0;\">2<\/td>\n<\/tr>\n<tr>\n<th style=\"text-align: left; padding: 6px 12px; background: #f8f8f8; border: 1px solid #e0e0e0; width: 40%;\">MPN<\/th>\n<td style=\"padding: 6px 12px; border: 1px solid #e0e0e0;\">18862533-00<\/td>\n<\/tr>\n<tr>\n<th style=\"text-align: left; padding: 6px 12px; background: #f8f8f8; border: 1px solid #e0e0e0; width: 40%;\">Peso<\/th>\n<td style=\"padding: 6px 12px; border: 1px solid #e0e0e0;\">8,0 kg<\/td>\n<\/tr>\n<tr>\n<th style=\"text-align: left; padding: 6px 12px; background: #f8f8f8; border: 1px solid #e0e0e0; width: 40%;\">Dimens\u00f5es (C\u00d7L\u00d7A cm)<\/th>\n<td style=\"padding: 6px 12px; border: 1px solid #e0e0e0;\">35.0 \u00d7 30.0 \u00d7 11.4<\/td>\n<\/tr>\n<\/tbody>\n<\/table>\n<h3>Documenta\u00e7\u00e3o<\/h3>\n<ul style=\"margin-top: 8px;\">\n<li><a href=\"https:\/\/fvcomponentes.com\/wp-content\/uploads\/2026\/04\/Data_Sheet_EN-23.pdf\" target=\"_blank\" rel=\"noopener\">\ud83d\udcc4 Folha de dados (EN)<\/a><\/li>\n<li><a href=\"https:\/\/fvcomponentes.com\/wp-content\/uploads\/2026\/04\/Installation_Manual_EN-26.pdf\" target=\"_blank\" rel=\"noopener\">\ud83d\udcc4 Manual de instala\u00e7\u00e3o (EN)<\/a><\/li>\n<\/ul>","protected":false},"excerpt":{"rendered":"<p>Combiner BOX Plus | 1000V | Liga\u00e7\u00e3o em paralelo de 2 ou 3 torres | Cabo DC \u00fanico para o inversor | Consultar a lista de inversores BYD compat\u00edveis com alta tens\u00e3o.<\/p>","protected":false},"featured_media":39495,"comment_status":"open","ping_status":"closed","template":"","meta":{"site-sidebar-layout":"default","site-content-layout":"","ast-site-content-layout":"default","site-content-style":"default","site-sidebar-style":"default","ast-global-header-display":"","ast-banner-title-visibility":"","ast-main-header-display":"","ast-hfb-above-header-display":"","ast-hfb-below-header-display":"","ast-hfb-mobile-header-display":"","site-post-title":"","ast-breadcrumbs-content":"","ast-featured-img":"","footer-sml-layout":"","ast-disable-related-posts":"","theme-transparent-header-meta":"default","adv-header-id-meta":"","stick-header-meta":"","header-above-stick-meta":"","header-main-stick-meta":"","header-below-stick-meta":"","astra-migrate-meta-layouts":"set","ast-page-background-enabled":"default","ast-page-background-meta":{"desktop":{"background-color":"var(--ast-global-color-4)","background-image":"","background-repeat":"repeat","background-position":"center center","background-size":"auto","background-attachment":"scroll","background-type":"","background-media":"","overlay-type":"","overlay-color":"","overlay-opacity":"","overlay-gradient":""},"tablet":{"background-color":"","background-image":"","background-repeat":"repeat","background-position":"center center","background-size":"auto","background-attachment":"scroll","background-type":"","background-media":"","overlay-type":"","overlay-color":"","overlay-opacity":"","overlay-gradient":""},"mobile":{"background-color":"","background-image":"","background-repeat":"repeat","background-position":"center center","background-size":"auto","background-attachment":"scroll","background-type":"","background-media":"","overlay-type":"","overlay-color":"","overlay-opacity":"","overlay-gradient":""}},"ast-content-background-meta":{"desktop":{"background-color":"var(--ast-global-color-5)","background-image":"","background-repeat":"repeat","background-position":"center center","background-size":"auto","background-attachment":"scroll","background-type":"","background-media":"","overlay-type":"","overlay-color":"","overlay-opacity":"","overlay-gradient":""},"tablet":{"background-color":"var(--ast-global-color-5)","background-image":"","background-repeat":"repeat","background-position":"center center","background-size":"auto","background-attachment":"scroll","background-type":"","background-media":"","overlay-type":"","overlay-color":"","overlay-opacity":"","overlay-gradient":""},"mobile":{"background-color":"var(--ast-global-color-5)","background-image":"","background-repeat":"repeat","background-position":"center center","background-size":"auto","background-attachment":"scroll","background-type":"","background-media":"","overlay-type":"","overlay-color":"","overlay-opacity":"","overlay-gradient":""}}},"pwb-brand":[897],"product_brand":[],"product_cat":[932,391,379,340,435],"product_tag":[],"class_list":{"0":"post-39496","1":"product","2":"type-product","3":"status-publish","4":"has-post-thumbnail","6":"pwb-brand-byd","7":"product_cat-combinadores-de-baterias","8":"product_cat-accesorios-para-baterias","9":"product_cat-baterias-de-litio-de-alto-voltaje","10":"product_cat-baterias","11":"product_cat-bms-sistemas-de-supervision-de-baterias","12":"desktop-align-left","13":"tablet-align-left","14":"mobile-align-left","15":"ast-product-gallery-layout-horizontal-slider","16":"ast-product-gallery-with-no-image","17":"ast-product-tabs-layout-horizontal","19":"first","20":"instock","21":"taxable","22":"shipping-taxable","23":"purchasable","24":"product-type-simple"},"wcpa_form_fields":null,"brands":[{"id":897,"name":"Baterias B&amp;D","slug":"byd"}],"_links":{"self":[{"href":"https:\/\/fvcomponentes.com\/pt\/wp-json\/wp\/v2\/product\/39496","targetHints":{"allow":["GET"]}}],"collection":[{"href":"https:\/\/fvcomponentes.com\/pt\/wp-json\/wp\/v2\/product"}],"about":[{"href":"https:\/\/fvcomponentes.com\/pt\/wp-json\/wp\/v2\/types\/product"}],"replies":[{"embeddable":true,"href":"https:\/\/fvcomponentes.com\/pt\/wp-json\/wp\/v2\/comments?post=39496"}],"wp:featuredmedia":[{"embeddable":true,"href":"https:\/\/fvcomponentes.com\/pt\/wp-json\/wp\/v2\/media\/39495"}],"wp:attachment":[{"href":"https:\/\/fvcomponentes.com\/pt\/wp-json\/wp\/v2\/media?parent=39496"}],"wp:term":[{"taxonomy":"pwb-brand","embeddable":true,"href":"https:\/\/fvcomponentes.com\/pt\/wp-json\/wp\/v2\/pwb-brand?post=39496"},{"taxonomy":"product_brand","embeddable":true,"href":"https:\/\/fvcomponentes.com\/pt\/wp-json\/wp\/v2\/product_brand?post=39496"},{"taxonomy":"product_cat","embeddable":true,"href":"https:\/\/fvcomponentes.com\/pt\/wp-json\/wp\/v2\/product_cat?post=39496"},{"taxonomy":"product_tag","embeddable":true,"href":"https:\/\/fvcomponentes.com\/pt\/wp-json\/wp\/v2\/product_tag?post=39496"}],"curies":[{"name":"wp","href":"https:\/\/api.w.org\/{rel}","templated":true}]}}