{"id":38448,"date":"2026-04-10T17:59:26","date_gmt":"2026-04-10T15:59:26","guid":{"rendered":"https:\/\/fvcomponentes.com\/?post_type=product&#038;p=38448"},"modified":"2026-04-10T18:25:21","modified_gmt":"2026-04-10T16:25:21","slug":"huawei-smart-pv-optimizer-merc-36-120880-02314nyd","status":"publish","type":"product","link":"https:\/\/fvcomponentes.com\/pt\/producto\/huawei-smart-pv-optimizer-merc-36-120880-02314nyd\/","title":{"rendered":"HUAWEI Optimizador 600W-PA0 - 02314NYD"},"content":{"rendered":"<p>Optimizador Huawei Smart PV MERC-600W-PA0 \/ Permite o mapeamento de m\u00f3dulos \/ Posicionamento preciso de falhas de arco \/ Sa\u00edda em modo Bypass \/ Tens\u00e3o m\u00e1xima de entrada: 80 V, corrente m\u00e1xima de entrada: 16 A<\/p>\n<h3>Especifica\u00e7\u00f5es t\u00e9cnicas<\/h3>\n<table style=\"width: 100%; border-collapse: collapse; margin-top: 10px;\">\n<tbody>\n<tr>\n<th style=\"text-align: left; padding: 6px 12px; background: #f8f8f8; border: 1px solid #e0e0e0; width: 40%;\">Garantia (anos)<\/th>\n<td style=\"padding: 6px 12px; border: 1px solid #e0e0e0;\">10<\/td>\n<\/tr>\n<tr>\n<th style=\"text-align: left; padding: 6px 12px; background: #f8f8f8; border: 1px solid #e0e0e0; width: 40%;\">MPN<\/th>\n<td style=\"padding: 6px 12px; border: 1px solid #e0e0e0;\">02314NYD<\/td>\n<\/tr>\n<tr>\n<th style=\"text-align: left; padding: 6px 12px; background: #f8f8f8; border: 1px solid #e0e0e0; width: 40%;\">Prote\u00e7\u00e3o IP<\/th>\n<td style=\"padding: 6px 12px; border: 1px solid #e0e0e0;\">IP68<\/td>\n<\/tr>\n<tr>\n<th style=\"text-align: left; padding: 6px 12px; background: #f8f8f8; border: 1px solid #e0e0e0; width: 40%;\">Peso<\/th>\n<td style=\"padding: 6px 12px; border: 1px solid #e0e0e0;\">0,65 kg<\/td>\n<\/tr>\n<tr>\n<th style=\"text-align: left; padding: 6px 12px; background: #f8f8f8; border: 1px solid #e0e0e0; width: 40%;\">Dimens\u00f5es (C\u00d7L\u00d7A cm)<\/th>\n<td style=\"padding: 6px 12px; border: 1px solid #e0e0e0;\">7.38 \u00d7 27.2 \u00d7 14.5<\/td>\n<\/tr>\n<\/tbody>\n<\/table>\n<h3>Documenta\u00e7\u00e3o<\/h3>\n<ul style=\"margin-top: 8px;\">\n<li><a href=\"https:\/\/fvcomponentes.com\/wp-content\/uploads\/2026\/04\/Data_Sheet_EN-14.pdf\" target=\"_blank\" rel=\"noopener\">\ud83d\udcc4 Folha de dados (EN)<\/a><\/li>\n<li><a href=\"https:\/\/fvcomponentes.com\/wp-content\/uploads\/2026\/04\/Warranty_Manual_EN.pdf\" target=\"_blank\" rel=\"noopener\">Manual de garantia (EN)<\/a><\/li>\n<li><a href=\"https:\/\/fvcomponentes.com\/wp-content\/uploads\/2026\/04\/Installation_Manual_EN-4.pdf\" target=\"_blank\" rel=\"noopener\">\ud83d\udcc4 Manual de instala\u00e7\u00e3o (EN)<\/a><\/li>\n<li><a href=\"https:\/\/fvcomponentes.com\/wp-content\/uploads\/2026\/04\/Quick_Installation_Manual_EN-3.pdf\" target=\"_blank\" rel=\"noopener\">Manual de instala\u00e7\u00e3o r\u00e1pida (EN)<\/a><\/li>\n<\/ul>","protected":false},"excerpt":{"rendered":"<p>Optimizador Huawei Smart PV MERC-600W-PA0 \/ Permite o mapeamento de m\u00f3dulos \/ Posicionamento preciso de falhas de arco \/ Sa\u00edda em modo Bypass \/ Tens\u00e3o m\u00e1xima de entrada: 80 V, corrente m\u00e1xima de entrada: 16 A<\/p>","protected":false},"featured_media":38447,"comment_status":"open","ping_status":"closed","template":"","meta":{"site-sidebar-layout":"default","site-content-layout":"","ast-site-content-layout":"default","site-content-style":"default","site-sidebar-style":"default","ast-global-header-display":"","ast-banner-title-visibility":"","ast-main-header-display":"","ast-hfb-above-header-display":"","ast-hfb-below-header-display":"","ast-hfb-mobile-header-display":"","site-post-title":"","ast-breadcrumbs-content":"","ast-featured-img":"","footer-sml-layout":"","ast-disable-related-posts":"","theme-transparent-header-meta":"default","adv-header-id-meta":"","stick-header-meta":"","header-above-stick-meta":"","header-main-stick-meta":"","header-below-stick-meta":"","astra-migrate-meta-layouts":"set","ast-page-background-enabled":"default","ast-page-background-meta":{"desktop":{"background-color":"var(--ast-global-color-4)","background-image":"","background-repeat":"repeat","background-position":"center center","background-size":"auto","background-attachment":"scroll","background-type":"","background-media":"","overlay-type":"","overlay-color":"","overlay-opacity":"","overlay-gradient":""},"tablet":{"background-color":"","background-image":"","background-repeat":"repeat","background-position":"center center","background-size":"auto","background-attachment":"scroll","background-type":"","background-media":"","overlay-type":"","overlay-color":"","overlay-opacity":"","overlay-gradient":""},"mobile":{"background-color":"","background-image":"","background-repeat":"repeat","background-position":"center center","background-size":"auto","background-attachment":"scroll","background-type":"","background-media":"","overlay-type":"","overlay-color":"","overlay-opacity":"","overlay-gradient":""}},"ast-content-background-meta":{"desktop":{"background-color":"var(--ast-global-color-5)","background-image":"","background-repeat":"repeat","background-position":"center center","background-size":"auto","background-attachment":"scroll","background-type":"","background-media":"","overlay-type":"","overlay-color":"","overlay-opacity":"","overlay-gradient":""},"tablet":{"background-color":"var(--ast-global-color-5)","background-image":"","background-repeat":"repeat","background-position":"center center","background-size":"auto","background-attachment":"scroll","background-type":"","background-media":"","overlay-type":"","overlay-color":"","overlay-opacity":"","overlay-gradient":""},"mobile":{"background-color":"var(--ast-global-color-5)","background-image":"","background-repeat":"repeat","background-position":"center center","background-size":"auto","background-attachment":"scroll","background-type":"","background-media":"","overlay-type":"","overlay-color":"","overlay-opacity":"","overlay-gradient":""}}},"pwb-brand":[381],"product_brand":[],"product_cat":[333,351],"product_tag":[],"class_list":{"0":"post-38448","1":"product","2":"type-product","3":"status-publish","4":"has-post-thumbnail","6":"pwb-brand-huawei","7":"product_cat-inversores","8":"product_cat-accesorios","9":"desktop-align-left","10":"tablet-align-left","11":"mobile-align-left","12":"ast-product-gallery-layout-horizontal-slider","13":"ast-product-gallery-with-no-image","14":"ast-product-tabs-layout-horizontal","16":"first","17":"instock","18":"taxable","19":"shipping-taxable","20":"purchasable","21":"product-type-simple"},"wcpa_form_fields":null,"brands":[{"id":381,"name":"Inversores Huawei","slug":"huawei"}],"_links":{"self":[{"href":"https:\/\/fvcomponentes.com\/pt\/wp-json\/wp\/v2\/product\/38448","targetHints":{"allow":["GET"]}}],"collection":[{"href":"https:\/\/fvcomponentes.com\/pt\/wp-json\/wp\/v2\/product"}],"about":[{"href":"https:\/\/fvcomponentes.com\/pt\/wp-json\/wp\/v2\/types\/product"}],"replies":[{"embeddable":true,"href":"https:\/\/fvcomponentes.com\/pt\/wp-json\/wp\/v2\/comments?post=38448"}],"wp:featuredmedia":[{"embeddable":true,"href":"https:\/\/fvcomponentes.com\/pt\/wp-json\/wp\/v2\/media\/38447"}],"wp:attachment":[{"href":"https:\/\/fvcomponentes.com\/pt\/wp-json\/wp\/v2\/media?parent=38448"}],"wp:term":[{"taxonomy":"pwb-brand","embeddable":true,"href":"https:\/\/fvcomponentes.com\/pt\/wp-json\/wp\/v2\/pwb-brand?post=38448"},{"taxonomy":"product_brand","embeddable":true,"href":"https:\/\/fvcomponentes.com\/pt\/wp-json\/wp\/v2\/product_brand?post=38448"},{"taxonomy":"product_cat","embeddable":true,"href":"https:\/\/fvcomponentes.com\/pt\/wp-json\/wp\/v2\/product_cat?post=38448"},{"taxonomy":"product_tag","embeddable":true,"href":"https:\/\/fvcomponentes.com\/pt\/wp-json\/wp\/v2\/product_tag?post=38448"}],"curies":[{"name":"wp","href":"https:\/\/api.w.org\/{rel}","templated":true}]}}