{"id":38170,"date":"2026-04-07T09:46:49","date_gmt":"2026-04-07T07:46:49","guid":{"rendered":"https:\/\/fvcomponentes.com\/?post_type=product&#038;p=38170"},"modified":"2026-04-07T13:52:58","modified_gmt":"2026-04-07T11:52:58","slug":"victron-orion-xs-12-12-70a-1000w-ori12121707070-victron-orion-xs-12-12-70a-booster-converter","status":"publish","type":"product","link":"https:\/\/fvcomponentes.com\/pt\/producto\/convertidor-booster-victron-orion-xs-12-12-70a-1000w-ori121217070\/","title":{"rendered":"Conversor Booster Victron Orion XS 12\/12-70A 1000W - ORI12121707070"},"content":{"rendered":"<h2>Booster para CConversor Victron Orion XS 12\/12-70A 1000W - ORI12121707070<\/h2>\n<div>O novo <strong>Carregador DC-DC Victron Orion XS 12\/12-70A<\/strong> (refer\u00eancia ORI121217070) representa a evolu\u00e7\u00e3o mais potente da gama Orion XS da Victron Energy. Com uma capacidade de <strong>70 amperes e 1000W de pot\u00eancia<\/strong>, Este conversor de refor\u00e7o DC-DC foi concebido para sistemas de baterias duplas em ve\u00edculos, autocaravanas, campistas e barcos que exigem a m\u00e1xima corrente de carga do alternador.<\/div>\n<div>Este carregador DC-DC adaptativo de 70A incorpora a revolucion\u00e1ria tecnologia de arrefecimento da <strong>placa de circuito impresso de alum\u00ednio (PCB de alum\u00ednio)<\/strong>, alcan\u00e7ando uma efici\u00eancia excecional de <strong>98,5%<\/strong> sem necessidade de ventoinhas. O seu design sem ventoinha garante um funcionamento completamente silencioso, ideal para instala\u00e7\u00e3o nos espa\u00e7os habitacionais de campistas e autocaravanas.<\/div>\n<div>O <strong>Victron Orion XS 70A<\/strong> \u00e9 uma parte integrante do ecossistema Victron, oferecendo monitoriza\u00e7\u00e3o e controlo completos atrav\u00e9s de <strong>Bluetooth integrado e liga\u00e7\u00e3o VE.Diret<\/strong>. Compat\u00edvel com a aplica\u00e7\u00e3o VictronConnect, permite o controlo total do sistema de carregamento:<\/div>\n<ul>\n<li><strong>Totalmente configur\u00e1vel<\/strong> via VictronConnect via Bluetooth ou VE.Diret<\/li>\n<li><strong>Dete\u00e7\u00e3o de paragem do motor<\/strong> (Dete\u00e7\u00e3o de paragem do motor) para prote\u00e7\u00e3o do sistema<\/li>\n<li><strong>Algoritmos de carregamento adapt\u00e1veis<\/strong> para baterias de l\u00edtio (LiFePO4), AGM, Gel e chumbo-\u00e1cido<\/li>\n<li><strong>1000W de pot\u00eancia<\/strong> com corrente de sa\u00edda de 70A<\/li>\n<li><strong>Gama de entrada 9-17V<\/strong> e gama de sa\u00edda 10-17V<\/li>\n<li><strong>Prote\u00e7\u00e3o IP20<\/strong> para instala\u00e7\u00f5es interiores<\/li>\n<li><strong>Liga\u00e7\u00e3o paralela ilimitada<\/strong> para escalar a corrente de sa\u00edda<\/li>\n<li><strong>Compatibilidade com alternadores inteligentes<\/strong><\/li>\n<\/ul>\n<h3 class=\"productDetails__block-title\"><span class=\"productDetails__block-title-content\">Pot\u00eancia m\u00e1xima DC-DC: 70A e 1000W para os sistemas mais exigentes<\/span><\/h3>\n<div class=\"productDetails__block-description\">\n<div>O <strong>Orion XS 12\/12-70A<\/strong> \u00e9 o modelo mais potente da fam\u00edlia Orion XS, ultrapassando o modelo de 50A com um aumento de 40% na corrente de sa\u00edda. Os seus <strong>1000 watts de pot\u00eancia<\/strong> fazem dele a solu\u00e7\u00e3o ideal para sistemas com bancos de baterias de l\u00edtio de grande capacidade, em que a taxa de carga do alternador \u00e9 um fator cr\u00edtico. As correntes de entrada e sa\u00edda s\u00e3o configur\u00e1veis em incrementos de 0,1A, permitindo um ajuste preciso \u00e0s necessidades de cada instala\u00e7\u00e3o.<\/div>\n<\/div>\n<h3 class=\"productDetails__block-title\"><span class=\"productDetails__block-title-content\">Tecnologia de arrefecimento sem ventoinha: efici\u00eancia 98,5%<\/span><\/h3>\n<div class=\"productDetails__block-description\">\n<div>Tecnologia inovadora de dissipa\u00e7\u00e3o de calor que utiliza <strong>PCB de alum\u00ednio<\/strong> permite que o Victron Orion XS 70A funcione a plena capacidade at\u00e9 40\u00b0C sem a necessidade de ventoinhas. Este design sem ventoinhas elimina o ru\u00eddo, reduz a manuten\u00e7\u00e3o e aumenta a vida \u00fatil do equipamento. Com um <strong>efici\u00eancia de 98,5%<\/strong>, Al\u00e9m disso, as perdas de calor s\u00e3o m\u00ednimas, optimizando ao m\u00e1ximo a energia transferida do alternador para a bateria auxiliar.<\/div>\n<\/div>\n<h3 class=\"productDetails__block-title\"><span class=\"productDetails__block-title-content\">Dete\u00e7\u00e3o inteligente do motor e prote\u00e7\u00e3o do alternador<\/span><\/h3>\n<div class=\"productDetails__block-description\">\n<div>O sistema <strong>Dete\u00e7\u00e3o de paragem do motor<\/strong> integrado no Orion XS 70A detecta automaticamente quando o motor est\u00e1 a funcionar, activando a carga apenas quando a alimenta\u00e7\u00e3o do alternador est\u00e1 dispon\u00edvel. Esta fun\u00e7\u00e3o protege a bateria de arranque contra descargas excessivas e \u00e9 especialmente importante em ve\u00edculos com <strong>alternadores inteligentes<\/strong>, O carregador CC-CC adapta o seu comportamento de modo a n\u00e3o sobrecarregar o alternador. O carregador DC-DC adapta o seu comportamento para n\u00e3o sobrecarregar o alternador, prolongando a sua vida \u00fatil.<\/div>\n<\/div>\n<h3 class=\"productDetails__block-title\"><span class=\"productDetails__block-title-content\">Liga\u00e7\u00e3o em paralelo para sistemas de elevada procura<\/span><\/h3>\n<div class=\"productDetails__block-description\">\n<div>\u00c9 poss\u00edvel ligar um <strong>n\u00famero ilimitado de unidades Orion XS 70A em paralelo<\/strong>, multiplicando a corrente de carga dispon\u00edvel. Duas unidades em paralelo fornecem 140A (2000W), tr\u00eas unidades 210A (3000W), e assim por diante. Esta escalabilidade torna o Orion XS 70A a solu\u00e7\u00e3o perfeita para <strong>caravanas, grandes autocaravanas, cami\u00f5es e barcos<\/strong> com grandes bancos de baterias de l\u00edtio.<\/div>\n<\/div>\n<h3 class=\"productDetails__block-title\"><span class=\"productDetails__block-title-content\">Conectividade Bluetooth e VE.Diret: controlo total a partir do seu smartphone<\/span><\/h3>\n<div class=\"productDetails__block-description\">\n<div>O <strong>Bluetooth integrado<\/strong> permite a configura\u00e7\u00e3o, monitoriza\u00e7\u00e3o e actualiza\u00e7\u00f5es de firmware diretamente a partir da aplica\u00e7\u00e3o <strong>VictronConnect<\/strong> no seu smartphone ou tablet. A liga\u00e7\u00e3o <strong>VE.Direct<\/strong> permite a integra\u00e7\u00e3o com dispositivos Victron GX (Cerbo GX, GX Touch) para monitoriza\u00e7\u00e3o remota atrav\u00e9s do portal <strong>VRM (Gest\u00e3o Remota Victron)<\/strong>. Todas as informa\u00e7\u00f5es sobre o carregamento, o estado da bateria e o diagn\u00f3stico do sistema dispon\u00edveis em tempo real.<\/div>\n<\/div>\n<h3 class=\"productDetails__block-title\"><span class=\"productDetails__block-title-content\">Especifica\u00e7\u00f5es t\u00e9cnicas do Victron Orion XS 12\/12-70A<\/span><\/h3>\n<div class=\"productDetails__block-description\">\n<table style=\"border-collapse: collapse; width: 100%;\">\n<tbody>\n<tr>\n<td style=\"padding: 8px; border: 1px solid #ddd;\"><strong>Modelo<\/strong><\/td>\n<td style=\"padding: 8px; border: 1px solid #ddd;\">Orion XS 12|12-70A<\/td>\n<\/tr>\n<tr>\n<td style=\"padding: 8px; border: 1px solid #ddd;\"><strong>Refer\u00eancia<\/strong><\/td>\n<td style=\"padding: 8px; border: 1px solid #ddd;\">ORI121217070<\/td>\n<\/tr>\n<tr>\n<td style=\"padding: 8px; border: 1px solid #ddd;\"><strong>Pot\u00eancia m\u00e1xima<\/strong><\/td>\n<td style=\"padding: 8px; border: 1px solid #ddd;\">1000W<\/td>\n<\/tr>\n<tr>\n<td style=\"padding: 8px; border: 1px solid #ddd;\"><strong>Corrente m\u00e1xima de sa\u00edda<\/strong><\/td>\n<td style=\"padding: 8px; border: 1px solid #ddd;\">70A<\/td>\n<\/tr>\n<tr>\n<td style=\"padding: 8px; border: 1px solid #ddd;\"><strong>Gama de tens\u00e3o de entrada<\/strong><\/td>\n<td style=\"padding: 8px; border: 1px solid #ddd;\">9 - 17V<\/td>\n<\/tr>\n<tr>\n<td style=\"padding: 8px; border: 1px solid #ddd;\"><strong>Gama de tens\u00e3o de sa\u00edda<\/strong><\/td>\n<td style=\"padding: 8px; border: 1px solid #ddd;\">10 - 17V<\/td>\n<\/tr>\n<tr>\n<td style=\"padding: 8px; border: 1px solid #ddd;\"><strong>Efici\u00eancia<\/strong><\/td>\n<td style=\"padding: 8px; border: 1px solid #ddd;\">98,5%<\/td>\n<\/tr>\n<tr>\n<td style=\"padding: 8px; border: 1px solid #ddd;\"><strong>Prote\u00e7\u00e3o IP<\/strong><\/td>\n<td style=\"padding: 8px; border: 1px solid #ddd;\">IP20<\/td>\n<\/tr>\n<tr>\n<td style=\"padding: 8px; border: 1px solid #ddd;\"><strong>Conectividade<\/strong><\/td>\n<td style=\"padding: 8px; border: 1px solid #ddd;\">Bluetooth + VE.Diret<\/td>\n<\/tr>\n<tr>\n<td style=\"padding: 8px; border: 1px solid #ddd;\"><strong>Temperatura de funcionamento<\/strong><\/td>\n<td style=\"padding: 8px; border: 1px solid #ddd;\">-20\u00b0C a +50\u00b0C (pot\u00eancia m\u00e1xima at\u00e9 40\u00b0C)<\/td>\n<\/tr>\n<tr>\n<td style=\"padding: 8px; border: 1px solid #ddd;\"><strong>Peso<\/strong><\/td>\n<td style=\"padding: 8px; border: 1px solid #ddd;\">0,6 kg<\/td>\n<\/tr>\n<tr>\n<td style=\"padding: 8px; border: 1px solid #ddd;\"><strong>Dimens\u00f5es (A x L x P)<\/strong><\/td>\n<td style=\"padding: 8px; border: 1px solid #ddd;\">50 x 160 x 140 mm<\/td>\n<\/tr>\n<tr>\n<td style=\"padding: 8px; border: 1px solid #ddd;\"><strong>Refrigera\u00e7\u00e3o<\/strong><\/td>\n<td style=\"padding: 8px; border: 1px solid #ddd;\">Sem ventoinha (PCB de alum\u00ednio)<\/td>\n<\/tr>\n<\/tbody>\n<\/table>\n<\/div>\n<h3 class=\"productDetails__block-title\"><span class=\"productDetails__block-title-content\">Aplica\u00e7\u00f5es do carregador Orion XS 70A DC-DC<\/span><\/h3>\n<div class=\"productDetails__block-description\">\n<div>O <strong>Conversor de refor\u00e7o Victron Orion XS 12\/12-70A<\/strong> \u00e9 a solu\u00e7\u00e3o profissional de carregamento DC-DC para:<\/div>\n<ul>\n<li><strong>Autocaravanas e autocaravanas<\/strong>Carregamento r\u00e1pido de baterias auxiliares de l\u00edtio a partir do alternador do ve\u00edculo<\/li>\n<li><strong>Carrinhas de campismo<\/strong>Capacidade de carga m\u00e1xima no menor espa\u00e7o poss\u00edvel.<\/li>\n<li><strong>Navios<\/strong>Carga dos bancos de baterias de servi\u00e7o a partir do motor principal<\/li>\n<li><strong>Ve\u00edculos de emerg\u00eancia e ambul\u00e2ncias<\/strong>Sistemas de alimenta\u00e7\u00e3o el\u00e9ctrica auxiliar de alta exig\u00eancia<\/li>\n<li><strong>Cami\u00f5es e ve\u00edculos comerciais<\/strong>Alimenta\u00e7\u00e3o el\u00e9ctrica de equipamentos auxiliares e sistemas de conforto<\/li>\n<li><strong>Sistemas solares m\u00f3veis<\/strong>: complemento do carregamento solar com alimenta\u00e7\u00e3o do alternador<\/li>\n<\/ul>\n<\/div>\n<div><em>Nota: O Victron Orion XS 12\/12-70A \u00e9 um produto a ser lan\u00e7ado. As especifica\u00e7\u00f5es podem variar da vers\u00e3o final do fabricante. Data de disponibilidade estimada: Q2 2026.<\/em><\/div>","protected":false},"excerpt":{"rendered":"<p><strong>Carregador DC-DC Victron Orion XS 12\/12-70A 1000W (ORI121217070)<\/strong><\/p>\n<p>O amplificador DC-DC mais potente da gama Orion XS.<\/p>\n<p>70 amperes de corrente de sa\u00edda e 1000W de pot\u00eancia com uma efici\u00eancia de 98,5%.<\/p>\n<p>Tecnologia sem ventoinha com PCB em alum\u00ednio, Bluetooth integrado, VE.Diret, dete\u00e7\u00e3o de paragem do motor e liga\u00e7\u00e3o paralela ilimitada.<\/p>\n<p>Ideal para autocaravanas, autocaravanas, barcos e ve\u00edculos com grandes bancos de baterias de l\u00edtio.<\/p>\n<p><em>Produto a ser lan\u00e7ado - Disponibilidade estimada para o segundo trimestre de 2026.<\/em><\/p>","protected":false},"featured_media":38173,"comment_status":"open","ping_status":"closed","template":"","meta":{"site-sidebar-layout":"default","site-content-layout":"","ast-site-content-layout":"default","site-content-style":"default","site-sidebar-style":"default","ast-global-header-display":"","ast-banner-title-visibility":"","ast-main-header-display":"","ast-hfb-above-header-display":"","ast-hfb-below-header-display":"","ast-hfb-mobile-header-display":"","site-post-title":"","ast-breadcrumbs-content":"","ast-featured-img":"","footer-sml-layout":"","ast-disable-related-posts":"","theme-transparent-header-meta":"default","adv-header-id-meta":"","stick-header-meta":"","header-above-stick-meta":"","header-main-stick-meta":"","header-below-stick-meta":"","astra-migrate-meta-layouts":"set","ast-page-background-enabled":"default","ast-page-background-meta":{"desktop":{"background-color":"var(--ast-global-color-4)","background-image":"","background-repeat":"repeat","background-position":"center center","background-size":"auto","background-attachment":"scroll","background-type":"","background-media":"","overlay-type":"","overlay-color":"","overlay-opacity":"","overlay-gradient":""},"tablet":{"background-color":"","background-image":"","background-repeat":"repeat","background-position":"center center","background-size":"auto","background-attachment":"scroll","background-type":"","background-media":"","overlay-type":"","overlay-color":"","overlay-opacity":"","overlay-gradient":""},"mobile":{"background-color":"","background-image":"","background-repeat":"repeat","background-position":"center center","background-size":"auto","background-attachment":"scroll","background-type":"","background-media":"","overlay-type":"","overlay-color":"","overlay-opacity":"","overlay-gradient":""}},"ast-content-background-meta":{"desktop":{"background-color":"var(--ast-global-color-5)","background-image":"","background-repeat":"repeat","background-position":"center center","background-size":"auto","background-attachment":"scroll","background-type":"","background-media":"","overlay-type":"","overlay-color":"","overlay-opacity":"","overlay-gradient":""},"tablet":{"background-color":"var(--ast-global-color-5)","background-image":"","background-repeat":"repeat","background-position":"center center","background-size":"auto","background-attachment":"scroll","background-type":"","background-media":"","overlay-type":"","overlay-color":"","overlay-opacity":"","overlay-gradient":""},"mobile":{"background-color":"var(--ast-global-color-5)","background-image":"","background-repeat":"repeat","background-position":"center center","background-size":"auto","background-attachment":"scroll","background-type":"","background-media":"","overlay-type":"","overlay-color":"","overlay-opacity":"","overlay-gradient":""}}},"pwb-brand":[332],"product_brand":[],"product_cat":[898,419,865],"product_tag":[],"class_list":{"0":"post-38170","1":"product","2":"type-product","3":"status-publish","4":"has-post-thumbnail","6":"pwb-brand-victron","7":"product_cat-12v-12v","8":"product_cat-cargadores-de-baterias","9":"product_cat-convertidores","10":"desktop-align-left","11":"tablet-align-left","12":"mobile-align-left","13":"ast-product-gallery-layout-horizontal-slider","14":"ast-product-gallery-with-no-image","15":"ast-product-tabs-layout-horizontal","17":"first","18":"onbackorder","19":"featured","20":"taxable","21":"shipping-taxable","22":"product-type-simple"},"wcpa_form_fields":null,"brands":[{"id":332,"name":"Victron Energia","slug":"victron"}],"_links":{"self":[{"href":"https:\/\/fvcomponentes.com\/pt\/wp-json\/wp\/v2\/product\/38170","targetHints":{"allow":["GET"]}}],"collection":[{"href":"https:\/\/fvcomponentes.com\/pt\/wp-json\/wp\/v2\/product"}],"about":[{"href":"https:\/\/fvcomponentes.com\/pt\/wp-json\/wp\/v2\/types\/product"}],"replies":[{"embeddable":true,"href":"https:\/\/fvcomponentes.com\/pt\/wp-json\/wp\/v2\/comments?post=38170"}],"wp:featuredmedia":[{"embeddable":true,"href":"https:\/\/fvcomponentes.com\/pt\/wp-json\/wp\/v2\/media\/38173"}],"wp:attachment":[{"href":"https:\/\/fvcomponentes.com\/pt\/wp-json\/wp\/v2\/media?parent=38170"}],"wp:term":[{"taxonomy":"pwb-brand","embeddable":true,"href":"https:\/\/fvcomponentes.com\/pt\/wp-json\/wp\/v2\/pwb-brand?post=38170"},{"taxonomy":"product_brand","embeddable":true,"href":"https:\/\/fvcomponentes.com\/pt\/wp-json\/wp\/v2\/product_brand?post=38170"},{"taxonomy":"product_cat","embeddable":true,"href":"https:\/\/fvcomponentes.com\/pt\/wp-json\/wp\/v2\/product_cat?post=38170"},{"taxonomy":"product_tag","embeddable":true,"href":"https:\/\/fvcomponentes.com\/pt\/wp-json\/wp\/v2\/product_tag?post=38170"}],"curies":[{"name":"wp","href":"https:\/\/api.w.org\/{rel}","templated":true}]}}