{"id":38168,"date":"2026-04-07T09:07:15","date_gmt":"2026-04-07T07:07:15","guid":{"rendered":"https:\/\/fvcomponentes.com\/?post_type=product&#038;p=38168"},"modified":"2026-04-07T10:51:20","modified_gmt":"2026-04-07T08:51:20","slug":"kit-de-reserva-de-energia-victron-multiplus-ii-48-5000-pytes-v5-cerbo-gx-rack-rack-frame","status":"publish","type":"product","link":"https:\/\/fvcomponentes.com\/pt\/producto\/kit-respaldo-energetico-victron-multiplus-ii-48-5000-pytes-v5-cerbo-gx-rack-bastidor\/","title":{"rendered":"Kit de energia de reserva Victron MultiPlus II 48\/5000 + Pytes V5 + Cerbo GX + Estrutura de rack"},"content":{"rendered":"<h2>Kit de energia de reserva Victron MultiPlus II 48\/5000 + Pytes V5 + Cerbo GX + Estrutura de rack<\/h2>\n<p>Na FVComponentes concebemos este kit de backup de energia com equipamento Victron Energy e baterias Pytes, montado num arm\u00e1rio de rack aberto. \u00c9 uma solu\u00e7\u00e3o tudo-em-um concebida para proteger a sua casa ou empresa contra apag\u00f5es e cortes de energia. Com o inversor na parte superior e as baterias na parte inferior do bastidor, tem um sistema compacto, transport\u00e1vel e pronto a ligar.<\/p>\n<p>Tudo o que precisa de fazer \u00e9 ligar a entrada \u00e0 rede ou ao gerador e a sa\u00edda ao seu consumo. Numa quest\u00e3o de minutos, tem uma reserva de energia profissional e fi\u00e1vel sem necessidade de obras ou instala\u00e7\u00f5es complexas.<\/p>\n<p>Este kit \u00e9 ideal como ESS (Energy Storage System) ou sistema de backup para instala\u00e7\u00f5es ligadas \u00e0 rede que j\u00e1 possuem pain\u00e9is solares. Permite-lhe armazenar energia, aumentar a independ\u00eancia energ\u00e9tica e garantir o fornecimento em caso de cortes de energia. \u00c9 tamb\u00e9m perfeito para instala\u00e7\u00f5es fora da rede em casas rurais, casas de campo, abrigos ou quintas.<\/p>\n<p>A combina\u00e7\u00e3o Victron + Pytes \u00e9 sin\u00f3nimo de fiabilidade, integra\u00e7\u00e3o total e qualidade de topo. Configur\u00e1mos este kit com os componentes essenciais montados numa estrutura de rack aberta para que tenha um sistema profissional, transport\u00e1vel e expans\u00edvel para o futuro.<\/p>\n<h3><strong>O que est\u00e1 inclu\u00eddo no kit de reserva de energia com bastidor?<\/strong><\/h3>\n<p>O kit inclui um inversor-carregador de 48V 5000VA, o sistema de monitoriza\u00e7\u00e3o Cerbo GX, uma bateria Pytes V5 5kWh, o arm\u00e1rio de rack de estrutura aberta e a cablagem necess\u00e1ria para ligar tudo. Tudo pr\u00e9-montado num bastidor que pode ser facilmente transportado com um porta-paletes.<\/p>\n<p>O <a href=\"https:\/\/fvcomponentes.com\/pt\/produto\/inversor-cargador-48v-victron-multiplus-ii-48-5000-70a-50a-pmp482505012\/\" target=\"_blank\" rel=\"noopener\">Victron MultiPlus II 48\/5000 - PMP482505010<\/a>, \u00e9 um inversor-carregador que combina um inversor de onda sinusoidal pura com um carregador de bateria de 70 A. Gra\u00e7as \u00e0 tecnologia PowerAssist, o MultiPlus II pode complementar a energia de uma fonte externa, como um gerador, com energia da bateria.<\/p>\n<p>Isto garante um fornecimento est\u00e1vel mesmo em caso de picos de procura. Funciona a 48 V e tem 5000 VA (at\u00e9 4000 W de pot\u00eancia cont\u00ednua, dependendo das condi\u00e7\u00f5es). Quando ocorre uma falha de energia, o MultiPlus comuta em menos de 20 milissegundos, mantendo os seus dispositivos a funcionar sem interrup\u00e7\u00f5es.<\/p>\n<p>Este kit incorpora de 2 a 6 unidades do <a href=\"https:\/\/fvcomponentes.com\/pt\/produto\/bateria-de-litio-512v-lifepo4-pytes-v5-5-12kwh-110402100135\/\" target=\"_blank\" rel=\"noopener\">Bateria de l\u00edtio 51.2V LiFePO4 Pytes V5 5.12kWh - 110402100135<\/a>, especialmente concebido para sistemas de 48 V, garantindo uma elevada durabilidade, efici\u00eancia e seguran\u00e7a em qualquer ambiente. Oferece um equil\u00edbrio s\u00f3lido entre seguran\u00e7a, durabilidade, desempenho e facilidade de instala\u00e7\u00e3o. Por favor, selecione as unidades de 5,12 kWh que pretende que o seu sistema tenha antes de encomendar.<\/p>\n<p>O kit inclui <a href=\"https:\/\/fvcomponentes.com\/pt\/produto\/armario-rack-pylontech\/\" target=\"_blank\" rel=\"noopener\">Arm\u00e1rio para estantes Pylontech Rack<\/a>, Uma estrutura de a\u00e7o aberta concebida para alojar o inversor na parte superior e as baterias na parte inferior. Facilmente desloc\u00e1vel gra\u00e7as \u00e0 sua conce\u00e7\u00e3o para ser transportada por um porta-paletes, com medidas adequadas para entrar por uma porta residencial e p\u00e9s de borracha anti-vibra\u00e7\u00e3o regul\u00e1veis em altura. \u00c9 a solu\u00e7\u00e3o perfeita para ter todo o sistema integrado num \u00fanico chassis, pronto a ser transportado e ligado onde quer que seja necess\u00e1rio.<\/p>\n<p>Para manter tudo sob controlo, o kit inclui <a href=\"https:\/\/fvcomponentes.com\/pt\/produto\/unidade-de-controlo-victron-cerbo-gx-bpp900451100\/\" target=\"_blank\" rel=\"noopener\">Victron Cerbo GX - BPP900451100<\/a>, que funciona como centro de controlo do sistema. Re\u00fane todas as informa\u00e7\u00f5es do equipamento ligado. Adicionalmente, permite-lhe visualizar e gerir a instala\u00e7\u00e3o em tempo real, tanto local como remotamente, com o portal Victron VRM. Tem liga\u00e7\u00f5es VE.Bus, VE.Diret e VE.Can. Isto facilita a integra\u00e7\u00e3o de equipamento Victron compat\u00edvel e a monitoriza\u00e7\u00e3o do desempenho a partir de qualquer dispositivo.<\/p>\n<p>Para comunicarmos uns com os outros, inclu\u00edmos um <a href=\"https:\/\/fvcomponentes.com\/pt\/produto\/cabo-victron-de-ve-can-para-can-bus-para-bms-tipo-a-5m-ass030710150\/\" target=\"_blank\" rel=\"noopener\">Cabo Victron VE.Can para CAN-bus para BMS Tipo A 5m - ASS030710150<\/a> para ligar as baterias de l\u00edtio Pytes V5 ao Cerbo.<\/p>\n<p>Al\u00e9m disso, acrescent\u00e1mos um <a href=\"https:\/\/fvcomponentes.com\/pt\/produto\/cabo-victron-utp-rj45-18m-ass030064950-cabo-victron-utp-ass030064950\/\" target=\"_blank\" rel=\"noopener\">Cabo Victron UTP RJ45 1,8m Cabo Victron UTP - ASS030064950<\/a> para comunicar o inversor com a unidade de controlo Cerbo.<\/p>\n<p>Por fim, inclu\u00edmos um kit de cablagem da bateria com 2 m de comprimento, com cabo vermelho e preto de 35 mm\u00b2, com terminais de parafuso M6 nas extremidades da bateria e terminais de parafuso M8 nas extremidades do inversor. O cabo positivo \u00e9 fornecido em dois comprimentos (30 cm e 160 cm) para facilitar a instala\u00e7\u00e3o do porta-fus\u00edvel MEGA com o seu fus\u00edvel correspondente. Este fus\u00edvel protege a linha CC para uma instala\u00e7\u00e3o mais segura e fi\u00e1vel.<\/p>\n<h3><strong>Equipamento inclu\u00eddo no kit<\/strong><\/h3>\n<table class=\"w-fit min-w-(--thread-content-width)\">\n<thead>\n<tr>\n<th data-col-size=\"md\">Componente<\/th>\n<th data-col-size=\"sm\">C\u00f3digo<\/th>\n<th data-col-size=\"xl\">Descri\u00e7\u00e3o<\/th>\n<\/tr>\n<\/thead>\n<tbody>\n<tr>\n<td data-col-size=\"md\"><strong>Carregador de inversor 48V Victron MultiPlus II 48\/5000 70A-50A<\/strong><\/td>\n<td data-col-size=\"sm\"><a href=\"https:\/\/fvcomponentes.com\/pt\/produto\/inversor-cargador-48v-victron-multiplus-ii-48-5000-70a-50a-pmp482505012\/\" target=\"_blank\" rel=\"noopener\">PMP482505010<\/a><\/td>\n<td data-col-size=\"xl\">Inversor-carregador de onda pura com fun\u00e7\u00e3o PowerAssist e transfer\u00eancia autom\u00e1tica. Sa\u00edda cont\u00ednua de 4000 W \/ 5000 VA. Entrada 230 V AC e sa\u00edda 230 V AC. Corrente de carga 70 A.<\/td>\n<\/tr>\n<tr>\n<td data-col-size=\"md\"><strong>Arm\u00e1rio para estantes Pylontech Rack<\/strong><\/td>\n<td data-col-size=\"sm\"><a href=\"https:\/\/fvcomponentes.com\/pt\/produto\/armario-rack-pylontech\/\" target=\"_blank\" rel=\"noopener\">Estante Estante<\/a><\/td>\n<td data-col-size=\"xl\">Estrutura de a\u00e7o aberta para montagem do inversor e da bateria. Transport\u00e1vel por porta-paletes. Tamanhos adequados para portas standard. P\u00e9s anti-vibra\u00e7\u00e3o regul\u00e1veis.<\/td>\n<\/tr>\n<tr>\n<td data-col-size=\"md\"><strong>Unidade de controlo Victron Cerbo GX<\/strong><\/td>\n<td data-col-size=\"sm\"><a href=\"https:\/\/fvcomponentes.com\/pt\/produto\/unidade-de-controlo-victron-cerbo-gx-bpp900451100\/\" target=\"_blank\" rel=\"noopener\">PP900451100<\/a><\/td>\n<td data-col-size=\"xl\">Dispositivo de gest\u00e3o e comunica\u00e7\u00e3o que centraliza os dados do inversor, carregador, bateria e pain\u00e9is. Permite a monitoriza\u00e7\u00e3o local ou remota atrav\u00e9s do portal Victron VRM.<\/td>\n<\/tr>\n<tr>\n<td data-col-size=\"md\"><strong>Cabo VE.Can para CAN-bus para BMS tipo A (5 m)<\/strong><\/td>\n<td data-col-size=\"sm\"><a href=\"https:\/\/fvcomponentes.com\/pt\/produto\/cabo-victron-de-ve-can-para-can-bus-para-bms-tipo-a-5m-ass030710150\/\" target=\"_blank\" rel=\"noopener\">ASS030710150<\/a><\/td>\n<td data-col-size=\"xl\">Cabo de comunica\u00e7\u00e3o para liga\u00e7\u00e3o entre o Cerbo GX e o BMS da bateria.<\/td>\n<\/tr>\n<tr>\n<td data-col-size=\"md\"><strong>Cabo UTP RJ45 (1,8 m)<\/strong><\/td>\n<td data-col-size=\"sm\"><a href=\"https:\/\/fvcomponentes.com\/pt\/produto\/cabo-victron-utp-rj45-18m-ass030064950-cabo-victron-utp-ass030064950\/\" target=\"_blank\" rel=\"noopener\">ASS030064950<\/a><\/td>\n<td data-col-size=\"xl\">Cabo de rede para a interliga\u00e7\u00e3o de aparelhos VE.Bus (MultiPlus, Quattro, etc.).<\/td>\n<\/tr>\n<\/tbody>\n<\/table>\n<h2>Bateria de l\u00edtio Pytes V5: segura, robusta e constru\u00edda para durar<\/h2>\n<p>O kit inclui uma bateria de l\u00edtio Pytes V5 de 5,12 kWh, uma escolha perfeita para instala\u00e7\u00f5es de 48V. Utiliza a tecnologia LiFePO\u2084 (fosfato de ferro-l\u00edtio), que falha muito menos e dura mais tempo do que as baterias de chumbo-\u00e1cido quando utilizadas diariamente.<\/p>\n<p>As baterias Pytes V5 s\u00e3o constru\u00eddas com c\u00e9lulas prism\u00e1ticas, o que as torna muito mais robustas do que outras baterias no mercado que utilizam c\u00e9lulas de bolsa. Al\u00e9m disso, cada bateria incorpora uma placa de aquecimento que se ativa quando a temperatura ambiente desce abaixo dos 10\u00b0C, ajudando a manter um bom desempenho de carga e descarga em condi\u00e7\u00f5es frias.<\/p>\n<p>Em termos de desempenho, as baterias Pytes V5 t\u00eam uma capacidade nominal de 5,12 kWh e podem ser ligadas em paralelo para expandir facilmente a capacidade total do sistema. O seu BMS integrado protege contra sobrecarga, descarga profunda, sobreaquecimento e curto-circuitos, garantindo um funcionamento est\u00e1vel e fi\u00e1vel.<\/p>\n<p>Os Pytes comunicam diretamente com o sistema Victron com o cabo VE.Can para CAN-bus para BMS tipo A (5 m) inclu\u00eddo no kit, permitindo ao Cerbo GX visualizar os dados da bateria. Gra\u00e7as a esta integra\u00e7\u00e3o, \u00e9 poss\u00edvel monitorizar par\u00e2metros como o estado de carga, a tens\u00e3o, a temperatura e os ciclos do VRM em qualquer altura.<\/p>\n<p>Com uma vida \u00fatil de mais de 6.000 ciclos e uma efici\u00eancia de carregamento de at\u00e9 98 %, o Pytes V5 \u00e9 uma solu\u00e7\u00e3o de armazenamento fi\u00e1vel, segura e duradoura para sistemas solares, especialmente em sistemas de energia de reserva.<\/p>\n<h2>Arm\u00e1rio Rack Rack: o seu sistema de reserva num \u00fanico chassis<\/h2>\n<p>A caixa de rack inclu\u00edda neste kit \u00e9 uma estrutura de a\u00e7o aberta concebida para integrar todo o sistema de back-up numa \u00fanica unidade transport\u00e1vel. Ao contr\u00e1rio das caixas fechadas convencionais, a estrutura aberta permite uma ventila\u00e7\u00e3o natural \u00f3ptima e um acesso r\u00e1pido a todos os componentes para manuten\u00e7\u00e3o ou expans\u00e3o.<\/p>\n<p>A estrutura foi concebida para montar o inversor Victron na parte superior e as baterias Pytes na parte inferior, criando um sistema compacto e arrumado. As suas dimens\u00f5es s\u00e3o calculadas para caber numa porta residencial padr\u00e3o e os seus p\u00e9s de borracha anti-vibra\u00e7\u00e3o e anti-derrapante s\u00e3o ajust\u00e1veis em altura para se adaptarem a qualquer superf\u00edcie.<\/p>\n<p>Gra\u00e7as ao seu design aberto e transport\u00e1vel, pode deslocar facilmente o sistema completo com um porta-paletes para o local de instala\u00e7\u00e3o. S\u00f3 precisa de ligar a entrada \u00e0 rede el\u00e9ctrica ou ao gerador e a sa\u00edda ao consumo para ter a sua reserva de energia operacional.<\/p>\n<p>O bastidor suporta a instala\u00e7\u00e3o de baterias adicionais no futuro, permitindo-lhe dimensionar a capacidade de armazenamento de acordo com as suas necessidades sem alterar a estrutura.<\/p>\n<h3>Acess\u00f3rios recomendados (n\u00e3o inclu\u00eddos)<\/h3>\n<ul>\n<li>Controlador Victron SmartSolar MPPT 150\/70 ou superior<\/li>\n<li>Ecr\u00e3 t\u00e1til GX Touch 50 ou 70<\/li>\n<\/ul>\n<h2>Aplica\u00e7\u00f5es recomendadas para o kit de reserva de energia do Rack Rack<\/h2>\n<p>Concebemos este kit especialmente para aqueles que necessitam de um <strong>sistema de reserva de energia pronto a utilizar<\/strong>. \u00c9 ideal para:<\/p>\n<ul>\n<li><strong>Prote\u00e7\u00e3o contra o blackout:<\/strong> fam\u00edlias e empresas que pretendam manter a eletricidade durante as falhas de energia.<\/li>\n<li><strong>Backup para instala\u00e7\u00f5es solares:<\/strong> autoconsumo que j\u00e1 possuem pain\u00e9is e necessitam de armazenamento de reserva.<\/li>\n<li><strong>Habita\u00e7\u00f5es isoladas:<\/strong> casas rurais, abrigos, instala\u00e7\u00f5es agr\u00edcolas ou zonas remotas fora da rede.<\/li>\n<li><strong>Instala\u00e7\u00f5es tempor\u00e1rias:<\/strong> eventos, estaleiros de constru\u00e7\u00e3o ou projectos que exijam energia fi\u00e1vel e transport\u00e1vel.<\/li>\n<li><strong>Salas t\u00e9cnicas e centros de processamento de dados:<\/strong> backup para equipamentos cr\u00edticos que n\u00e3o podem ser interrompidos.<\/li>\n<\/ul>\n<p>O kit \u00e9 uma solu\u00e7\u00e3o compacta montada em bastidor, perfeitamente dimensionada e totalmente compat\u00edvel com o ecossistema Victron, concebida tanto para instaladores profissionais como para utilizadores que pretendam construir o seu pr\u00f3prio sistema de backup.<\/p>","protected":false},"excerpt":{"rendered":"<p>Kit de reserva de energia com inversor Victron MultiPlus II 5000VA montado num bastidor de estrutura aberta, constitu\u00eddo pelos seguintes componentes:<\/p>","protected":false},"featured_media":17595,"comment_status":"closed","ping_status":"closed","template":"","meta":{"site-sidebar-layout":"default","site-content-layout":"","ast-site-content-layout":"default","site-content-style":"default","site-sidebar-style":"default","ast-global-header-display":"","ast-banner-title-visibility":"","ast-main-header-display":"","ast-hfb-above-header-display":"","ast-hfb-below-header-display":"","ast-hfb-mobile-header-display":"","site-post-title":"","ast-breadcrumbs-content":"","ast-featured-img":"","footer-sml-layout":"","ast-disable-related-posts":"","theme-transparent-header-meta":"default","adv-header-id-meta":"","stick-header-meta":"","header-above-stick-meta":"","header-main-stick-meta":"","header-below-stick-meta":"","astra-migrate-meta-layouts":"set","ast-page-background-enabled":"default","ast-page-background-meta":{"desktop":{"background-color":"var(--ast-global-color-4)","background-image":"","background-repeat":"repeat","background-position":"center center","background-size":"auto","background-attachment":"scroll","background-type":"","background-media":"","overlay-type":"","overlay-color":"","overlay-opacity":"","overlay-gradient":""},"tablet":{"background-color":"","background-image":"","background-repeat":"repeat","background-position":"center center","background-size":"auto","background-attachment":"scroll","background-type":"","background-media":"","overlay-type":"","overlay-color":"","overlay-opacity":"","overlay-gradient":""},"mobile":{"background-color":"","background-image":"","background-repeat":"repeat","background-position":"center center","background-size":"auto","background-attachment":"scroll","background-type":"","background-media":"","overlay-type":"","overlay-color":"","overlay-opacity":"","overlay-gradient":""}},"ast-content-background-meta":{"desktop":{"background-color":"var(--ast-global-color-5)","background-image":"","background-repeat":"repeat","background-position":"center center","background-size":"auto","background-attachment":"scroll","background-type":"","background-media":"","overlay-type":"","overlay-color":"","overlay-opacity":"","overlay-gradient":""},"tablet":{"background-color":"var(--ast-global-color-5)","background-image":"","background-repeat":"repeat","background-position":"center center","background-size":"auto","background-attachment":"scroll","background-type":"","background-media":"","overlay-type":"","overlay-color":"","overlay-opacity":"","overlay-gradient":""},"mobile":{"background-color":"var(--ast-global-color-5)","background-image":"","background-repeat":"repeat","background-position":"center center","background-size":"auto","background-attachment":"scroll","background-type":"","background-media":"","overlay-type":"","overlay-color":"","overlay-opacity":"","overlay-gradient":""}}},"pwb-brand":[1007],"product_brand":[],"product_cat":[464,465],"product_tag":[],"class_list":{"0":"post-38168","1":"product","2":"type-product","3":"status-publish","4":"has-post-thumbnail","6":"pwb-brand-baterias-pytes","7":"product_cat-kits-solares","8":"product_cat-kit-solar-aislada","9":"product_shipping_class-baterias","10":"desktop-align-left","11":"tablet-align-left","12":"mobile-align-left","13":"ast-product-gallery-layout-horizontal-slider","14":"ast-product-tabs-layout-horizontal","16":"first","17":"instock","18":"taxable","19":"shipping-taxable","20":"purchasable","21":"product-type-yith_bundle"},"wcpa_form_fields":null,"brands":[{"id":1007,"name":"Pilhas Pytes","slug":"pilhas-pytes"}],"_links":{"self":[{"href":"https:\/\/fvcomponentes.com\/pt\/wp-json\/wp\/v2\/product\/38168","targetHints":{"allow":["GET"]}}],"collection":[{"href":"https:\/\/fvcomponentes.com\/pt\/wp-json\/wp\/v2\/product"}],"about":[{"href":"https:\/\/fvcomponentes.com\/pt\/wp-json\/wp\/v2\/types\/product"}],"replies":[{"embeddable":true,"href":"https:\/\/fvcomponentes.com\/pt\/wp-json\/wp\/v2\/comments?post=38168"}],"wp:featuredmedia":[{"embeddable":true,"href":"https:\/\/fvcomponentes.com\/pt\/wp-json\/wp\/v2\/media\/17595"}],"wp:attachment":[{"href":"https:\/\/fvcomponentes.com\/pt\/wp-json\/wp\/v2\/media?parent=38168"}],"wp:term":[{"taxonomy":"pwb-brand","embeddable":true,"href":"https:\/\/fvcomponentes.com\/pt\/wp-json\/wp\/v2\/pwb-brand?post=38168"},{"taxonomy":"product_brand","embeddable":true,"href":"https:\/\/fvcomponentes.com\/pt\/wp-json\/wp\/v2\/product_brand?post=38168"},{"taxonomy":"product_cat","embeddable":true,"href":"https:\/\/fvcomponentes.com\/pt\/wp-json\/wp\/v2\/product_cat?post=38168"},{"taxonomy":"product_tag","embeddable":true,"href":"https:\/\/fvcomponentes.com\/pt\/wp-json\/wp\/v2\/product_tag?post=38168"}],"curies":[{"name":"wp","href":"https:\/\/api.w.org\/{rel}","templated":true}]}}