{"id":3771,"date":"2021-10-01T07:16:10","date_gmt":"2021-10-01T05:16:10","guid":{"rendered":"https:\/\/fvcomponentes.com\/producto\/inversor-victron-multiplus-48-5000va-70-100a-pmp485021010\/"},"modified":"2026-04-04T12:51:56","modified_gmt":"2026-04-04T10:51:56","slug":"inversor-victron-multiplus-48-5000va-70-100a-pmp485021010","status":"publish","type":"product","link":"https:\/\/fvcomponentes.com\/pt\/producto\/inversor-victron-multiplus-48-5000va-70-100a-pmp485021010\/","title":{"rendered":"Carregador de inversor 48V Victron Multiplus 48\/5000VA 70A-100A - PMP485021010"},"content":{"rendered":"<section class=\"large-padding\">\n<div class=\"productDetail__header\">\n<div class=\"container\">\n<div class=\"productDetail__header__inner\">\n<div class=\"productDetail__content\">\n<div class=\"hidden-xs\">\n<section class=\"large-padding\">\n<div class=\"productDetail__header\">\n<div class=\"container\">\n<div class=\"productDetail__header__inner\">\n<div class=\"productDetail__content\">\n<div class=\"hidden-xs\">\n<h2>Inversor Victron Multiplus 48\/5000VA 70-100A<\/h2>\n<div class=\"productDetail__content-subheader\">\n<h2 class=\"productDetail__content-subheader-icon\">Multifuncional<\/h2>\n<\/div>\n<\/div>\n<div class=\"productDetail__content-desc\">O novo inversor Victron Multiplus 48\/5000VA 70-100A foi concebido para substituir a anterior gama MultiPlus Compact. Re\u00fane, numa \u00fanica caixa compacta, um potente inversor de onda sinusoidal, um sofisticado carregador de bateria com tecnologia de carregamento vari\u00e1vel e um interrutor de transfer\u00eancia CA de alta velocidade.<\/div>\n<div><\/div>\n<\/div>\n<\/div>\n<\/div>\n<\/div>\n<\/section>\n<section class=\"productDetails__blocks\">\n<div class=\"container\">\n<div class=\"productDetails__block productDetails__block--image productDetails__block--right\">\n<div class=\"productDetails__block-content\">\n<h3>Funcionamento em paralelo<\/h3>\n<p>At\u00e9 seis inversores Victron Multiplus 48\/5000VA 70-100A podem ser operados em paralelo para obter uma maior pot\u00eancia de sa\u00edda. Para al\u00e9m da liga\u00e7\u00e3o em paralelo, tr\u00eas unidades podem ser configuradas para sa\u00edda trif\u00e1sica, atribuindo cada inversor a uma das tr\u00eas fases.<\/p>\n<p><strong><img fetchpriority=\"high\" decoding=\"async\" class=\"aligncenter\" src=\"https:\/\/fvcomponentes.com\/wp-content\/uploads\/2022\/11\/Diagrama-Multiplus-trifasico.png\" width=\"735\" height=\"473\" alt=\"\" title=\"\"><img decoding=\"async\" class=\"aligncenter\" src=\"https:\/\/fvcomponentes.com\/wp-content\/uploads\/2022\/11\/Diagrama-Multiplus-Paralelo.png\" width=\"769\" height=\"495\" alt=\"\" title=\"\"><\/strong><\/p>\n<h3 class=\"productDetails__block-title\"><span class=\"productDetails__block-title-content\">Corrente alternada ininterrupta (fun\u00e7\u00e3o UPS)<\/span><\/h3>\n<div class=\"productDetails__block-description\">\n<p>Na eventualidade de uma falha de energia, ou de uma desconex\u00e3o da alimenta\u00e7\u00e3o em terra ou do gerador, o inversor integrado no Inversor Victron Multiplus 48\/5000VA 70-100A ativa-se automaticamente e assume a alimenta\u00e7\u00e3o para alimentar as cargas ligadas. Isto acontece t\u00e3o rapidamente (menos de 20 milissegundos) que os computadores e outros equipamentos electr\u00f3nicos continuam a funcionar sem interrup\u00e7\u00e3o.<\/p>\n<\/div>\n<\/div>\n<\/div>\n<div class=\"productDetails__block productDetails__block--image productDetails__block--left\">\n<div class=\"productDetails__block-content\">\n<h3 class=\"productDetails__block-title\"><span class=\"productDetails__block-title-content\">Monitoriza\u00e7\u00e3o e controlo \u00e0 dist\u00e2ncia<\/span><\/h3>\n<div class=\"productDetails__block-description\">\n<p>Se estiver ligado a um dispositivo GX (por exemplo, um <a href=\"https:\/\/fvcomponentes.com\/pt\/produto\/monitor-victron-cerbo-gx-mk2-bpp900451100-victron-cerbo-mk2\/\" target=\"_blank\" rel=\"noopener\">Monitoriza\u00e7\u00e3o Victron Cerbo GX MK2 - BPP900451100<\/a>), pode monitorizar e controlar o inversor Victron Multiplus e o(s) seu(s) sistema(s) localmente (LAN) ou remotamente atrav\u00e9s da Internet a partir de qualquer parte do mundo utilizando a aplica\u00e7\u00e3o VRM gratuita e a aplica\u00e7\u00e3o <a href=\"https:\/\/vrm.victronenergy.com\/landingpage\" target=\"_blank\" rel=\"noopener\">portal gratuito VRM<\/a>. O acesso pode ser efectuado a partir de um telem\u00f3vel, tablet ou PC com diferentes sistemas operativos.<\/p>\n<p>O n\u00edvel de controlo \u00e9 ilimitado, desde a defini\u00e7\u00e3o do inversor Victron Multiplus 48\/5000VA 70-100A at\u00e9 ao arranque autom\u00e1tico de um gerador de reserva. E muito mais...<\/p>\n<h3>Fiabilidade comprovada<\/h3>\n<p>A topologia de ponte completa mais transformador toroidal provou a sua fiabilidade ao longo de muitos anos. O inversor \u00e9 \u00e0 prova de curto-circuito e est\u00e1 protegido contra sobreaquecimento, quer devido a sobrecarga quer a temperatura ambiente elevada.<\/p>\n<h3>PowerControl - Energia limitada a partir do gerador, da rede el\u00e9ctrica ou da energia da costa<\/h3>\n<p>No painel de controlo Multi, pode ser definida uma corrente m\u00e1xima do gerador ou da alimenta\u00e7\u00e3o em terra. O inversor Victron Multiplus 48\/5000VA 70-100A assumir\u00e1 outras cargas CA e utilizar\u00e1 a corrente em excesso para carregamento, evitando assim sobrecarregar o gerador ou a alimenta\u00e7\u00e3o em terra.<\/p>\n<h3>PowerAssist - Aumento da capacidade el\u00e9ctrica da tomada de alimenta\u00e7\u00e3o em terra ou do gerador<\/h3>\n<p>Quando \u00e9 necess\u00e1rio um pico de energia durante um curto per\u00edodo de tempo, como \u00e9 frequentemente o caso, o Inversor Victron Multiplus 48\/5000VA 70-100A compensar\u00e1 imediatamente a poss\u00edvel falta de energia da corrente da rede ou do gerador com energia da bateria. Quando a carga \u00e9 reduzida, a energia em excesso \u00e9 utilizada para recarregar a bateria.<\/p>\n<h3>Carregador vari\u00e1vel de quatro fases e carregamento de bancos de baterias duplos<\/h3>\n<p>A sa\u00edda principal fornece uma carga potente ao sistema de baterias atrav\u00e9s de um software avan\u00e7ado de \"carga vari\u00e1vel\". O software afina o processo autom\u00e1tico de tr\u00eas fases para corresponder \u00e0s condi\u00e7\u00f5es da bateria e acrescenta uma quarta fase para per\u00edodos de flutua\u00e7\u00e3o prolongados.<\/p>\n<p>Al\u00e9m disso, o MultiPlus pode carregar uma segunda bateria utilizando uma sa\u00edda de carga limitada separada, concebida para carregar uma bateria de arranque a partir do motor principal ou do gerador.<\/p>\n<h3>Elevada pot\u00eancia de arranque<\/h3>\n<p>Necess\u00e1rio para o arranque de cargas com corrente de arranque elevada, como conversores para l\u00e2mpadas LED, l\u00e2mpadas de halog\u00e9neo ou ferramentas el\u00e9ctricas.<\/p>\n<h3>Modo de pesquisa<\/h3>\n<p>Quando o modo de procura \u00e9 ativado, o consumo do inversor em funcionamento sem carga diminui em aproximadamente 70%. Neste modo, o inversor Victron 48\/5000VA 70-100A, ao funcionar no modo de inversor, desliga-se se n\u00e3o houver carga ou se a carga for demasiado pequena, e volta a ligar-se a cada dois segundos durante um curto per\u00edodo de tempo.<\/p>\n<p>Se a corrente de sa\u00edda exceder um n\u00edvel predefinido, o inversor continuar\u00e1 a funcionar. Caso contr\u00e1rio, o inversor desliga-se novamente.<\/p>\n<h3>Rel\u00e9 program\u00e1vel<\/h3>\n<p>O rel\u00e9 program\u00e1vel est\u00e1, por defeito, configurado como um rel\u00e9 de alarme, ou seja, o rel\u00e9 ser\u00e1 desenergizado em caso de alarme ou pr\u00e9-alarme (o inversor est\u00e1 demasiado quente, a ondula\u00e7\u00e3o de entrada \u00e9 quase demasiado elevada e a tens\u00e3o da bateria \u00e9 demasiado baixa).<\/p>\n<\/div>\n<\/div>\n<\/div>\n<\/div>\n<\/section>\n<h2>Ficha t\u00e9cnica Inversor Victron Multiplus 48\/5000VA 70-100A - PMP485021010<\/h2>\n<\/div>\n<\/div>\n<\/div>\n<div class=\"productDetail__header__inner\">\n<div class=\"productDetail__content\">\n<div class=\"hidden-xs\">\n<section class=\"productDetails__blocks\">\n<div class=\"container\">\n<div class=\"productDetails__block productDetails__block--image productDetails__block--left\">\n<div class=\"productDetails__block-content\">\n<p><a href=\"https:\/\/fvcomponentes.com\/wp-content\/uploads\/2021\/10\/Datasheet-MultiPlus-inverter-charger-800VA-5kVA-ES-1.pdf\" target=\"_blank\" rel=\"noopener\">Ver ficha t\u00e9cnica do Inversor Victron Multiplus 48\/5000VA 70-100A<\/a><\/p>\n<h2>Como configurar o seu Victron Multiplus II 48\/5000 + Pylontech US5000<\/h2>\n<p>Se quiser saber\u00a0<a href=\"https:\/\/fvcomponentes.com\/pt\/como-configurar-o-seu-victron-multiplus-ii-48-5000-pylontech-us5000\/\" target=\"_blank\" rel=\"noopener\">Como configurar o seu Victron Multiplus II 48\/5000 + Pylontech US5000<\/a> clique agora e saiba tudo sobre o assunto!<\/p>\n<\/div>\n<\/div>\n<\/div>\n<\/section>\n<\/div>\n<\/div>\n<\/div>\n<\/div>\n<\/div>\n<\/section>","protected":false},"excerpt":{"rendered":"<ul class=\"specification\">\n<li><strong>Pot\u00eancia de sa\u00edda cont\u00ednua: <\/strong>5000VA<\/li>\n<li><strong>Pot\u00eancia de pico do inversor:<\/strong> 10000W<\/li>\n<li><strong>Tens\u00e3o de funcionamento do inversor:<\/strong> 48V<\/li>\n<li><strong>Efici\u00eancia do inversor:<\/strong>\u00a0Onda sinusoidal pura<\/li>\n<li><strong>Peso do investidor: <\/strong>18 kg<\/li>\n<li><strong>Dimens\u00f5es do inversor:<\/strong> 362 x 258 x 218 mm<\/li>\n<\/ul>","protected":false},"featured_media":3772,"comment_status":"open","ping_status":"closed","template":"","meta":{"site-sidebar-layout":"default","site-content-layout":"default","ast-site-content-layout":"default","site-content-style":"default","site-sidebar-style":"default","ast-global-header-display":"","ast-banner-title-visibility":"","ast-main-header-display":"","ast-hfb-above-header-display":"","ast-hfb-below-header-display":"","ast-hfb-mobile-header-display":"","site-post-title":"","ast-breadcrumbs-content":"","ast-featured-img":"","footer-sml-layout":"","ast-disable-related-posts":"","theme-transparent-header-meta":"default","adv-header-id-meta":"","stick-header-meta":"","header-above-stick-meta":"","header-main-stick-meta":"","header-below-stick-meta":"","astra-migrate-meta-layouts":"set","ast-page-background-enabled":"default","ast-page-background-meta":{"desktop":{"background-color":"var(--ast-global-color-4)","background-image":"","background-repeat":"repeat","background-position":"center center","background-size":"auto","background-attachment":"scroll","background-type":"","background-media":"","overlay-type":"","overlay-color":"","overlay-opacity":"","overlay-gradient":""},"tablet":{"background-color":"","background-image":"","background-repeat":"repeat","background-position":"center center","background-size":"auto","background-attachment":"scroll","background-type":"","background-media":"","overlay-type":"","overlay-color":"","overlay-opacity":"","overlay-gradient":""},"mobile":{"background-color":"","background-image":"","background-repeat":"repeat","background-position":"center center","background-size":"auto","background-attachment":"scroll","background-type":"","background-media":"","overlay-type":"","overlay-color":"","overlay-opacity":"","overlay-gradient":""}},"ast-content-background-meta":{"desktop":{"background-color":"var(--ast-global-color-5)","background-image":"","background-repeat":"repeat","background-position":"center center","background-size":"auto","background-attachment":"scroll","background-type":"","background-media":"","overlay-type":"","overlay-color":"","overlay-opacity":"","overlay-gradient":""},"tablet":{"background-color":"var(--ast-global-color-5)","background-image":"","background-repeat":"repeat","background-position":"center center","background-size":"auto","background-attachment":"scroll","background-type":"","background-media":"","overlay-type":"","overlay-color":"","overlay-opacity":"","overlay-gradient":""},"mobile":{"background-color":"var(--ast-global-color-5)","background-image":"","background-repeat":"repeat","background-position":"center center","background-size":"auto","background-attachment":"scroll","background-type":"","background-media":"","overlay-type":"","overlay-color":"","overlay-opacity":"","overlay-gradient":""}}},"pwb-brand":[332],"product_brand":[],"product_cat":[334,333],"product_tag":[],"class_list":{"0":"post-3771","1":"product","2":"type-product","3":"status-publish","4":"has-post-thumbnail","6":"pwb-brand-victron","7":"product_cat-inversores-cargadores-48v","8":"product_cat-inversores","9":"desktop-align-left","10":"tablet-align-left","11":"mobile-align-left","12":"ast-product-gallery-layout-horizontal-slider","13":"ast-product-gallery-with-no-image","14":"ast-product-tabs-layout-horizontal","16":"first","17":"instock","18":"taxable","19":"shipping-taxable","20":"purchasable","21":"product-type-simple"},"wcpa_form_fields":null,"brands":[{"id":332,"name":"Victron Energia","slug":"victron"}],"_links":{"self":[{"href":"https:\/\/fvcomponentes.com\/pt\/wp-json\/wp\/v2\/product\/3771","targetHints":{"allow":["GET"]}}],"collection":[{"href":"https:\/\/fvcomponentes.com\/pt\/wp-json\/wp\/v2\/product"}],"about":[{"href":"https:\/\/fvcomponentes.com\/pt\/wp-json\/wp\/v2\/types\/product"}],"replies":[{"embeddable":true,"href":"https:\/\/fvcomponentes.com\/pt\/wp-json\/wp\/v2\/comments?post=3771"}],"wp:featuredmedia":[{"embeddable":true,"href":"https:\/\/fvcomponentes.com\/pt\/wp-json\/wp\/v2\/media\/3772"}],"wp:attachment":[{"href":"https:\/\/fvcomponentes.com\/pt\/wp-json\/wp\/v2\/media?parent=3771"}],"wp:term":[{"taxonomy":"pwb-brand","embeddable":true,"href":"https:\/\/fvcomponentes.com\/pt\/wp-json\/wp\/v2\/pwb-brand?post=3771"},{"taxonomy":"product_brand","embeddable":true,"href":"https:\/\/fvcomponentes.com\/pt\/wp-json\/wp\/v2\/product_brand?post=3771"},{"taxonomy":"product_cat","embeddable":true,"href":"https:\/\/fvcomponentes.com\/pt\/wp-json\/wp\/v2\/product_cat?post=3771"},{"taxonomy":"product_tag","embeddable":true,"href":"https:\/\/fvcomponentes.com\/pt\/wp-json\/wp\/v2\/product_tag?post=3771"}],"curies":[{"name":"wp","href":"https:\/\/api.w.org\/{rel}","templated":true}]}}