{"id":3742,"date":"2021-08-04T10:57:03","date_gmt":"2021-08-04T08:57:03","guid":{"rendered":"https:\/\/fvcomponentes.com\/producto\/monitorizacion-victron-gx-touch-70-bpp900455070\/"},"modified":"2026-04-08T21:34:36","modified_gmt":"2026-04-08T19:34:36","slug":"ecra-tatil-victron-gx-ecra-tatil-70-bpp900455070","status":"publish","type":"product","link":"https:\/\/fvcomponentes.com\/pt\/producto\/pantalla-tactil-victron-gx-touch-70-bpp900455070\/","title":{"rendered":"Ecr\u00e3 t\u00e1til Victron GX Touch 70 - BPP900455070"},"content":{"rendered":"<h2>Ecr\u00e3 t\u00e1til Victron GX Touch 70<\/h2>\n<p>O ecr\u00e3 t\u00e1til de sete polegadas, um acess\u00f3rio do Cerbo GX, d\u00e1-lhe uma vis\u00e3o instant\u00e2nea do sistema e permite-lhe ajustar os par\u00e2metros num instante. Basta ligar o Cerbo GX com um cabo: o seu design ultraplano e \u00e0 prova de \u00e1gua, a sua configura\u00e7\u00e3o de montagem superior e a sua instala\u00e7\u00e3o simples proporcionam-lhe uma grande flexibilidade na cria\u00e7\u00e3o de um painel claro e organizado.<\/p>\n<p><a href=\"https:\/\/www.youtube.com\/watch?v=3wheKaU2_qw&amp;feature=youtu.be\" target=\"_blank\" rel=\"noopener\">Pode ver o novo v\u00eddeo<\/a> que explica tudo o que \u00e9 necess\u00e1rio saber sobre a instala\u00e7\u00e3o dos novos produtos Cerbo GX e GX Touch 70.<\/p>\n<h3 class=\"productDetails__block-title\"><span class=\"productDetails__block-title-content\">Montagem simples<\/span><\/h3>\n<div class=\"productDetails__block-description\">\n<p>O GX Touch de 7\u2033 foi optimizado para satisfazer os padr\u00f5es dos instaladores profissionais. O ecr\u00e3 \u00e9 facilmente aparafusado a um painel de controlo, pelo que j\u00e1 n\u00e3o \u00e9 necess\u00e1rio cortar buracos perfeitos, e liga-se com um \u00fanico cabo, sem o inc\u00f3modo de passar uma s\u00e9rie de fios at\u00e9 ao painel de controlo.<\/p>\n<h3>GX Touch 70 e Cerbo GX<\/h3>\n<p>Este ecr\u00e3 \u00e9 o companheiro do Cerbo GX, o novo centro de comunica\u00e7\u00f5es que permite o controlo cont\u00ednuo do sistema em qualquer altura, a partir de qualquer lugar, e maximiza o desempenho do sistema.<\/p>\n<p>Ligando simplesmente atrav\u00e9s do portal Victron Remote Management (VRM), ou acedendo diretamente atrav\u00e9s do GX Touch 70, um ecr\u00e3 multifun\u00e7\u00f5es ou a aplica\u00e7\u00e3o VictronConnect, gra\u00e7as \u00e0 sua capacidade Bluetooth. Combina tudo o que h\u00e1 de melhor em termos de conetividade, redefinindo as solu\u00e7\u00f5es de energia inteligente em todos os aspetos.<\/p>\n<\/div>\n<h2>Ficha t\u00e9cnica Visor Victron GX Touch 70 - BPP900455070<\/h2>\n<div class=\"productDetails__block-description\">\n<p><a href=\"https:\/\/fvcomponentes.com\/wp-content\/uploads\/2021\/03\/Datasheet-Cerbo-GX-GX-Touch-ES.pdf\" target=\"_blank\" rel=\"noopener\">Ver a ficha t\u00e9cnica do Victron GX Touch 70 - BPP900455070<\/a><\/p>\n<\/div>","protected":false},"excerpt":{"rendered":"<p>Dados t\u00e9cnicos:<\/p>\n<ul>\n<li>Ecr\u00e3 de acess\u00f3rios para o Cerbo GX.<\/li>\n<li>Ecr\u00e3 t\u00e1til de 7\u2033 que proporciona uma vis\u00e3o geral instant\u00e2nea do sistema e permite fazer ajustes na configura\u00e7\u00e3o.<\/li>\n<li>Design \u00e0 prova de \u00e1gua.<\/li>\n<li>Configura\u00e7\u00e3o adequada para montagem no topo.<\/li>\n<li>Acess\u00f3rios de montagem inclu\u00eddos.<\/li>\n<li>Resolu\u00e7\u00e3o do ecr\u00e3 1024 x 600.<\/li>\n<\/ul>","protected":false},"featured_media":3302,"comment_status":"open","ping_status":"closed","template":"","meta":{"site-sidebar-layout":"default","site-content-layout":"default","ast-site-content-layout":"default","site-content-style":"default","site-sidebar-style":"default","ast-global-header-display":"","ast-banner-title-visibility":"","ast-main-header-display":"","ast-hfb-above-header-display":"","ast-hfb-below-header-display":"","ast-hfb-mobile-header-display":"","site-post-title":"","ast-breadcrumbs-content":"","ast-featured-img":"","footer-sml-layout":"","ast-disable-related-posts":"","theme-transparent-header-meta":"default","adv-header-id-meta":"","stick-header-meta":"","header-above-stick-meta":"","header-main-stick-meta":"","header-below-stick-meta":"","astra-migrate-meta-layouts":"set","ast-page-background-enabled":"default","ast-page-background-meta":{"desktop":{"background-color":"var(--ast-global-color-4)","background-image":"","background-repeat":"repeat","background-position":"center center","background-size":"auto","background-attachment":"scroll","background-type":"","background-media":"","overlay-type":"","overlay-color":"","overlay-opacity":"","overlay-gradient":""},"tablet":{"background-color":"","background-image":"","background-repeat":"repeat","background-position":"center center","background-size":"auto","background-attachment":"scroll","background-type":"","background-media":"","overlay-type":"","overlay-color":"","overlay-opacity":"","overlay-gradient":""},"mobile":{"background-color":"","background-image":"","background-repeat":"repeat","background-position":"center center","background-size":"auto","background-attachment":"scroll","background-type":"","background-media":"","overlay-type":"","overlay-color":"","overlay-opacity":"","overlay-gradient":""}},"ast-content-background-meta":{"desktop":{"background-color":"var(--ast-global-color-5)","background-image":"","background-repeat":"repeat","background-position":"center center","background-size":"auto","background-attachment":"scroll","background-type":"","background-media":"","overlay-type":"","overlay-color":"","overlay-opacity":"","overlay-gradient":""},"tablet":{"background-color":"var(--ast-global-color-5)","background-image":"","background-repeat":"repeat","background-position":"center center","background-size":"auto","background-attachment":"scroll","background-type":"","background-media":"","overlay-type":"","overlay-color":"","overlay-opacity":"","overlay-gradient":""},"mobile":{"background-color":"var(--ast-global-color-5)","background-image":"","background-repeat":"repeat","background-position":"center center","background-size":"auto","background-attachment":"scroll","background-type":"","background-media":"","overlay-type":"","overlay-color":"","overlay-opacity":"","overlay-gradient":""}}},"pwb-brand":[332],"product_brand":[],"product_cat":[333,351,934],"product_tag":[],"class_list":{"0":"post-3742","1":"product","2":"type-product","3":"status-publish","4":"has-post-thumbnail","6":"pwb-brand-victron","7":"product_cat-inversores","8":"product_cat-accesorios","9":"product_cat-monitorizacion","10":"desktop-align-left","11":"tablet-align-left","12":"mobile-align-left","13":"ast-product-gallery-layout-horizontal-slider","14":"ast-product-tabs-layout-horizontal","16":"first","17":"instock","18":"taxable","19":"shipping-taxable","20":"purchasable","21":"product-type-simple"},"wcpa_form_fields":null,"brands":[{"id":332,"name":"Victron Energia","slug":"victron"}],"_links":{"self":[{"href":"https:\/\/fvcomponentes.com\/pt\/wp-json\/wp\/v2\/product\/3742","targetHints":{"allow":["GET"]}}],"collection":[{"href":"https:\/\/fvcomponentes.com\/pt\/wp-json\/wp\/v2\/product"}],"about":[{"href":"https:\/\/fvcomponentes.com\/pt\/wp-json\/wp\/v2\/types\/product"}],"replies":[{"embeddable":true,"href":"https:\/\/fvcomponentes.com\/pt\/wp-json\/wp\/v2\/comments?post=3742"}],"wp:featuredmedia":[{"embeddable":true,"href":"https:\/\/fvcomponentes.com\/pt\/wp-json\/wp\/v2\/media\/3302"}],"wp:attachment":[{"href":"https:\/\/fvcomponentes.com\/pt\/wp-json\/wp\/v2\/media?parent=3742"}],"wp:term":[{"taxonomy":"pwb-brand","embeddable":true,"href":"https:\/\/fvcomponentes.com\/pt\/wp-json\/wp\/v2\/pwb-brand?post=3742"},{"taxonomy":"product_brand","embeddable":true,"href":"https:\/\/fvcomponentes.com\/pt\/wp-json\/wp\/v2\/product_brand?post=3742"},{"taxonomy":"product_cat","embeddable":true,"href":"https:\/\/fvcomponentes.com\/pt\/wp-json\/wp\/v2\/product_cat?post=3742"},{"taxonomy":"product_tag","embeddable":true,"href":"https:\/\/fvcomponentes.com\/pt\/wp-json\/wp\/v2\/product_tag?post=3742"}],"curies":[{"name":"wp","href":"https:\/\/api.w.org\/{rel}","templated":true}]}}